{"id":1043,"date":"2023-06-22T16:29:38","date_gmt":"2023-06-22T14:29:38","guid":{"rendered":"https:\/\/mondialuitzend.nl\/?page_id=1043"},"modified":"2024-01-16T09:10:45","modified_gmt":"2024-01-16T08:10:45","slug":"rendeltetesszeru-szolgaltatast","status":"publish","type":"page","link":"https:\/\/mondialuitzend.nl\/hu\/rendeltetesszeru-szolgaltatast\/","title":{"rendered":"Szolg\u00e1ltat\u00e1s rendeltet\u00e9sszer\u0171en"},"content":{"rendered":"<div id=\"contentPageRow1\" class=\"page-content text-left pb-4 pt-4\">\n<div class=\"container\">\n<div class=\"row\">\n<div class=\"col-lg-6 mb-4\">\n<div id=\"contentPageRow1Block1\" class=\"content-block\">\n<p>Az Mondial Uitzend-n\u00e9l szolg\u00e1ltat\u00e1st k\u00edn\u00e1lunk \u00e9s r\u00e9szt vesz\u00fcnk. Munkat\u00e1rsainkkal az irod\u00e1ban, rugalmas dolgoz\u00f3ink fel\u00e9 \u00e9s \u00fcgyfeleink fel\u00e9. Csapatunkkal arra t\u00f6reksz\u00fcnk, hogy megtal\u00e1ljuk a legjobb rugalmas munkav\u00e1llal\u00f3(ka)t a megb\u00edz\u00e1shoz, hogy minden adminisztrat\u00edv \u00fcgyet elint\u00e9zz\u00fcnk, \u00e9s ezzel mentes\u00edts\u00fck \u00fcgyfeleinket gondjaikt\u00f3l. Itt a min\u0151s\u00e9g a legfontosabb.<\/p>\n<p>&nbsp;<\/p>\n<p><em>Emberek\u00e9rt \u00e9s emberekkel dolgozunk, \u00e9s ezt tisztess\u00e9ggel tessz\u00fck.<\/em><\/p>\n<p>&nbsp;<\/p>\n<p>Mi k\u00fcl\u00f6nb\u00f6ztet meg minket?<\/p>\n<ul>\n<li>Sz\u00e9les k\u00f6r\u0171 el\u00e9rhet\u0151s\u00e9g\u00fcnk. H\u00e9tf\u0151t\u0151l szombatig 6.30-t\u00f3l vagyunk el\u00e9rhet\u0151ek.<\/li>\n<li>Szeretj\u00fck a tisztas\u00e1got. Ez a mi kommunik\u00e1ci\u00f3nk is. Nem tud teljes\u00edteni egy k\u00edv\u00e1ns\u00e1got? Akkor ezt is mondjuk, kit\u00e9r\u0151 n\u00e9lk\u00fcl. Nem a legegyszer\u0171bb megold\u00e1st v\u00e1lasztjuk, hanem a legjobbat. Minden p\u00e1rtnak.<\/li>\n<li>Nemcsak csapatunkat k\u00e9pezz\u00fck minden \u00e9vben az irod\u00e1ban, hanem rugalmas munk\u00e1sainkat is akt\u00edvan k\u00e9pezz\u00fck \u00e9s k\u00e9pezz\u00fck. Gondoljon a targonca bizony\u00edtv\u00e1nyok megszerz\u00e9s\u00e9re, VCA, BHV, nyelvtanfolyamok stb.<\/li>\n<li>A legfrissebb t\u00f6rv\u00e9nyek \u00e9s el\u0151\u00edr\u00e1sok szerint dolgozunk. Mert szeret\u00fcnk vigy\u00e1zni \u00fcgyfeleinkre \u00e9s rugalmas dolgoz\u00f3inkra.<\/li>\n<li>\u00dcgyfeleink ig\u00e9nyeihez igazodunk. Ak\u00e1r 1 napos, ak\u00e1r hosszabb ideig tart\u00f3 munk\u00e1ja van, sz\u00edvesen \u00e1llunk rendelkez\u00e9s\u00e9re.<\/li>\n<\/ul>\n<\/div>\n<\/div>\n<\/div>\n<\/div>\n<\/div>","protected":false},"excerpt":{"rendered":"<p>Bij Mondial Uitzend bieden wij service en zijn wij betrokken. Bij onze collega\u2019s op kantoor, richting onze flexwerkers en richting onze klanten. Met ons team streven wij ernaar de beste flexwerker(s) voor de opdracht te vinden, alle administratieve zaken op ons te nemen en zo onze klanten te ontzorgen. Kwaliteit staat hierbij voorop. &nbsp; Wij [&hellip;]<\/p>\n","protected":false},"author":4,"featured_media":2099,"parent":0,"menu_order":15,"comment_status":"closed","ping_status":"closed","template":"","meta":{"footnotes":""},"class_list":["post-1043","page","type-page","status-publish","has-post-thumbnail","hentry"],"yoast_head":"<!-- This site is optimized with the Yoast SEO plugin v27.3 - https:\/\/yoast.com\/product\/yoast-seo-wordpress\/ -->\n<title>Dienstverlening zoals die bedoeld is - Mondial Uitzend - Verbindend tussen werkgever en werknemer<\/title>\n<meta name=\"description\" content=\"Bij Mondial Uitzend bieden wij service en zijn wij betrokken. Bij onze collega\u2019s op kantoor, richting onze flexwerkers en richting onze klanten. Met ons team streven wij ernaar de beste flexwerker(s) voor de opdracht te vinden, alle administratieve zaken op ons te nemen en zo onze klanten te ontzorgen. Kwaliteit staat hierbij voorop.\" \/>\n<meta name=\"robots\" content=\"index, follow, max-snippet:-1, max-image-preview:large, max-video-preview:-1\" \/>\n<link rel=\"canonical\" href=\"https:\/\/mondialuitzend.nl\/hu\/rendeltetesszeru-szolgaltatast\/\" \/>\n<meta property=\"og:locale\" content=\"hu_HU\" \/>\n<meta property=\"og:type\" content=\"article\" \/>\n<meta property=\"og:title\" content=\"Dienstverlening zoals die bedoeld is - Mondial Uitzend - Verbindend tussen werkgever en werknemer\" \/>\n<meta property=\"og:description\" content=\"Bij Mondial Uitzend bieden wij service en zijn wij betrokken. Bij onze collega\u2019s op kantoor, richting onze flexwerkers en richting onze klanten. Met ons team streven wij ernaar de beste flexwerker(s) voor de opdracht te vinden, alle administratieve zaken op ons te nemen en zo onze klanten te ontzorgen. Kwaliteit staat hierbij voorop.\" \/>\n<meta property=\"og:url\" content=\"https:\/\/mondialuitzend.nl\/hu\/rendeltetesszeru-szolgaltatast\/\" \/>\n<meta property=\"og:site_name\" content=\"Mondial Uitzend\" \/>\n<meta property=\"article:publisher\" content=\"https:\/\/www.facebook.com\/mondialuitzendbv\/\" \/>\n<meta property=\"article:modified_time\" content=\"2024-01-16T08:10:45+00:00\" \/>\n<meta property=\"og:image\" content=\"https:\/\/mondialuitzend.nl\/wp-content\/uploads\/2024\/01\/dienstverlening-1.jpg\" \/>\n\t<meta property=\"og:image:width\" content=\"2000\" \/>\n\t<meta property=\"og:image:height\" content=\"1500\" \/>\n\t<meta property=\"og:image:type\" content=\"image\/jpeg\" \/>\n<meta name=\"twitter:card\" content=\"summary_large_image\" \/>\n<meta name=\"twitter:label1\" content=\"Becs\u00fclt olvas\u00e1si id\u0151\" \/>\n\t<meta name=\"twitter:data1\" content=\"2 perc\" \/>\n<script type=\"application\/ld+json\" class=\"yoast-schema-graph\">{\"@context\":\"https:\\\/\\\/schema.org\",\"@graph\":[{\"@type\":\"WebPage\",\"@id\":\"https:\\\/\\\/mondialuitzend.nl\\\/dienstverlening-zoals-die-bedoeld-is\\\/\",\"url\":\"https:\\\/\\\/mondialuitzend.nl\\\/dienstverlening-zoals-die-bedoeld-is\\\/\",\"name\":\"Dienstverlening zoals die bedoeld is - Mondial Uitzend - Verbindend tussen werkgever en werknemer\",\"isPartOf\":{\"@id\":\"https:\\\/\\\/mondialuitzend.nl\\\/#website\"},\"primaryImageOfPage\":{\"@id\":\"https:\\\/\\\/mondialuitzend.nl\\\/dienstverlening-zoals-die-bedoeld-is\\\/#primaryimage\"},\"image\":{\"@id\":\"https:\\\/\\\/mondialuitzend.nl\\\/dienstverlening-zoals-die-bedoeld-is\\\/#primaryimage\"},\"thumbnailUrl\":\"https:\\\/\\\/mondialuitzend.nl\\\/wp-content\\\/uploads\\\/2024\\\/01\\\/dienstverlening-1.jpg\",\"datePublished\":\"2023-06-22T14:29:38+00:00\",\"dateModified\":\"2024-01-16T08:10:45+00:00\",\"description\":\"Bij Mondial Uitzend bieden wij service en zijn wij betrokken. Bij onze collega\u2019s op kantoor, richting onze flexwerkers en richting onze klanten. Met ons team streven wij ernaar de beste flexwerker(s) voor de opdracht te vinden, alle administratieve zaken op ons te nemen en zo onze klanten te ontzorgen. Kwaliteit staat hierbij voorop.\",\"breadcrumb\":{\"@id\":\"https:\\\/\\\/mondialuitzend.nl\\\/dienstverlening-zoals-die-bedoeld-is\\\/#breadcrumb\"},\"inLanguage\":\"hu\",\"potentialAction\":[{\"@type\":\"ReadAction\",\"target\":[\"https:\\\/\\\/mondialuitzend.nl\\\/dienstverlening-zoals-die-bedoeld-is\\\/\"]}]},{\"@type\":\"ImageObject\",\"inLanguage\":\"hu\",\"@id\":\"https:\\\/\\\/mondialuitzend.nl\\\/dienstverlening-zoals-die-bedoeld-is\\\/#primaryimage\",\"url\":\"https:\\\/\\\/mondialuitzend.nl\\\/wp-content\\\/uploads\\\/2024\\\/01\\\/dienstverlening-1.jpg\",\"contentUrl\":\"https:\\\/\\\/mondialuitzend.nl\\\/wp-content\\\/uploads\\\/2024\\\/01\\\/dienstverlening-1.jpg\",\"width\":2000,\"height\":1500},{\"@type\":\"BreadcrumbList\",\"@id\":\"https:\\\/\\\/mondialuitzend.nl\\\/dienstverlening-zoals-die-bedoeld-is\\\/#breadcrumb\",\"itemListElement\":[{\"@type\":\"ListItem\",\"position\":1,\"name\":\"Home\",\"item\":\"https:\\\/\\\/mondialuitzend.nl\\\/\"},{\"@type\":\"ListItem\",\"position\":2,\"name\":\"Dienstverlening zoals die bedoeld is\"}]},{\"@type\":\"WebSite\",\"@id\":\"https:\\\/\\\/mondialuitzend.nl\\\/#website\",\"url\":\"https:\\\/\\\/mondialuitzend.nl\\\/\",\"name\":\"Mondial Uitzend\",\"description\":\"Verbindend tussen werkgever en werknemer\",\"publisher\":{\"@id\":\"https:\\\/\\\/mondialuitzend.nl\\\/#organization\"},\"potentialAction\":[{\"@type\":\"SearchAction\",\"target\":{\"@type\":\"EntryPoint\",\"urlTemplate\":\"https:\\\/\\\/mondialuitzend.nl\\\/?s={search_term_string}\"},\"query-input\":{\"@type\":\"PropertyValueSpecification\",\"valueRequired\":true,\"valueName\":\"search_term_string\"}}],\"inLanguage\":\"hu\"},{\"@type\":\"Organization\",\"@id\":\"https:\\\/\\\/mondialuitzend.nl\\\/#organization\",\"name\":\"Mondial Uitzend\",\"url\":\"https:\\\/\\\/mondialuitzend.nl\\\/\",\"logo\":{\"@type\":\"ImageObject\",\"inLanguage\":\"hu\",\"@id\":\"https:\\\/\\\/mondialuitzend.nl\\\/#\\\/schema\\\/logo\\\/image\\\/\",\"url\":\"https:\\\/\\\/mondialuitzend.nl\\\/wp-content\\\/uploads\\\/2023\\\/06\\\/Logo-MondialUitzend.svg\",\"contentUrl\":\"https:\\\/\\\/mondialuitzend.nl\\\/wp-content\\\/uploads\\\/2023\\\/06\\\/Logo-MondialUitzend.svg\",\"width\":149,\"height\":56,\"caption\":\"Mondial Uitzend\"},\"image\":{\"@id\":\"https:\\\/\\\/mondialuitzend.nl\\\/#\\\/schema\\\/logo\\\/image\\\/\"},\"sameAs\":[\"https:\\\/\\\/www.facebook.com\\\/mondialuitzendbv\\\/\",\"https:\\\/\\\/www.linkedin.com\\\/company\\\/mondial-uitzend-b-v-\",\"https:\\\/\\\/www.youtube.com\\\/channel\\\/UCPBmFRvmUDCPtpAaFVASV9Q\"]}]}<\/script>\n<!-- \/ Yoast SEO plugin. -->","yoast_head_json":{"title":"Szolg\u00e1ltat\u00e1sny\u00fajt\u00e1s rendeltet\u00e9sszer\u0171en - Mondial Uitzend - Munkaad\u00f3 \u00e9s munkav\u00e1llal\u00f3 k\u00f6z\u00f6tti kapcsolat","description":"Az Mondial Uitzend-n\u00e9l szolg\u00e1ltat\u00e1st k\u00edn\u00e1lunk \u00e9s r\u00e9szt vesz\u00fcnk. Munkat\u00e1rsainkkal az irod\u00e1ban, rugalmas dolgoz\u00f3ink fel\u00e9 \u00e9s \u00fcgyfeleink fel\u00e9. Csapatunkkal arra t\u00f6reksz\u00fcnk, hogy megtal\u00e1ljuk a legjobb rugalmas munkav\u00e1llal\u00f3(ka)t a megb\u00edz\u00e1shoz, hogy minden adminisztrat\u00edv \u00fcgyet elint\u00e9zz\u00fcnk, \u00e9s ezzel mentes\u00edts\u00fck \u00fcgyfeleinket gondjaikt\u00f3l. Itt a min\u0151s\u00e9g a legfontosabb.","robots":{"index":"index","follow":"follow","max-snippet":"max-snippet:-1","max-image-preview":"max-image-preview:large","max-video-preview":"max-video-preview:-1"},"canonical":"https:\/\/mondialuitzend.nl\/hu\/rendeltetesszeru-szolgaltatast\/","og_locale":"hu_HU","og_type":"article","og_title":"Dienstverlening zoals die bedoeld is - Mondial Uitzend - Verbindend tussen werkgever en werknemer","og_description":"Bij Mondial Uitzend bieden wij service en zijn wij betrokken. Bij onze collega\u2019s op kantoor, richting onze flexwerkers en richting onze klanten. Met ons team streven wij ernaar de beste flexwerker(s) voor de opdracht te vinden, alle administratieve zaken op ons te nemen en zo onze klanten te ontzorgen. Kwaliteit staat hierbij voorop.","og_url":"https:\/\/mondialuitzend.nl\/hu\/rendeltetesszeru-szolgaltatast\/","og_site_name":"Mondial Uitzend","article_publisher":"https:\/\/www.facebook.com\/mondialuitzendbv\/","article_modified_time":"2024-01-16T08:10:45+00:00","og_image":[{"width":2000,"height":1500,"url":"https:\/\/mondialuitzend.nl\/wp-content\/uploads\/2024\/01\/dienstverlening-1.jpg","type":"image\/jpeg"}],"twitter_card":"summary_large_image","twitter_misc":{"Becs\u00fclt olvas\u00e1si id\u0151":"2 perc"},"schema":{"@context":"https:\/\/schema.org","@graph":[{"@type":"WebPage","@id":"https:\/\/mondialuitzend.nl\/dienstverlening-zoals-die-bedoeld-is\/","url":"https:\/\/mondialuitzend.nl\/dienstverlening-zoals-die-bedoeld-is\/","name":"Szolg\u00e1ltat\u00e1sny\u00fajt\u00e1s rendeltet\u00e9sszer\u0171en - Mondial Uitzend - Munkaad\u00f3 \u00e9s munkav\u00e1llal\u00f3 k\u00f6z\u00f6tti kapcsolat","isPartOf":{"@id":"https:\/\/mondialuitzend.nl\/#website"},"primaryImageOfPage":{"@id":"https:\/\/mondialuitzend.nl\/dienstverlening-zoals-die-bedoeld-is\/#primaryimage"},"image":{"@id":"https:\/\/mondialuitzend.nl\/dienstverlening-zoals-die-bedoeld-is\/#primaryimage"},"thumbnailUrl":"https:\/\/mondialuitzend.nl\/wp-content\/uploads\/2024\/01\/dienstverlening-1.jpg","datePublished":"2023-06-22T14:29:38+00:00","dateModified":"2024-01-16T08:10:45+00:00","description":"Az Mondial Uitzend-n\u00e9l szolg\u00e1ltat\u00e1st k\u00edn\u00e1lunk \u00e9s r\u00e9szt vesz\u00fcnk. Munkat\u00e1rsainkkal az irod\u00e1ban, rugalmas dolgoz\u00f3ink fel\u00e9 \u00e9s \u00fcgyfeleink fel\u00e9. Csapatunkkal arra t\u00f6reksz\u00fcnk, hogy megtal\u00e1ljuk a legjobb rugalmas munkav\u00e1llal\u00f3(ka)t a megb\u00edz\u00e1shoz, hogy minden adminisztrat\u00edv \u00fcgyet elint\u00e9zz\u00fcnk, \u00e9s ezzel mentes\u00edts\u00fck \u00fcgyfeleinket gondjaikt\u00f3l. Itt a min\u0151s\u00e9g a legfontosabb.","breadcrumb":{"@id":"https:\/\/mondialuitzend.nl\/dienstverlening-zoals-die-bedoeld-is\/#breadcrumb"},"inLanguage":"hu","potentialAction":[{"@type":"ReadAction","target":["https:\/\/mondialuitzend.nl\/dienstverlening-zoals-die-bedoeld-is\/"]}]},{"@type":"ImageObject","inLanguage":"hu","@id":"https:\/\/mondialuitzend.nl\/dienstverlening-zoals-die-bedoeld-is\/#primaryimage","url":"https:\/\/mondialuitzend.nl\/wp-content\/uploads\/2024\/01\/dienstverlening-1.jpg","contentUrl":"https:\/\/mondialuitzend.nl\/wp-content\/uploads\/2024\/01\/dienstverlening-1.jpg","width":2000,"height":1500},{"@type":"BreadcrumbList","@id":"https:\/\/mondialuitzend.nl\/dienstverlening-zoals-die-bedoeld-is\/#breadcrumb","itemListElement":[{"@type":"ListItem","position":1,"name":"Home","item":"https:\/\/mondialuitzend.nl\/"},{"@type":"ListItem","position":2,"name":"Dienstverlening zoals die bedoeld is"}]},{"@type":"WebSite","@id":"https:\/\/mondialuitzend.nl\/#website","url":"https:\/\/mondialuitzend.nl\/","name":"Glob\u00e1lis ad\u00e1s","description":"Munkaad\u00f3 \u00e9s munkav\u00e1llal\u00f3 k\u00f6z\u00f6tti kapcsolat","publisher":{"@id":"https:\/\/mondialuitzend.nl\/#organization"},"potentialAction":[{"@type":"SearchAction","target":{"@type":"EntryPoint","urlTemplate":"https:\/\/mondialuitzend.nl\/?s={search_term_string}"},"query-input":{"@type":"PropertyValueSpecification","valueRequired":true,"valueName":"search_term_string"}}],"inLanguage":"hu"},{"@type":"Organization","@id":"https:\/\/mondialuitzend.nl\/#organization","name":"Glob\u00e1lis ad\u00e1s","url":"https:\/\/mondialuitzend.nl\/","logo":{"@type":"ImageObject","inLanguage":"hu","@id":"https:\/\/mondialuitzend.nl\/#\/schema\/logo\/image\/","url":"https:\/\/mondialuitzend.nl\/wp-content\/uploads\/2023\/06\/Logo-MondialUitzend.svg","contentUrl":"https:\/\/mondialuitzend.nl\/wp-content\/uploads\/2023\/06\/Logo-MondialUitzend.svg","width":149,"height":56,"caption":"Mondial Uitzend"},"image":{"@id":"https:\/\/mondialuitzend.nl\/#\/schema\/logo\/image\/"},"sameAs":["https:\/\/www.facebook.com\/mondialuitzendbv\/","https:\/\/www.linkedin.com\/company\/mondial-uitzend-b-v-","https:\/\/www.youtube.com\/channel\/UCPBmFRvmUDCPtpAaFVASV9Q"]}]}},"_links":{"self":[{"href":"https:\/\/mondialuitzend.nl\/hu\/wp-json\/wp\/v2\/pages\/1043","targetHints":{"allow":["GET"]}}],"collection":[{"href":"https:\/\/mondialuitzend.nl\/hu\/wp-json\/wp\/v2\/pages"}],"about":[{"href":"https:\/\/mondialuitzend.nl\/hu\/wp-json\/wp\/v2\/types\/page"}],"author":[{"embeddable":true,"href":"https:\/\/mondialuitzend.nl\/hu\/wp-json\/wp\/v2\/users\/4"}],"replies":[{"embeddable":true,"href":"https:\/\/mondialuitzend.nl\/hu\/wp-json\/wp\/v2\/comments?post=1043"}],"version-history":[{"count":0,"href":"https:\/\/mondialuitzend.nl\/hu\/wp-json\/wp\/v2\/pages\/1043\/revisions"}],"wp:featuredmedia":[{"embeddable":true,"href":"https:\/\/mondialuitzend.nl\/hu\/wp-json\/wp\/v2\/media\/2099"}],"wp:attachment":[{"href":"https:\/\/mondialuitzend.nl\/hu\/wp-json\/wp\/v2\/media?parent=1043"}],"curies":[{"name":"munkaf\u00fczet","href":"https:\/\/api.w.org\/{rel}","templated":true}]}}