{"id":2265,"date":"2024-06-03T14:14:24","date_gmt":"2024-06-03T12:14:24","guid":{"rendered":"https:\/\/mondialuitzend.nl\/?page_id=2265"},"modified":"2024-10-15T11:58:13","modified_gmt":"2024-10-15T09:58:13","slug":"alkalmazottak","status":"publish","type":"page","link":"https:\/\/mondialuitzend.nl\/hu\/alkalmazottak\/","title":{"rendered":"Alkalmazottak"},"content":{"rendered":"<div data-elementor-type=\"wp-page\" data-elementor-id=\"2265\" class=\"elementor elementor-2265\" data-elementor-post-type=\"page\">\n\t\t\t\t<div class=\"elementor-element elementor-element-91b348c e-flex e-con-boxed e-con e-parent\" data-id=\"91b348c\" data-element_type=\"container\" data-e-type=\"container\" data-settings=\"{&quot;jet_parallax_layout_list&quot;:[]}\">\n\t\t\t\t\t<div class=\"e-con-inner\">\n\t\t<div class=\"elementor-element elementor-element-150d12e e-con-full e-flex e-con e-child\" data-id=\"150d12e\" data-element_type=\"container\" data-e-type=\"container\" data-settings=\"{&quot;jet_parallax_layout_list&quot;:[],&quot;background_background&quot;:&quot;classic&quot;}\">\n\t\t\t\t<div class=\"elementor-element elementor-element-de110ee elementor-widget elementor-widget-image\" data-id=\"de110ee\" data-element_type=\"widget\" data-e-type=\"widget\" data-widget_type=\"image.default\">\n\t\t\t\t<div class=\"elementor-widget-container\">\n\t\t\t\t\t\t\t\t\t\t\t\t\t\t\t<img fetchpriority=\"high\" decoding=\"async\" width=\"511\" height=\"511\" src=\"https:\/\/mondialuitzend.nl\/wp-content\/uploads\/2023\/06\/GlobeBg.svg\" class=\"attachment-full size-full wp-image-333\" alt=\"\" \/>\t\t\t\t\t\t\t\t\t\t\t\t\t\t\t<\/div>\n\t\t\t\t<\/div>\n\t\t\t\t<div class=\"elementor-element elementor-element-c1fe881 elementor-widget elementor-widget-heading\" data-id=\"c1fe881\" data-element_type=\"widget\" data-e-type=\"widget\" data-widget_type=\"heading.default\">\n\t\t\t\t<div class=\"elementor-widget-container\">\n\t\t\t\t\t<h1 class=\"elementor-heading-title elementor-size-default\">Alkalmazottak<\/h1>\t\t\t\t<\/div>\n\t\t\t\t<\/div>\n\t\t\t\t<\/div>\n\t\t\t\t<div class=\"elementor-element elementor-element-3119699 elementor-widget elementor-widget-image\" data-id=\"3119699\" data-element_type=\"widget\" data-e-type=\"widget\" data-widget_type=\"image.default\">\n\t\t\t\t<div class=\"elementor-widget-container\">\n\t\t\t\t\t\t\t\t\t\t\t\t\t\t\t<img decoding=\"async\" width=\"672\" height=\"650\" src=\"https:\/\/mondialuitzend.nl\/wp-content\/uploads\/2023\/06\/WavesBgSquare.svg\" class=\"attachment-full size-full wp-image-331\" alt=\"\" \/>\t\t\t\t\t\t\t\t\t\t\t\t\t\t\t<\/div>\n\t\t\t\t<\/div>\n\t\t\t\t<div class=\"elementor-element elementor-element-b26c177 elementor-widget elementor-widget-image\" data-id=\"b26c177\" data-element_type=\"widget\" data-e-type=\"widget\" data-widget_type=\"image.default\">\n\t\t\t\t<div class=\"elementor-widget-container\">\n\t\t\t\t\t\t\t\t\t\t\t\t\t\t\t<img decoding=\"async\" width=\"800\" height=\"418\" src=\"https:\/\/mondialuitzend.nl\/wp-content\/uploads\/2024\/10\/Andrzej1-1024x535.jpg\" class=\"attachment-large size-large wp-image-2464\" alt=\"\" srcset=\"https:\/\/mondialuitzend.nl\/wp-content\/uploads\/2024\/10\/Andrzej1-1024x535.jpg 1024w, https:\/\/mondialuitzend.nl\/wp-content\/uploads\/2024\/10\/Andrzej1-300x157.jpg 300w, https:\/\/mondialuitzend.nl\/wp-content\/uploads\/2024\/10\/Andrzej1-768x401.jpg 768w, https:\/\/mondialuitzend.nl\/wp-content\/uploads\/2024\/10\/Andrzej1-18x9.jpg 18w, https:\/\/mondialuitzend.nl\/wp-content\/uploads\/2024\/10\/Andrzej1-600x314.jpg 600w, https:\/\/mondialuitzend.nl\/wp-content\/uploads\/2024\/10\/Andrzej1.jpg 1169w\" sizes=\"(max-width: 800px) 100vw, 800px\" \/>\t\t\t\t\t\t\t\t\t\t\t\t\t\t\t<\/div>\n\t\t\t\t<\/div>\n\t\t\t\t<div class=\"elementor-element elementor-element-e4b086c elementor-icon-list--layout-inline elementor-hidden-mobile elementor-list-item-link-full_width elementor-widget elementor-widget-icon-list\" data-id=\"e4b086c\" data-element_type=\"widget\" data-e-type=\"widget\" data-widget_type=\"icon-list.default\">\n\t\t\t\t<div class=\"elementor-widget-container\">\n\t\t\t\t\t\t\t<ul class=\"elementor-icon-list-items elementor-inline-items\">\n\t\t\t\t\t\t\t<li class=\"elementor-icon-list-item elementor-inline-item\">\n\t\t\t\t\t\t\t\t\t\t\t<a href=\"mailto:info@mondialuitzend.nl\">\n\n\t\t\t\t\t\t\t\t\t\t\t\t<span class=\"elementor-icon-list-icon\">\n\t\t\t\t\t\t\t<svg xmlns=\"http:\/\/www.w3.org\/2000\/svg\" width=\"14\" height=\"14\" viewbox=\"0 0 14 14\" fill=\"none\"><path d=\"M11.0548 0.87207H2.90917C2.13789 0.872994 1.39847 1.17979 0.853097 1.72517C0.307722 2.27054 0.00092387 3.00996 0 3.78124L0 10.7632C0.00092387 11.5345 0.307722 12.2739 0.853097 12.8193C1.39847 13.3647 2.13789 13.6715 2.90917 13.6724H11.0548C11.8261 13.6715 12.5655 13.3647 13.1109 12.8193C13.6563 12.2739 13.9631 11.5345 13.964 10.7632V3.78124C13.9631 3.00996 13.6563 2.27054 13.1109 1.72517C12.5655 1.17979 11.8261 0.872994 11.0548 0.87207ZM2.90917 2.03574H11.0548C11.4032 2.03642 11.7435 2.14135 12.0317 2.33701C12.32 2.53268 12.5431 2.81013 12.6723 3.13366L8.21666 7.58993C7.88876 7.91652 7.44481 8.09989 6.98201 8.09989C6.51921 8.09989 6.07526 7.91652 5.74736 7.58993L1.29167 3.13366C1.42093 2.81013 1.64404 2.53268 1.9323 2.33701C2.22056 2.14135 2.56078 2.03642 2.90917 2.03574ZM11.0548 12.5088H2.90917C2.44623 12.5088 2.00226 12.3249 1.67491 11.9975C1.34757 11.6702 1.16367 11.2262 1.16367 10.7632V4.65399L4.92464 8.41264C5.47077 8.95739 6.21065 9.2633 6.98201 9.2633C7.75337 9.2633 8.49325 8.95739 9.03937 8.41264L12.8004 4.65399V10.7632C12.8003 11.2262 12.6164 11.6702 12.2891 11.9975C11.9618 12.3249 11.5178 12.5088 11.0548 12.5088Z\" fill=\"#669771\"><\/path><\/svg>\t\t\t\t\t\t<\/span>\n\t\t\t\t\t\t\t\t\t\t<span class=\"elementor-icon-list-text\"><\/span>\n\t\t\t\t\t\t\t\t\t\t\t<\/a>\n\t\t\t\t\t\t\t\t\t<\/li>\n\t\t\t\t\t\t\t\t<li class=\"elementor-icon-list-item elementor-inline-item\">\n\t\t\t\t\t\t\t\t\t\t\t<a href=\"https:\/\/www.youtube.com\/channel\/UCPBmFRvmUDCPtpAaFVASV9Q\" target=\"_blank\">\n\n\t\t\t\t\t\t\t\t\t\t\t\t<span class=\"elementor-icon-list-icon\">\n\t\t\t\t\t\t\t<i aria-hidden=\"true\" class=\"fab fa-youtube\"><\/i>\t\t\t\t\t\t<\/span>\n\t\t\t\t\t\t\t\t\t\t<span class=\"elementor-icon-list-text\"><\/span>\n\t\t\t\t\t\t\t\t\t\t\t<\/a>\n\t\t\t\t\t\t\t\t\t<\/li>\n\t\t\t\t\t\t\t\t<li class=\"elementor-icon-list-item elementor-inline-item\">\n\t\t\t\t\t\t\t\t\t\t\t<a href=\"https:\/\/www.facebook.com\/mondialuitzendbv\/\" target=\"_blank\">\n\n\t\t\t\t\t\t\t\t\t\t\t\t<span class=\"elementor-icon-list-icon\">\n\t\t\t\t\t\t\t<i aria-hidden=\"true\" class=\"fab fa-facebook\"><\/i>\t\t\t\t\t\t<\/span>\n\t\t\t\t\t\t\t\t\t\t<span class=\"elementor-icon-list-text\"><\/span>\n\t\t\t\t\t\t\t\t\t\t\t<\/a>\n\t\t\t\t\t\t\t\t\t<\/li>\n\t\t\t\t\t\t\t\t<li class=\"elementor-icon-list-item elementor-inline-item\">\n\t\t\t\t\t\t\t\t\t\t\t<a href=\"https:\/\/www.linkedin.com\/company\/mondial-uitzend-b-v-\" target=\"_blank\">\n\n\t\t\t\t\t\t\t\t\t\t\t\t<span class=\"elementor-icon-list-icon\">\n\t\t\t\t\t\t\t<i aria-hidden=\"true\" class=\"fab fa-linkedin-in\"><\/i>\t\t\t\t\t\t<\/span>\n\t\t\t\t\t\t\t\t\t\t<span class=\"elementor-icon-list-text\"><\/span>\n\t\t\t\t\t\t\t\t\t\t\t<\/a>\n\t\t\t\t\t\t\t\t\t<\/li>\n\t\t\t\t\t\t<\/ul>\n\t\t\t\t\t\t<\/div>\n\t\t\t\t<\/div>\n\t\t\t\t\t<\/div>\n\t\t\t\t<\/div>\n\t\t<div class=\"elementor-element elementor-element-bc2a2ab e-flex e-con-boxed e-con e-parent\" data-id=\"bc2a2ab\" data-element_type=\"container\" data-e-type=\"container\" data-settings=\"{&quot;jet_parallax_layout_list&quot;:[]}\">\n\t\t\t\t\t<div class=\"e-con-inner\">\n\t\t\t\t<div class=\"elementor-element elementor-element-9a4bd40 elementor-widget-mobile__width-initial elementor-widget elementor-widget-image\" data-id=\"9a4bd40\" data-element_type=\"widget\" data-e-type=\"widget\" data-widget_type=\"image.default\">\n\t\t\t\t<div class=\"elementor-widget-container\">\n\t\t\t\t\t\t\t\t\t\t\t\t\t\t\t\t<a href=\"https:\/\/mondialuitzend.nl\/hu\/meguresedett-allasok\/\">\n\t\t\t\t\t\t\t<img loading=\"lazy\" decoding=\"async\" width=\"300\" height=\"300\" src=\"https:\/\/mondialuitzend.nl\/wp-content\/uploads\/2024\/06\/Frequently-Asked-Questions-2-300x300.jpg\" class=\"attachment-medium size-medium wp-image-2266\" alt=\"\" srcset=\"https:\/\/mondialuitzend.nl\/wp-content\/uploads\/2024\/06\/Frequently-Asked-Questions-2-300x300.jpg 300w, https:\/\/mondialuitzend.nl\/wp-content\/uploads\/2024\/06\/Frequently-Asked-Questions-2-150x150.jpg 150w, https:\/\/mondialuitzend.nl\/wp-content\/uploads\/2024\/06\/Frequently-Asked-Questions-2-12x12.jpg 12w, https:\/\/mondialuitzend.nl\/wp-content\/uploads\/2024\/06\/Frequently-Asked-Questions-2.jpg 472w\" sizes=\"(max-width: 300px) 100vw, 300px\" \/>\t\t\t\t\t\t\t\t<\/a>\n\t\t\t\t\t\t\t\t\t\t\t\t\t\t\t<\/div>\n\t\t\t\t<\/div>\n\t\t\t\t<div class=\"elementor-element elementor-element-e8d353c elementor-widget-mobile__width-initial elementor-widget elementor-widget-image\" data-id=\"e8d353c\" data-element_type=\"widget\" data-e-type=\"widget\" data-widget_type=\"image.default\">\n\t\t\t\t<div class=\"elementor-widget-container\">\n\t\t\t\t\t\t\t\t\t\t\t\t\t\t\t\t<a href=\"https:\/\/portal.mondialuitzend.nl:8081\/Inschrijfformulier\/hu-HU\/\">\n\t\t\t\t\t\t\t<img loading=\"lazy\" decoding=\"async\" width=\"300\" height=\"300\" src=\"https:\/\/mondialuitzend.nl\/wp-content\/uploads\/2024\/06\/Frequently-Asked-Questions-4-300x300.jpg\" class=\"attachment-medium size-medium wp-image-2271\" alt=\"\" srcset=\"https:\/\/mondialuitzend.nl\/wp-content\/uploads\/2024\/06\/Frequently-Asked-Questions-4-300x300.jpg 300w, https:\/\/mondialuitzend.nl\/wp-content\/uploads\/2024\/06\/Frequently-Asked-Questions-4-150x150.jpg 150w, https:\/\/mondialuitzend.nl\/wp-content\/uploads\/2024\/06\/Frequently-Asked-Questions-4-12x12.jpg 12w, https:\/\/mondialuitzend.nl\/wp-content\/uploads\/2024\/06\/Frequently-Asked-Questions-4.jpg 472w\" sizes=\"(max-width: 300px) 100vw, 300px\" \/>\t\t\t\t\t\t\t\t<\/a>\n\t\t\t\t\t\t\t\t\t\t\t\t\t\t\t<\/div>\n\t\t\t\t<\/div>\n\t\t\t\t<div class=\"elementor-element elementor-element-151d6c2 elementor-widget-mobile__width-initial elementor-widget elementor-widget-image\" data-id=\"151d6c2\" data-element_type=\"widget\" data-e-type=\"widget\" data-widget_type=\"image.default\">\n\t\t\t\t<div class=\"elementor-widget-container\">\n\t\t\t\t\t\t\t\t\t\t\t\t\t\t\t\t<a href=\"https:\/\/mondialuitzend.nl\/hu\/gyakran-ismetelt-kerdesek\/\">\n\t\t\t\t\t\t\t<img loading=\"lazy\" decoding=\"async\" width=\"300\" height=\"300\" src=\"https:\/\/mondialuitzend.nl\/wp-content\/uploads\/2024\/06\/Frequently-Asked-Questions-300x300.jpg\" class=\"attachment-medium size-medium wp-image-2268\" alt=\"\" srcset=\"https:\/\/mondialuitzend.nl\/wp-content\/uploads\/2024\/06\/Frequently-Asked-Questions-300x300.jpg 300w, https:\/\/mondialuitzend.nl\/wp-content\/uploads\/2024\/06\/Frequently-Asked-Questions-150x150.jpg 150w, https:\/\/mondialuitzend.nl\/wp-content\/uploads\/2024\/06\/Frequently-Asked-Questions-12x12.jpg 12w, https:\/\/mondialuitzend.nl\/wp-content\/uploads\/2024\/06\/Frequently-Asked-Questions.jpg 472w\" sizes=\"(max-width: 300px) 100vw, 300px\" \/>\t\t\t\t\t\t\t\t<\/a>\n\t\t\t\t\t\t\t\t\t\t\t\t\t\t\t<\/div>\n\t\t\t\t<\/div>\n\t\t\t\t<div class=\"elementor-element elementor-element-80a3152 elementor-widget-mobile__width-initial elementor-widget elementor-widget-image\" data-id=\"80a3152\" data-element_type=\"widget\" data-e-type=\"widget\" data-widget_type=\"image.default\">\n\t\t\t\t<div class=\"elementor-widget-container\">\n\t\t\t\t\t\t\t\t\t\t\t\t\t\t\t\t<a href=\"https:\/\/mondialuitzend.nl\/hu\/kapcsolatba-lepni\/\">\n\t\t\t\t\t\t\t<img loading=\"lazy\" decoding=\"async\" width=\"300\" height=\"300\" src=\"https:\/\/mondialuitzend.nl\/wp-content\/uploads\/2024\/06\/Frequently-Asked-Questions-1-300x300.jpg\" class=\"attachment-medium size-medium wp-image-2267\" alt=\"\" srcset=\"https:\/\/mondialuitzend.nl\/wp-content\/uploads\/2024\/06\/Frequently-Asked-Questions-1-300x300.jpg 300w, https:\/\/mondialuitzend.nl\/wp-content\/uploads\/2024\/06\/Frequently-Asked-Questions-1-150x150.jpg 150w, https:\/\/mondialuitzend.nl\/wp-content\/uploads\/2024\/06\/Frequently-Asked-Questions-1-12x12.jpg 12w, https:\/\/mondialuitzend.nl\/wp-content\/uploads\/2024\/06\/Frequently-Asked-Questions-1.jpg 472w\" sizes=\"(max-width: 300px) 100vw, 300px\" \/>\t\t\t\t\t\t\t\t<\/a>\n\t\t\t\t\t\t\t\t\t\t\t\t\t\t\t<\/div>\n\t\t\t\t<\/div>\n\t\t\t\t\t<\/div>\n\t\t\t\t<\/div>\n\t\t\t\t<\/div>","protected":false},"excerpt":{"rendered":"","protected":false},"author":8,"featured_media":2276,"parent":0,"menu_order":0,"comment_status":"closed","ping_status":"closed","template":"elementor_header_footer","meta":{"footnotes":""},"class_list":["post-2265","page","type-page","status-publish","has-post-thumbnail","hentry"],"yoast_head":"<!-- This site is optimized with the Yoast SEO plugin v27.3 - https:\/\/yoast.com\/product\/yoast-seo-wordpress\/ -->\n<title>Werknemers - Mondial Uitzend - Verbindend tussen werkgever en werknemer<\/title>\n<meta name=\"description\" content=\"Mondial Uitzend is een uitzendbureau actief in Noord-Holland en Friesland. Met voornamelijk fulltime vacatures in diverse branches.\" \/>\n<meta name=\"robots\" content=\"index, follow, max-snippet:-1, max-image-preview:large, max-video-preview:-1\" \/>\n<link rel=\"canonical\" href=\"https:\/\/mondialuitzend.nl\/hu\/alkalmazottak\/\" \/>\n<meta property=\"og:locale\" content=\"hu_HU\" \/>\n<meta property=\"og:type\" content=\"article\" \/>\n<meta property=\"og:title\" content=\"Werknemers - Mondial Uitzend - Verbindend tussen werkgever en werknemer\" \/>\n<meta property=\"og:description\" content=\"Mondial Uitzend is een uitzendbureau actief in Noord-Holland en Friesland. Met voornamelijk fulltime vacatures in diverse branches.\" \/>\n<meta property=\"og:url\" content=\"https:\/\/mondialuitzend.nl\/hu\/alkalmazottak\/\" \/>\n<meta property=\"og:site_name\" content=\"Mondial Uitzend\" \/>\n<meta property=\"article:publisher\" content=\"https:\/\/www.facebook.com\/mondialuitzendbv\/\" \/>\n<meta property=\"article:modified_time\" content=\"2024-10-15T09:58:13+00:00\" \/>\n<meta property=\"og:image\" content=\"https:\/\/mondialuitzend.nl\/wp-content\/uploads\/2024\/06\/Ontwerp-zonder-titel-42.jpg\" \/>\n\t<meta property=\"og:image:width\" content=\"2000\" \/>\n\t<meta property=\"og:image:height\" content=\"1154\" \/>\n\t<meta property=\"og:image:type\" content=\"image\/jpeg\" \/>\n<meta name=\"twitter:card\" content=\"summary_large_image\" \/>\n<meta name=\"twitter:label1\" content=\"Becs\u00fclt olvas\u00e1si id\u0151\" \/>\n\t<meta name=\"twitter:data1\" content=\"2 perc\" \/>\n<script type=\"application\/ld+json\" class=\"yoast-schema-graph\">{\"@context\":\"https:\\\/\\\/schema.org\",\"@graph\":[{\"@type\":\"WebPage\",\"@id\":\"https:\\\/\\\/mondialuitzend.nl\\\/werknemers\\\/\",\"url\":\"https:\\\/\\\/mondialuitzend.nl\\\/werknemers\\\/\",\"name\":\"Werknemers - Mondial Uitzend - Verbindend tussen werkgever en werknemer\",\"isPartOf\":{\"@id\":\"https:\\\/\\\/mondialuitzend.nl\\\/#website\"},\"primaryImageOfPage\":{\"@id\":\"https:\\\/\\\/mondialuitzend.nl\\\/werknemers\\\/#primaryimage\"},\"image\":{\"@id\":\"https:\\\/\\\/mondialuitzend.nl\\\/werknemers\\\/#primaryimage\"},\"thumbnailUrl\":\"https:\\\/\\\/mondialuitzend.nl\\\/wp-content\\\/uploads\\\/2024\\\/06\\\/Ontwerp-zonder-titel-42.jpg\",\"datePublished\":\"2024-06-03T12:14:24+00:00\",\"dateModified\":\"2024-10-15T09:58:13+00:00\",\"description\":\"Mondial Uitzend is een uitzendbureau actief in Noord-Holland en Friesland. Met voornamelijk fulltime vacatures in diverse branches.\",\"breadcrumb\":{\"@id\":\"https:\\\/\\\/mondialuitzend.nl\\\/werknemers\\\/#breadcrumb\"},\"inLanguage\":\"hu\",\"potentialAction\":[{\"@type\":\"ReadAction\",\"target\":[\"https:\\\/\\\/mondialuitzend.nl\\\/werknemers\\\/\"]}]},{\"@type\":\"ImageObject\",\"inLanguage\":\"hu\",\"@id\":\"https:\\\/\\\/mondialuitzend.nl\\\/werknemers\\\/#primaryimage\",\"url\":\"https:\\\/\\\/mondialuitzend.nl\\\/wp-content\\\/uploads\\\/2024\\\/06\\\/Ontwerp-zonder-titel-42.jpg\",\"contentUrl\":\"https:\\\/\\\/mondialuitzend.nl\\\/wp-content\\\/uploads\\\/2024\\\/06\\\/Ontwerp-zonder-titel-42.jpg\",\"width\":2000,\"height\":1154},{\"@type\":\"BreadcrumbList\",\"@id\":\"https:\\\/\\\/mondialuitzend.nl\\\/werknemers\\\/#breadcrumb\",\"itemListElement\":[{\"@type\":\"ListItem\",\"position\":1,\"name\":\"Home\",\"item\":\"https:\\\/\\\/mondialuitzend.nl\\\/\"},{\"@type\":\"ListItem\",\"position\":2,\"name\":\"Werknemers\"}]},{\"@type\":\"WebSite\",\"@id\":\"https:\\\/\\\/mondialuitzend.nl\\\/#website\",\"url\":\"https:\\\/\\\/mondialuitzend.nl\\\/\",\"name\":\"Mondial Uitzend\",\"description\":\"Verbindend tussen werkgever en werknemer\",\"publisher\":{\"@id\":\"https:\\\/\\\/mondialuitzend.nl\\\/#organization\"},\"potentialAction\":[{\"@type\":\"SearchAction\",\"target\":{\"@type\":\"EntryPoint\",\"urlTemplate\":\"https:\\\/\\\/mondialuitzend.nl\\\/?s={search_term_string}\"},\"query-input\":{\"@type\":\"PropertyValueSpecification\",\"valueRequired\":true,\"valueName\":\"search_term_string\"}}],\"inLanguage\":\"hu\"},{\"@type\":\"Organization\",\"@id\":\"https:\\\/\\\/mondialuitzend.nl\\\/#organization\",\"name\":\"Mondial Uitzend\",\"url\":\"https:\\\/\\\/mondialuitzend.nl\\\/\",\"logo\":{\"@type\":\"ImageObject\",\"inLanguage\":\"hu\",\"@id\":\"https:\\\/\\\/mondialuitzend.nl\\\/#\\\/schema\\\/logo\\\/image\\\/\",\"url\":\"https:\\\/\\\/mondialuitzend.nl\\\/wp-content\\\/uploads\\\/2023\\\/06\\\/Logo-MondialUitzend.svg\",\"contentUrl\":\"https:\\\/\\\/mondialuitzend.nl\\\/wp-content\\\/uploads\\\/2023\\\/06\\\/Logo-MondialUitzend.svg\",\"width\":149,\"height\":56,\"caption\":\"Mondial Uitzend\"},\"image\":{\"@id\":\"https:\\\/\\\/mondialuitzend.nl\\\/#\\\/schema\\\/logo\\\/image\\\/\"},\"sameAs\":[\"https:\\\/\\\/www.facebook.com\\\/mondialuitzendbv\\\/\",\"https:\\\/\\\/www.linkedin.com\\\/company\\\/mondial-uitzend-b-v-\",\"https:\\\/\\\/www.youtube.com\\\/channel\\\/UCPBmFRvmUDCPtpAaFVASV9Q\"]}]}<\/script>\n<!-- \/ Yoast SEO plugin. -->","yoast_head_json":{"title":"Alkalmazottak - Mondial Uitzend - K\u00f6t\u0151d\u00e9s a munk\u00e1ltat\u00f3 \u00e9s a munkav\u00e1llal\u00f3 k\u00f6z\u00f6tt","description":"Az Mondial Uitzend egy munkak\u00f6zvet\u00edt\u0151 iroda, amely az Noord-Holland \u00e9s az Friesland ter\u00fclet\u00e9n tev\u00e9kenykedik. F\u0151leg teljes munkaid\u0151s \u00e1ll\u00e1sokkal k\u00fcl\u00f6nb\u00f6z\u0151 ipar\u00e1gakban.","robots":{"index":"index","follow":"follow","max-snippet":"max-snippet:-1","max-image-preview":"max-image-preview:large","max-video-preview":"max-video-preview:-1"},"canonical":"https:\/\/mondialuitzend.nl\/hu\/alkalmazottak\/","og_locale":"hu_HU","og_type":"article","og_title":"Werknemers - Mondial Uitzend - Verbindend tussen werkgever en werknemer","og_description":"Mondial Uitzend is een uitzendbureau actief in Noord-Holland en Friesland. Met voornamelijk fulltime vacatures in diverse branches.","og_url":"https:\/\/mondialuitzend.nl\/hu\/alkalmazottak\/","og_site_name":"Mondial Uitzend","article_publisher":"https:\/\/www.facebook.com\/mondialuitzendbv\/","article_modified_time":"2024-10-15T09:58:13+00:00","og_image":[{"width":2000,"height":1154,"url":"https:\/\/mondialuitzend.nl\/wp-content\/uploads\/2024\/06\/Ontwerp-zonder-titel-42.jpg","type":"image\/jpeg"}],"twitter_card":"summary_large_image","twitter_misc":{"Becs\u00fclt olvas\u00e1si id\u0151":"2 perc"},"schema":{"@context":"https:\/\/schema.org","@graph":[{"@type":"WebPage","@id":"https:\/\/mondialuitzend.nl\/werknemers\/","url":"https:\/\/mondialuitzend.nl\/werknemers\/","name":"Alkalmazottak - Mondial Uitzend - K\u00f6t\u0151d\u00e9s a munk\u00e1ltat\u00f3 \u00e9s a munkav\u00e1llal\u00f3 k\u00f6z\u00f6tt","isPartOf":{"@id":"https:\/\/mondialuitzend.nl\/#website"},"primaryImageOfPage":{"@id":"https:\/\/mondialuitzend.nl\/werknemers\/#primaryimage"},"image":{"@id":"https:\/\/mondialuitzend.nl\/werknemers\/#primaryimage"},"thumbnailUrl":"https:\/\/mondialuitzend.nl\/wp-content\/uploads\/2024\/06\/Ontwerp-zonder-titel-42.jpg","datePublished":"2024-06-03T12:14:24+00:00","dateModified":"2024-10-15T09:58:13+00:00","description":"Az Mondial Uitzend egy munkak\u00f6zvet\u00edt\u0151 iroda, amely az Noord-Holland \u00e9s az Friesland ter\u00fclet\u00e9n tev\u00e9kenykedik. F\u0151leg teljes munkaid\u0151s \u00e1ll\u00e1sokkal k\u00fcl\u00f6nb\u00f6z\u0151 ipar\u00e1gakban.","breadcrumb":{"@id":"https:\/\/mondialuitzend.nl\/werknemers\/#breadcrumb"},"inLanguage":"hu","potentialAction":[{"@type":"ReadAction","target":["https:\/\/mondialuitzend.nl\/werknemers\/"]}]},{"@type":"ImageObject","inLanguage":"hu","@id":"https:\/\/mondialuitzend.nl\/werknemers\/#primaryimage","url":"https:\/\/mondialuitzend.nl\/wp-content\/uploads\/2024\/06\/Ontwerp-zonder-titel-42.jpg","contentUrl":"https:\/\/mondialuitzend.nl\/wp-content\/uploads\/2024\/06\/Ontwerp-zonder-titel-42.jpg","width":2000,"height":1154},{"@type":"BreadcrumbList","@id":"https:\/\/mondialuitzend.nl\/werknemers\/#breadcrumb","itemListElement":[{"@type":"ListItem","position":1,"name":"Home","item":"https:\/\/mondialuitzend.nl\/"},{"@type":"ListItem","position":2,"name":"Werknemers"}]},{"@type":"WebSite","@id":"https:\/\/mondialuitzend.nl\/#website","url":"https:\/\/mondialuitzend.nl\/","name":"Glob\u00e1lis ad\u00e1s","description":"Munkaad\u00f3 \u00e9s munkav\u00e1llal\u00f3 k\u00f6z\u00f6tti kapcsolat","publisher":{"@id":"https:\/\/mondialuitzend.nl\/#organization"},"potentialAction":[{"@type":"SearchAction","target":{"@type":"EntryPoint","urlTemplate":"https:\/\/mondialuitzend.nl\/?s={search_term_string}"},"query-input":{"@type":"PropertyValueSpecification","valueRequired":true,"valueName":"search_term_string"}}],"inLanguage":"hu"},{"@type":"Organization","@id":"https:\/\/mondialuitzend.nl\/#organization","name":"Glob\u00e1lis ad\u00e1s","url":"https:\/\/mondialuitzend.nl\/","logo":{"@type":"ImageObject","inLanguage":"hu","@id":"https:\/\/mondialuitzend.nl\/#\/schema\/logo\/image\/","url":"https:\/\/mondialuitzend.nl\/wp-content\/uploads\/2023\/06\/Logo-MondialUitzend.svg","contentUrl":"https:\/\/mondialuitzend.nl\/wp-content\/uploads\/2023\/06\/Logo-MondialUitzend.svg","width":149,"height":56,"caption":"Mondial Uitzend"},"image":{"@id":"https:\/\/mondialuitzend.nl\/#\/schema\/logo\/image\/"},"sameAs":["https:\/\/www.facebook.com\/mondialuitzendbv\/","https:\/\/www.linkedin.com\/company\/mondial-uitzend-b-v-","https:\/\/www.youtube.com\/channel\/UCPBmFRvmUDCPtpAaFVASV9Q"]}]}},"_links":{"self":[{"href":"https:\/\/mondialuitzend.nl\/hu\/wp-json\/wp\/v2\/pages\/2265","targetHints":{"allow":["GET"]}}],"collection":[{"href":"https:\/\/mondialuitzend.nl\/hu\/wp-json\/wp\/v2\/pages"}],"about":[{"href":"https:\/\/mondialuitzend.nl\/hu\/wp-json\/wp\/v2\/types\/page"}],"author":[{"embeddable":true,"href":"https:\/\/mondialuitzend.nl\/hu\/wp-json\/wp\/v2\/users\/8"}],"replies":[{"embeddable":true,"href":"https:\/\/mondialuitzend.nl\/hu\/wp-json\/wp\/v2\/comments?post=2265"}],"version-history":[{"count":0,"href":"https:\/\/mondialuitzend.nl\/hu\/wp-json\/wp\/v2\/pages\/2265\/revisions"}],"wp:featuredmedia":[{"embeddable":true,"href":"https:\/\/mondialuitzend.nl\/hu\/wp-json\/wp\/v2\/media\/2276"}],"wp:attachment":[{"href":"https:\/\/mondialuitzend.nl\/hu\/wp-json\/wp\/v2\/media?parent=2265"}],"curies":[{"name":"munkaf\u00fczet","href":"https:\/\/api.w.org\/{rel}","templated":true}]}}