{"id":484,"date":"2023-06-21T11:39:08","date_gmt":"2023-06-21T09:39:08","guid":{"rendered":"https:\/\/mondialuitzend.nl\/?page_id=484"},"modified":"2023-06-21T15:02:46","modified_gmt":"2023-06-21T13:02:46","slug":"adatvedelmi-szabalyzat","status":"publish","type":"page","link":"https:\/\/mondialuitzend.nl\/hu\/adatvedelmi-szabalyzat\/","title":{"rendered":"Adatv\u00e9delmi ir\u00e1nyelvek"},"content":{"rendered":"<p>Az Mondial Uitzend BV, amelynek sz\u00e9khelye: Bosweg 17, &#039;t Zand, felel\u0151s a szem\u00e9lyes adatok ezen adatv\u00e9delmi nyilatkozatban szerepl\u0151 feldolgoz\u00e1s\u00e1\u00e9rt.<\/p>\n<p>El\u00e9rhet\u0151s\u00e9geit:<\/p>\n<p>Mondial Uitzend BV\/ Secondment BV<\/p>\n<p>Bosweg 15a<\/p>\n<p>1756CH &#039;t Zand<\/p>\n<p><a href=\"https:\/\/mondialuitzend.nl\/hu\/%20\/\">https:\/\/mondialuitzend.nl\/\u00a0<\/a><\/p>\n<p>0224- 591569<\/p>\n<p>&nbsp;<\/p>\n<h3>Az \u00e1ltalunk kezelt szem\u00e9lyes adatok<\/h3>\n<p>Az Mondial Uitzend BV az\u00e9rt kezeli az \u00d6n szem\u00e9lyes adatait, mert \u00d6n haszn\u00e1lja szolg\u00e1ltat\u00e1sainkat, \u00e9s\/vagy mert ezeket az inform\u00e1ci\u00f3kat saj\u00e1t maga adja meg sz\u00e1munkra. Az al\u00e1bbiakban \u00e1ttekint\u00e9st tal\u00e1l az \u00e1ltalunk kezelt szem\u00e9lyes adatokr\u00f3l:<\/p>\n<p>&nbsp;<\/p>\n<ul>\n<li>Kereszt-\u00e9s vezet\u00e9kn\u00e9v;<\/li>\n<li>Szex;<\/li>\n<li>\u00c1llampolg\u00e1ri szolg\u00e1ltat\u00e1s sz\u00e1ma;<\/li>\n<li>azonos\u00edt\u00f3 adatok;<\/li>\n<li>Tapasztalat \u00e9s v\u00e9gzetts\u00e9g;<\/li>\n<li>Sz\u00fclet\u00e9si d\u00e1tum;<\/li>\n<li>Sz\u00fclet\u00e9si hely;<\/li>\n<li>C\u00edmadatok;<\/li>\n<li>Telefonsz\u00e1m;<\/li>\n<li>Email c\u00edm;<\/li>\n<li>Egy\u00e9b szem\u00e9lyes adatok, amelyeket \u00d6n akt\u00edvan megad, p\u00e9ld\u00e1ul profil l\u00e9trehoz\u00e1s\u00e1val ezen a weboldalon, levelez\u00e9sben \u00e9s telefonon;<\/li>\n<li>Inform\u00e1ci\u00f3k a weboldalunkon v\u00e9gzett tev\u00e9kenys\u00e9geir\u0151l;<\/li>\n<li>Banksz\u00e1mlasz\u00e1m.<\/li>\n<\/ul>\n<h3>K\u00fcl\u00f6nleges \u00e9s\/vagy \u00e9rz\u00e9keny szem\u00e9lyes adatok, amelyeket kezel\u00fcnk<\/h3>\n<p>Weboldalunk \u00e9s\/vagy szolg\u00e1ltat\u00e1sunk nem sz\u00e1nd\u00e9kozik adatokat gy\u0171jteni 16 \u00e9ven aluli honlapl\u00e1togat\u00f3kr\u00f3l. Hacsak nincs sz\u00fcl\u0151i vagy gondvisel\u0151i beleegyez\u00e9se. Azt azonban nem tudjuk ellen\u0151rizni, hogy egy l\u00e1togat\u00f3 16 \u00e9vesn\u00e9l id\u0151sebb-e. Ez\u00e9rt azt tan\u00e1csoljuk a sz\u00fcl\u0151knek, hogy vegyenek r\u00e9szt gyermekeik online tev\u00e9kenys\u00e9geiben, hogy megakad\u00e1lyozz\u00e1k a gyermekekr\u0151l sz\u00f3l\u00f3 adatok sz\u00fcl\u0151i beleegyez\u00e9s n\u00e9lk\u00fcl t\u00f6rt\u00e9n\u0151 gy\u0171jt\u00e9s\u00e9t. Ha meg van gy\u0151z\u0151dve arr\u00f3l, hogy ezen enged\u00e9ly n\u00e9lk\u00fcl gy\u0171jt\u00f6tt\u00fcnk szem\u00e9lyes adatokat egy kiskor\u00far\u00f3l, k\u00e9rj\u00fck, vegye fel vel\u00fcnk a kapcsolatot a telefonsz\u00e1mon\u00a0<a href=\"mailto:info@mondialuitzend.nl\">info@mondialuitzend.nl<\/a>, t\u00f6r\u00f6lj\u00fck ezeket az inform\u00e1ci\u00f3kat.<\/p>\n<p>&nbsp;<\/p>\n<p>Milyen c\u00e9lb\u00f3l \u00e9s milyen alapon kezelj\u00fck a szem\u00e9lyes adatokat<\/p>\n<p>Az Mondial Uitzend BV az \u00d6n szem\u00e9lyes adatait a k\u00f6vetkez\u0151 c\u00e9lokra kezeli:<\/p>\n<p>&nbsp;<\/p>\n<ul>\n<li>fizet\u00e9s\u00e9nek kezel\u00e9se;<\/li>\n<li>H\u00edrlevel\u00fcnk \u00e9s\/vagy rekl\u00e1mprospektusunk k\u00fcld\u00e9se;<\/li>\n<li>Hogy felh\u00edvhassuk vagy e-mailt k\u00fcldhess\u00fcnk \u00d6nnek, ha ez szolg\u00e1ltat\u00e1saink teljes\u00edt\u00e9s\u00e9hez sz\u00fcks\u00e9ges;<\/li>\n<li>T\u00e1j\u00e9koztatjuk \u00d6nt a szolg\u00e1ltat\u00e1sainkat \u00e9s term\u00e9keinket \u00e9rint\u0151 v\u00e1ltoz\u00e1sokr\u00f3l;<\/li>\n<li>\u00c1ruk \u00e9s szolg\u00e1ltat\u00e1sok sz\u00e1ll\u00edt\u00e1sa \u00d6nnek.<\/li>\n<\/ul>\n<p>&nbsp;<\/p>\n<h3>Automatiz\u00e1lt d\u00f6nt\u00e9shozatal<\/h3>\n<p>Az Mondial Uitzend BV nem hoz automatiz\u00e1lt feldolgoz\u00e1son alapul\u00f3 d\u00f6nt\u00e9seket olyan \u00fcgyekben, amelyek (jelent\u0151s) k\u00f6vetkezm\u00e9nyekkel j\u00e1rhatnak az emberekre n\u00e9zve. Ezek sz\u00e1m\u00edt\u00f3g\u00e9pes programok vagy rendszerek \u00e1ltal hozott d\u00f6nt\u00e9sek szem\u00e9ly (p\u00e9ld\u00e1ul az Mondial Uitzend BV alkalmazottja) bevon\u00e1sa n\u00e9lk\u00fcl.<\/p>\n<p>&nbsp;<\/p>\n<h3>Mennyi ideig \u0151rizz\u00fck meg a szem\u00e9lyes adatokat<\/h3>\n<p>Az Mondial Uitzend BV nem t\u00e1rolja az \u00d6n szem\u00e9lyes adatait tov\u00e1bb, mint amennyi az adatok gy\u0171jt\u00e9s\u00e9nek c\u00e9ljainak el\u00e9r\u00e9s\u00e9hez felt\u00e9tlen\u00fcl sz\u00fcks\u00e9ges. A k\u00f6vetkez\u0151 t\u00f6rv\u00e9nyes meg\u0151rz\u00e9si id\u0151szakokat haszn\u00e1ljuk:<\/p>\n<p>Jelentkez\u00e9si lev\u00e9l 4 h\u00e9t<\/p>\n<p>El\u0151l\u00e9ptet\u00e9ssel, lefokoz\u00e1ssal \u00e9s elbocs\u00e1t\u00e1ssal kapcsolatos levelez\u00e9s max.2 \u00e9v<\/p>\n<p>A teljes\u00edtm\u00e9nyinterj\u00fak besz\u00e1mol\u00f3i maximum 2 \u00e9v<\/p>\n<p>Igazolv\u00e1ny m\u00e1solata max 2 \u00e9v<\/p>\n<p>Bejelent\u00e9si kapu\u0151r t\u00f6rv\u00e9ny max 2 \u00e9v<\/p>\n<p>B\u00e9rad\u00f3 nyilatkozat 5 \u00e9v<\/p>\n<p>Szem\u00e9lyi igazolv\u00e1ny m\u00e1solata 5 \u00e9v<\/p>\n<p>Munkaszerz\u0151d\u00e9s 2 \u00e9v<\/p>\n<p>T\u00e1voll\u00e9ti \u00fcgyint\u00e9z\u00e9s 2 \u00e9v \/ 5 \u00e9v<\/p>\n<p>N\u00e9v \u00e9s lakc\u00edm adatok b\u00e9r\u00fcgyint\u00e9z\u00e9s 7 \u00e9v<\/p>\n<p>BSN b\u00e9rsz\u00e1mfejt\u00e9s 7 \u00e9v<\/p>\n<p>Foglalkoztat\u00e1s id\u0151pontja b\u00e9r\u00fcgyint\u00e9z\u00e9s 7 \u00e9v<\/p>\n<p>Nyugd\u00edjk\u00f6telezetts\u00e9gek b\u00e9r\u00fcgyint\u00e9z\u00e9s 7 \u00e9v<\/p>\n<p>Ad\u00f3dokumentumok b\u00e9rsz\u00e1mfejt\u00e9si \u00fcgyint\u00e9z\u00e9s min.7 \u00e9v<\/p>\n<p>\u00c9ves besz\u00e1mol\u00f3 min. 7 \u00e9v<\/p>\n<p>Nyeres\u00e9g-vesztes\u00e9g elsz\u00e1mol\u00e1s legal\u00e1bb 7 \u00e9v<\/p>\n<p>&nbsp;<\/p>\n<h3>Szem\u00e9lyes adatok megoszt\u00e1sa harmadik felekkel<\/h3>\n<p>Az Mondial Uitzend BV az \u00d6n adatait harmadik f\u00e9lnek nem adja el, \u00e9s csak akkor adja \u00e1t, ha ez az \u00d6nnel k\u00f6t\u00f6tt meg\u00e1llapod\u00e1sunk teljes\u00edt\u00e9s\u00e9hez vagy egy jogi k\u00f6telezetts\u00e9g teljes\u00edt\u00e9s\u00e9hez sz\u00fcks\u00e9ges. Adatkezel\u00e9si szerz\u0151d\u00e9st k\u00f6t\u00fcnk azokkal a c\u00e9gekkel, amelyek az \u00d6n adatait a nev\u00fcnkben dolgozz\u00e1k fel, hogy biztos\u00edtsuk adatai azonos szint\u0171 biztons\u00e1g\u00e1t \u00e9s bizalmas kezel\u00e9s\u00e9t. Az Mondial Uitzend BV tov\u00e1bbra is felel\u0151s ezek\u00e9rt a feldolgoz\u00e1si m\u0171veletek\u00e9rt.<\/p>\n<p>&nbsp;<\/p>\n<h3>Cookie-k vagy hasonl\u00f3 technik\u00e1k, amelyeket haszn\u00e1lunk<\/h3>\n<p>Az Mondial Uitzend BV cookie-kat vagy hasonl\u00f3 technik\u00e1kat haszn\u00e1l.<\/p>\n<p>&nbsp;<\/p>\n<h3>Adatok megtekint\u00e9se, m\u00f3dos\u00edt\u00e1sa vagy t\u00f6rl\u00e9se<\/h3>\n<p>\u00d6nnek jog\u00e1ban \u00e1ll szem\u00e9lyes adatait megtekinteni, jav\u00edtani vagy t\u00f6r\u00f6lni. Ezenk\u00edv\u00fcl jog\u00e1ban \u00e1ll visszavonni az adatkezel\u00e9shez adott hozz\u00e1j\u00e1rul\u00e1s\u00e1t, vagy tiltakozni szem\u00e9lyes adatainak Mondial Uitzend BV \u00e1ltali kezel\u00e9se ellen, valamint joga van az adathordozhat\u00f3s\u00e1ghoz. Ez azt jelenti, hogy k\u00e9relmet ny\u00fajthat be sz\u00e1munkra, hogy az \u00d6nr\u0151l sz\u00e1m\u00edt\u00f3g\u00e9pes f\u00e1jlban t\u00e1rolt szem\u00e9lyes adatokat elk\u00fcldj\u00fck \u00d6nnek vagy az \u00d6n \u00e1ltal eml\u00edtett m\u00e1s szervezetnek. Szem\u00e9lyes adataihoz val\u00f3 hozz\u00e1f\u00e9r\u00e9s, helyesb\u00edt\u00e9s, t\u00f6rl\u00e9s, adattov\u00e1bb\u00edt\u00e1s ir\u00e1nti k\u00e9relmet, illetve a szem\u00e9lyes adatainak kezel\u00e9s\u00e9vel kapcsolatos hozz\u00e1j\u00e1rul\u00e1s\u00e1nak vagy kifog\u00e1s\u00e1nak visszavon\u00e1s\u00e1t az info@mondialuitzend.nl c\u00edmre k\u00fcldheti. Annak biztos\u00edt\u00e1sa \u00e9rdek\u00e9ben, hogy a hozz\u00e1f\u00e9r\u00e9s ir\u00e1nti k\u00e9relmet \u00d6n ny\u00fajtotta be, k\u00e9rj\u00fck, hogy a k\u00e9relemhez csatolja szem\u00e9lyazonoss\u00e1g\u00e1t igazol\u00f3 dokumentum m\u00e1solat\u00e1t. Tegye feket\u00e9re az \u00fatlev\u00e9lfot\u00f3j\u00e1t, az MRZ-t (g\u00e9ppel olvashat\u00f3 z\u00f3na, az \u00fatlev\u00e9l alj\u00e1n a sz\u00e1mokat tartalmaz\u00f3 cs\u00edk), az \u00fatlev\u00e9lsz\u00e1mot \u00e9s az \u00e1llampolg\u00e1ri szolg\u00e1lati sz\u00e1mot (BSN) ebben a p\u00e9ld\u00e1nyban. Ez az \u00d6n adatainak v\u00e9delme \u00e9rdek\u00e9ben t\u00f6rt\u00e9nik. A lehet\u0151 leggyorsabban, de n\u00e9gy h\u00e9ten bel\u00fcl v\u00e1laszolunk k\u00e9r\u00e9s\u00e9re. Az Mondial Uitzend BV arra is felh\u00edvja a figyelmet, hogy \u00d6nnek lehet\u0151s\u00e9ge van panaszt beny\u00fajtani a nemzeti fel\u00fcgyeleti hat\u00f3s\u00e1ghoz, a holland adatv\u00e9delmi hat\u00f3s\u00e1ghoz. Ezt az al\u00e1bbi linken kereszt\u00fcl lehet megtenni:\u00a0<a href=\"https:\/\/autoriteitpersoonsgegevens.nl\/nl\/contact-met-de-autoriteit-persoonsgegevens\/tip-ons%20\" target=\"_blank\" rel=\"noopener\">https:\/\/autoriteitpersoonsgegevens.nl\/nl\/contact-met-de-autoriteit-persoonsgegevens\/tip-ons\u00a0<\/a><\/p>\n<p>&nbsp;<\/p>\n<h3>Hogyan v\u00e9dj\u00fck a szem\u00e9lyes adatokat<\/h3>\n<p>Az Mondial Uitzend BV komolyan veszi az \u00d6n adatainak v\u00e9delm\u00e9t, \u00e9s megteszi a megfelel\u0151 int\u00e9zked\u00e9seket a vissza\u00e9l\u00e9s, az elveszt\u00e9s, a jogosulatlan hozz\u00e1f\u00e9r\u00e9s, a nem k\u00edv\u00e1nt nyilv\u00e1noss\u00e1gra hozatal \u00e9s a jogosulatlan v\u00e1ltoztat\u00e1sok megel\u0151z\u00e9se \u00e9rdek\u00e9ben. Ha \u00fagy \u00e9rzi, hogy adatai nincsenek megfelel\u0151en v\u00e9dve, vagy vissza\u00e9l\u00e9sre utal\u00f3 jelek mutatkoznak, forduljon \u00fcgyf\u00e9lszolg\u00e1latunkhoz vagy a telefonsz\u00e1mon\u00a0<a href=\"mailto:info@mondialuitzend.nl\">info@mondialuitzend.nl<\/a><\/p>","protected":false},"excerpt":{"rendered":"<p>Mondial Uitzend B.V., gevestigd aan Bosweg 17 te \u2018t Zand, is verantwoordelijk voor de verwerking van persoonsgegevens zoals weergegeven in deze privacyverklaring. Contactgegevens: Mondial Uitzend B.V.\/ Detachering BV Bosweg 15a 1756CH \u2018t Zand https:\/\/mondialuitzend.nl\/\u00a0 0224- 591569 &nbsp; Persoonsgegevens die wij verwerken Mondial Uitzend B.V. verwerkt uw persoonsgegevens doordat u gebruik maakt van onze diensten en\/of [&hellip;]<\/p>\n","protected":false},"author":4,"featured_media":0,"parent":0,"menu_order":991,"comment_status":"closed","ping_status":"closed","template":"","meta":{"footnotes":""},"class_list":["post-484","page","type-page","status-publish","hentry"],"yoast_head":"<!-- This site is optimized with the Yoast SEO plugin v27.4 - https:\/\/yoast.com\/product\/yoast-seo-wordpress\/ -->\n<title>Privacybeleid - Mondial Uitzend - Verbindend tussen werkgever en werknemer<\/title>\n<meta name=\"robots\" content=\"index, follow, max-snippet:-1, max-image-preview:large, max-video-preview:-1\" \/>\n<link rel=\"canonical\" href=\"https:\/\/mondialuitzend.nl\/hu\/adatvedelmi-szabalyzat\/\" \/>\n<meta property=\"og:locale\" content=\"hu_HU\" \/>\n<meta property=\"og:type\" content=\"article\" \/>\n<meta property=\"og:title\" content=\"Privacybeleid - Mondial Uitzend - Verbindend tussen werkgever en werknemer\" \/>\n<meta property=\"og:description\" content=\"Mondial Uitzend B.V., gevestigd aan Bosweg 17 te \u2018t Zand, is verantwoordelijk voor de verwerking van persoonsgegevens zoals weergegeven in deze privacyverklaring. Contactgegevens: Mondial Uitzend B.V.\/ Detachering BV Bosweg 15a 1756CH \u2018t Zand https:\/\/mondialuitzend.nl\/\u00a0 0224- 591569 &nbsp; Persoonsgegevens die wij verwerken Mondial Uitzend B.V. verwerkt uw persoonsgegevens doordat u gebruik maakt van onze diensten en\/of [&hellip;]\" \/>\n<meta property=\"og:url\" content=\"https:\/\/mondialuitzend.nl\/hu\/adatvedelmi-szabalyzat\/\" \/>\n<meta property=\"og:site_name\" content=\"Mondial Uitzend\" \/>\n<meta property=\"article:publisher\" content=\"https:\/\/www.facebook.com\/mondialuitzendbv\/\" \/>\n<meta property=\"article:modified_time\" content=\"2023-06-21T13:02:46+00:00\" \/>\n<meta name=\"twitter:card\" content=\"summary_large_image\" \/>\n<meta name=\"twitter:label1\" content=\"Becs\u00fclt olvas\u00e1si id\u0151\" \/>\n\t<meta name=\"twitter:data1\" content=\"5 perc\" \/>\n<script type=\"application\/ld+json\" class=\"yoast-schema-graph\">{\"@context\":\"https:\\\/\\\/schema.org\",\"@graph\":[{\"@type\":\"WebPage\",\"@id\":\"https:\\\/\\\/mondialuitzend.nl\\\/privacybeleid\\\/\",\"url\":\"https:\\\/\\\/mondialuitzend.nl\\\/privacybeleid\\\/\",\"name\":\"Privacybeleid - Mondial Uitzend - Verbindend tussen werkgever en werknemer\",\"isPartOf\":{\"@id\":\"https:\\\/\\\/mondialuitzend.nl\\\/#website\"},\"datePublished\":\"2023-06-21T09:39:08+00:00\",\"dateModified\":\"2023-06-21T13:02:46+00:00\",\"breadcrumb\":{\"@id\":\"https:\\\/\\\/mondialuitzend.nl\\\/privacybeleid\\\/#breadcrumb\"},\"inLanguage\":\"hu\",\"potentialAction\":[{\"@type\":\"ReadAction\",\"target\":[\"https:\\\/\\\/mondialuitzend.nl\\\/privacybeleid\\\/\"]}]},{\"@type\":\"BreadcrumbList\",\"@id\":\"https:\\\/\\\/mondialuitzend.nl\\\/privacybeleid\\\/#breadcrumb\",\"itemListElement\":[{\"@type\":\"ListItem\",\"position\":1,\"name\":\"Home\",\"item\":\"https:\\\/\\\/mondialuitzend.nl\\\/\"},{\"@type\":\"ListItem\",\"position\":2,\"name\":\"Privacybeleid\"}]},{\"@type\":\"WebSite\",\"@id\":\"https:\\\/\\\/mondialuitzend.nl\\\/#website\",\"url\":\"https:\\\/\\\/mondialuitzend.nl\\\/\",\"name\":\"Mondial Uitzend\",\"description\":\"Verbindend tussen werkgever en werknemer\",\"publisher\":{\"@id\":\"https:\\\/\\\/mondialuitzend.nl\\\/#organization\"},\"potentialAction\":[{\"@type\":\"SearchAction\",\"target\":{\"@type\":\"EntryPoint\",\"urlTemplate\":\"https:\\\/\\\/mondialuitzend.nl\\\/?s={search_term_string}\"},\"query-input\":{\"@type\":\"PropertyValueSpecification\",\"valueRequired\":true,\"valueName\":\"search_term_string\"}}],\"inLanguage\":\"hu\"},{\"@type\":\"Organization\",\"@id\":\"https:\\\/\\\/mondialuitzend.nl\\\/#organization\",\"name\":\"Mondial Uitzend\",\"url\":\"https:\\\/\\\/mondialuitzend.nl\\\/\",\"logo\":{\"@type\":\"ImageObject\",\"inLanguage\":\"hu\",\"@id\":\"https:\\\/\\\/mondialuitzend.nl\\\/#\\\/schema\\\/logo\\\/image\\\/\",\"url\":\"https:\\\/\\\/mondialuitzend.nl\\\/wp-content\\\/uploads\\\/2023\\\/06\\\/Logo-MondialUitzend.svg\",\"contentUrl\":\"https:\\\/\\\/mondialuitzend.nl\\\/wp-content\\\/uploads\\\/2023\\\/06\\\/Logo-MondialUitzend.svg\",\"width\":149,\"height\":56,\"caption\":\"Mondial Uitzend\"},\"image\":{\"@id\":\"https:\\\/\\\/mondialuitzend.nl\\\/#\\\/schema\\\/logo\\\/image\\\/\"},\"sameAs\":[\"https:\\\/\\\/www.facebook.com\\\/mondialuitzendbv\\\/\",\"https:\\\/\\\/www.linkedin.com\\\/company\\\/mondial-uitzend-b-v-\",\"https:\\\/\\\/www.youtube.com\\\/channel\\\/UCPBmFRvmUDCPtpAaFVASV9Q\"]}]}<\/script>\n<!-- \/ Yoast SEO plugin. -->","yoast_head_json":{"title":"Adatv\u00e9delmi szab\u00e1lyzat - Mondial Uitzend - K\u00f6telez\u0151 \u00e9rv\u00e9ny\u0171 munkaad\u00f3 \u00e9s munkav\u00e1llal\u00f3 k\u00f6z\u00f6tt","robots":{"index":"index","follow":"follow","max-snippet":"max-snippet:-1","max-image-preview":"max-image-preview:large","max-video-preview":"max-video-preview:-1"},"canonical":"https:\/\/mondialuitzend.nl\/hu\/adatvedelmi-szabalyzat\/","og_locale":"hu_HU","og_type":"article","og_title":"Privacybeleid - Mondial Uitzend - Verbindend tussen werkgever en werknemer","og_description":"Mondial Uitzend B.V., gevestigd aan Bosweg 17 te \u2018t Zand, is verantwoordelijk voor de verwerking van persoonsgegevens zoals weergegeven in deze privacyverklaring. Contactgegevens: Mondial Uitzend B.V.\/ Detachering BV Bosweg 15a 1756CH \u2018t Zand https:\/\/mondialuitzend.nl\/\u00a0 0224- 591569 &nbsp; Persoonsgegevens die wij verwerken Mondial Uitzend B.V. verwerkt uw persoonsgegevens doordat u gebruik maakt van onze diensten en\/of [&hellip;]","og_url":"https:\/\/mondialuitzend.nl\/hu\/adatvedelmi-szabalyzat\/","og_site_name":"Mondial Uitzend","article_publisher":"https:\/\/www.facebook.com\/mondialuitzendbv\/","article_modified_time":"2023-06-21T13:02:46+00:00","twitter_card":"summary_large_image","twitter_misc":{"Becs\u00fclt olvas\u00e1si id\u0151":"5 perc"},"schema":{"@context":"https:\/\/schema.org","@graph":[{"@type":"WebPage","@id":"https:\/\/mondialuitzend.nl\/privacybeleid\/","url":"https:\/\/mondialuitzend.nl\/privacybeleid\/","name":"Adatv\u00e9delmi szab\u00e1lyzat - Mondial Uitzend - K\u00f6telez\u0151 \u00e9rv\u00e9ny\u0171 munkaad\u00f3 \u00e9s munkav\u00e1llal\u00f3 k\u00f6z\u00f6tt","isPartOf":{"@id":"https:\/\/mondialuitzend.nl\/#website"},"datePublished":"2023-06-21T09:39:08+00:00","dateModified":"2023-06-21T13:02:46+00:00","breadcrumb":{"@id":"https:\/\/mondialuitzend.nl\/privacybeleid\/#breadcrumb"},"inLanguage":"hu","potentialAction":[{"@type":"ReadAction","target":["https:\/\/mondialuitzend.nl\/privacybeleid\/"]}]},{"@type":"BreadcrumbList","@id":"https:\/\/mondialuitzend.nl\/privacybeleid\/#breadcrumb","itemListElement":[{"@type":"ListItem","position":1,"name":"Home","item":"https:\/\/mondialuitzend.nl\/"},{"@type":"ListItem","position":2,"name":"Privacybeleid"}]},{"@type":"WebSite","@id":"https:\/\/mondialuitzend.nl\/#website","url":"https:\/\/mondialuitzend.nl\/","name":"Glob\u00e1lis ad\u00e1s","description":"Munkaad\u00f3 \u00e9s munkav\u00e1llal\u00f3 k\u00f6z\u00f6tti kapcsolat","publisher":{"@id":"https:\/\/mondialuitzend.nl\/#organization"},"potentialAction":[{"@type":"SearchAction","target":{"@type":"EntryPoint","urlTemplate":"https:\/\/mondialuitzend.nl\/?s={search_term_string}"},"query-input":{"@type":"PropertyValueSpecification","valueRequired":true,"valueName":"search_term_string"}}],"inLanguage":"hu"},{"@type":"Organization","@id":"https:\/\/mondialuitzend.nl\/#organization","name":"Glob\u00e1lis ad\u00e1s","url":"https:\/\/mondialuitzend.nl\/","logo":{"@type":"ImageObject","inLanguage":"hu","@id":"https:\/\/mondialuitzend.nl\/#\/schema\/logo\/image\/","url":"https:\/\/mondialuitzend.nl\/wp-content\/uploads\/2023\/06\/Logo-MondialUitzend.svg","contentUrl":"https:\/\/mondialuitzend.nl\/wp-content\/uploads\/2023\/06\/Logo-MondialUitzend.svg","width":149,"height":56,"caption":"Mondial Uitzend"},"image":{"@id":"https:\/\/mondialuitzend.nl\/#\/schema\/logo\/image\/"},"sameAs":["https:\/\/www.facebook.com\/mondialuitzendbv\/","https:\/\/www.linkedin.com\/company\/mondial-uitzend-b-v-","https:\/\/www.youtube.com\/channel\/UCPBmFRvmUDCPtpAaFVASV9Q"]}]}},"_links":{"self":[{"href":"https:\/\/mondialuitzend.nl\/hu\/wp-json\/wp\/v2\/pages\/484","targetHints":{"allow":["GET"]}}],"collection":[{"href":"https:\/\/mondialuitzend.nl\/hu\/wp-json\/wp\/v2\/pages"}],"about":[{"href":"https:\/\/mondialuitzend.nl\/hu\/wp-json\/wp\/v2\/types\/page"}],"author":[{"embeddable":true,"href":"https:\/\/mondialuitzend.nl\/hu\/wp-json\/wp\/v2\/users\/4"}],"replies":[{"embeddable":true,"href":"https:\/\/mondialuitzend.nl\/hu\/wp-json\/wp\/v2\/comments?post=484"}],"version-history":[{"count":0,"href":"https:\/\/mondialuitzend.nl\/hu\/wp-json\/wp\/v2\/pages\/484\/revisions"}],"wp:attachment":[{"href":"https:\/\/mondialuitzend.nl\/hu\/wp-json\/wp\/v2\/media?parent=484"}],"curies":[{"name":"munkaf\u00fczet","href":"https:\/\/api.w.org\/{rel}","templated":true}]}}