{"id":488,"date":"2023-06-21T11:39:24","date_gmt":"2023-06-21T09:39:24","guid":{"rendered":"https:\/\/mondialuitzend.nl\/?page_id=488"},"modified":"2025-01-29T10:35:40","modified_gmt":"2025-01-29T09:35:40","slug":"cookie-szabalyzat","status":"publish","type":"page","link":"https:\/\/mondialuitzend.nl\/hu\/cookie-szabalyzat\/","title":{"rendered":"Cookie-szab\u00e1lyzat"},"content":{"rendered":"<p data-pm-slice=\"1 1 []\"><strong>Cookie nyilatkozat<\/strong><\/p>\n<p><strong>1. Mik azok a s\u00fctik?<\/strong> Mint szinte minden weboldal, a Mondial is cookie-kat haszn\u00e1l annak \u00e9rdek\u00e9ben, hogy minden z\u00f6kken\u0151mentesen \u00e9s kellemesen m\u0171k\u00f6dj\u00f6n. A s\u00fctik kis f\u00e1jlok, amelyek az \u00d6n sz\u00e1m\u00edt\u00f3g\u00e9p\u00e9n t\u00e1rol\u00f3dnak, amikor megl\u00e1togatja oldalunkat. Egyesek elt\u0171nnek, ha bez\u00e1rja a b\u00f6ng\u00e9sz\u0151t, m\u00e1sok hosszabb ideig megmaradnak.<\/p>\n<p>Funkcion\u00e1lis \u00e9s analitikai s\u00fctiket haszn\u00e1lunk a weboldal megfelel\u0151 m\u0171k\u00f6d\u00e9s\u00e9nek biztos\u00edt\u00e1s\u00e1ra, valamint annak elemz\u00e9s\u00e9re, hogyan tudn\u00e1nk jav\u00edtani. Ezekhez a s\u00fctikhez nincs sz\u00fcks\u00e9g hozz\u00e1j\u00e1rul\u00e1sra.<\/p>\n<p>A s\u00fctik nem tartalmaznak olyan adatokat, mint az \u00d6n neve vagy e-mail c\u00edme. Ha szem\u00e9lyes adatokat gy\u0171jt\u00fcnk, az adatv\u00e9delmi nyilatkozatunknak megfelel\u0151en t\u00f6rt\u00e9nik.<\/p>\n<p><strong>2. Mi\u00e9rt haszn\u00e1lunk s\u00fctiket?<\/strong> Cookieink biztos\u00edtj\u00e1k, hogy:<\/p>\n<ul data-spread=\"false\">\n<li>A weboldal az elv\u00e1r\u00e1soknak megfelel\u0151en m\u0171k\u00f6dik;<\/li>\n<li>A rendszer megjegyzi be\u00e1ll\u00edt\u00e1sait \u00e9s preferenci\u00e1it;<\/li>\n<li>Folytathatjuk az oldal fejleszt\u00e9s\u00e9t;<\/li>\n<li>Ha akarja, tov\u00e1bbra is bejelentkezve marad;<\/li>\n<li>A bev\u00e1s\u00e1rl\u00f3kosara nem \u00fcr\u00fcl ki v\u00e1s\u00e1rl\u00e1s k\u00f6zben;<\/li>\n<li>K\u00f6nnyen t\u00e1rolhat adatokat, p\u00e9ld\u00e1ul k\u00edv\u00e1ns\u00e1glist\u00e1t;<\/li>\n<li>Betekint\u00e9st nyer\u00fcnk abba, hogy a l\u00e1togat\u00f3k hogyan haszn\u00e1lj\u00e1k az oldalt.<\/li>\n<\/ul>\n<p>Olyan adatokat gy\u0171jt\u00fcnk, mint:<\/p>\n<ul data-spread=\"false\">\n<li>Az \u00d6n IP-c\u00edme \u00e9s tart\u00f3zkod\u00e1si helye;<\/li>\n<li>Milyen b\u00f6ng\u00e9sz\u0151t \u00e9s eszk\u00f6zt haszn\u00e1l;<\/li>\n<li>Mennyi ideig tart\u00f3zkodik oldalunkon, \u00e9s mely oldalakat tekinti meg;<\/li>\n<li>F\u00fcggetlen\u00fcl att\u00f3l, hogy kor\u00e1bban j\u00e1rt-e weboldalunkon.<\/li>\n<\/ul>\n<p>Ha b\u00f6ng\u00e9sz\u0151je elfogadja a cookie-kat, \u00e9s \u00d6n tov\u00e1bbra is haszn\u00e1lja oldalunkat, akkor felt\u00e9telezz\u00fck, hogy \u00d6n elfogadja ezt.<\/p>\n<p><strong>3. Saj\u00e1t s\u00fctik<\/strong> S\u00fctiket haszn\u00e1lunk:<\/p>\n<p>(a)<\/p>\n<ul data-spread=\"false\">\n<li><strong>PHPSESSID<\/strong>: Nyomon k\u00f6veti a munkamenetet, hogy a webhely z\u00f6kken\u0151mentesen m\u0171k\u00f6dj\u00f6n. A b\u00f6ng\u00e9sz\u0151 bez\u00e1r\u00e1sa ut\u00e1n t\u00f6rl\u0151dik.<\/li>\n<li><strong>cookie \u00c9rtes\u00edt\u00e9s<\/strong>: Eml\u00e9kszik, hogy elfogadta-e a cookie-jainkat. Meg\u0151rz\u00e9si id\u0151: 30 nap az elfogad\u00e1st\u00f3l, 7 nap a kattint\u00e1st\u00f3l.<\/li>\n<\/ul>\n<p>A Mondial csak akkor oszt meg adatokat harmadik felekkel, ha \u00d6n erre enged\u00e9lyt ad. Tov\u00e1bbi inform\u00e1ci\u00f3\u00e9rt tekintse meg adatv\u00e9delmi nyilatkozatunkat.<\/p>\n<p><strong>4. Harmadik f\u00e9lt\u0151l sz\u00e1rmaz\u00f3 cookie-k<\/strong> Weboldalunk harmadik felekt\u0151l sz\u00e1rmaz\u00f3 tartalmakat is tartalmaz, p\u00e9ld\u00e1ul vide\u00f3kat \u00e9s k\u00f6z\u00f6ss\u00e9gi m\u00e9dia gombokat. Ezek a felek elhelyezhetik saj\u00e1t cookie-kat.<\/p>\n<p>(a) <strong>Google Analytics<\/strong> A Google Analytics seg\u00edts\u00e9g\u00e9vel elemezz\u00fck, hogyan haszn\u00e1lj\u00e1k a l\u00e1togat\u00f3k oldalunkat. Az adatok n\u00e9vtelenek, \u00e9s legfeljebb 2 \u00e9vig t\u00e1rolhat\u00f3k. Tov\u00e1bbi inform\u00e1ci\u00f3: <a href=\"https:\/\/support.google.com\/analytics\/answer\/6004245?hl=nl\">Google Analytics adatv\u00e9delem<\/a>.<\/p>\n<p>b) <strong>Google Maps<\/strong> T\u00e9rk\u00e9peket jelen\u00edt\u00fcnk meg a Google Maps-en kereszt\u00fcl, p\u00e9ld\u00e1ul a helyeinkhez. T\u00e1rol\u00e1si id\u0151: 1 \u00e9v. Tov\u00e1bbi inform\u00e1ci\u00f3: <a href=\"https:\/\/policies.google.com\/privacy?hl=nl\">Google adatv\u00e9delem<\/a>.<\/p>\n<p>c) <strong>YouTube<\/strong> A YouTube cookie-kat helyez el annak meghat\u00e1roz\u00e1s\u00e1ra, hogyan jelenjenek meg a legjobban a vide\u00f3k. T\u00e1rol\u00e1si id\u0151: maximum 2 \u00e9v. Tov\u00e1bbi inform\u00e1ci\u00f3: <a href=\"https:\/\/policies.google.com\/privacy?hl=nl\">Google adatv\u00e9delem<\/a>.<\/p>\n<p>d) <strong>reCAPTCHA<\/strong> Ez a szolg\u00e1ltat\u00e1s ellen\u0151rzi, hogy egy k\u00e9r\u00e9st ember vagy bot hajt-e v\u00e9gre. T\u00e1rol\u00e1si id\u0151: maximum 6 h\u00f3nap. Tov\u00e1bbi inform\u00e1ci\u00f3: <a href=\"https:\/\/policies.google.com\/privacy?hl=nl\">Google adatv\u00e9delem<\/a>.<\/p>\n<p><strong>5. Cookie-k, amelyeket nem magunk kezel\u00fcnk<\/strong> N\u00e9ha k\u00fcls\u0151 tartalom (p\u00e9ld\u00e1ul be\u00e1gyazott vide\u00f3k) helyezi el a cookie-kat, amelyek felett nincs befoly\u00e1sunk. L\u00e1t olyan cookie-t, amely nem szerepel a list\u00e1ban? Tudasd vel\u00fcnk!<\/p>\n<p><strong>6. Cookie-k t\u00f6rl\u00e9se vagy letilt\u00e1sa<\/strong> Be\u00e1ll\u00edthatja b\u00f6ng\u00e9sz\u0151j\u00e9t, hogy elutas\u00edtsa a cookie-kat, vagy \u00e9rtes\u00edtse \u00d6nt, ha \u00faj cookie ker\u00fcl elhelyez\u00e9sre. K\u00e9rj\u00fck, vegye figyelembe: el\u0151fordulhat, hogy a webhely egyes funkci\u00f3i nem m\u0171k\u00f6dnek optim\u00e1lisan.<\/p>\n<p>Tov\u00e1bbi inform\u00e1ci\u00f3 a s\u00fctikr\u0151l:<\/p>\n<ul data-spread=\"false\">\n<li><a href=\"https:\/\/www.cookierecht.nl\">Cookierecht.nl<\/a><\/li>\n<li><a href=\"https:\/\/www.consumentenbond.nl\/internet-privacy\">Fogyaszt\u00f3i Egyes\u00fclet<\/a><\/li>\n<li><a href=\"https:\/\/www.youronlinechoices.com\/\">Az \u00d6n online v\u00e1laszt\u00e1sai<\/a><\/li>\n<\/ul>\n<p><strong>7. Kiigaz\u00edt\u00e1sok<\/strong> Ez a cookie nyilatkozat id\u0151r\u0151l id\u0151re m\u00f3dosulhat. Javasoljuk, hogy rendszeresen tekintse meg ezt az oldalt, hogy t\u00e1j\u00e9koz\u00f3djon arr\u00f3l, hogyan kezelj\u00fck a cookie-kat.<\/p>\n<p>Ez a verzi\u00f3 2025 janu\u00e1ri.<\/p>\n<p><strong>8. K\u00e9rd\u00e9sek?<\/strong> K\u00e9rd\u00e9se van a s\u00fctikkel kapcsolatban? K\u00e9rj\u00fck, vegye fel vel\u00fcnk a kapcsolatot, \u00e9s k\u00fcldj\u00f6n egy e-mailt a c\u00edmre <a>info@mondialuitzend.nl<\/a>.<\/p>\n<p>&nbsp;<\/p>","protected":false},"excerpt":{"rendered":"<p>Cookieverklaring 1. Wat zijn cookies? Net als bijna alle websites gebruikt Mondial cookies om ervoor te zorgen dat alles soepel en prettig werkt. Cookies zijn kleine bestandjes die op uw computer worden opgeslagen wanneer u onze site bezoekt. Sommige verdwijnen zodra u uw browser sluit, andere blijven langer bewaard. Wij gebruiken functionele en analytische cookies [&hellip;]<\/p>\n","protected":false},"author":4,"featured_media":0,"parent":0,"menu_order":993,"comment_status":"closed","ping_status":"closed","template":"","meta":{"footnotes":""},"class_list":["post-488","page","type-page","status-publish","hentry"],"yoast_head":"<!-- This site is optimized with the Yoast SEO plugin v27.4 - https:\/\/yoast.com\/product\/yoast-seo-wordpress\/ -->\n<title>Cookiebeleid - Mondial Uitzend - Verbindend tussen werkgever en werknemer<\/title>\n<meta name=\"robots\" content=\"index, follow, max-snippet:-1, max-image-preview:large, max-video-preview:-1\" \/>\n<link rel=\"canonical\" href=\"https:\/\/mondialuitzend.nl\/hu\/cookie-szabalyzat\/\" \/>\n<meta property=\"og:locale\" content=\"hu_HU\" \/>\n<meta property=\"og:type\" content=\"article\" \/>\n<meta property=\"og:title\" content=\"Cookiebeleid - Mondial Uitzend - Verbindend tussen werkgever en werknemer\" \/>\n<meta property=\"og:description\" content=\"Cookieverklaring 1. Wat zijn cookies? Net als bijna alle websites gebruikt Mondial cookies om ervoor te zorgen dat alles soepel en prettig werkt. Cookies zijn kleine bestandjes die op uw computer worden opgeslagen wanneer u onze site bezoekt. Sommige verdwijnen zodra u uw browser sluit, andere blijven langer bewaard. Wij gebruiken functionele en analytische cookies [&hellip;]\" \/>\n<meta property=\"og:url\" content=\"https:\/\/mondialuitzend.nl\/hu\/cookie-szabalyzat\/\" \/>\n<meta property=\"og:site_name\" content=\"Mondial Uitzend\" \/>\n<meta property=\"article:publisher\" content=\"https:\/\/www.facebook.com\/mondialuitzendbv\/\" \/>\n<meta property=\"article:modified_time\" content=\"2025-01-29T09:35:40+00:00\" \/>\n<meta name=\"twitter:card\" content=\"summary_large_image\" \/>\n<meta name=\"twitter:label1\" content=\"Becs\u00fclt olvas\u00e1si id\u0151\" \/>\n\t<meta name=\"twitter:data1\" content=\"3 perc\" \/>\n<script type=\"application\/ld+json\" class=\"yoast-schema-graph\">{\"@context\":\"https:\\\/\\\/schema.org\",\"@graph\":[{\"@type\":\"WebPage\",\"@id\":\"https:\\\/\\\/mondialuitzend.nl\\\/cookiebeleid\\\/\",\"url\":\"https:\\\/\\\/mondialuitzend.nl\\\/cookiebeleid\\\/\",\"name\":\"Cookiebeleid - Mondial Uitzend - Verbindend tussen werkgever en werknemer\",\"isPartOf\":{\"@id\":\"https:\\\/\\\/mondialuitzend.nl\\\/#website\"},\"datePublished\":\"2023-06-21T09:39:24+00:00\",\"dateModified\":\"2025-01-29T09:35:40+00:00\",\"breadcrumb\":{\"@id\":\"https:\\\/\\\/mondialuitzend.nl\\\/cookiebeleid\\\/#breadcrumb\"},\"inLanguage\":\"hu\",\"potentialAction\":[{\"@type\":\"ReadAction\",\"target\":[\"https:\\\/\\\/mondialuitzend.nl\\\/cookiebeleid\\\/\"]}]},{\"@type\":\"BreadcrumbList\",\"@id\":\"https:\\\/\\\/mondialuitzend.nl\\\/cookiebeleid\\\/#breadcrumb\",\"itemListElement\":[{\"@type\":\"ListItem\",\"position\":1,\"name\":\"Home\",\"item\":\"https:\\\/\\\/mondialuitzend.nl\\\/\"},{\"@type\":\"ListItem\",\"position\":2,\"name\":\"Cookiebeleid\"}]},{\"@type\":\"WebSite\",\"@id\":\"https:\\\/\\\/mondialuitzend.nl\\\/#website\",\"url\":\"https:\\\/\\\/mondialuitzend.nl\\\/\",\"name\":\"Mondial Uitzend\",\"description\":\"Verbindend tussen werkgever en werknemer\",\"publisher\":{\"@id\":\"https:\\\/\\\/mondialuitzend.nl\\\/#organization\"},\"potentialAction\":[{\"@type\":\"SearchAction\",\"target\":{\"@type\":\"EntryPoint\",\"urlTemplate\":\"https:\\\/\\\/mondialuitzend.nl\\\/?s={search_term_string}\"},\"query-input\":{\"@type\":\"PropertyValueSpecification\",\"valueRequired\":true,\"valueName\":\"search_term_string\"}}],\"inLanguage\":\"hu\"},{\"@type\":\"Organization\",\"@id\":\"https:\\\/\\\/mondialuitzend.nl\\\/#organization\",\"name\":\"Mondial Uitzend\",\"url\":\"https:\\\/\\\/mondialuitzend.nl\\\/\",\"logo\":{\"@type\":\"ImageObject\",\"inLanguage\":\"hu\",\"@id\":\"https:\\\/\\\/mondialuitzend.nl\\\/#\\\/schema\\\/logo\\\/image\\\/\",\"url\":\"https:\\\/\\\/mondialuitzend.nl\\\/wp-content\\\/uploads\\\/2023\\\/06\\\/Logo-MondialUitzend.svg\",\"contentUrl\":\"https:\\\/\\\/mondialuitzend.nl\\\/wp-content\\\/uploads\\\/2023\\\/06\\\/Logo-MondialUitzend.svg\",\"width\":149,\"height\":56,\"caption\":\"Mondial Uitzend\"},\"image\":{\"@id\":\"https:\\\/\\\/mondialuitzend.nl\\\/#\\\/schema\\\/logo\\\/image\\\/\"},\"sameAs\":[\"https:\\\/\\\/www.facebook.com\\\/mondialuitzendbv\\\/\",\"https:\\\/\\\/www.linkedin.com\\\/company\\\/mondial-uitzend-b-v-\",\"https:\\\/\\\/www.youtube.com\\\/channel\\\/UCPBmFRvmUDCPtpAaFVASV9Q\"]}]}<\/script>\n<!-- \/ Yoast SEO plugin. -->","yoast_head_json":{"title":"Cookie-szab\u00e1lyzat - Mondial Uitzend - K\u00f6telez\u0151 \u00e9rv\u00e9ny\u0171 munkaad\u00f3 \u00e9s munkav\u00e1llal\u00f3 k\u00f6z\u00f6tt","robots":{"index":"index","follow":"follow","max-snippet":"max-snippet:-1","max-image-preview":"max-image-preview:large","max-video-preview":"max-video-preview:-1"},"canonical":"https:\/\/mondialuitzend.nl\/hu\/cookie-szabalyzat\/","og_locale":"hu_HU","og_type":"article","og_title":"Cookiebeleid - Mondial Uitzend - Verbindend tussen werkgever en werknemer","og_description":"Cookieverklaring 1. Wat zijn cookies? Net als bijna alle websites gebruikt Mondial cookies om ervoor te zorgen dat alles soepel en prettig werkt. Cookies zijn kleine bestandjes die op uw computer worden opgeslagen wanneer u onze site bezoekt. Sommige verdwijnen zodra u uw browser sluit, andere blijven langer bewaard. Wij gebruiken functionele en analytische cookies [&hellip;]","og_url":"https:\/\/mondialuitzend.nl\/hu\/cookie-szabalyzat\/","og_site_name":"Mondial Uitzend","article_publisher":"https:\/\/www.facebook.com\/mondialuitzendbv\/","article_modified_time":"2025-01-29T09:35:40+00:00","twitter_card":"summary_large_image","twitter_misc":{"Becs\u00fclt olvas\u00e1si id\u0151":"3 perc"},"schema":{"@context":"https:\/\/schema.org","@graph":[{"@type":"WebPage","@id":"https:\/\/mondialuitzend.nl\/cookiebeleid\/","url":"https:\/\/mondialuitzend.nl\/cookiebeleid\/","name":"Cookie-szab\u00e1lyzat - Mondial Uitzend - K\u00f6telez\u0151 \u00e9rv\u00e9ny\u0171 munkaad\u00f3 \u00e9s munkav\u00e1llal\u00f3 k\u00f6z\u00f6tt","isPartOf":{"@id":"https:\/\/mondialuitzend.nl\/#website"},"datePublished":"2023-06-21T09:39:24+00:00","dateModified":"2025-01-29T09:35:40+00:00","breadcrumb":{"@id":"https:\/\/mondialuitzend.nl\/cookiebeleid\/#breadcrumb"},"inLanguage":"hu","potentialAction":[{"@type":"ReadAction","target":["https:\/\/mondialuitzend.nl\/cookiebeleid\/"]}]},{"@type":"BreadcrumbList","@id":"https:\/\/mondialuitzend.nl\/cookiebeleid\/#breadcrumb","itemListElement":[{"@type":"ListItem","position":1,"name":"Home","item":"https:\/\/mondialuitzend.nl\/"},{"@type":"ListItem","position":2,"name":"Cookiebeleid"}]},{"@type":"WebSite","@id":"https:\/\/mondialuitzend.nl\/#website","url":"https:\/\/mondialuitzend.nl\/","name":"Glob\u00e1lis ad\u00e1s","description":"Munkaad\u00f3 \u00e9s munkav\u00e1llal\u00f3 k\u00f6z\u00f6tti kapcsolat","publisher":{"@id":"https:\/\/mondialuitzend.nl\/#organization"},"potentialAction":[{"@type":"SearchAction","target":{"@type":"EntryPoint","urlTemplate":"https:\/\/mondialuitzend.nl\/?s={search_term_string}"},"query-input":{"@type":"PropertyValueSpecification","valueRequired":true,"valueName":"search_term_string"}}],"inLanguage":"hu"},{"@type":"Organization","@id":"https:\/\/mondialuitzend.nl\/#organization","name":"Glob\u00e1lis ad\u00e1s","url":"https:\/\/mondialuitzend.nl\/","logo":{"@type":"ImageObject","inLanguage":"hu","@id":"https:\/\/mondialuitzend.nl\/#\/schema\/logo\/image\/","url":"https:\/\/mondialuitzend.nl\/wp-content\/uploads\/2023\/06\/Logo-MondialUitzend.svg","contentUrl":"https:\/\/mondialuitzend.nl\/wp-content\/uploads\/2023\/06\/Logo-MondialUitzend.svg","width":149,"height":56,"caption":"Mondial Uitzend"},"image":{"@id":"https:\/\/mondialuitzend.nl\/#\/schema\/logo\/image\/"},"sameAs":["https:\/\/www.facebook.com\/mondialuitzendbv\/","https:\/\/www.linkedin.com\/company\/mondial-uitzend-b-v-","https:\/\/www.youtube.com\/channel\/UCPBmFRvmUDCPtpAaFVASV9Q"]}]}},"_links":{"self":[{"href":"https:\/\/mondialuitzend.nl\/hu\/wp-json\/wp\/v2\/pages\/488","targetHints":{"allow":["GET"]}}],"collection":[{"href":"https:\/\/mondialuitzend.nl\/hu\/wp-json\/wp\/v2\/pages"}],"about":[{"href":"https:\/\/mondialuitzend.nl\/hu\/wp-json\/wp\/v2\/types\/page"}],"author":[{"embeddable":true,"href":"https:\/\/mondialuitzend.nl\/hu\/wp-json\/wp\/v2\/users\/4"}],"replies":[{"embeddable":true,"href":"https:\/\/mondialuitzend.nl\/hu\/wp-json\/wp\/v2\/comments?post=488"}],"version-history":[{"count":0,"href":"https:\/\/mondialuitzend.nl\/hu\/wp-json\/wp\/v2\/pages\/488\/revisions"}],"wp:attachment":[{"href":"https:\/\/mondialuitzend.nl\/hu\/wp-json\/wp\/v2\/media?parent=488"}],"curies":[{"name":"munkaf\u00fczet","href":"https:\/\/api.w.org\/{rel}","templated":true}]}}