{"id":645,"date":"2023-06-21T14:44:06","date_gmt":"2023-06-21T12:44:06","guid":{"rendered":"https:\/\/mondialuitzend.nl\/?page_id=645"},"modified":"2024-06-05T10:43:30","modified_gmt":"2024-06-05T08:43:30","slug":"musorszoras-es-berszamfejtes","status":"publish","type":"page","link":"https:\/\/mondialuitzend.nl\/hu\/musorszoras-es-berszamfejtes\/","title":{"rendered":"Ideiglenes foglalkoztat\u00e1s \u00e9s b\u00e9rsz\u00e1mfejt\u00e9s"},"content":{"rendered":"<div>\n<div>\n<p>A munkaer\u0151piac folyamatosan v\u00e1ltozik, \u00e9s munk\u00e1ltat\u00f3k\u00e9nt egyedi kih\u00edv\u00e1sokkal kell szemben\u00e9znie. Az\u00e9rt vagyunk itt, hogy t\u00e1mogassuk \u00d6nt, b\u00e1rmire is sz\u00fcks\u00e9ge van. Legyen sz\u00f3 munkaer\u0151-k\u00f6lcs\u00f6nz\u00e9sr\u0151l, kik\u00fcldet\u00e9sr\u0151l, b\u00e9rsz\u00e1mfejt\u00e9sr\u0151l, toborz\u00e1sr\u00f3l \u00e9s kiv\u00e1laszt\u00e1sr\u00f3l vagy lakhat\u00e1sr\u00f3l \u00e9s sz\u00e1ll\u00edt\u00e1sr\u00f3l, a megfelel\u0151 (ideiglenes) munkav\u00e1llal\u00f3k megtal\u00e1l\u00e1sa komoly kih\u00edv\u00e1st jelenthet, \u00e9s ezt a feladatot sz\u00edvesen \u00e1tv\u00e1llaljuk \u00d6nnek.<\/p>\n<\/div>\n<div>\n<div>\n<p>A munkaer\u0151-felv\u00e9tel sor\u00e1n munkat\u00e1rsakat bocs\u00e1tunk az \u00d6n rendelkez\u00e9s\u00e9re. Form\u00e1lisan mi vagyunk a munk\u00e1ltat\u00f3k, m\u00edg \u00d6n a napi ir\u00e1ny\u00edt\u00e1s\u00e9rt \u00e9s a munkav\u00e1llal\u00f3 ir\u00e1ny\u00edt\u00e1s\u00e1\u00e9rt felel. Minden adminisztr\u00e1ci\u00f3s feladatot \u00e9s betegs\u00e9gkock\u00e1zatot v\u00e1llalunk. V\u00e1llaljuk a toborz\u00e1st \u00e9s a kiv\u00e1laszt\u00e1st is.<\/p>\n<div>\n<div>\n<p>Ink\u00e1bb saj\u00e1t maga v\u00e1lasztana ki jel\u00f6lteket an\u00e9lk\u00fcl, hogy k\u00f6tve lenne a munk\u00e1ltat\u00f3i k\u00f6telezetts\u00e9gek, szerz\u0151d\u00e9sek \u00e9s adminisztr\u00e1ci\u00f3? Akkor a b\u00e9rsz\u00e1mfejt\u00e9s lehet valami az \u00d6n sz\u00e1m\u00e1ra.<\/p>\n<\/div>\n<\/div>\n<p>\u00c9rdekel B\u00e9rsz\u00e1mfejt\u0151 szolg\u00e1ltat\u00e1sunk? Akkor megtal\u00e1lod <a href=\"https:\/\/mondialuitzend.nl\/hu\/musorszoras-es-berszamfejtes\/berszamfejtes\/\">itt<\/a> t\u00f6bb inform\u00e1ci\u00f3.<\/p>\n<p>&nbsp;<\/p>\n<\/div>\n<\/div>\n<\/div>\n<h3>A mi m\u00f3dszer\u00fcnk<\/h3>\n<p>Felv\u00e9teli interj\u00fa sor\u00e1n \u00d6nnel k\u00f6z\u00f6sen felt\u00e9rk\u00e9pezz\u00fck seg\u00edts\u00e9gk\u00e9r\u00e9s\u00e9t. Ezt k\u00f6vet\u0151en szem\u00e9lyre szabott aj\u00e1nlatot kap t\u0151l\u00fcnk, amely azonnal \u00e9s \u00e1tl\u00e1that\u00f3an megadja a v\u00e1laszt\u00e1shoz sz\u00fcks\u00e9ges \u00f6sszes inform\u00e1ci\u00f3t.<\/p>\n<p>Sz\u00e1mos t\u00e9nyez\u0151 befoly\u00e1solja befektet\u00e9s\u00e9t. Vegye figyelembe p\u00e9ld\u00e1ul a megb\u00edz\u00e1s id\u0151tartam\u00e1t, a l\u00e9tsz\u00e1mot, a sz\u00fcks\u00e9ges v\u00e9gzetts\u00e9get, a munka jelleg\u00e9t, a poz\u00edci\u00f3 s\u00faly\u00e1t, az esetleges sz\u00e1ll\u00e1sig\u00e9nyt, a b\u00e9rl\u0151 d\u00edjaz\u00e1s\u00e1t stb.<\/p>\n<p>K\u00e9rd\u00e9se van az ideiglenes \u00e9s azonnal el\u00e9rhet\u0151 rugalmas munkaer\u0151vel kapcsolatban? Akkor vedd meg a mai napot <a href=\"https:\/\/mondialuitzend.nl\/hu\/kapcsolatba-lepni\/\">Kapcsolatba l\u00e9pni<\/a> vel\u00fcnk!<\/p>\n<p>&nbsp;<\/p>","protected":false},"excerpt":{"rendered":"<p>Azonnal rugalmas munkaer\u0151re van sz\u00fcks\u00e9ge? Csapata (r\u00f6vid vagy hossz\u00fa t\u00e1v\u00fa) b\u0151v\u00edt\u00e9s\u00e9t keresi? A Mondial Uitzend meg\u00e9rti a motiv\u00e1lt rugalmas munkav\u00e1llal\u00f3k fontoss\u00e1g\u00e1t. <\/p>","protected":false},"author":4,"featured_media":1393,"parent":0,"menu_order":71,"comment_status":"closed","ping_status":"closed","template":"","meta":{"footnotes":""},"class_list":["post-645","page","type-page","status-publish","has-post-thumbnail","hentry"],"yoast_head":"<!-- This site is optimized with the Yoast SEO plugin v27.3 - https:\/\/yoast.com\/product\/yoast-seo-wordpress\/ -->\n<title>Uitzenden &amp; Payrollen - Mondial Uitzend - Verbindend tussen werkgever en werknemer<\/title>\n<meta name=\"description\" content=\"Heeft u direct flexwerkers nodig? Bent u op zoek naar (kort- of langdurige) uitbreiding van uw team? Mondial Uitzend begrijpt het belang van gemotiveerde flexwerkers. Wij hebben jarenlange ervaring met het uitzenden van mensen. Met een uitgebreid netwerk dat reikt tot Polen, Roemeni\u00eb, Hongarije en andere EU-landen, hebben wij genoeg flexibiliteit om precies die mensen te leveren die u nodig heeft. Bovendien nemen we zorg uit handen op bijvoorbeeld administratief gebied door het inzetten van de juiste ondersteunende software.\" \/>\n<meta name=\"robots\" content=\"index, follow, max-snippet:-1, max-image-preview:large, max-video-preview:-1\" \/>\n<link rel=\"canonical\" href=\"https:\/\/mondialuitzend.nl\/hu\/musorszoras-es-berszamfejtes\/\" \/>\n<meta property=\"og:locale\" content=\"hu_HU\" \/>\n<meta property=\"og:type\" content=\"article\" \/>\n<meta property=\"og:title\" content=\"Uitzenden &amp; Payrollen - Mondial Uitzend - Verbindend tussen werkgever en werknemer\" \/>\n<meta property=\"og:description\" content=\"Heeft u direct flexwerkers nodig? Bent u op zoek naar (kort- of langdurige) uitbreiding van uw team? Mondial Uitzend begrijpt het belang van gemotiveerde flexwerkers. Wij hebben jarenlange ervaring met het uitzenden van mensen. Met een uitgebreid netwerk dat reikt tot Polen, Roemeni\u00eb, Hongarije en andere EU-landen, hebben wij genoeg flexibiliteit om precies die mensen te leveren die u nodig heeft. Bovendien nemen we zorg uit handen op bijvoorbeeld administratief gebied door het inzetten van de juiste ondersteunende software.\" \/>\n<meta property=\"og:url\" content=\"https:\/\/mondialuitzend.nl\/hu\/musorszoras-es-berszamfejtes\/\" \/>\n<meta property=\"og:site_name\" content=\"Mondial Uitzend\" \/>\n<meta property=\"article:publisher\" content=\"https:\/\/www.facebook.com\/mondialuitzendbv\/\" \/>\n<meta property=\"article:modified_time\" content=\"2024-06-05T08:43:30+00:00\" \/>\n<meta property=\"og:image\" content=\"https:\/\/mondialuitzend.nl\/wp-content\/uploads\/2023\/07\/flexwerkers.jpg\" \/>\n\t<meta property=\"og:image:width\" content=\"960\" \/>\n\t<meta property=\"og:image:height\" content=\"720\" \/>\n\t<meta property=\"og:image:type\" content=\"image\/jpeg\" \/>\n<meta name=\"twitter:card\" content=\"summary_large_image\" \/>\n<meta name=\"twitter:label1\" content=\"Becs\u00fclt olvas\u00e1si id\u0151\" \/>\n\t<meta name=\"twitter:data1\" content=\"2 perc\" \/>\n<script type=\"application\/ld+json\" class=\"yoast-schema-graph\">{\"@context\":\"https:\\\/\\\/schema.org\",\"@graph\":[{\"@type\":\"WebPage\",\"@id\":\"https:\\\/\\\/mondialuitzend.nl\\\/uitzenden-en-payrollen\\\/\",\"url\":\"https:\\\/\\\/mondialuitzend.nl\\\/uitzenden-en-payrollen\\\/\",\"name\":\"Uitzenden & Payrollen - Mondial Uitzend - Verbindend tussen werkgever en werknemer\",\"isPartOf\":{\"@id\":\"https:\\\/\\\/mondialuitzend.nl\\\/#website\"},\"primaryImageOfPage\":{\"@id\":\"https:\\\/\\\/mondialuitzend.nl\\\/uitzenden-en-payrollen\\\/#primaryimage\"},\"image\":{\"@id\":\"https:\\\/\\\/mondialuitzend.nl\\\/uitzenden-en-payrollen\\\/#primaryimage\"},\"thumbnailUrl\":\"https:\\\/\\\/mondialuitzend.nl\\\/wp-content\\\/uploads\\\/2023\\\/07\\\/flexwerkers.jpg\",\"datePublished\":\"2023-06-21T12:44:06+00:00\",\"dateModified\":\"2024-06-05T08:43:30+00:00\",\"description\":\"Heeft u direct flexwerkers nodig? Bent u op zoek naar (kort- of langdurige) uitbreiding van uw team? Mondial Uitzend begrijpt het belang van gemotiveerde flexwerkers. Wij hebben jarenlange ervaring met het uitzenden van mensen. Met een uitgebreid netwerk dat reikt tot Polen, Roemeni\u00eb, Hongarije en andere EU-landen, hebben wij genoeg flexibiliteit om precies die mensen te leveren die u nodig heeft. Bovendien nemen we zorg uit handen op bijvoorbeeld administratief gebied door het inzetten van de juiste ondersteunende software.\",\"breadcrumb\":{\"@id\":\"https:\\\/\\\/mondialuitzend.nl\\\/uitzenden-en-payrollen\\\/#breadcrumb\"},\"inLanguage\":\"hu\",\"potentialAction\":[{\"@type\":\"ReadAction\",\"target\":[\"https:\\\/\\\/mondialuitzend.nl\\\/uitzenden-en-payrollen\\\/\"]}]},{\"@type\":\"ImageObject\",\"inLanguage\":\"hu\",\"@id\":\"https:\\\/\\\/mondialuitzend.nl\\\/uitzenden-en-payrollen\\\/#primaryimage\",\"url\":\"https:\\\/\\\/mondialuitzend.nl\\\/wp-content\\\/uploads\\\/2023\\\/07\\\/flexwerkers.jpg\",\"contentUrl\":\"https:\\\/\\\/mondialuitzend.nl\\\/wp-content\\\/uploads\\\/2023\\\/07\\\/flexwerkers.jpg\",\"width\":960,\"height\":720},{\"@type\":\"BreadcrumbList\",\"@id\":\"https:\\\/\\\/mondialuitzend.nl\\\/uitzenden-en-payrollen\\\/#breadcrumb\",\"itemListElement\":[{\"@type\":\"ListItem\",\"position\":1,\"name\":\"Home\",\"item\":\"https:\\\/\\\/mondialuitzend.nl\\\/\"},{\"@type\":\"ListItem\",\"position\":2,\"name\":\"Uitzenden &#038; Payrollen\"}]},{\"@type\":\"WebSite\",\"@id\":\"https:\\\/\\\/mondialuitzend.nl\\\/#website\",\"url\":\"https:\\\/\\\/mondialuitzend.nl\\\/\",\"name\":\"Mondial Uitzend\",\"description\":\"Verbindend tussen werkgever en werknemer\",\"publisher\":{\"@id\":\"https:\\\/\\\/mondialuitzend.nl\\\/#organization\"},\"potentialAction\":[{\"@type\":\"SearchAction\",\"target\":{\"@type\":\"EntryPoint\",\"urlTemplate\":\"https:\\\/\\\/mondialuitzend.nl\\\/?s={search_term_string}\"},\"query-input\":{\"@type\":\"PropertyValueSpecification\",\"valueRequired\":true,\"valueName\":\"search_term_string\"}}],\"inLanguage\":\"hu\"},{\"@type\":\"Organization\",\"@id\":\"https:\\\/\\\/mondialuitzend.nl\\\/#organization\",\"name\":\"Mondial Uitzend\",\"url\":\"https:\\\/\\\/mondialuitzend.nl\\\/\",\"logo\":{\"@type\":\"ImageObject\",\"inLanguage\":\"hu\",\"@id\":\"https:\\\/\\\/mondialuitzend.nl\\\/#\\\/schema\\\/logo\\\/image\\\/\",\"url\":\"https:\\\/\\\/mondialuitzend.nl\\\/wp-content\\\/uploads\\\/2023\\\/06\\\/Logo-MondialUitzend.svg\",\"contentUrl\":\"https:\\\/\\\/mondialuitzend.nl\\\/wp-content\\\/uploads\\\/2023\\\/06\\\/Logo-MondialUitzend.svg\",\"width\":149,\"height\":56,\"caption\":\"Mondial Uitzend\"},\"image\":{\"@id\":\"https:\\\/\\\/mondialuitzend.nl\\\/#\\\/schema\\\/logo\\\/image\\\/\"},\"sameAs\":[\"https:\\\/\\\/www.facebook.com\\\/mondialuitzendbv\\\/\",\"https:\\\/\\\/www.linkedin.com\\\/company\\\/mondial-uitzend-b-v-\",\"https:\\\/\\\/www.youtube.com\\\/channel\\\/UCPBmFRvmUDCPtpAaFVASV9Q\"]}]}<\/script>\n<!-- \/ Yoast SEO plugin. -->","yoast_head_json":{"title":"Ideiglenes foglalkoztat\u00e1s \u00e9s b\u00e9rsz\u00e1mfejt\u00e9s - Mondial Uitzend - Munkaad\u00f3 \u00e9s munkav\u00e1llal\u00f3 k\u00f6z\u00f6tti kapcsolat","description":"Azonnal rugalmas munkaer\u0151re van sz\u00fcks\u00e9ge? Csapata (r\u00f6vid vagy hossz\u00fa t\u00e1v\u00fa) b\u0151v\u00edt\u00e9s\u00e9t keresi? Az Mondial Uitzend tiszt\u00e1ban van a motiv\u00e1lt rugalmas munkav\u00e1llal\u00f3k fontoss\u00e1g\u00e1val. T\u00f6bb \u00e9ves tapasztalattal rendelkez\u00fcnk az emberek kik\u00fcld\u00e9s\u00e9ben. Lengyelorsz\u00e1gra, Rom\u00e1ni\u00e1ra, Magyarorsz\u00e1gra \u00e9s m\u00e1s EU-orsz\u00e1gokra kiterjed\u0151 kiterjedt h\u00e1l\u00f3zatunknak k\u00f6sz\u00f6nhet\u0151en kell\u0151 rugalmass\u00e1ggal rendelkez\u00fcnk ahhoz, hogy pontosan azokat az embereket biztos\u00edtsuk, akikre sz\u00fcks\u00e9ge van. Emellett adminisztr\u00e1ci\u00f3s \u00fcgyeket is int\u00e9z\u00fcnk, p\u00e9ld\u00e1ul a megfelel\u0151 t\u00e1mogat\u00f3 szoftverek haszn\u00e1lat\u00e1val.","robots":{"index":"index","follow":"follow","max-snippet":"max-snippet:-1","max-image-preview":"max-image-preview:large","max-video-preview":"max-video-preview:-1"},"canonical":"https:\/\/mondialuitzend.nl\/hu\/musorszoras-es-berszamfejtes\/","og_locale":"hu_HU","og_type":"article","og_title":"Uitzenden & Payrollen - Mondial Uitzend - Verbindend tussen werkgever en werknemer","og_description":"Heeft u direct flexwerkers nodig? Bent u op zoek naar (kort- of langdurige) uitbreiding van uw team? Mondial Uitzend begrijpt het belang van gemotiveerde flexwerkers. Wij hebben jarenlange ervaring met het uitzenden van mensen. Met een uitgebreid netwerk dat reikt tot Polen, Roemeni\u00eb, Hongarije en andere EU-landen, hebben wij genoeg flexibiliteit om precies die mensen te leveren die u nodig heeft. Bovendien nemen we zorg uit handen op bijvoorbeeld administratief gebied door het inzetten van de juiste ondersteunende software.","og_url":"https:\/\/mondialuitzend.nl\/hu\/musorszoras-es-berszamfejtes\/","og_site_name":"Mondial Uitzend","article_publisher":"https:\/\/www.facebook.com\/mondialuitzendbv\/","article_modified_time":"2024-06-05T08:43:30+00:00","og_image":[{"width":960,"height":720,"url":"https:\/\/mondialuitzend.nl\/wp-content\/uploads\/2023\/07\/flexwerkers.jpg","type":"image\/jpeg"}],"twitter_card":"summary_large_image","twitter_misc":{"Becs\u00fclt olvas\u00e1si id\u0151":"2 perc"},"schema":{"@context":"https:\/\/schema.org","@graph":[{"@type":"WebPage","@id":"https:\/\/mondialuitzend.nl\/uitzenden-en-payrollen\/","url":"https:\/\/mondialuitzend.nl\/uitzenden-en-payrollen\/","name":"Ideiglenes foglalkoztat\u00e1s \u00e9s b\u00e9rsz\u00e1mfejt\u00e9s - Mondial Uitzend - Munkaad\u00f3 \u00e9s munkav\u00e1llal\u00f3 k\u00f6z\u00f6tti kapcsolat","isPartOf":{"@id":"https:\/\/mondialuitzend.nl\/#website"},"primaryImageOfPage":{"@id":"https:\/\/mondialuitzend.nl\/uitzenden-en-payrollen\/#primaryimage"},"image":{"@id":"https:\/\/mondialuitzend.nl\/uitzenden-en-payrollen\/#primaryimage"},"thumbnailUrl":"https:\/\/mondialuitzend.nl\/wp-content\/uploads\/2023\/07\/flexwerkers.jpg","datePublished":"2023-06-21T12:44:06+00:00","dateModified":"2024-06-05T08:43:30+00:00","description":"Azonnal rugalmas munkaer\u0151re van sz\u00fcks\u00e9ge? Csapata (r\u00f6vid vagy hossz\u00fa t\u00e1v\u00fa) b\u0151v\u00edt\u00e9s\u00e9t keresi? Az Mondial Uitzend tiszt\u00e1ban van a motiv\u00e1lt rugalmas munkav\u00e1llal\u00f3k fontoss\u00e1g\u00e1val. T\u00f6bb \u00e9ves tapasztalattal rendelkez\u00fcnk az emberek kik\u00fcld\u00e9s\u00e9ben. Lengyelorsz\u00e1gra, Rom\u00e1ni\u00e1ra, Magyarorsz\u00e1gra \u00e9s m\u00e1s EU-orsz\u00e1gokra kiterjed\u0151 kiterjedt h\u00e1l\u00f3zatunknak k\u00f6sz\u00f6nhet\u0151en kell\u0151 rugalmass\u00e1ggal rendelkez\u00fcnk ahhoz, hogy pontosan azokat az embereket biztos\u00edtsuk, akikre sz\u00fcks\u00e9ge van. Emellett adminisztr\u00e1ci\u00f3s \u00fcgyeket is int\u00e9z\u00fcnk, p\u00e9ld\u00e1ul a megfelel\u0151 t\u00e1mogat\u00f3 szoftverek haszn\u00e1lat\u00e1val.","breadcrumb":{"@id":"https:\/\/mondialuitzend.nl\/uitzenden-en-payrollen\/#breadcrumb"},"inLanguage":"hu","potentialAction":[{"@type":"ReadAction","target":["https:\/\/mondialuitzend.nl\/uitzenden-en-payrollen\/"]}]},{"@type":"ImageObject","inLanguage":"hu","@id":"https:\/\/mondialuitzend.nl\/uitzenden-en-payrollen\/#primaryimage","url":"https:\/\/mondialuitzend.nl\/wp-content\/uploads\/2023\/07\/flexwerkers.jpg","contentUrl":"https:\/\/mondialuitzend.nl\/wp-content\/uploads\/2023\/07\/flexwerkers.jpg","width":960,"height":720},{"@type":"BreadcrumbList","@id":"https:\/\/mondialuitzend.nl\/uitzenden-en-payrollen\/#breadcrumb","itemListElement":[{"@type":"ListItem","position":1,"name":"Home","item":"https:\/\/mondialuitzend.nl\/"},{"@type":"ListItem","position":2,"name":"Uitzenden &#038; Payrollen"}]},{"@type":"WebSite","@id":"https:\/\/mondialuitzend.nl\/#website","url":"https:\/\/mondialuitzend.nl\/","name":"Glob\u00e1lis ad\u00e1s","description":"Munkaad\u00f3 \u00e9s munkav\u00e1llal\u00f3 k\u00f6z\u00f6tti kapcsolat","publisher":{"@id":"https:\/\/mondialuitzend.nl\/#organization"},"potentialAction":[{"@type":"SearchAction","target":{"@type":"EntryPoint","urlTemplate":"https:\/\/mondialuitzend.nl\/?s={search_term_string}"},"query-input":{"@type":"PropertyValueSpecification","valueRequired":true,"valueName":"search_term_string"}}],"inLanguage":"hu"},{"@type":"Organization","@id":"https:\/\/mondialuitzend.nl\/#organization","name":"Glob\u00e1lis ad\u00e1s","url":"https:\/\/mondialuitzend.nl\/","logo":{"@type":"ImageObject","inLanguage":"hu","@id":"https:\/\/mondialuitzend.nl\/#\/schema\/logo\/image\/","url":"https:\/\/mondialuitzend.nl\/wp-content\/uploads\/2023\/06\/Logo-MondialUitzend.svg","contentUrl":"https:\/\/mondialuitzend.nl\/wp-content\/uploads\/2023\/06\/Logo-MondialUitzend.svg","width":149,"height":56,"caption":"Mondial Uitzend"},"image":{"@id":"https:\/\/mondialuitzend.nl\/#\/schema\/logo\/image\/"},"sameAs":["https:\/\/www.facebook.com\/mondialuitzendbv\/","https:\/\/www.linkedin.com\/company\/mondial-uitzend-b-v-","https:\/\/www.youtube.com\/channel\/UCPBmFRvmUDCPtpAaFVASV9Q"]}]}},"_links":{"self":[{"href":"https:\/\/mondialuitzend.nl\/hu\/wp-json\/wp\/v2\/pages\/645","targetHints":{"allow":["GET"]}}],"collection":[{"href":"https:\/\/mondialuitzend.nl\/hu\/wp-json\/wp\/v2\/pages"}],"about":[{"href":"https:\/\/mondialuitzend.nl\/hu\/wp-json\/wp\/v2\/types\/page"}],"author":[{"embeddable":true,"href":"https:\/\/mondialuitzend.nl\/hu\/wp-json\/wp\/v2\/users\/4"}],"replies":[{"embeddable":true,"href":"https:\/\/mondialuitzend.nl\/hu\/wp-json\/wp\/v2\/comments?post=645"}],"version-history":[{"count":0,"href":"https:\/\/mondialuitzend.nl\/hu\/wp-json\/wp\/v2\/pages\/645\/revisions"}],"wp:featuredmedia":[{"embeddable":true,"href":"https:\/\/mondialuitzend.nl\/hu\/wp-json\/wp\/v2\/media\/1393"}],"wp:attachment":[{"href":"https:\/\/mondialuitzend.nl\/hu\/wp-json\/wp\/v2\/media?parent=645"}],"curies":[{"name":"munkaf\u00fczet","href":"https:\/\/api.w.org\/{rel}","templated":true}]}}