{"id":654,"date":"2023-06-21T14:49:12","date_gmt":"2023-06-21T12:49:12","guid":{"rendered":"https:\/\/mondialuitzend.nl\/?page_id=654"},"modified":"2024-01-15T12:44:11","modified_gmt":"2024-01-15T11:44:11","slug":"toborzas-es-kivalasztas","status":"publish","type":"page","link":"https:\/\/mondialuitzend.nl\/hu\/toborzas-es-kivalasztas\/","title":{"rendered":"Toborz\u00e1s \u00e9s kiv\u00e1laszt\u00e1s"},"content":{"rendered":"<p>Szeretn\u00e9 kiszervezni a teljes folyamatot a megfelel\u0151 emberek toborz\u00e1s\u00e1t\u00f3l a legjobb szem\u00e9ly kiv\u00e1laszt\u00e1s\u00e1ig \u00e9s felv\u00e9tel\u00e9ig? A Mondial Uitzend sok \u00e9ves tapasztalattal rendelkezik a megfelel\u0151 szem\u00e9ly toborz\u00e1s\u00e1ban \u00e9s kiv\u00e1laszt\u00e1s\u00e1ban a poz\u00edci\u00f3ra, \u00e9s \u00edgy tudja, hogyan tehermentes\u00edtse \u00d6nt, mint senki m\u00e1s.<\/p>\n<p>Kiterjedt h\u00e1l\u00f3zatunk lehet\u0151v\u00e9 teszi, hogy ne csak Hollandi\u00e1b\u00f3l, hanem motiv\u00e1lt \u00e1ll\u00e1skeres\u0151ket is k\u00edn\u00e1lhassunk Lengyelorsz\u00e1gb\u00f3l, Rom\u00e1ni\u00e1b\u00f3l, Magyarorsz\u00e1gr\u00f3l \u00e9s m\u00e1s EU-orsz\u00e1gokb\u00f3l.<\/p>\n<h3>A mi m\u00f3dszer\u00fcnk<\/h3>\n<p>K\u00edv\u00e1ns\u00e1gainak sz\u00e1mbav\u00e9tele ut\u00e1n szem\u00e9lyre szabott aj\u00e1nlatot kapunk t\u0151l\u00fcnk. Az \u00e1raj\u00e1nlat j\u00f3v\u00e1hagy\u00e1sa ut\u00e1n a megrendel\u00e9s visszaigazol\u00e1sa k\u00f6vetkezik. Miel\u0151tt az emberek elkezden\u00e9nek dolgozni \u00d6nn\u00e9l, t\u00e1j\u00e9koztat\u00e1st kap t\u0151l\u00fcnk arr\u00f3l, hogy mely rugalmas munkav\u00e1llal\u00f3kra sz\u00e1m\u00edthat. Ha k\u00e9rd\u00e9se van ezzel kapcsolatban, a Planning munkat\u00e1rsai \u00e1llnak az \u00d6n rendelkez\u00e9s\u00e9re. Term\u00e9szetesen b\u00e1rmikor kapcsolatba l\u00e9phet fi\u00f3kkezel\u0151j\u00e9vel.<\/p>\n<p>Hollandi\u00e1ba \u00e9rkez\u00e9skor minden k\u00fclf\u00f6ldi rugalmas munkav\u00e1llal\u00f3t kijel\u00f6ltek egy koordin\u00e1tornak, aki \u00fatmutat\u00e1st \u00e9s t\u00e1mogat\u00e1st ny\u00fajt sz\u00e1mukra. Mindezt a rugalmas munk\u00e1s anyanyelv\u00e9n.<\/p>\n<p>A h\u00e9t folyam\u00e1n t\u00f6bb alkalommal is van kapcsolat \u00d6n \u00e9s Tervez\u0151nk k\u00f6z\u00f6tt. \u00c9s hetente t\u00f6lt ki egy munkaid\u0151-nyilv\u00e1ntart\u00e1st, ami alapj\u00e1n elk\u00e9sz\u00edtj\u00fck a sz\u00e1ml\u00e1t \u00e9s elk\u00fcldj\u00fck \u00d6nnek. Mindez online, digit\u00e1lis platformunkon kereszt\u00fcl t\u00f6rt\u00e9nik. Ezen a platformon tal\u00e1lhat szerz\u0151d\u00e9si inform\u00e1ci\u00f3kat, \u00e1raj\u00e1nlatokat, sz\u00e1ml\u00e1kat, igazol\u00e1sokat stb.<\/p>","protected":false},"excerpt":{"rendered":"<p>Wilt u het hele traject van het werven van de juiste mensen tot aan het selecteren en aannemen van de beste match uitbesteden? Mondial Uitzend heeft vele jaren ervaring in het werven en selecteren van de juiste persoon voor de functie en weet u zodoende als geen ander te ontzorgen. Ons uitgebreide netwerk stelt ons [&hellip;]<\/p>\n","protected":false},"author":4,"featured_media":2092,"parent":0,"menu_order":72,"comment_status":"closed","ping_status":"closed","template":"","meta":{"footnotes":""},"class_list":["post-654","page","type-page","status-publish","has-post-thumbnail","hentry"],"yoast_head":"<!-- This site is optimized with the Yoast SEO plugin v27.5 - https:\/\/yoast.com\/product\/yoast-seo-wordpress\/ -->\n<title>Werving en selectie - Mondial Uitzend - Verbindend tussen werkgever en werknemer<\/title>\n<meta name=\"description\" content=\"Wilt u het hele traject van het werven van de juiste mensen tot aan het selecteren en aannemen van de beste match uitbesteden? Mondial Uitzend heeft vele jaren ervaring in het werven en selecteren van de juiste persoon voor de functie en weet u zodoende als geen ander te ontzorgen.\" \/>\n<meta name=\"robots\" content=\"index, follow, max-snippet:-1, max-image-preview:large, max-video-preview:-1\" \/>\n<link rel=\"canonical\" href=\"https:\/\/mondialuitzend.nl\/hu\/toborzas-es-kivalasztas\/\" \/>\n<meta property=\"og:locale\" content=\"hu_HU\" \/>\n<meta property=\"og:type\" content=\"article\" \/>\n<meta property=\"og:title\" content=\"Werving en selectie - Mondial Uitzend - Verbindend tussen werkgever en werknemer\" \/>\n<meta property=\"og:description\" content=\"Wilt u het hele traject van het werven van de juiste mensen tot aan het selecteren en aannemen van de beste match uitbesteden? Mondial Uitzend heeft vele jaren ervaring in het werven en selecteren van de juiste persoon voor de functie en weet u zodoende als geen ander te ontzorgen.\" \/>\n<meta property=\"og:url\" content=\"https:\/\/mondialuitzend.nl\/hu\/toborzas-es-kivalasztas\/\" \/>\n<meta property=\"og:site_name\" content=\"Mondial Uitzend\" \/>\n<meta property=\"article:publisher\" content=\"https:\/\/www.facebook.com\/mondialuitzendbv\/\" \/>\n<meta property=\"article:modified_time\" content=\"2024-01-15T11:44:11+00:00\" \/>\n<meta property=\"og:image\" content=\"https:\/\/mondialuitzend.nl\/wp-content\/uploads\/2024\/01\/talent.jpg\" \/>\n\t<meta property=\"og:image:width\" content=\"2000\" \/>\n\t<meta property=\"og:image:height\" content=\"1500\" \/>\n\t<meta property=\"og:image:type\" content=\"image\/jpeg\" \/>\n<meta name=\"twitter:card\" content=\"summary_large_image\" \/>\n<meta name=\"twitter:label1\" content=\"Becs\u00fclt olvas\u00e1si id\u0151\" \/>\n\t<meta name=\"twitter:data1\" content=\"2 perc\" \/>\n<script type=\"application\/ld+json\" class=\"yoast-schema-graph\">{\"@context\":\"https:\\\/\\\/schema.org\",\"@graph\":[{\"@type\":\"WebPage\",\"@id\":\"https:\\\/\\\/mondialuitzend.nl\\\/werving-en-selectie\\\/\",\"url\":\"https:\\\/\\\/mondialuitzend.nl\\\/werving-en-selectie\\\/\",\"name\":\"Werving en selectie - Mondial Uitzend - Verbindend tussen werkgever en werknemer\",\"isPartOf\":{\"@id\":\"https:\\\/\\\/mondialuitzend.nl\\\/#website\"},\"primaryImageOfPage\":{\"@id\":\"https:\\\/\\\/mondialuitzend.nl\\\/werving-en-selectie\\\/#primaryimage\"},\"image\":{\"@id\":\"https:\\\/\\\/mondialuitzend.nl\\\/werving-en-selectie\\\/#primaryimage\"},\"thumbnailUrl\":\"https:\\\/\\\/mondialuitzend.nl\\\/wp-content\\\/uploads\\\/2024\\\/01\\\/talent.jpg\",\"datePublished\":\"2023-06-21T12:49:12+00:00\",\"dateModified\":\"2024-01-15T11:44:11+00:00\",\"description\":\"Wilt u het hele traject van het werven van de juiste mensen tot aan het selecteren en aannemen van de beste match uitbesteden? Mondial Uitzend heeft vele jaren ervaring in het werven en selecteren van de juiste persoon voor de functie en weet u zodoende als geen ander te ontzorgen.\",\"breadcrumb\":{\"@id\":\"https:\\\/\\\/mondialuitzend.nl\\\/werving-en-selectie\\\/#breadcrumb\"},\"inLanguage\":\"hu\",\"potentialAction\":[{\"@type\":\"ReadAction\",\"target\":[\"https:\\\/\\\/mondialuitzend.nl\\\/werving-en-selectie\\\/\"]}]},{\"@type\":\"ImageObject\",\"inLanguage\":\"hu\",\"@id\":\"https:\\\/\\\/mondialuitzend.nl\\\/werving-en-selectie\\\/#primaryimage\",\"url\":\"https:\\\/\\\/mondialuitzend.nl\\\/wp-content\\\/uploads\\\/2024\\\/01\\\/talent.jpg\",\"contentUrl\":\"https:\\\/\\\/mondialuitzend.nl\\\/wp-content\\\/uploads\\\/2024\\\/01\\\/talent.jpg\",\"width\":2000,\"height\":1500},{\"@type\":\"BreadcrumbList\",\"@id\":\"https:\\\/\\\/mondialuitzend.nl\\\/werving-en-selectie\\\/#breadcrumb\",\"itemListElement\":[{\"@type\":\"ListItem\",\"position\":1,\"name\":\"Home\",\"item\":\"https:\\\/\\\/mondialuitzend.nl\\\/\"},{\"@type\":\"ListItem\",\"position\":2,\"name\":\"Werving en selectie\"}]},{\"@type\":\"WebSite\",\"@id\":\"https:\\\/\\\/mondialuitzend.nl\\\/#website\",\"url\":\"https:\\\/\\\/mondialuitzend.nl\\\/\",\"name\":\"Mondial Uitzend\",\"description\":\"Verbindend tussen werkgever en werknemer\",\"publisher\":{\"@id\":\"https:\\\/\\\/mondialuitzend.nl\\\/#organization\"},\"potentialAction\":[{\"@type\":\"SearchAction\",\"target\":{\"@type\":\"EntryPoint\",\"urlTemplate\":\"https:\\\/\\\/mondialuitzend.nl\\\/?s={search_term_string}\"},\"query-input\":{\"@type\":\"PropertyValueSpecification\",\"valueRequired\":true,\"valueName\":\"search_term_string\"}}],\"inLanguage\":\"hu\"},{\"@type\":\"Organization\",\"@id\":\"https:\\\/\\\/mondialuitzend.nl\\\/#organization\",\"name\":\"Mondial Uitzend\",\"url\":\"https:\\\/\\\/mondialuitzend.nl\\\/\",\"logo\":{\"@type\":\"ImageObject\",\"inLanguage\":\"hu\",\"@id\":\"https:\\\/\\\/mondialuitzend.nl\\\/#\\\/schema\\\/logo\\\/image\\\/\",\"url\":\"https:\\\/\\\/mondialuitzend.nl\\\/wp-content\\\/uploads\\\/2023\\\/06\\\/Logo-MondialUitzend.svg\",\"contentUrl\":\"https:\\\/\\\/mondialuitzend.nl\\\/wp-content\\\/uploads\\\/2023\\\/06\\\/Logo-MondialUitzend.svg\",\"width\":149,\"height\":56,\"caption\":\"Mondial Uitzend\"},\"image\":{\"@id\":\"https:\\\/\\\/mondialuitzend.nl\\\/#\\\/schema\\\/logo\\\/image\\\/\"},\"sameAs\":[\"https:\\\/\\\/www.facebook.com\\\/mondialuitzendbv\\\/\",\"https:\\\/\\\/www.linkedin.com\\\/company\\\/mondial-uitzend-b-v-\",\"https:\\\/\\\/www.youtube.com\\\/channel\\\/UCPBmFRvmUDCPtpAaFVASV9Q\"]}]}<\/script>\n<!-- \/ Yoast SEO plugin. -->","yoast_head_json":{"title":"Toborz\u00e1s \u00e9s kiv\u00e1laszt\u00e1s - Mondial Uitzend - Munkaad\u00f3 \u00e9s munkav\u00e1llal\u00f3 k\u00f6z\u00f6tti kapcsolat","description":"Szeretn\u00e9 kiszervezni a teljes folyamatot a megfelel\u0151 emberek toborz\u00e1s\u00e1t\u00f3l a legjobb szem\u00e9ly kiv\u00e1laszt\u00e1s\u00e1ig \u00e9s felv\u00e9tel\u00e9ig? A Mondial Uitzend sok \u00e9ves tapasztalattal rendelkezik a megfelel\u0151 szem\u00e9ly toborz\u00e1s\u00e1ban \u00e9s kiv\u00e1laszt\u00e1s\u00e1ban a poz\u00edci\u00f3ra, \u00e9s \u00edgy tudja, hogyan tehermentes\u00edtse \u00d6nt, mint senki m\u00e1s.","robots":{"index":"index","follow":"follow","max-snippet":"max-snippet:-1","max-image-preview":"max-image-preview:large","max-video-preview":"max-video-preview:-1"},"canonical":"https:\/\/mondialuitzend.nl\/hu\/toborzas-es-kivalasztas\/","og_locale":"hu_HU","og_type":"article","og_title":"Werving en selectie - Mondial Uitzend - Verbindend tussen werkgever en werknemer","og_description":"Wilt u het hele traject van het werven van de juiste mensen tot aan het selecteren en aannemen van de beste match uitbesteden? Mondial Uitzend heeft vele jaren ervaring in het werven en selecteren van de juiste persoon voor de functie en weet u zodoende als geen ander te ontzorgen.","og_url":"https:\/\/mondialuitzend.nl\/hu\/toborzas-es-kivalasztas\/","og_site_name":"Mondial Uitzend","article_publisher":"https:\/\/www.facebook.com\/mondialuitzendbv\/","article_modified_time":"2024-01-15T11:44:11+00:00","og_image":[{"width":2000,"height":1500,"url":"https:\/\/mondialuitzend.nl\/wp-content\/uploads\/2024\/01\/talent.jpg","type":"image\/jpeg"}],"twitter_card":"summary_large_image","twitter_misc":{"Becs\u00fclt olvas\u00e1si id\u0151":"2 perc"},"schema":{"@context":"https:\/\/schema.org","@graph":[{"@type":"WebPage","@id":"https:\/\/mondialuitzend.nl\/werving-en-selectie\/","url":"https:\/\/mondialuitzend.nl\/werving-en-selectie\/","name":"Toborz\u00e1s \u00e9s kiv\u00e1laszt\u00e1s - Mondial Uitzend - Munkaad\u00f3 \u00e9s munkav\u00e1llal\u00f3 k\u00f6z\u00f6tti kapcsolat","isPartOf":{"@id":"https:\/\/mondialuitzend.nl\/#website"},"primaryImageOfPage":{"@id":"https:\/\/mondialuitzend.nl\/werving-en-selectie\/#primaryimage"},"image":{"@id":"https:\/\/mondialuitzend.nl\/werving-en-selectie\/#primaryimage"},"thumbnailUrl":"https:\/\/mondialuitzend.nl\/wp-content\/uploads\/2024\/01\/talent.jpg","datePublished":"2023-06-21T12:49:12+00:00","dateModified":"2024-01-15T11:44:11+00:00","description":"Szeretn\u00e9 kiszervezni a teljes folyamatot a megfelel\u0151 emberek toborz\u00e1s\u00e1t\u00f3l a legjobb szem\u00e9ly kiv\u00e1laszt\u00e1s\u00e1ig \u00e9s felv\u00e9tel\u00e9ig? A Mondial Uitzend sok \u00e9ves tapasztalattal rendelkezik a megfelel\u0151 szem\u00e9ly toborz\u00e1s\u00e1ban \u00e9s kiv\u00e1laszt\u00e1s\u00e1ban a poz\u00edci\u00f3ra, \u00e9s \u00edgy tudja, hogyan tehermentes\u00edtse \u00d6nt, mint senki m\u00e1s.","breadcrumb":{"@id":"https:\/\/mondialuitzend.nl\/werving-en-selectie\/#breadcrumb"},"inLanguage":"hu","potentialAction":[{"@type":"ReadAction","target":["https:\/\/mondialuitzend.nl\/werving-en-selectie\/"]}]},{"@type":"ImageObject","inLanguage":"hu","@id":"https:\/\/mondialuitzend.nl\/werving-en-selectie\/#primaryimage","url":"https:\/\/mondialuitzend.nl\/wp-content\/uploads\/2024\/01\/talent.jpg","contentUrl":"https:\/\/mondialuitzend.nl\/wp-content\/uploads\/2024\/01\/talent.jpg","width":2000,"height":1500},{"@type":"BreadcrumbList","@id":"https:\/\/mondialuitzend.nl\/werving-en-selectie\/#breadcrumb","itemListElement":[{"@type":"ListItem","position":1,"name":"Home","item":"https:\/\/mondialuitzend.nl\/"},{"@type":"ListItem","position":2,"name":"Werving en selectie"}]},{"@type":"WebSite","@id":"https:\/\/mondialuitzend.nl\/#website","url":"https:\/\/mondialuitzend.nl\/","name":"Glob\u00e1lis ad\u00e1s","description":"Munkaad\u00f3 \u00e9s munkav\u00e1llal\u00f3 k\u00f6z\u00f6tti kapcsolat","publisher":{"@id":"https:\/\/mondialuitzend.nl\/#organization"},"potentialAction":[{"@type":"SearchAction","target":{"@type":"EntryPoint","urlTemplate":"https:\/\/mondialuitzend.nl\/?s={search_term_string}"},"query-input":{"@type":"PropertyValueSpecification","valueRequired":true,"valueName":"search_term_string"}}],"inLanguage":"hu"},{"@type":"Organization","@id":"https:\/\/mondialuitzend.nl\/#organization","name":"Glob\u00e1lis ad\u00e1s","url":"https:\/\/mondialuitzend.nl\/","logo":{"@type":"ImageObject","inLanguage":"hu","@id":"https:\/\/mondialuitzend.nl\/#\/schema\/logo\/image\/","url":"https:\/\/mondialuitzend.nl\/wp-content\/uploads\/2023\/06\/Logo-MondialUitzend.svg","contentUrl":"https:\/\/mondialuitzend.nl\/wp-content\/uploads\/2023\/06\/Logo-MondialUitzend.svg","width":149,"height":56,"caption":"Mondial Uitzend"},"image":{"@id":"https:\/\/mondialuitzend.nl\/#\/schema\/logo\/image\/"},"sameAs":["https:\/\/www.facebook.com\/mondialuitzendbv\/","https:\/\/www.linkedin.com\/company\/mondial-uitzend-b-v-","https:\/\/www.youtube.com\/channel\/UCPBmFRvmUDCPtpAaFVASV9Q"]}]}},"_links":{"self":[{"href":"https:\/\/mondialuitzend.nl\/hu\/wp-json\/wp\/v2\/pages\/654","targetHints":{"allow":["GET"]}}],"collection":[{"href":"https:\/\/mondialuitzend.nl\/hu\/wp-json\/wp\/v2\/pages"}],"about":[{"href":"https:\/\/mondialuitzend.nl\/hu\/wp-json\/wp\/v2\/types\/page"}],"author":[{"embeddable":true,"href":"https:\/\/mondialuitzend.nl\/hu\/wp-json\/wp\/v2\/users\/4"}],"replies":[{"embeddable":true,"href":"https:\/\/mondialuitzend.nl\/hu\/wp-json\/wp\/v2\/comments?post=654"}],"version-history":[{"count":0,"href":"https:\/\/mondialuitzend.nl\/hu\/wp-json\/wp\/v2\/pages\/654\/revisions"}],"wp:featuredmedia":[{"embeddable":true,"href":"https:\/\/mondialuitzend.nl\/hu\/wp-json\/wp\/v2\/media\/2092"}],"wp:attachment":[{"href":"https:\/\/mondialuitzend.nl\/hu\/wp-json\/wp\/v2\/media?parent=654"}],"curies":[{"name":"munkaf\u00fczet","href":"https:\/\/api.w.org\/{rel}","templated":true}]}}