{"id":657,"date":"2023-06-21T14:50:35","date_gmt":"2023-06-21T12:50:35","guid":{"rendered":"https:\/\/mondialuitzend.nl\/?page_id=657"},"modified":"2025-02-11T11:03:01","modified_gmt":"2025-02-11T10:03:01","slug":"haz","status":"publish","type":"page","link":"https:\/\/mondialuitzend.nl\/hu\/haz\/","title":{"rendered":"H\u00e1z"},"content":{"rendered":"<ul>\n<li>Lak\u00e1saink vannak \u00c9szak-Hollandi\u00e1ban, az Friesland-ben \u00e9s Limburgban.<\/li>\n<li>Minden sz\u00e1ll\u00e1sunk SNF tan\u00fas\u00edtv\u00e1nnyal rendelkezik. \u00cdgy biztos lehet benne, hogy megfelel a higi\u00e9nia, biztons\u00e1g \u00e9s min\u0151s\u00e9g alapvet\u0151 (vagy t\u00f6bb) k\u00f6vetelm\u00e9nyeinek. Ezt szigor\u00faan ellen\u0151rzik.<\/li>\n<li>Minden sz\u00e1ll\u00e1s j\u00f3v\u00e1hagyott t\u0171zjelz\u0151 rendszerrel van felszerelve.<\/li>\n<li>Sok telephely\u00fcnk napelemekkel \u00e9s intelligens termoszt\u00e1tokkal van felszerelve.<\/li>\n<\/ul>\n<p>&nbsp;<\/p>\n<p>&nbsp;<\/p>\n<h3>M\u00f3dszer<\/h3>\n<p>Fontosnak tartjuk, hogy k\u00fclf\u00f6ldi rugalmas munkav\u00e1llal\u00f3ink j\u00f3l \u00e9rezz\u00e9k magukat.<\/p>\n<p>Karbantart\u00f3 csapatunk gondoskodik arr\u00f3l, hogy a lak\u00f3k\u00f6rnyezet kellemes megjelen\u00e9s\u0171 legyen, a kert j\u00f3l karbantartott legyen, a h\u00e1z \u00e9s a h\u00e1z k\u00f6r\u00fcli l\u00e9tes\u00edtm\u00e9nyek m\u0171k\u00f6djenek. Term\u00e9szetesen elv\u00e9gezz\u00fck t\u00f6bbek k\u00f6z\u00f6tt a sz\u00fcks\u00e9ges ellen\u0151rz\u00e9seket; tisztas\u00e1g, rend, legionella (hetente) \u00e9s t\u0171zbiztons\u00e1g (havonta \u00e9s \u00e9vente).<\/p>\n<p>Koordin\u00e1toraink az esti \u00f3r\u00e1kban felkeresik a lakhat\u00e1si helysz\u00edneket, hogy az esetleges hib\u00e1kat azonnal jelezni tudj\u00e1k, \u00e9s lehet\u0151s\u00e9g szerint azonnal megoldj\u00e1k.<\/p>\n<p>Az Noord-Holland-ben tal\u00e1lhat\u00f3 lak\u00e1saink Schagen \u00e9s Den Oever k\u00f6rny\u00e9k\u00e9n tal\u00e1lhat\u00f3k. Az Friesland-ben rugalmas munk\u00e1saink Harlingen k\u00f6rny\u00e9k\u00e9n, Limburgban pedig Venlo k\u00f6zvetlen k\u00f6zel\u00e9ben \u00e9lnek.<\/p>\n<p>Minden helysz\u00ednen igyeksz\u00fcnk m\u00e1sodik otthont teremteni k\u00fclf\u00f6ldi rugalmas munkav\u00e1llal\u00f3ink sz\u00e1m\u00e1ra. Tessz\u00fck ezt t\u00f6bbek k\u00f6z\u00f6tt \u00fagy, hogy egy komplett \u00e9s ig\u00e9nyesen berendezett otthont biztos\u00edtunk olyan munkav\u00e9gz\u00e9si eszk\u00f6z\u00f6kkel, mint a k\u00fcl\u00f6nf\u00e9le konyhai berendez\u00e9sek. A rugalmas munk\u00e1sok 2, 3 vagy 4 szem\u00e9lyes szob\u00e1kban alszanak. Mindegyik helyen k\u00f6z\u00f6s nappalit haszn\u00e1lhatnak. Term\u00e9szetesen minden helyen van WIFI.<\/p>\n<p>K\u00e9rd\u00e9se vagy visszajelz\u00e9se van a lakhat\u00e1sr\u00f3l? Akkor vedd <a href=\"https:\/\/mondialuitzend.nl\/hu\/kapcsolatba-lepni\/\">Kapcsolatba l\u00e9pni<\/a> vel\u00fcnk.<\/p>\n<p>&nbsp;<\/p>\n<h3>PKS<\/h3>\n<div>\n<p>T\u00e1j\u00e9koztatjuk \u00d6n\u00f6ket az \u00faj \u00e1r-min\u0151s\u00e9g rendszerr\u0151l (PKS), amelyet a nemzetk\u00f6zi rugalmas munkav\u00e1llal\u00f3k munka- \u00e9s \u00e9letk\u00f6r\u00fclm\u00e9nyeinek tov\u00e1bbi jav\u00edt\u00e1s\u00e1ra fejlesztettek ki. Ezt a rendszert \u00fagy alak\u00edtott\u00e1k ki, hogy biztos\u00edtsa az \u00e1tl\u00e1that\u00f3s\u00e1got, \u00e9s m\u00e9lt\u00e1nyos egyens\u00falyt teremtsen a k\u00f6lts\u00e9gek \u00e9s a min\u0151s\u00e9g k\u00f6z\u00f6tt. A rendszer 2025. janu\u00e1r 1-j\u00e9n l\u00e9pett \u00e9letbe.<\/p>\n<p>&nbsp;<\/p>\n<p><strong>h hogyan m\u0171k\u00f6dik?<\/strong><strong>\u00e9s PKS? <\/strong><\/p>\n<p>A PKS pontrendszeren alapul. A pontok oda\u00edt\u00e9l\u00e9se az al\u00e1bbi krit\u00e9riumok alapj\u00e1n t\u00f6rt\u00e9nik:<\/p>\n<ul>\n<li>Egy f\u0151re jut\u00f3 lak\u00f3ter\u00fclet<\/li>\n<li>Szem\u00e9lyek sz\u00e1ma szob\u00e1nk\u00e9nt<\/li>\n<li>K\u00f6z\u00f6s szaniterek<\/li>\n<li>Biztons\u00e1g, higi\u00e9nia \u00e9s fenntarthat\u00f3s\u00e1g<\/li>\n<li>A h\u00e1z elhelyezked\u00e9se<\/li>\n<\/ul>\n<p>Az el\u00e9rt pontsz\u00e1m hat\u00e1rozza meg a nemzetk\u00f6zi rugalmas munkav\u00e1llal\u00f3 fizet\u00e9s\u00e9b\u0151l visszatarthat\u00f3 maxim\u00e1lis b\u00e9rleti d\u00edjat.<\/p>\n<p><strong>Fontos szab\u00e1lyok:<\/strong> A PKS \u00e9rt\u00e9k hat\u00e1rozza meg a munkab\u00e9rb\u0151l t\u00f6rt\u00e9n\u0151 maxim\u00e1lis levon\u00e1s m\u00e9rt\u00e9k\u00e9t. Azon alkalmazottak eset\u00e9ben, akik a t\u00f6rv\u00e9nyes minim\u00e1lb\u00e9r (WML) 140%-j\u00e1n\u00e1l kevesebbet keresnek, legfeljebb 25% WML-t lehet visszatartani. Ha a PKS \u00e9rt\u00e9k kisebb, mint ez a 25%, akkor nyilv\u00e1nval\u00f3an az alacsonyabb PKS \u00e9rt\u00e9k \u00e9rv\u00e9nyes. Azon alkalmazottak eset\u00e9ben, akik t\u00f6bb mint 140% WML-t keresnek, a maxim\u00e1lis levon\u00e1s megegyezik a sz\u00e1m\u00edtott PKS-\u00e9rt\u00e9kkel.<\/p>\n<p><strong>Mit jelent a PKS \u00fcgyfeleink sz\u00e1m\u00e1ra? <\/strong><\/p>\n<ul>\n<li>A PKS el\u0151ny\u00f6kkel \u00e9s k\u00f6telezetts\u00e9gekkel j\u00e1r a k\u00fclf\u00f6ldi munkav\u00e1llal\u00f3kat felvev\u0151k sz\u00e1m\u00e1ra:<\/li>\n<li>\u00c1tl\u00e1that\u00f3s\u00e1g: A rendszer betekint\u00e9st ny\u00fajt a lakhat\u00e1si k\u00f6lts\u00e9gekbe, \u00e9s megakad\u00e1lyozza a vissza\u00e9l\u00e9seket.<\/li>\n<li>Jav\u00edtott lakhat\u00e1s: A lak\u00e1sszolg\u00e1ltat\u00f3k motiv\u00e1ltak a jobb lakhat\u00e1sba val\u00f3 befektet\u00e9sre. A magasabb PKS pontsz\u00e1m magasabb b\u00e9rleti d\u00edjra jogos\u00edtja fel \u0151ket.<\/li>\n<li>K\u00f6lts\u00e9gekre gyakorolt hat\u00e1s: A nemzetk\u00f6zi rugalmas munkav\u00e1llal\u00f3 fizet\u00e9s\u00e9b\u0151l val\u00f3 maxim\u00e1lis levon\u00e1s a PKS \u00e9rt\u00e9kre korl\u00e1toz\u00f3dik. Ez azt jelentheti, hogy a t\u00e9nyleges b\u00e9rleti k\u00f6lts\u00e9geket nem lehet teljes m\u00e9rt\u00e9kben levonni, aminek k\u00f6vetkezm\u00e9nyei lehetnek az \u00f6nk\u00f6lts\u00e9gi \u00e1rra n\u00e9zve. Err\u0151l id\u0151ben t\u00e1j\u00e9koztatjuk \u00d6n\u00f6ket.<\/li>\n<\/ul>\n<div>\n<p>&nbsp;<\/p>\n<p><strong>Milyen el\u0151ny\u00f6kkel j\u00e1r k\u00f6lcs\u00f6nz\u00f6tt munkav\u00e1llal\u00f3ink sz\u00e1m\u00e1ra?<\/strong><\/p>\n<p>A PKS sz\u00e1mos el\u0151nyt k\u00edn\u00e1l a nemzetk\u00f6zi rugalmas munkav\u00e1llal\u00f3k sz\u00e1m\u00e1ra. Hozz\u00e1j\u00e1rul a jobb \u00e9letk\u00f6r\u00fclm\u00e9nyekhez, ami pozit\u00edv hat\u00e1ssal van k\u00f6z\u00e9rzet\u00fckre \u00e9s eg\u00e9szs\u00e9g\u00fckre. Ezenk\u00edv\u00fcl a maxim\u00e1lis b\u00e9rleti d\u00edjat el\u0151re meghat\u00e1rozz\u00e1k, ami megakad\u00e1lyozza a p\u00e9nz\u00fcgyi kizs\u00e1km\u00e1nyol\u00e1st. Egy tov\u00e1bbi int\u00e9zked\u00e9s meger\u0151s\u00edti a nemzetk\u00f6zi rugalmas munkav\u00e1llal\u00f3kkal szembeni m\u00e9lt\u00e1nyos b\u00e1n\u00e1sm\u00f3dot. Ha egy nemzetk\u00f6zi rugalmas munkav\u00e1llal\u00f3 ideiglenesen t\u00e1vol van a kijel\u00f6lt sz\u00e1ll\u00e1sr\u00f3l, p\u00e9ld\u00e1ul haz\u00e1j\u00e1ban tett l\u00e1togat\u00e1sa sor\u00e1n, de m\u00e1r fizetett erre az id\u0151szakra, akkor a tov\u00e1bbiakban nem sz\u00e1molhat\u00f3 fel egy m\u00e1sik ideiglenes munkav\u00e1llal\u00f3 ugyanazon sz\u00e1ll\u00e1shely ugyanazon id\u0151szak alatti haszn\u00e1lat\u00e1\u00e9rt.<\/p>\n<\/div>\n<div>\n<p><strong>Mi\u00e9rt fontos a PKS? <\/strong><\/p>\n<p>A PKS hozz\u00e1j\u00e1rul a tisztess\u00e9ges \u00e9s j\u00f3 min\u0151s\u00e9g\u0171 lakhat\u00e1shoz a nemzetk\u00f6zi rugalmas munkav\u00e1llal\u00f3k sz\u00e1m\u00e1ra, amely csoport n\u00e9lk\u00fcl\u00f6zhetetlen a holland gazdas\u00e1g sz\u00e1m\u00e1ra. El\u0151seg\u00edti a jobb \u00e9letk\u00f6r\u00fclm\u00e9nyeket, \u00e9s v\u00e9delmet k\u00edn\u00e1l a nemzetk\u00f6zi munkaer\u0151-k\u00f6lcs\u00f6nz\u0151knek a kizs\u00e1km\u00e1nyol\u00e1ssal szemben.<\/p>\n<p><strong>k\u00e9rdezni?<\/strong> K\u00e9rj\u00fck, forduljon hozz\u00e1nk bizalommal! Egy\u00fctt \u00e9p\u00edtj\u00fck a j\u00f6v\u0151t, amelyben a nemzetk\u00f6zi rugalmas munkav\u00e1llal\u00f3k nemcsak dolgoznak, hanem olyan k\u00f6r\u00fclm\u00e9nyek k\u00f6z\u00f6tt is \u00e9lnek, amelyek m\u00e9lt\u00e1nyosak \u00e9rt\u00e9k\u00fcknek \u00e9s elk\u00f6telezetts\u00e9g\u00fcknek.<\/p>\n<\/div>\n<\/div>","protected":false},"excerpt":{"rendered":"<p>Wij beschikken over huisvestingslocaties in Noord Holland, Friesland en Limburg. Al onze huisvesting is SNF gecertificeerd. Zo weet u zeker dat deze voldoet aan de basiseisen,(of meer) voor hygi\u00ebne, veiligheid en kwaliteit. Hier wordt streng op gecontroleerd. Alle huisvesting is voorzien van goedgekeurde brandmeldinstallaties. Veel van onze locaties zijn uitgerust met zonnepanelen en slimme thermostaten. [&hellip;]<\/p>\n","protected":false},"author":4,"featured_media":1386,"parent":0,"menu_order":73,"comment_status":"closed","ping_status":"closed","template":"","meta":{"footnotes":""},"class_list":["post-657","page","type-page","status-publish","has-post-thumbnail","hentry"],"yoast_head":"<!-- This site is optimized with the Yoast SEO plugin v27.4 - https:\/\/yoast.com\/product\/yoast-seo-wordpress\/ -->\n<title>Huisvesting - Mondial Uitzend - Verbindend tussen werkgever en werknemer<\/title>\n<meta name=\"description\" content=\"Al onze huisvesting is SNF gecertificeerd. Zo weet u zeker dat deze voldoet aan de basiseisen,(of meer) voor hygi\u00ebne, veiligheid en kwaliteit. Hier wordt streng op gecontroleerd.\" \/>\n<meta name=\"robots\" content=\"index, follow, max-snippet:-1, max-image-preview:large, max-video-preview:-1\" \/>\n<link rel=\"canonical\" href=\"https:\/\/mondialuitzend.nl\/hu\/haz\/\" \/>\n<meta property=\"og:locale\" content=\"hu_HU\" \/>\n<meta property=\"og:type\" content=\"article\" \/>\n<meta property=\"og:title\" content=\"Huisvesting - Mondial Uitzend - Verbindend tussen werkgever en werknemer\" \/>\n<meta property=\"og:description\" content=\"Al onze huisvesting is SNF gecertificeerd. Zo weet u zeker dat deze voldoet aan de basiseisen,(of meer) voor hygi\u00ebne, veiligheid en kwaliteit. Hier wordt streng op gecontroleerd.\" \/>\n<meta property=\"og:url\" content=\"https:\/\/mondialuitzend.nl\/hu\/haz\/\" \/>\n<meta property=\"og:site_name\" content=\"Mondial Uitzend\" \/>\n<meta property=\"article:publisher\" content=\"https:\/\/www.facebook.com\/mondialuitzendbv\/\" \/>\n<meta property=\"article:modified_time\" content=\"2025-02-11T10:03:01+00:00\" \/>\n<meta property=\"og:image\" content=\"https:\/\/mondialuitzend.nl\/wp-content\/uploads\/2023\/07\/huisvesting-Volharding.jpg\" \/>\n\t<meta property=\"og:image:width\" content=\"640\" \/>\n\t<meta property=\"og:image:height\" content=\"480\" \/>\n\t<meta property=\"og:image:type\" content=\"image\/jpeg\" \/>\n<meta name=\"twitter:card\" content=\"summary_large_image\" \/>\n<meta name=\"twitter:label1\" content=\"Becs\u00fclt olvas\u00e1si id\u0151\" \/>\n\t<meta name=\"twitter:data1\" content=\"4 perc\" \/>\n<script type=\"application\/ld+json\" class=\"yoast-schema-graph\">{\"@context\":\"https:\\\/\\\/schema.org\",\"@graph\":[{\"@type\":\"WebPage\",\"@id\":\"https:\\\/\\\/mondialuitzend.nl\\\/huisvesting\\\/\",\"url\":\"https:\\\/\\\/mondialuitzend.nl\\\/huisvesting\\\/\",\"name\":\"Huisvesting - Mondial Uitzend - Verbindend tussen werkgever en werknemer\",\"isPartOf\":{\"@id\":\"https:\\\/\\\/mondialuitzend.nl\\\/#website\"},\"primaryImageOfPage\":{\"@id\":\"https:\\\/\\\/mondialuitzend.nl\\\/huisvesting\\\/#primaryimage\"},\"image\":{\"@id\":\"https:\\\/\\\/mondialuitzend.nl\\\/huisvesting\\\/#primaryimage\"},\"thumbnailUrl\":\"https:\\\/\\\/mondialuitzend.nl\\\/wp-content\\\/uploads\\\/2023\\\/07\\\/huisvesting-Volharding.jpg\",\"datePublished\":\"2023-06-21T12:50:35+00:00\",\"dateModified\":\"2025-02-11T10:03:01+00:00\",\"description\":\"Al onze huisvesting is SNF gecertificeerd. Zo weet u zeker dat deze voldoet aan de basiseisen,(of meer) voor hygi\u00ebne, veiligheid en kwaliteit. Hier wordt streng op gecontroleerd.\",\"breadcrumb\":{\"@id\":\"https:\\\/\\\/mondialuitzend.nl\\\/huisvesting\\\/#breadcrumb\"},\"inLanguage\":\"hu\",\"potentialAction\":[{\"@type\":\"ReadAction\",\"target\":[\"https:\\\/\\\/mondialuitzend.nl\\\/huisvesting\\\/\"]}]},{\"@type\":\"ImageObject\",\"inLanguage\":\"hu\",\"@id\":\"https:\\\/\\\/mondialuitzend.nl\\\/huisvesting\\\/#primaryimage\",\"url\":\"https:\\\/\\\/mondialuitzend.nl\\\/wp-content\\\/uploads\\\/2023\\\/07\\\/huisvesting-Volharding.jpg\",\"contentUrl\":\"https:\\\/\\\/mondialuitzend.nl\\\/wp-content\\\/uploads\\\/2023\\\/07\\\/huisvesting-Volharding.jpg\",\"width\":640,\"height\":480},{\"@type\":\"BreadcrumbList\",\"@id\":\"https:\\\/\\\/mondialuitzend.nl\\\/huisvesting\\\/#breadcrumb\",\"itemListElement\":[{\"@type\":\"ListItem\",\"position\":1,\"name\":\"Home\",\"item\":\"https:\\\/\\\/mondialuitzend.nl\\\/\"},{\"@type\":\"ListItem\",\"position\":2,\"name\":\"Huisvesting\"}]},{\"@type\":\"WebSite\",\"@id\":\"https:\\\/\\\/mondialuitzend.nl\\\/#website\",\"url\":\"https:\\\/\\\/mondialuitzend.nl\\\/\",\"name\":\"Mondial Uitzend\",\"description\":\"Verbindend tussen werkgever en werknemer\",\"publisher\":{\"@id\":\"https:\\\/\\\/mondialuitzend.nl\\\/#organization\"},\"potentialAction\":[{\"@type\":\"SearchAction\",\"target\":{\"@type\":\"EntryPoint\",\"urlTemplate\":\"https:\\\/\\\/mondialuitzend.nl\\\/?s={search_term_string}\"},\"query-input\":{\"@type\":\"PropertyValueSpecification\",\"valueRequired\":true,\"valueName\":\"search_term_string\"}}],\"inLanguage\":\"hu\"},{\"@type\":\"Organization\",\"@id\":\"https:\\\/\\\/mondialuitzend.nl\\\/#organization\",\"name\":\"Mondial Uitzend\",\"url\":\"https:\\\/\\\/mondialuitzend.nl\\\/\",\"logo\":{\"@type\":\"ImageObject\",\"inLanguage\":\"hu\",\"@id\":\"https:\\\/\\\/mondialuitzend.nl\\\/#\\\/schema\\\/logo\\\/image\\\/\",\"url\":\"https:\\\/\\\/mondialuitzend.nl\\\/wp-content\\\/uploads\\\/2023\\\/06\\\/Logo-MondialUitzend.svg\",\"contentUrl\":\"https:\\\/\\\/mondialuitzend.nl\\\/wp-content\\\/uploads\\\/2023\\\/06\\\/Logo-MondialUitzend.svg\",\"width\":149,\"height\":56,\"caption\":\"Mondial Uitzend\"},\"image\":{\"@id\":\"https:\\\/\\\/mondialuitzend.nl\\\/#\\\/schema\\\/logo\\\/image\\\/\"},\"sameAs\":[\"https:\\\/\\\/www.facebook.com\\\/mondialuitzendbv\\\/\",\"https:\\\/\\\/www.linkedin.com\\\/company\\\/mondial-uitzend-b-v-\",\"https:\\\/\\\/www.youtube.com\\\/channel\\\/UCPBmFRvmUDCPtpAaFVASV9Q\"]}]}<\/script>\n<!-- \/ Yoast SEO plugin. -->","yoast_head_json":{"title":"Lak\u00e1s - Mondial Uitzend - Munkaad\u00f3 \u00e9s munkav\u00e1llal\u00f3 k\u00f6z\u00f6tti kapcsolat","description":"Minden sz\u00e1ll\u00e1sunk SNF tan\u00fas\u00edtv\u00e1nnyal rendelkezik. \u00cdgy biztos lehet benne, hogy megfelel a higi\u00e9nia, biztons\u00e1g \u00e9s min\u0151s\u00e9g alapvet\u0151 (vagy t\u00f6bb) k\u00f6vetelm\u00e9nyeinek. Ezt szigor\u00faan ellen\u0151rzik.","robots":{"index":"index","follow":"follow","max-snippet":"max-snippet:-1","max-image-preview":"max-image-preview:large","max-video-preview":"max-video-preview:-1"},"canonical":"https:\/\/mondialuitzend.nl\/hu\/haz\/","og_locale":"hu_HU","og_type":"article","og_title":"Huisvesting - Mondial Uitzend - Verbindend tussen werkgever en werknemer","og_description":"Al onze huisvesting is SNF gecertificeerd. Zo weet u zeker dat deze voldoet aan de basiseisen,(of meer) voor hygi\u00ebne, veiligheid en kwaliteit. Hier wordt streng op gecontroleerd.","og_url":"https:\/\/mondialuitzend.nl\/hu\/haz\/","og_site_name":"Mondial Uitzend","article_publisher":"https:\/\/www.facebook.com\/mondialuitzendbv\/","article_modified_time":"2025-02-11T10:03:01+00:00","og_image":[{"width":640,"height":480,"url":"https:\/\/mondialuitzend.nl\/wp-content\/uploads\/2023\/07\/huisvesting-Volharding.jpg","type":"image\/jpeg"}],"twitter_card":"summary_large_image","twitter_misc":{"Becs\u00fclt olvas\u00e1si id\u0151":"4 perc"},"schema":{"@context":"https:\/\/schema.org","@graph":[{"@type":"WebPage","@id":"https:\/\/mondialuitzend.nl\/huisvesting\/","url":"https:\/\/mondialuitzend.nl\/huisvesting\/","name":"Lak\u00e1s - Mondial Uitzend - Munkaad\u00f3 \u00e9s munkav\u00e1llal\u00f3 k\u00f6z\u00f6tti kapcsolat","isPartOf":{"@id":"https:\/\/mondialuitzend.nl\/#website"},"primaryImageOfPage":{"@id":"https:\/\/mondialuitzend.nl\/huisvesting\/#primaryimage"},"image":{"@id":"https:\/\/mondialuitzend.nl\/huisvesting\/#primaryimage"},"thumbnailUrl":"https:\/\/mondialuitzend.nl\/wp-content\/uploads\/2023\/07\/huisvesting-Volharding.jpg","datePublished":"2023-06-21T12:50:35+00:00","dateModified":"2025-02-11T10:03:01+00:00","description":"Minden sz\u00e1ll\u00e1sunk SNF tan\u00fas\u00edtv\u00e1nnyal rendelkezik. \u00cdgy biztos lehet benne, hogy megfelel a higi\u00e9nia, biztons\u00e1g \u00e9s min\u0151s\u00e9g alapvet\u0151 (vagy t\u00f6bb) k\u00f6vetelm\u00e9nyeinek. Ezt szigor\u00faan ellen\u0151rzik.","breadcrumb":{"@id":"https:\/\/mondialuitzend.nl\/huisvesting\/#breadcrumb"},"inLanguage":"hu","potentialAction":[{"@type":"ReadAction","target":["https:\/\/mondialuitzend.nl\/huisvesting\/"]}]},{"@type":"ImageObject","inLanguage":"hu","@id":"https:\/\/mondialuitzend.nl\/huisvesting\/#primaryimage","url":"https:\/\/mondialuitzend.nl\/wp-content\/uploads\/2023\/07\/huisvesting-Volharding.jpg","contentUrl":"https:\/\/mondialuitzend.nl\/wp-content\/uploads\/2023\/07\/huisvesting-Volharding.jpg","width":640,"height":480},{"@type":"BreadcrumbList","@id":"https:\/\/mondialuitzend.nl\/huisvesting\/#breadcrumb","itemListElement":[{"@type":"ListItem","position":1,"name":"Home","item":"https:\/\/mondialuitzend.nl\/"},{"@type":"ListItem","position":2,"name":"Huisvesting"}]},{"@type":"WebSite","@id":"https:\/\/mondialuitzend.nl\/#website","url":"https:\/\/mondialuitzend.nl\/","name":"Glob\u00e1lis ad\u00e1s","description":"Munkaad\u00f3 \u00e9s munkav\u00e1llal\u00f3 k\u00f6z\u00f6tti kapcsolat","publisher":{"@id":"https:\/\/mondialuitzend.nl\/#organization"},"potentialAction":[{"@type":"SearchAction","target":{"@type":"EntryPoint","urlTemplate":"https:\/\/mondialuitzend.nl\/?s={search_term_string}"},"query-input":{"@type":"PropertyValueSpecification","valueRequired":true,"valueName":"search_term_string"}}],"inLanguage":"hu"},{"@type":"Organization","@id":"https:\/\/mondialuitzend.nl\/#organization","name":"Glob\u00e1lis ad\u00e1s","url":"https:\/\/mondialuitzend.nl\/","logo":{"@type":"ImageObject","inLanguage":"hu","@id":"https:\/\/mondialuitzend.nl\/#\/schema\/logo\/image\/","url":"https:\/\/mondialuitzend.nl\/wp-content\/uploads\/2023\/06\/Logo-MondialUitzend.svg","contentUrl":"https:\/\/mondialuitzend.nl\/wp-content\/uploads\/2023\/06\/Logo-MondialUitzend.svg","width":149,"height":56,"caption":"Mondial Uitzend"},"image":{"@id":"https:\/\/mondialuitzend.nl\/#\/schema\/logo\/image\/"},"sameAs":["https:\/\/www.facebook.com\/mondialuitzendbv\/","https:\/\/www.linkedin.com\/company\/mondial-uitzend-b-v-","https:\/\/www.youtube.com\/channel\/UCPBmFRvmUDCPtpAaFVASV9Q"]}]}},"_links":{"self":[{"href":"https:\/\/mondialuitzend.nl\/hu\/wp-json\/wp\/v2\/pages\/657","targetHints":{"allow":["GET"]}}],"collection":[{"href":"https:\/\/mondialuitzend.nl\/hu\/wp-json\/wp\/v2\/pages"}],"about":[{"href":"https:\/\/mondialuitzend.nl\/hu\/wp-json\/wp\/v2\/types\/page"}],"author":[{"embeddable":true,"href":"https:\/\/mondialuitzend.nl\/hu\/wp-json\/wp\/v2\/users\/4"}],"replies":[{"embeddable":true,"href":"https:\/\/mondialuitzend.nl\/hu\/wp-json\/wp\/v2\/comments?post=657"}],"version-history":[{"count":0,"href":"https:\/\/mondialuitzend.nl\/hu\/wp-json\/wp\/v2\/pages\/657\/revisions"}],"wp:featuredmedia":[{"embeddable":true,"href":"https:\/\/mondialuitzend.nl\/hu\/wp-json\/wp\/v2\/media\/1386"}],"wp:attachment":[{"href":"https:\/\/mondialuitzend.nl\/hu\/wp-json\/wp\/v2\/media?parent=657"}],"curies":[{"name":"munkaf\u00fczet","href":"https:\/\/api.w.org\/{rel}","templated":true}]}}