{"id":660,"date":"2023-06-21T14:52:50","date_gmt":"2023-06-21T12:52:50","guid":{"rendered":"https:\/\/mondialuitzend.nl\/?page_id=660"},"modified":"2026-02-02T08:02:16","modified_gmt":"2026-02-02T07:02:16","slug":"tanusitvanyok","status":"publish","type":"page","link":"https:\/\/mondialuitzend.nl\/hu\/tanusitvanyok\/","title":{"rendered":"Tan\u00fas\u00edtv\u00e1nyok"},"content":{"rendered":"<p>Az al\u00e1bbiakban let\u00f6lthet\u0151 dokumentumokat tal\u00e1l.<\/p>\n<p>Kattintson ide az Mondial Uitzend BV \u00e9s a Mondial Detachering BV c\u00e9gadataival kapcsolatos dokumentumok\u00e9rt.<br \/>\nK\u00e9rd\u00e9seivel keresse irod\u00e1nkat: 0224 591569.<\/p>\n<h3>Mondial Uitzend BV \/ Mondial Detachering BV<\/h3>\n<p>&nbsp;<\/p>\n<ul>\n<li><a href=\"https:\/\/mondialuitzend.nl\/wp-content\/uploads\/2024\/08\/KvK-Mondial-Uitzend-.pdf\" target=\"_blank\" rel=\"noopener\">Kereskedelmi Kamara kivonat Mondial Uitzend BV<\/a><\/li>\n<li><a href=\"https:\/\/mondialuitzend.nl\/wp-content\/uploads\/2024\/08\/KvK-Mondial-Detachering-.pdf\" target=\"_blank\" rel=\"noopener\">Kereskedelmi Kamara kivonata Mondial Detachering BV<\/a><\/li>\n<li><a href=\"https:\/\/mondialuitzend.nl\/wp-content\/uploads\/2024\/08\/2024-04-22-SNA_VerklaringVanRegistratie-Uitzend.pdf\" target=\"_blank\" rel=\"noopener\">Nyilatkozat a munkaszabv\u00e1nyokr\u00f3l Mondial Uitzend<\/a><\/li>\n<li><a href=\"https:\/\/mondialuitzend.nl\/wp-content\/uploads\/2024\/08\/2024-04-22-SNA_VerklaringVanRegistratie-Detachering.pdf\" target=\"_blank\" rel=\"noopener\">Nyilatkozat a munka\u00fcgyi norm\u00e1kr\u00f3l Mondial kirendel\u00e9s<\/a><\/li>\n<li><a href=\"https:\/\/mondialuitzend.nl\/wp-content\/uploads\/2024\/08\/SNF-VerklaringVanRegistratie-Mondial-Uitzend.pdf\" target=\"_blank\" rel=\"noopener\">SNF regisztr\u00e1ci\u00f3s nyilatkozat<\/a><\/li>\n<li><a href=\"https:\/\/mondialuitzend.nl\/wp-content\/uploads\/2026\/02\/2026-Algemene-Voorwaarden-Mondial-Uitzend-B.V_-003.pdf\">\u00c1ltal\u00e1nos szerz\u0151d\u00e9si felt\u00e9telek Mondial Uitzend<\/a><\/li>\n<li><a href=\"https:\/\/mondialuitzend.nl\/wp-content\/uploads\/2026\/02\/2026-Algemene-Voorwaarden-Mondial-Detachering-B.V_-003.pdf\">A Mondial Secondment \u00e1ltal\u00e1nos felt\u00e9telei<\/a><\/li>\n<\/ul>\n<p>Ha a NEN 4400-1 friss\u00edt\u00e9se m\u00e9g nem \u00e9rhet\u0151 el weboldalunkon <a href=\"https:\/\/www.normeringarbeid.nl\/snakeurmerk\/gecertificeerde-ondernemingen\" target=\"_blank\" rel=\"noopener\">kattints ide<\/a> weboldal\u00e1n keresni c\u00e9g\u00fcnket <a href=\"https:\/\/www.normeringarbeid.nl\/\" target=\"_blank\" rel=\"noopener\">normeringwerk.nl<\/a><\/p>\n<h3>H\u00edrek Munka\u00fcgyi \u00fcgyn\u00f6ks\u00e9gek<\/h3>\n<p>Kattintson <a href=\"https:\/\/flexmarkt.nl\/\" target=\"_blank\" rel=\"noopener\">itt<\/a> a munkaer\u0151-k\u00f6lcs\u00f6nz\u00e9s piac\u00e1val kapcsolatos h\u00edrek\u00e9rt.<\/p>\n<h3>Itt tal\u00e1lja kollekt\u00edv munkaszerz\u0151d\u00e9s\u00e9t<\/h3>\n<p>Tov\u00e1bb <a href=\"https:\/\/fnv.nl\/sector-en-cao\/alle-caos\/\" target=\"_blank\" rel=\"noopener\">ezt a weboldalt<\/a> megtal\u00e1lja a c\u00e9g\u00e9re vonatkoz\u00f3, aktu\u00e1lis Kollekt\u00edv Munkaszerz\u0151d\u00e9st.<\/p>\n<p>&nbsp;<\/p>\n<h3 data-start=\"86\" data-end=\"342\"><strong data-start=\"86\" data-end=\"145\">Tagjai vagyunk az ABU-nak \u2013 \u00e9s ez j\u00f3 h\u00edr az \u00d6n sz\u00e1m\u00e1ra!<\/strong><\/h3>\n<p data-start=\"86\" data-end=\"342\">Ez azt jelenti, hogy szigor\u00fa min\u0151s\u00e9gi el\u0151\u00edr\u00e1sok szerint dolgozunk, \u00e9s tisztess\u00e9ges munkak\u00f6r\u00fclm\u00e9nyeket alkalmazunk. De mit is jelent ez pontosan az \u00d6n, mint \u00fcgyf\u00e9l sz\u00e1m\u00e1ra? \u00c9s milyen el\u0151ny\u00f6ket k\u00edn\u00e1l \u00d6nnek <a href=\"https:\/\/www.abu.nl\/keurmerk\/\">ABU<\/a><\/p>\n<p><img decoding=\"async\" class=\"alignnone wp-image-2674\" src=\"https:\/\/mondialuitzend.nl\/wp-content\/uploads\/2025\/02\/ABU-logo-2400dpi-1-300x250.png\" alt=\"\" width=\"120\" height=\"100\" srcset=\"https:\/\/mondialuitzend.nl\/wp-content\/uploads\/2025\/02\/ABU-logo-2400dpi-1-300x250.png 300w, https:\/\/mondialuitzend.nl\/wp-content\/uploads\/2025\/02\/ABU-logo-2400dpi-1-1024x853.png 1024w, https:\/\/mondialuitzend.nl\/wp-content\/uploads\/2025\/02\/ABU-logo-2400dpi-1-768x640.png 768w, https:\/\/mondialuitzend.nl\/wp-content\/uploads\/2025\/02\/ABU-logo-2400dpi-1-1536x1280.png 1536w, https:\/\/mondialuitzend.nl\/wp-content\/uploads\/2025\/02\/ABU-logo-2400dpi-1-2048x1707.png 2048w, https:\/\/mondialuitzend.nl\/wp-content\/uploads\/2025\/02\/ABU-logo-2400dpi-1-14x12.png 14w, https:\/\/mondialuitzend.nl\/wp-content\/uploads\/2025\/02\/ABU-logo-2400dpi-1-600x500.png 600w\" sizes=\"(max-width: 120px) 100vw, 120px\" \/><\/p>\n<p>&nbsp;<\/p>\n<p>&nbsp;<\/p>","protected":false},"excerpt":{"rendered":"<p>Hieronder vindt u documenten die u kunt downloaden. Klik hier voor de documenten die betrekking hebben op de bedrijfsgegevens van Mondial Uitzend B.V. en Mondial Detachering B.V.. Voor vragen kunt u contact opnemen met ons kantoor: 0224 591569. Mondial Uitzend BV \/ Mondial Detachering BV &nbsp; KvK Uittreksel Mondial Uitzend BV KvK Uitreksel Mondial Detachering [&hellip;]<\/p>\n","protected":false},"author":4,"featured_media":0,"parent":0,"menu_order":74,"comment_status":"closed","ping_status":"closed","template":"","meta":{"footnotes":""},"class_list":["post-660","page","type-page","status-publish","hentry"],"yoast_head":"<!-- This site is optimized with the Yoast SEO plugin v27.3 - https:\/\/yoast.com\/product\/yoast-seo-wordpress\/ -->\n<title>Certificaten - Mondial Uitzend - Verbindend tussen werkgever en werknemer<\/title>\n<meta name=\"description\" content=\"Hieronder vindt u documenten die u kunt downloaden.\" \/>\n<meta name=\"robots\" content=\"index, follow, max-snippet:-1, max-image-preview:large, max-video-preview:-1\" \/>\n<link rel=\"canonical\" href=\"https:\/\/mondialuitzend.nl\/hu\/tanusitvanyok\/\" \/>\n<meta property=\"og:locale\" content=\"hu_HU\" \/>\n<meta property=\"og:type\" content=\"article\" \/>\n<meta property=\"og:title\" content=\"Certificaten - Mondial Uitzend - Verbindend tussen werkgever en werknemer\" \/>\n<meta property=\"og:description\" content=\"Hieronder vindt u documenten die u kunt downloaden.\" \/>\n<meta property=\"og:url\" content=\"https:\/\/mondialuitzend.nl\/hu\/tanusitvanyok\/\" \/>\n<meta property=\"og:site_name\" content=\"Mondial Uitzend\" \/>\n<meta property=\"article:publisher\" content=\"https:\/\/www.facebook.com\/mondialuitzendbv\/\" \/>\n<meta property=\"article:modified_time\" content=\"2026-02-02T07:02:16+00:00\" \/>\n<meta property=\"og:image\" content=\"https:\/\/mondialuitzend.nl\/wp-content\/uploads\/2025\/02\/ABU-logo-2400dpi-1.png\" \/>\n\t<meta property=\"og:image:width\" content=\"3720\" \/>\n\t<meta property=\"og:image:height\" content=\"3100\" \/>\n\t<meta property=\"og:image:type\" content=\"image\/png\" \/>\n<meta name=\"twitter:card\" content=\"summary_large_image\" \/>\n<meta name=\"twitter:label1\" content=\"Becs\u00fclt olvas\u00e1si id\u0151\" \/>\n\t<meta name=\"twitter:data1\" content=\"2 perc\" \/>\n<script type=\"application\/ld+json\" class=\"yoast-schema-graph\">{\"@context\":\"https:\\\/\\\/schema.org\",\"@graph\":[{\"@type\":\"WebPage\",\"@id\":\"https:\\\/\\\/mondialuitzend.nl\\\/certificaten\\\/\",\"url\":\"https:\\\/\\\/mondialuitzend.nl\\\/certificaten\\\/\",\"name\":\"Certificaten - Mondial Uitzend - Verbindend tussen werkgever en werknemer\",\"isPartOf\":{\"@id\":\"https:\\\/\\\/mondialuitzend.nl\\\/#website\"},\"primaryImageOfPage\":{\"@id\":\"https:\\\/\\\/mondialuitzend.nl\\\/certificaten\\\/#primaryimage\"},\"image\":{\"@id\":\"https:\\\/\\\/mondialuitzend.nl\\\/certificaten\\\/#primaryimage\"},\"thumbnailUrl\":\"https:\\\/\\\/mondialuitzend.nl\\\/wp-content\\\/uploads\\\/2025\\\/02\\\/ABU-logo-2400dpi-1-300x250.png\",\"datePublished\":\"2023-06-21T12:52:50+00:00\",\"dateModified\":\"2026-02-02T07:02:16+00:00\",\"description\":\"Hieronder vindt u documenten die u kunt downloaden.\",\"breadcrumb\":{\"@id\":\"https:\\\/\\\/mondialuitzend.nl\\\/certificaten\\\/#breadcrumb\"},\"inLanguage\":\"hu\",\"potentialAction\":[{\"@type\":\"ReadAction\",\"target\":[\"https:\\\/\\\/mondialuitzend.nl\\\/certificaten\\\/\"]}]},{\"@type\":\"ImageObject\",\"inLanguage\":\"hu\",\"@id\":\"https:\\\/\\\/mondialuitzend.nl\\\/certificaten\\\/#primaryimage\",\"url\":\"https:\\\/\\\/mondialuitzend.nl\\\/wp-content\\\/uploads\\\/2025\\\/02\\\/ABU-logo-2400dpi-1-300x250.png\",\"contentUrl\":\"https:\\\/\\\/mondialuitzend.nl\\\/wp-content\\\/uploads\\\/2025\\\/02\\\/ABU-logo-2400dpi-1-300x250.png\"},{\"@type\":\"BreadcrumbList\",\"@id\":\"https:\\\/\\\/mondialuitzend.nl\\\/certificaten\\\/#breadcrumb\",\"itemListElement\":[{\"@type\":\"ListItem\",\"position\":1,\"name\":\"Home\",\"item\":\"https:\\\/\\\/mondialuitzend.nl\\\/\"},{\"@type\":\"ListItem\",\"position\":2,\"name\":\"Certificaten\"}]},{\"@type\":\"WebSite\",\"@id\":\"https:\\\/\\\/mondialuitzend.nl\\\/#website\",\"url\":\"https:\\\/\\\/mondialuitzend.nl\\\/\",\"name\":\"Mondial Uitzend\",\"description\":\"Verbindend tussen werkgever en werknemer\",\"publisher\":{\"@id\":\"https:\\\/\\\/mondialuitzend.nl\\\/#organization\"},\"potentialAction\":[{\"@type\":\"SearchAction\",\"target\":{\"@type\":\"EntryPoint\",\"urlTemplate\":\"https:\\\/\\\/mondialuitzend.nl\\\/?s={search_term_string}\"},\"query-input\":{\"@type\":\"PropertyValueSpecification\",\"valueRequired\":true,\"valueName\":\"search_term_string\"}}],\"inLanguage\":\"hu\"},{\"@type\":\"Organization\",\"@id\":\"https:\\\/\\\/mondialuitzend.nl\\\/#organization\",\"name\":\"Mondial Uitzend\",\"url\":\"https:\\\/\\\/mondialuitzend.nl\\\/\",\"logo\":{\"@type\":\"ImageObject\",\"inLanguage\":\"hu\",\"@id\":\"https:\\\/\\\/mondialuitzend.nl\\\/#\\\/schema\\\/logo\\\/image\\\/\",\"url\":\"https:\\\/\\\/mondialuitzend.nl\\\/wp-content\\\/uploads\\\/2023\\\/06\\\/Logo-MondialUitzend.svg\",\"contentUrl\":\"https:\\\/\\\/mondialuitzend.nl\\\/wp-content\\\/uploads\\\/2023\\\/06\\\/Logo-MondialUitzend.svg\",\"width\":149,\"height\":56,\"caption\":\"Mondial Uitzend\"},\"image\":{\"@id\":\"https:\\\/\\\/mondialuitzend.nl\\\/#\\\/schema\\\/logo\\\/image\\\/\"},\"sameAs\":[\"https:\\\/\\\/www.facebook.com\\\/mondialuitzendbv\\\/\",\"https:\\\/\\\/www.linkedin.com\\\/company\\\/mondial-uitzend-b-v-\",\"https:\\\/\\\/www.youtube.com\\\/channel\\\/UCPBmFRvmUDCPtpAaFVASV9Q\"]}]}<\/script>\n<!-- \/ Yoast SEO plugin. -->","yoast_head_json":{"title":"Tan\u00fas\u00edtv\u00e1nyok - Mondial Uitzend - Munkaad\u00f3 \u00e9s munkav\u00e1llal\u00f3 k\u00f6z\u00f6tti kapcsolat","description":"Az al\u00e1bbiakban let\u00f6lthet\u0151 dokumentumokat tal\u00e1l.","robots":{"index":"index","follow":"follow","max-snippet":"max-snippet:-1","max-image-preview":"max-image-preview:large","max-video-preview":"max-video-preview:-1"},"canonical":"https:\/\/mondialuitzend.nl\/hu\/tanusitvanyok\/","og_locale":"hu_HU","og_type":"article","og_title":"Certificaten - Mondial Uitzend - Verbindend tussen werkgever en werknemer","og_description":"Hieronder vindt u documenten die u kunt downloaden.","og_url":"https:\/\/mondialuitzend.nl\/hu\/tanusitvanyok\/","og_site_name":"Mondial Uitzend","article_publisher":"https:\/\/www.facebook.com\/mondialuitzendbv\/","article_modified_time":"2026-02-02T07:02:16+00:00","og_image":[{"width":3720,"height":3100,"url":"https:\/\/mondialuitzend.nl\/wp-content\/uploads\/2025\/02\/ABU-logo-2400dpi-1.png","type":"image\/png"}],"twitter_card":"summary_large_image","twitter_misc":{"Becs\u00fclt olvas\u00e1si id\u0151":"2 perc"},"schema":{"@context":"https:\/\/schema.org","@graph":[{"@type":"WebPage","@id":"https:\/\/mondialuitzend.nl\/certificaten\/","url":"https:\/\/mondialuitzend.nl\/certificaten\/","name":"Tan\u00fas\u00edtv\u00e1nyok - Mondial Uitzend - Munkaad\u00f3 \u00e9s munkav\u00e1llal\u00f3 k\u00f6z\u00f6tti kapcsolat","isPartOf":{"@id":"https:\/\/mondialuitzend.nl\/#website"},"primaryImageOfPage":{"@id":"https:\/\/mondialuitzend.nl\/certificaten\/#primaryimage"},"image":{"@id":"https:\/\/mondialuitzend.nl\/certificaten\/#primaryimage"},"thumbnailUrl":"https:\/\/mondialuitzend.nl\/wp-content\/uploads\/2025\/02\/ABU-logo-2400dpi-1-300x250.png","datePublished":"2023-06-21T12:52:50+00:00","dateModified":"2026-02-02T07:02:16+00:00","description":"Az al\u00e1bbiakban let\u00f6lthet\u0151 dokumentumokat tal\u00e1l.","breadcrumb":{"@id":"https:\/\/mondialuitzend.nl\/certificaten\/#breadcrumb"},"inLanguage":"hu","potentialAction":[{"@type":"ReadAction","target":["https:\/\/mondialuitzend.nl\/certificaten\/"]}]},{"@type":"ImageObject","inLanguage":"hu","@id":"https:\/\/mondialuitzend.nl\/certificaten\/#primaryimage","url":"https:\/\/mondialuitzend.nl\/wp-content\/uploads\/2025\/02\/ABU-logo-2400dpi-1-300x250.png","contentUrl":"https:\/\/mondialuitzend.nl\/wp-content\/uploads\/2025\/02\/ABU-logo-2400dpi-1-300x250.png"},{"@type":"BreadcrumbList","@id":"https:\/\/mondialuitzend.nl\/certificaten\/#breadcrumb","itemListElement":[{"@type":"ListItem","position":1,"name":"Home","item":"https:\/\/mondialuitzend.nl\/"},{"@type":"ListItem","position":2,"name":"Certificaten"}]},{"@type":"WebSite","@id":"https:\/\/mondialuitzend.nl\/#website","url":"https:\/\/mondialuitzend.nl\/","name":"Glob\u00e1lis ad\u00e1s","description":"Munkaad\u00f3 \u00e9s munkav\u00e1llal\u00f3 k\u00f6z\u00f6tti kapcsolat","publisher":{"@id":"https:\/\/mondialuitzend.nl\/#organization"},"potentialAction":[{"@type":"SearchAction","target":{"@type":"EntryPoint","urlTemplate":"https:\/\/mondialuitzend.nl\/?s={search_term_string}"},"query-input":{"@type":"PropertyValueSpecification","valueRequired":true,"valueName":"search_term_string"}}],"inLanguage":"hu"},{"@type":"Organization","@id":"https:\/\/mondialuitzend.nl\/#organization","name":"Glob\u00e1lis ad\u00e1s","url":"https:\/\/mondialuitzend.nl\/","logo":{"@type":"ImageObject","inLanguage":"hu","@id":"https:\/\/mondialuitzend.nl\/#\/schema\/logo\/image\/","url":"https:\/\/mondialuitzend.nl\/wp-content\/uploads\/2023\/06\/Logo-MondialUitzend.svg","contentUrl":"https:\/\/mondialuitzend.nl\/wp-content\/uploads\/2023\/06\/Logo-MondialUitzend.svg","width":149,"height":56,"caption":"Mondial Uitzend"},"image":{"@id":"https:\/\/mondialuitzend.nl\/#\/schema\/logo\/image\/"},"sameAs":["https:\/\/www.facebook.com\/mondialuitzendbv\/","https:\/\/www.linkedin.com\/company\/mondial-uitzend-b-v-","https:\/\/www.youtube.com\/channel\/UCPBmFRvmUDCPtpAaFVASV9Q"]}]}},"_links":{"self":[{"href":"https:\/\/mondialuitzend.nl\/hu\/wp-json\/wp\/v2\/pages\/660","targetHints":{"allow":["GET"]}}],"collection":[{"href":"https:\/\/mondialuitzend.nl\/hu\/wp-json\/wp\/v2\/pages"}],"about":[{"href":"https:\/\/mondialuitzend.nl\/hu\/wp-json\/wp\/v2\/types\/page"}],"author":[{"embeddable":true,"href":"https:\/\/mondialuitzend.nl\/hu\/wp-json\/wp\/v2\/users\/4"}],"replies":[{"embeddable":true,"href":"https:\/\/mondialuitzend.nl\/hu\/wp-json\/wp\/v2\/comments?post=660"}],"version-history":[{"count":0,"href":"https:\/\/mondialuitzend.nl\/hu\/wp-json\/wp\/v2\/pages\/660\/revisions"}],"wp:attachment":[{"href":"https:\/\/mondialuitzend.nl\/hu\/wp-json\/wp\/v2\/media?parent=660"}],"curies":[{"name":"munkaf\u00fczet","href":"https:\/\/api.w.org\/{rel}","templated":true}]}}