{"id":1043,"date":"2023-06-22T16:29:38","date_gmt":"2023-06-22T14:29:38","guid":{"rendered":"https:\/\/mondialuitzend.nl\/?page_id=1043"},"modified":"2024-01-16T09:10:45","modified_gmt":"2024-01-16T08:10:45","slug":"usluga-zgodna-z-przeznaczeniem","status":"publish","type":"page","link":"https:\/\/mondialuitzend.nl\/pl\/usluga-zgodna-z-przeznaczeniem\/","title":{"rendered":"Obs\u0142uga zgodnie z przeznaczeniem"},"content":{"rendered":"<div id=\"contentPageRow1\" class=\"page-content text-left pb-4 pt-4\">\n<div class=\"container\">\n<div class=\"row\">\n<div class=\"col-lg-6 mb-4\">\n<div id=\"contentPageRow1Block1\" class=\"content-block\">\n<p>W Mondial Uitzend oferujemy us\u0142ugi i jeste\u015bmy zaanga\u017cowani. Z naszymi wsp\u00f3\u0142pracownikami w biurze, wobec naszych pracownik\u00f3w tymczasowych i wobec naszych klient\u00f3w. Wraz z naszym zespo\u0142em staramy si\u0119 znale\u017a\u0107 najlepszego pracownika elastycznego do danego zadania, zaj\u0105\u0107 si\u0119 wszystkimi sprawami administracyjnymi, a tym samym uwolni\u0107 naszych klient\u00f3w od ich zmartwie\u0144. Jako\u015b\u0107 jest tutaj najwa\u017cniejsza.<\/p>\n<p>&nbsp;<\/p>\n<p><em>Pracujemy dla ludzi i z lud\u017ami i robimy to uczciwie.<\/em><\/p>\n<p>&nbsp;<\/p>\n<p>Co nas wyr\u00f3\u017cnia?<\/p>\n<ul>\n<li>Nasza szeroka dost\u0119pno\u015b\u0107. Jeste\u015bmy dost\u0119pni od poniedzia\u0142ku do soboty od 6:30.<\/li>\n<li>Lubimy przejrzysto\u015b\u0107. To tak\u017ce nasz spos\u00f3b komunikowania si\u0119. Nie mo\u017cesz spe\u0142ni\u0107 \u017cyczenia? Wi\u0119c m\u00f3wimy to te\u017c, bez objazd\u00f3w. Nie wybieramy najprostszego rozwi\u0105zania, ale najlepsze. Dla wszystkich stron.<\/li>\n<li>Nie tylko co roku szkolimy nasz zesp\u00f3\u0142 w biurze, nasi pracownicy elastyczni s\u0105 r\u00f3wnie\u017c aktywnie szkoleni i edukowani. Pomy\u015bl o zdobyciu certyfikat\u00f3w na w\u00f3zki wid\u0142owe, VCA, BHV, kursach j\u0119zykowych itp.<\/li>\n<li>Pracujemy zgodnie z najnowszymi przepisami i regulacjami. Poniewa\u017c lubimy dba\u0107 o naszych klient\u00f3w i naszych pracownik\u00f3w tymczasowych.<\/li>\n<li>Dostosowujemy si\u0119 do potrzeb naszego klienta. Niezale\u017cnie od tego, czy masz prac\u0119 na 1 dzie\u0144, czy na d\u0142u\u017cszy okres czasu, ch\u0119tnie Ci pomo\u017cemy.<\/li>\n<\/ul>\n<\/div>\n<\/div>\n<\/div>\n<\/div>\n<\/div>","protected":false},"excerpt":{"rendered":"<p>Bij Mondial Uitzend bieden wij service en zijn wij betrokken. Bij onze collega\u2019s op kantoor, richting onze flexwerkers en richting onze klanten. Met ons team streven wij ernaar de beste flexwerker(s) voor de opdracht te vinden, alle administratieve zaken op ons te nemen en zo onze klanten te ontzorgen. Kwaliteit staat hierbij voorop. &nbsp; Wij [&hellip;]<\/p>\n","protected":false},"author":4,"featured_media":2099,"parent":0,"menu_order":15,"comment_status":"closed","ping_status":"closed","template":"","meta":{"footnotes":""},"class_list":["post-1043","page","type-page","status-publish","has-post-thumbnail","hentry"],"yoast_head":"<!-- This site is optimized with the Yoast SEO plugin v27.3 - https:\/\/yoast.com\/product\/yoast-seo-wordpress\/ -->\n<title>Dienstverlening zoals die bedoeld is - Mondial Uitzend - Verbindend tussen werkgever en werknemer<\/title>\n<meta name=\"description\" content=\"Bij Mondial Uitzend bieden wij service en zijn wij betrokken. Bij onze collega\u2019s op kantoor, richting onze flexwerkers en richting onze klanten. Met ons team streven wij ernaar de beste flexwerker(s) voor de opdracht te vinden, alle administratieve zaken op ons te nemen en zo onze klanten te ontzorgen. Kwaliteit staat hierbij voorop.\" \/>\n<meta name=\"robots\" content=\"index, follow, max-snippet:-1, max-image-preview:large, max-video-preview:-1\" \/>\n<link rel=\"canonical\" href=\"https:\/\/mondialuitzend.nl\/pl\/usluga-zgodna-z-przeznaczeniem\/\" \/>\n<meta property=\"og:locale\" content=\"pl_PL\" \/>\n<meta property=\"og:type\" content=\"article\" \/>\n<meta property=\"og:title\" content=\"Dienstverlening zoals die bedoeld is - Mondial Uitzend - Verbindend tussen werkgever en werknemer\" \/>\n<meta property=\"og:description\" content=\"Bij Mondial Uitzend bieden wij service en zijn wij betrokken. Bij onze collega\u2019s op kantoor, richting onze flexwerkers en richting onze klanten. Met ons team streven wij ernaar de beste flexwerker(s) voor de opdracht te vinden, alle administratieve zaken op ons te nemen en zo onze klanten te ontzorgen. Kwaliteit staat hierbij voorop.\" \/>\n<meta property=\"og:url\" content=\"https:\/\/mondialuitzend.nl\/pl\/usluga-zgodna-z-przeznaczeniem\/\" \/>\n<meta property=\"og:site_name\" content=\"Mondial Uitzend\" \/>\n<meta property=\"article:publisher\" content=\"https:\/\/www.facebook.com\/mondialuitzendbv\/\" \/>\n<meta property=\"article:modified_time\" content=\"2024-01-16T08:10:45+00:00\" \/>\n<meta property=\"og:image\" content=\"https:\/\/mondialuitzend.nl\/wp-content\/uploads\/2024\/01\/dienstverlening-1.jpg\" \/>\n\t<meta property=\"og:image:width\" content=\"2000\" \/>\n\t<meta property=\"og:image:height\" content=\"1500\" \/>\n\t<meta property=\"og:image:type\" content=\"image\/jpeg\" \/>\n<meta name=\"twitter:card\" content=\"summary_large_image\" \/>\n<meta name=\"twitter:label1\" content=\"Szacowany czas czytania\" \/>\n\t<meta name=\"twitter:data1\" content=\"2 minuty\" \/>\n<script type=\"application\/ld+json\" class=\"yoast-schema-graph\">{\"@context\":\"https:\\\/\\\/schema.org\",\"@graph\":[{\"@type\":\"WebPage\",\"@id\":\"https:\\\/\\\/mondialuitzend.nl\\\/dienstverlening-zoals-die-bedoeld-is\\\/\",\"url\":\"https:\\\/\\\/mondialuitzend.nl\\\/dienstverlening-zoals-die-bedoeld-is\\\/\",\"name\":\"Dienstverlening zoals die bedoeld is - Mondial Uitzend - Verbindend tussen werkgever en werknemer\",\"isPartOf\":{\"@id\":\"https:\\\/\\\/mondialuitzend.nl\\\/#website\"},\"primaryImageOfPage\":{\"@id\":\"https:\\\/\\\/mondialuitzend.nl\\\/dienstverlening-zoals-die-bedoeld-is\\\/#primaryimage\"},\"image\":{\"@id\":\"https:\\\/\\\/mondialuitzend.nl\\\/dienstverlening-zoals-die-bedoeld-is\\\/#primaryimage\"},\"thumbnailUrl\":\"https:\\\/\\\/mondialuitzend.nl\\\/wp-content\\\/uploads\\\/2024\\\/01\\\/dienstverlening-1.jpg\",\"datePublished\":\"2023-06-22T14:29:38+00:00\",\"dateModified\":\"2024-01-16T08:10:45+00:00\",\"description\":\"Bij Mondial Uitzend bieden wij service en zijn wij betrokken. Bij onze collega\u2019s op kantoor, richting onze flexwerkers en richting onze klanten. Met ons team streven wij ernaar de beste flexwerker(s) voor de opdracht te vinden, alle administratieve zaken op ons te nemen en zo onze klanten te ontzorgen. Kwaliteit staat hierbij voorop.\",\"breadcrumb\":{\"@id\":\"https:\\\/\\\/mondialuitzend.nl\\\/dienstverlening-zoals-die-bedoeld-is\\\/#breadcrumb\"},\"inLanguage\":\"pl-PL\",\"potentialAction\":[{\"@type\":\"ReadAction\",\"target\":[\"https:\\\/\\\/mondialuitzend.nl\\\/dienstverlening-zoals-die-bedoeld-is\\\/\"]}]},{\"@type\":\"ImageObject\",\"inLanguage\":\"pl-PL\",\"@id\":\"https:\\\/\\\/mondialuitzend.nl\\\/dienstverlening-zoals-die-bedoeld-is\\\/#primaryimage\",\"url\":\"https:\\\/\\\/mondialuitzend.nl\\\/wp-content\\\/uploads\\\/2024\\\/01\\\/dienstverlening-1.jpg\",\"contentUrl\":\"https:\\\/\\\/mondialuitzend.nl\\\/wp-content\\\/uploads\\\/2024\\\/01\\\/dienstverlening-1.jpg\",\"width\":2000,\"height\":1500},{\"@type\":\"BreadcrumbList\",\"@id\":\"https:\\\/\\\/mondialuitzend.nl\\\/dienstverlening-zoals-die-bedoeld-is\\\/#breadcrumb\",\"itemListElement\":[{\"@type\":\"ListItem\",\"position\":1,\"name\":\"Home\",\"item\":\"https:\\\/\\\/mondialuitzend.nl\\\/\"},{\"@type\":\"ListItem\",\"position\":2,\"name\":\"Dienstverlening zoals die bedoeld is\"}]},{\"@type\":\"WebSite\",\"@id\":\"https:\\\/\\\/mondialuitzend.nl\\\/#website\",\"url\":\"https:\\\/\\\/mondialuitzend.nl\\\/\",\"name\":\"Mondial Uitzend\",\"description\":\"Verbindend tussen werkgever en werknemer\",\"publisher\":{\"@id\":\"https:\\\/\\\/mondialuitzend.nl\\\/#organization\"},\"potentialAction\":[{\"@type\":\"SearchAction\",\"target\":{\"@type\":\"EntryPoint\",\"urlTemplate\":\"https:\\\/\\\/mondialuitzend.nl\\\/?s={search_term_string}\"},\"query-input\":{\"@type\":\"PropertyValueSpecification\",\"valueRequired\":true,\"valueName\":\"search_term_string\"}}],\"inLanguage\":\"pl-PL\"},{\"@type\":\"Organization\",\"@id\":\"https:\\\/\\\/mondialuitzend.nl\\\/#organization\",\"name\":\"Mondial Uitzend\",\"url\":\"https:\\\/\\\/mondialuitzend.nl\\\/\",\"logo\":{\"@type\":\"ImageObject\",\"inLanguage\":\"pl-PL\",\"@id\":\"https:\\\/\\\/mondialuitzend.nl\\\/#\\\/schema\\\/logo\\\/image\\\/\",\"url\":\"https:\\\/\\\/mondialuitzend.nl\\\/wp-content\\\/uploads\\\/2023\\\/06\\\/Logo-MondialUitzend.svg\",\"contentUrl\":\"https:\\\/\\\/mondialuitzend.nl\\\/wp-content\\\/uploads\\\/2023\\\/06\\\/Logo-MondialUitzend.svg\",\"width\":149,\"height\":56,\"caption\":\"Mondial Uitzend\"},\"image\":{\"@id\":\"https:\\\/\\\/mondialuitzend.nl\\\/#\\\/schema\\\/logo\\\/image\\\/\"},\"sameAs\":[\"https:\\\/\\\/www.facebook.com\\\/mondialuitzendbv\\\/\",\"https:\\\/\\\/www.linkedin.com\\\/company\\\/mondial-uitzend-b-v-\",\"https:\\\/\\\/www.youtube.com\\\/channel\\\/UCPBmFRvmUDCPtpAaFVASV9Q\"]}]}<\/script>\n<!-- \/ Yoast SEO plugin. -->","yoast_head_json":{"title":"\u015awiadczenie us\u0142ug zgodnie z przeznaczeniem - Mondial Uitzend - \u0141\u0105czenie mi\u0119dzy pracodawc\u0105 a pracownikiem","description":"W Mondial Uitzend oferujemy us\u0142ugi i jeste\u015bmy zaanga\u017cowani. Z naszymi wsp\u00f3\u0142pracownikami w biurze, wobec naszych pracownik\u00f3w tymczasowych i wobec naszych klient\u00f3w. Wraz z naszym zespo\u0142em staramy si\u0119 znale\u017a\u0107 najlepszego pracownika elastycznego do danego zadania, zaj\u0105\u0107 si\u0119 wszystkimi sprawami administracyjnymi, a tym samym uwolni\u0107 naszych klient\u00f3w od ich zmartwie\u0144. Jako\u015b\u0107 jest tutaj najwa\u017cniejsza.","robots":{"index":"index","follow":"follow","max-snippet":"max-snippet:-1","max-image-preview":"max-image-preview:large","max-video-preview":"max-video-preview:-1"},"canonical":"https:\/\/mondialuitzend.nl\/pl\/usluga-zgodna-z-przeznaczeniem\/","og_locale":"pl_PL","og_type":"article","og_title":"Dienstverlening zoals die bedoeld is - Mondial Uitzend - Verbindend tussen werkgever en werknemer","og_description":"Bij Mondial Uitzend bieden wij service en zijn wij betrokken. Bij onze collega\u2019s op kantoor, richting onze flexwerkers en richting onze klanten. Met ons team streven wij ernaar de beste flexwerker(s) voor de opdracht te vinden, alle administratieve zaken op ons te nemen en zo onze klanten te ontzorgen. Kwaliteit staat hierbij voorop.","og_url":"https:\/\/mondialuitzend.nl\/pl\/usluga-zgodna-z-przeznaczeniem\/","og_site_name":"Mondial Uitzend","article_publisher":"https:\/\/www.facebook.com\/mondialuitzendbv\/","article_modified_time":"2024-01-16T08:10:45+00:00","og_image":[{"width":2000,"height":1500,"url":"https:\/\/mondialuitzend.nl\/wp-content\/uploads\/2024\/01\/dienstverlening-1.jpg","type":"image\/jpeg"}],"twitter_card":"summary_large_image","twitter_misc":{"Szacowany czas czytania":"2 minuty"},"schema":{"@context":"https:\/\/schema.org","@graph":[{"@type":"WebPage","@id":"https:\/\/mondialuitzend.nl\/dienstverlening-zoals-die-bedoeld-is\/","url":"https:\/\/mondialuitzend.nl\/dienstverlening-zoals-die-bedoeld-is\/","name":"\u015awiadczenie us\u0142ug zgodnie z przeznaczeniem - Mondial Uitzend - \u0141\u0105czenie mi\u0119dzy pracodawc\u0105 a pracownikiem","isPartOf":{"@id":"https:\/\/mondialuitzend.nl\/#website"},"primaryImageOfPage":{"@id":"https:\/\/mondialuitzend.nl\/dienstverlening-zoals-die-bedoeld-is\/#primaryimage"},"image":{"@id":"https:\/\/mondialuitzend.nl\/dienstverlening-zoals-die-bedoeld-is\/#primaryimage"},"thumbnailUrl":"https:\/\/mondialuitzend.nl\/wp-content\/uploads\/2024\/01\/dienstverlening-1.jpg","datePublished":"2023-06-22T14:29:38+00:00","dateModified":"2024-01-16T08:10:45+00:00","description":"W Mondial Uitzend oferujemy us\u0142ugi i jeste\u015bmy zaanga\u017cowani. Z naszymi wsp\u00f3\u0142pracownikami w biurze, wobec naszych pracownik\u00f3w tymczasowych i wobec naszych klient\u00f3w. Wraz z naszym zespo\u0142em staramy si\u0119 znale\u017a\u0107 najlepszego pracownika elastycznego do danego zadania, zaj\u0105\u0107 si\u0119 wszystkimi sprawami administracyjnymi, a tym samym uwolni\u0107 naszych klient\u00f3w od ich zmartwie\u0144. Jako\u015b\u0107 jest tutaj najwa\u017cniejsza.","breadcrumb":{"@id":"https:\/\/mondialuitzend.nl\/dienstverlening-zoals-die-bedoeld-is\/#breadcrumb"},"inLanguage":"pl-PL","potentialAction":[{"@type":"ReadAction","target":["https:\/\/mondialuitzend.nl\/dienstverlening-zoals-die-bedoeld-is\/"]}]},{"@type":"ImageObject","inLanguage":"pl-PL","@id":"https:\/\/mondialuitzend.nl\/dienstverlening-zoals-die-bedoeld-is\/#primaryimage","url":"https:\/\/mondialuitzend.nl\/wp-content\/uploads\/2024\/01\/dienstverlening-1.jpg","contentUrl":"https:\/\/mondialuitzend.nl\/wp-content\/uploads\/2024\/01\/dienstverlening-1.jpg","width":2000,"height":1500},{"@type":"BreadcrumbList","@id":"https:\/\/mondialuitzend.nl\/dienstverlening-zoals-die-bedoeld-is\/#breadcrumb","itemListElement":[{"@type":"ListItem","position":1,"name":"Home","item":"https:\/\/mondialuitzend.nl\/"},{"@type":"ListItem","position":2,"name":"Dienstverlening zoals die bedoeld is"}]},{"@type":"WebSite","@id":"https:\/\/mondialuitzend.nl\/#website","url":"https:\/\/mondialuitzend.nl\/","name":"Transmisja globalna","description":"\u0141\u0105czenie mi\u0119dzy pracodawc\u0105 a pracownikiem","publisher":{"@id":"https:\/\/mondialuitzend.nl\/#organization"},"potentialAction":[{"@type":"SearchAction","target":{"@type":"EntryPoint","urlTemplate":"https:\/\/mondialuitzend.nl\/?s={search_term_string}"},"query-input":{"@type":"PropertyValueSpecification","valueRequired":true,"valueName":"search_term_string"}}],"inLanguage":"pl-PL"},{"@type":"Organization","@id":"https:\/\/mondialuitzend.nl\/#organization","name":"Transmisja globalna","url":"https:\/\/mondialuitzend.nl\/","logo":{"@type":"ImageObject","inLanguage":"pl-PL","@id":"https:\/\/mondialuitzend.nl\/#\/schema\/logo\/image\/","url":"https:\/\/mondialuitzend.nl\/wp-content\/uploads\/2023\/06\/Logo-MondialUitzend.svg","contentUrl":"https:\/\/mondialuitzend.nl\/wp-content\/uploads\/2023\/06\/Logo-MondialUitzend.svg","width":149,"height":56,"caption":"Mondial Uitzend"},"image":{"@id":"https:\/\/mondialuitzend.nl\/#\/schema\/logo\/image\/"},"sameAs":["https:\/\/www.facebook.com\/mondialuitzendbv\/","https:\/\/www.linkedin.com\/company\/mondial-uitzend-b-v-","https:\/\/www.youtube.com\/channel\/UCPBmFRvmUDCPtpAaFVASV9Q"]}]}},"_links":{"self":[{"href":"https:\/\/mondialuitzend.nl\/pl\/wp-json\/wp\/v2\/pages\/1043","targetHints":{"allow":["GET"]}}],"collection":[{"href":"https:\/\/mondialuitzend.nl\/pl\/wp-json\/wp\/v2\/pages"}],"about":[{"href":"https:\/\/mondialuitzend.nl\/pl\/wp-json\/wp\/v2\/types\/page"}],"author":[{"embeddable":true,"href":"https:\/\/mondialuitzend.nl\/pl\/wp-json\/wp\/v2\/users\/4"}],"replies":[{"embeddable":true,"href":"https:\/\/mondialuitzend.nl\/pl\/wp-json\/wp\/v2\/comments?post=1043"}],"version-history":[{"count":0,"href":"https:\/\/mondialuitzend.nl\/pl\/wp-json\/wp\/v2\/pages\/1043\/revisions"}],"wp:featuredmedia":[{"embeddable":true,"href":"https:\/\/mondialuitzend.nl\/pl\/wp-json\/wp\/v2\/media\/2099"}],"wp:attachment":[{"href":"https:\/\/mondialuitzend.nl\/pl\/wp-json\/wp\/v2\/media?parent=1043"}],"curies":[{"name":"wp","href":"https:\/\/api.w.org\/{rel}","templated":true}]}}