{"id":484,"date":"2023-06-21T11:39:08","date_gmt":"2023-06-21T09:39:08","guid":{"rendered":"https:\/\/mondialuitzend.nl\/?page_id=484"},"modified":"2023-06-21T15:02:46","modified_gmt":"2023-06-21T13:02:46","slug":"polityka-prywatnosci","status":"publish","type":"page","link":"https:\/\/mondialuitzend.nl\/pl\/polityka-prywatnosci\/","title":{"rendered":"Polityka prywatno\u015bci"},"content":{"rendered":"<p>Firma Mondial Uitzend BV z siedzib\u0105 pod adresem Bosweg 17 w \u201et Zand\u201d odpowiada za przetwarzanie danych osobowych zgodnie z niniejszym o\u015bwiadczeniem o ochronie prywatno\u015bci.<\/p>\n<p>Szczeg\u00f3\u0142y kontaktu:<\/p>\n<p>Mondial Uitzend BV\/ Oddelegowanie BV<\/p>\n<p>Bosweg 15a<\/p>\n<p>1756CH &#039;t Zand<\/p>\n<p><a href=\"https:\/\/mondialuitzend.nl\/pl\/%20\/\">https:\/\/mondialuitzend.nl\/\u00a0<\/a><\/p>\n<p>0224- 591569<\/p>\n<p>&nbsp;<\/p>\n<h3>Dane osobowe, kt\u00f3re przetwarzamy<\/h3>\n<p>Mondial Uitzend BV przetwarza Twoje dane osobowe, poniewa\u017c korzystasz z naszych us\u0142ug i\/lub poniewa\u017c sam przekazujesz nam te informacje. Poni\u017cej znajduje si\u0119 przegl\u0105d przetwarzanych przez nas danych osobowych:<\/p>\n<p>&nbsp;<\/p>\n<ul>\n<li>Imi\u0119 i nazwisko;<\/li>\n<li>Seks;<\/li>\n<li>Numer obs\u0142ugi obywatelskiej;<\/li>\n<li>dane identyfikacyjne;<\/li>\n<li>Do\u015bwiadczenie i wykszta\u0142cenie;<\/li>\n<li>Data urodzenia;<\/li>\n<li>Miejsce urodzenia;<\/li>\n<li>dane adresowe;<\/li>\n<li>Numer telefonu;<\/li>\n<li>Adres e-mail;<\/li>\n<li>Inne dane osobowe, kt\u00f3re aktywnie podajesz, np. tworz\u0105c profil w tym serwisie, w korespondencji i telefonicznie;<\/li>\n<li>Informacje o Twojej aktywno\u015bci na naszej stronie internetowej;<\/li>\n<li>Numer konta bankowego.<\/li>\n<\/ul>\n<h3>Specjalne i\/lub wra\u017cliwe dane osobowe, kt\u00f3re przetwarzamy<\/h3>\n<p>Nasza witryna internetowa i\/lub us\u0142uga nie ma na celu gromadzenia danych o osobach odwiedzaj\u0105cych witryn\u0119 w wieku poni\u017cej 16 lat. Chyba \u017ce maj\u0105 zgod\u0119 rodzic\u00f3w lub opiekun\u00f3w. Nie mo\u017cemy jednak sprawdzi\u0107, czy odwiedzaj\u0105cy ma wi\u0119cej ni\u017c 16 lat. Dlatego radzimy rodzicom, aby anga\u017cowali si\u0119 w dzia\u0142ania swoich dzieci w Internecie, aby zapobiec gromadzeniu danych o dzieciach bez zgody rodzic\u00f3w. Je\u015bli jeste\u015b przekonany, \u017ce zebrali\u015bmy dane osobowe osoby nieletniej bez tej zgody, skontaktuj si\u0119 z nami pod adresem\u00a0<a href=\"mailto:info@mondialuitzend.nl\">info@mondialuitzend.nl<\/a>, usuniemy te informacje.<\/p>\n<p>&nbsp;<\/p>\n<p>W jakim celu i na jakiej podstawie przetwarzamy dane osobowe<\/p>\n<p>Mondial Uitzend BV przetwarza Twoje dane osobowe w nast\u0119puj\u0105cych celach:<\/p>\n<p>&nbsp;<\/p>\n<ul>\n<li>obs\u0142ugi Twojej p\u0142atno\u015bci;<\/li>\n<li>Wysy\u0142anie naszego biuletynu i\/lub broszury reklamowej;<\/li>\n<li>Aby m\u00f3c zadzwoni\u0107 lub wys\u0142a\u0107 e-mail, je\u015bli jest to konieczne do \u015bwiadczenia naszych us\u0142ug;<\/li>\n<li>Aby informowa\u0107 Ci\u0119 o zmianach w naszych us\u0142ugach i produktach;<\/li>\n<li>Aby dostarcza\u0107 Ci towary i us\u0142ugi.<\/li>\n<\/ul>\n<p>&nbsp;<\/p>\n<h3>Zautomatyzowane podejmowanie decyzji<\/h3>\n<p>Mondial Uitzend BV nie podejmuje decyzji w oparciu o zautomatyzowane przetwarzanie w sprawach, kt\u00f3re mog\u0105 mie\u0107 (istotne) konsekwencje dla ludzi. S\u0105 to decyzje podejmowane przez programy lub systemy komputerowe, bez udzia\u0142u osoby (na przyk\u0142ad pracownika Mondial Uitzend BV).<\/p>\n<p>&nbsp;<\/p>\n<h3>Jak d\u0142ugo przechowujemy dane osobowe<\/h3>\n<p>Mondial Uitzend BV nie przechowuje Twoich danych osobowych d\u0142u\u017cej, ni\u017c jest to bezwzgl\u0119dnie konieczne do osi\u0105gni\u0119cia cel\u00f3w, dla kt\u00f3rych Twoje dane s\u0105 gromadzone. Stosujemy nast\u0119puj\u0105ce ustawowe okresy przechowywania:<\/p>\n<p>Listy motywacyjne 4 tygodnie<\/p>\n<p>Korespondencja w sprawie awans\u00f3w, degradacji i zwolnie\u0144 maks. 2 lata<\/p>\n<p>Sprawozdania z wywiad\u00f3w wykonawczych maks. 2 lata<\/p>\n<p>Kopia certyfikatu maks. 2 lata<\/p>\n<p>Reporting Gatekeeper Act maks. 2 lata<\/p>\n<p>Zeznanie podatkowe za 5 lat<\/p>\n<p>Kopiuj dow\u00f3d to\u017csamo\u015bci 5 lat<\/p>\n<p>Umowy o prac\u0119 2 lata<\/p>\n<p>Administracja nieobecno\u015bci 2 lata \/ 5 lat<\/p>\n<p>Imi\u0119 i nazwisko oraz dane adresowe administracja list\u0105 p\u0142ac 7 lat<\/p>\n<p>Administracja p\u0142ac BSN 7 lat<\/p>\n<p>Data zatrudnienia kadrowo-p\u0142acowego 7 lat<\/p>\n<p>Zobowi\u0105zania emerytalne administracja list\u0105 p\u0142ac 7 lat<\/p>\n<p>Administracja dokumentami podatkowymi min 7 lat<\/p>\n<p>Sprawozdania roczne min 7 lat<\/p>\n<p>Rachunek zysk\u00f3w i strat co najmniej 7 lat<\/p>\n<p>&nbsp;<\/p>\n<h3>Udost\u0119pnianie danych osobowych stronom trzecim<\/h3>\n<p>Mondial Uitzend BV nie sprzedaje Twoich danych stronom trzecim i udost\u0119pnia je tylko wtedy, gdy jest to konieczne do wykonania naszej umowy z Tob\u0105 lub do wype\u0142nienia obowi\u0105zku prawnego. Zawieramy umow\u0119 powierzenia z firmami, kt\u00f3re przetwarzaj\u0105 Twoje dane w naszym imieniu, aby zapewni\u0107 ten sam poziom bezpiecze\u0144stwa i poufno\u015bci Twoich danych. Mondial Uitzend BV pozostaje odpowiedzialna za te operacje przetwarzania.<\/p>\n<p>&nbsp;<\/p>\n<h3>Pliki cookie lub podobne techniki, kt\u00f3rych u\u017cywamy<\/h3>\n<p>Mondial Uitzend BV wykorzystuje pliki cookie lub podobne techniki.<\/p>\n<p>&nbsp;<\/p>\n<h3>Przegl\u0105daj, modyfikuj lub usuwaj dane<\/h3>\n<p>Masz prawo wgl\u0105du, poprawiania lub usuwania swoich danych osobowych. Ponadto masz prawo do cofni\u0119cia zgody na przetwarzanie danych lub wniesienia sprzeciwu wobec przetwarzania Twoich danych osobowych przez Mondial Uitzend BV oraz masz prawo do przenoszenia danych. Oznacza to, \u017ce mo\u017cesz z\u0142o\u017cy\u0107 do nas wniosek o przes\u0142anie danych osobowych, kt\u00f3re przechowujemy na Tw\u00f3j temat w pliku komputerowym, do Ciebie lub innej wymienionej przez Ciebie organizacji. \u017b\u0105danie dost\u0119pu, sprostowania, usuni\u0119cia, przeniesienia danych lub \u017c\u0105danie cofni\u0119cia zgody lub sprzeciwu wobec przetwarzania danych osobowych mo\u017cesz wys\u0142a\u0107 na adres info@mondialuitzend.nl. Aby upewni\u0107 si\u0119, \u017ce wniosek o wgl\u0105d zosta\u0142 z\u0142o\u017cony przez Ciebie, prosimy o do\u0142\u0105czenie do wniosku kopii dowodu to\u017csamo\u015bci. W tym odpisie umie\u015b\u0107 swoje zdj\u0119cie paszportowe, MRZ (pole do odczytu maszynowego, pasek z numerami na dole paszportu), numer paszportu i numer BSN w kolorze czarnym. Ma to na celu ochron\u0119 Twojej prywatno\u015bci. Odpowiemy na Twoj\u0105 pro\u015bb\u0119 tak szybko, jak to mo\u017cliwe, ale w ci\u0105gu czterech tygodni. Mondial Uitzend BV pragnie r\u00f3wnie\u017c zwr\u00f3ci\u0107 uwag\u0119, \u017ce maj\u0105 Pa\u0144stwo mo\u017cliwo\u015b\u0107 z\u0142o\u017cenia skargi do krajowego organu nadzorczego, holenderskiego organu ochrony danych. Mo\u017cna to zrobi\u0107 za pomoc\u0105 nast\u0119puj\u0105cego linku:\u00a0<a href=\"https:\/\/autoriteitpersoonsgegevens.nl\/nl\/contact-met-de-autoriteit-persoonsgegevens\/tip-ons%20\" target=\"_blank\" rel=\"noopener\">https:\/\/autoriteitpersoonsgegevens.nl\/nl\/contact-met-de-autoriteit-persoonsgegevens\/tip-ons\u00a0<\/a><\/p>\n<p>&nbsp;<\/p>\n<h3>Jak zabezpieczamy dane osobowe<\/h3>\n<p>Mondial Uitzend BV powa\u017cnie traktuje ochron\u0119 Twoich danych i podejmuje odpowiednie \u015brodki, aby zapobiec niew\u0142a\u015bciwemu wykorzystaniu, utracie, nieautoryzowanemu dost\u0119powi, niechcianemu ujawnieniu i nieautoryzowanym zmianom. Je\u015bli uwa\u017casz, \u017ce Twoje dane nie s\u0105 odpowiednio zabezpieczone lub istniej\u0105 przes\u0142anki wskazuj\u0105ce na nadu\u017cycia, skontaktuj si\u0119 z naszym dzia\u0142em obs\u0142ugi klienta lub za po\u015brednictwem\u00a0<a href=\"mailto:info@mondialuitzend.nl\">info@mondialuitzend.nl<\/a><\/p>","protected":false},"excerpt":{"rendered":"<p>Mondial Uitzend B.V., gevestigd aan Bosweg 17 te \u2018t Zand, is verantwoordelijk voor de verwerking van persoonsgegevens zoals weergegeven in deze privacyverklaring. Contactgegevens: Mondial Uitzend B.V.\/ Detachering BV Bosweg 15a 1756CH \u2018t Zand https:\/\/mondialuitzend.nl\/\u00a0 0224- 591569 &nbsp; Persoonsgegevens die wij verwerken Mondial Uitzend B.V. verwerkt uw persoonsgegevens doordat u gebruik maakt van onze diensten en\/of [&hellip;]<\/p>\n","protected":false},"author":4,"featured_media":0,"parent":0,"menu_order":991,"comment_status":"closed","ping_status":"closed","template":"","meta":{"footnotes":""},"class_list":["post-484","page","type-page","status-publish","hentry"],"yoast_head":"<!-- This site is optimized with the Yoast SEO plugin v27.5 - https:\/\/yoast.com\/product\/yoast-seo-wordpress\/ -->\n<title>Privacybeleid - Mondial Uitzend - Verbindend tussen werkgever en werknemer<\/title>\n<meta name=\"robots\" content=\"index, follow, max-snippet:-1, max-image-preview:large, max-video-preview:-1\" \/>\n<link rel=\"canonical\" href=\"https:\/\/mondialuitzend.nl\/pl\/polityka-prywatnosci\/\" \/>\n<meta property=\"og:locale\" content=\"pl_PL\" \/>\n<meta property=\"og:type\" content=\"article\" \/>\n<meta property=\"og:title\" content=\"Privacybeleid - Mondial Uitzend - Verbindend tussen werkgever en werknemer\" \/>\n<meta property=\"og:description\" content=\"Mondial Uitzend B.V., gevestigd aan Bosweg 17 te \u2018t Zand, is verantwoordelijk voor de verwerking van persoonsgegevens zoals weergegeven in deze privacyverklaring. Contactgegevens: Mondial Uitzend B.V.\/ Detachering BV Bosweg 15a 1756CH \u2018t Zand https:\/\/mondialuitzend.nl\/\u00a0 0224- 591569 &nbsp; Persoonsgegevens die wij verwerken Mondial Uitzend B.V. verwerkt uw persoonsgegevens doordat u gebruik maakt van onze diensten en\/of [&hellip;]\" \/>\n<meta property=\"og:url\" content=\"https:\/\/mondialuitzend.nl\/pl\/polityka-prywatnosci\/\" \/>\n<meta property=\"og:site_name\" content=\"Mondial Uitzend\" \/>\n<meta property=\"article:publisher\" content=\"https:\/\/www.facebook.com\/mondialuitzendbv\/\" \/>\n<meta property=\"article:modified_time\" content=\"2023-06-21T13:02:46+00:00\" \/>\n<meta name=\"twitter:card\" content=\"summary_large_image\" \/>\n<meta name=\"twitter:label1\" content=\"Szacowany czas czytania\" \/>\n\t<meta name=\"twitter:data1\" content=\"5 minut\" \/>\n<script type=\"application\/ld+json\" class=\"yoast-schema-graph\">{\"@context\":\"https:\\\/\\\/schema.org\",\"@graph\":[{\"@type\":\"WebPage\",\"@id\":\"https:\\\/\\\/mondialuitzend.nl\\\/privacybeleid\\\/\",\"url\":\"https:\\\/\\\/mondialuitzend.nl\\\/privacybeleid\\\/\",\"name\":\"Privacybeleid - Mondial Uitzend - Verbindend tussen werkgever en werknemer\",\"isPartOf\":{\"@id\":\"https:\\\/\\\/mondialuitzend.nl\\\/#website\"},\"datePublished\":\"2023-06-21T09:39:08+00:00\",\"dateModified\":\"2023-06-21T13:02:46+00:00\",\"breadcrumb\":{\"@id\":\"https:\\\/\\\/mondialuitzend.nl\\\/privacybeleid\\\/#breadcrumb\"},\"inLanguage\":\"pl-PL\",\"potentialAction\":[{\"@type\":\"ReadAction\",\"target\":[\"https:\\\/\\\/mondialuitzend.nl\\\/privacybeleid\\\/\"]}]},{\"@type\":\"BreadcrumbList\",\"@id\":\"https:\\\/\\\/mondialuitzend.nl\\\/privacybeleid\\\/#breadcrumb\",\"itemListElement\":[{\"@type\":\"ListItem\",\"position\":1,\"name\":\"Home\",\"item\":\"https:\\\/\\\/mondialuitzend.nl\\\/\"},{\"@type\":\"ListItem\",\"position\":2,\"name\":\"Privacybeleid\"}]},{\"@type\":\"WebSite\",\"@id\":\"https:\\\/\\\/mondialuitzend.nl\\\/#website\",\"url\":\"https:\\\/\\\/mondialuitzend.nl\\\/\",\"name\":\"Mondial Uitzend\",\"description\":\"Verbindend tussen werkgever en werknemer\",\"publisher\":{\"@id\":\"https:\\\/\\\/mondialuitzend.nl\\\/#organization\"},\"potentialAction\":[{\"@type\":\"SearchAction\",\"target\":{\"@type\":\"EntryPoint\",\"urlTemplate\":\"https:\\\/\\\/mondialuitzend.nl\\\/?s={search_term_string}\"},\"query-input\":{\"@type\":\"PropertyValueSpecification\",\"valueRequired\":true,\"valueName\":\"search_term_string\"}}],\"inLanguage\":\"pl-PL\"},{\"@type\":\"Organization\",\"@id\":\"https:\\\/\\\/mondialuitzend.nl\\\/#organization\",\"name\":\"Mondial Uitzend\",\"url\":\"https:\\\/\\\/mondialuitzend.nl\\\/\",\"logo\":{\"@type\":\"ImageObject\",\"inLanguage\":\"pl-PL\",\"@id\":\"https:\\\/\\\/mondialuitzend.nl\\\/#\\\/schema\\\/logo\\\/image\\\/\",\"url\":\"https:\\\/\\\/mondialuitzend.nl\\\/wp-content\\\/uploads\\\/2023\\\/06\\\/Logo-MondialUitzend.svg\",\"contentUrl\":\"https:\\\/\\\/mondialuitzend.nl\\\/wp-content\\\/uploads\\\/2023\\\/06\\\/Logo-MondialUitzend.svg\",\"width\":149,\"height\":56,\"caption\":\"Mondial Uitzend\"},\"image\":{\"@id\":\"https:\\\/\\\/mondialuitzend.nl\\\/#\\\/schema\\\/logo\\\/image\\\/\"},\"sameAs\":[\"https:\\\/\\\/www.facebook.com\\\/mondialuitzendbv\\\/\",\"https:\\\/\\\/www.linkedin.com\\\/company\\\/mondial-uitzend-b-v-\",\"https:\\\/\\\/www.youtube.com\\\/channel\\\/UCPBmFRvmUDCPtpAaFVASV9Q\"]}]}<\/script>\n<!-- \/ Yoast SEO plugin. -->","yoast_head_json":{"title":"Polityka prywatno\u015bci - Mondial Uitzend - Wi\u0105\u017c\u0105ca mi\u0119dzy pracodawc\u0105 a pracownikiem","robots":{"index":"index","follow":"follow","max-snippet":"max-snippet:-1","max-image-preview":"max-image-preview:large","max-video-preview":"max-video-preview:-1"},"canonical":"https:\/\/mondialuitzend.nl\/pl\/polityka-prywatnosci\/","og_locale":"pl_PL","og_type":"article","og_title":"Privacybeleid - Mondial Uitzend - Verbindend tussen werkgever en werknemer","og_description":"Mondial Uitzend B.V., gevestigd aan Bosweg 17 te \u2018t Zand, is verantwoordelijk voor de verwerking van persoonsgegevens zoals weergegeven in deze privacyverklaring. Contactgegevens: Mondial Uitzend B.V.\/ Detachering BV Bosweg 15a 1756CH \u2018t Zand https:\/\/mondialuitzend.nl\/\u00a0 0224- 591569 &nbsp; Persoonsgegevens die wij verwerken Mondial Uitzend B.V. verwerkt uw persoonsgegevens doordat u gebruik maakt van onze diensten en\/of [&hellip;]","og_url":"https:\/\/mondialuitzend.nl\/pl\/polityka-prywatnosci\/","og_site_name":"Mondial Uitzend","article_publisher":"https:\/\/www.facebook.com\/mondialuitzendbv\/","article_modified_time":"2023-06-21T13:02:46+00:00","twitter_card":"summary_large_image","twitter_misc":{"Szacowany czas czytania":"5 minut"},"schema":{"@context":"https:\/\/schema.org","@graph":[{"@type":"WebPage","@id":"https:\/\/mondialuitzend.nl\/privacybeleid\/","url":"https:\/\/mondialuitzend.nl\/privacybeleid\/","name":"Polityka prywatno\u015bci - Mondial Uitzend - Wi\u0105\u017c\u0105ca mi\u0119dzy pracodawc\u0105 a pracownikiem","isPartOf":{"@id":"https:\/\/mondialuitzend.nl\/#website"},"datePublished":"2023-06-21T09:39:08+00:00","dateModified":"2023-06-21T13:02:46+00:00","breadcrumb":{"@id":"https:\/\/mondialuitzend.nl\/privacybeleid\/#breadcrumb"},"inLanguage":"pl-PL","potentialAction":[{"@type":"ReadAction","target":["https:\/\/mondialuitzend.nl\/privacybeleid\/"]}]},{"@type":"BreadcrumbList","@id":"https:\/\/mondialuitzend.nl\/privacybeleid\/#breadcrumb","itemListElement":[{"@type":"ListItem","position":1,"name":"Home","item":"https:\/\/mondialuitzend.nl\/"},{"@type":"ListItem","position":2,"name":"Privacybeleid"}]},{"@type":"WebSite","@id":"https:\/\/mondialuitzend.nl\/#website","url":"https:\/\/mondialuitzend.nl\/","name":"Transmisja globalna","description":"\u0141\u0105czenie mi\u0119dzy pracodawc\u0105 a pracownikiem","publisher":{"@id":"https:\/\/mondialuitzend.nl\/#organization"},"potentialAction":[{"@type":"SearchAction","target":{"@type":"EntryPoint","urlTemplate":"https:\/\/mondialuitzend.nl\/?s={search_term_string}"},"query-input":{"@type":"PropertyValueSpecification","valueRequired":true,"valueName":"search_term_string"}}],"inLanguage":"pl-PL"},{"@type":"Organization","@id":"https:\/\/mondialuitzend.nl\/#organization","name":"Transmisja globalna","url":"https:\/\/mondialuitzend.nl\/","logo":{"@type":"ImageObject","inLanguage":"pl-PL","@id":"https:\/\/mondialuitzend.nl\/#\/schema\/logo\/image\/","url":"https:\/\/mondialuitzend.nl\/wp-content\/uploads\/2023\/06\/Logo-MondialUitzend.svg","contentUrl":"https:\/\/mondialuitzend.nl\/wp-content\/uploads\/2023\/06\/Logo-MondialUitzend.svg","width":149,"height":56,"caption":"Mondial Uitzend"},"image":{"@id":"https:\/\/mondialuitzend.nl\/#\/schema\/logo\/image\/"},"sameAs":["https:\/\/www.facebook.com\/mondialuitzendbv\/","https:\/\/www.linkedin.com\/company\/mondial-uitzend-b-v-","https:\/\/www.youtube.com\/channel\/UCPBmFRvmUDCPtpAaFVASV9Q"]}]}},"_links":{"self":[{"href":"https:\/\/mondialuitzend.nl\/pl\/wp-json\/wp\/v2\/pages\/484","targetHints":{"allow":["GET"]}}],"collection":[{"href":"https:\/\/mondialuitzend.nl\/pl\/wp-json\/wp\/v2\/pages"}],"about":[{"href":"https:\/\/mondialuitzend.nl\/pl\/wp-json\/wp\/v2\/types\/page"}],"author":[{"embeddable":true,"href":"https:\/\/mondialuitzend.nl\/pl\/wp-json\/wp\/v2\/users\/4"}],"replies":[{"embeddable":true,"href":"https:\/\/mondialuitzend.nl\/pl\/wp-json\/wp\/v2\/comments?post=484"}],"version-history":[{"count":0,"href":"https:\/\/mondialuitzend.nl\/pl\/wp-json\/wp\/v2\/pages\/484\/revisions"}],"wp:attachment":[{"href":"https:\/\/mondialuitzend.nl\/pl\/wp-json\/wp\/v2\/media?parent=484"}],"curies":[{"name":"wp","href":"https:\/\/api.w.org\/{rel}","templated":true}]}}