{"id":488,"date":"2023-06-21T11:39:24","date_gmt":"2023-06-21T09:39:24","guid":{"rendered":"https:\/\/mondialuitzend.nl\/?page_id=488"},"modified":"2025-01-29T10:35:40","modified_gmt":"2025-01-29T09:35:40","slug":"polityka-plikow-cookie","status":"publish","type":"page","link":"https:\/\/mondialuitzend.nl\/pl\/polityka-plikow-cookie\/","title":{"rendered":"Polityka Cookie"},"content":{"rendered":"<p data-pm-slice=\"1 1 []\"><strong>O\u015bwiadczenie dotycz\u0105ce plik\u00f3w cookie<\/strong><\/p>\n<p><strong>1. Czym s\u0105 pliki cookie?<\/strong> Podobnie jak wi\u0119kszo\u015b\u0107 stron internetowych, Mondial korzysta z plik\u00f3w cookie, aby zapewni\u0107 sprawne i przyjemne dzia\u0142anie serwisu. Pliki cookie to niewielkie pliki, kt\u00f3re s\u0105 zapisywane na Twoim komputerze podczas odwiedzania naszej witryny. Niekt\u00f3re znikaj\u0105 po zamkni\u0119ciu przegl\u0105darki, inne pozostaj\u0105 na d\u0142u\u017cej.<\/p>\n<p>U\u017cywamy plik\u00f3w cookie funkcjonalnych i analitycznych, aby zapewni\u0107 prawid\u0142owe dzia\u0142anie witryny i przeanalizowa\u0107, w jaki spos\u00f3b mo\u017cemy j\u0105 udoskonali\u0107. Te pliki cookie nie wymagaj\u0105 zgody.<\/p>\n<p>Pliki cookie nie zawieraj\u0105 danych takich jak Twoje imi\u0119, nazwisko czy adres e-mail. Je\u017celi zbieramy dane osobowe, odbywa si\u0119 to zgodnie z nasz\u0105 polityk\u0105 prywatno\u015bci.<\/p>\n<p><strong>2. Dlaczego u\u017cywamy plik\u00f3w cookie?<\/strong> Nasze pliki cookie zapewniaj\u0105, \u017ce:<\/p>\n<ul data-spread=\"false\">\n<li>Strona dzia\u0142a zgodnie z oczekiwaniami;<\/li>\n<li>Twoje ustawienia i preferencje s\u0105 zapami\u0119tywane;<\/li>\n<li>Mo\u017cemy nadal udoskonala\u0107 witryn\u0119;<\/li>\n<li>Je\u015bli sobie tego \u017cyczysz, mo\u017cesz pozosta\u0107 zalogowany;<\/li>\n<li>Tw\u00f3j koszyk nie staje si\u0119 pusty podczas zakup\u00f3w;<\/li>\n<li>Mo\u017cesz \u0142atwo przechowywa\u0107 dane, takie jak lista \u017cycze\u0144;<\/li>\n<li>Dowiadujemy si\u0119, w jaki spos\u00f3b odwiedzaj\u0105cy korzystaj\u0105 z witryny.<\/li>\n<\/ul>\n<p>Gromadzimy takie dane jak:<\/p>\n<ul data-spread=\"false\">\n<li>Tw\u00f3j adres IP i lokalizacja;<\/li>\n<li>Z jakiej przegl\u0105darki i urz\u0105dzenia korzystasz;<\/li>\n<li>Jak d\u0142ugo przebywasz na naszej stronie i kt\u00f3re strony przegl\u0105dasz;<\/li>\n<li>Czy odwiedzi\u0142e\u015b ju\u017c wcze\u015bniej nasz\u0105 stron\u0119 internetow\u0105.<\/li>\n<\/ul>\n<p>Je\u015bli Twoja przegl\u0105darka akceptuje pliki cookie i nadal korzystasz z naszej witryny, b\u0119dziemy zak\u0142ada\u0107, \u017ce wyra\u017casz na to zgod\u0119.<\/p>\n<p><strong>3. Nasze w\u0142asne pliki cookie<\/strong> U\u017cywamy plik\u00f3w cookie pochodz\u0105cych z:<\/p>\n<p>(A)<\/p>\n<ul data-spread=\"false\">\n<li><strong>Identyfikator PHPSESSID<\/strong>:\u015aledzi Twoj\u0105 sesj\u0119, aby zapewni\u0107 p\u0142ynne dzia\u0142anie witryny. Zostanie usuni\u0119te po zamkni\u0119ciu przegl\u0105darki.<\/li>\n<li><strong>powiadomienie o plikach cookie<\/strong>: Pami\u0119ta, czy zaakceptowa\u0142e\u015b nasze pliki cookie. Okres przechowywania: 30 dni po akceptacji, 7 dni po klikni\u0119ciu \u201eopu\u015b\u0107\u201d.<\/li>\n<\/ul>\n<p>Mondial udost\u0119pnia dane osobom trzecim wy\u0142\u0105cznie za Twoj\u0105 zgod\u0105. Wi\u0119cej informacji znajdziesz w naszej polityce prywatno\u015bci.<\/p>\n<p><strong>4. Pliki cookie stron trzecich<\/strong> Nasza strona internetowa zawiera r\u00f3wnie\u017c tre\u015bci pochodz\u0105ce od os\u00f3b trzecich, takie jak filmy wideo i przyciski medi\u00f3w spo\u0142eczno\u015bciowych. Podmioty te mog\u0105 umieszcza\u0107 w\u0142asne pliki cookie.<\/p>\n<p>(A) <strong>Analiza Google<\/strong> U\u017cywamy Google Analytics do analizowania sposobu korzystania z naszej witryny przez odwiedzaj\u0105cych. Dane s\u0105 anonimowe i b\u0119d\u0105 przechowywane maksymalnie przez 2 lata. Wi\u0119cej informacji: <a href=\"https:\/\/support.google.com\/analytics\/answer\/6004245?hl=nl\">Prywatno\u015b\u0107 Google Analytics<\/a>.<\/p>\n<p>(B) <strong>Mapy Google<\/strong> Na przyk\u0142ad w przypadku naszych lokalizacji wy\u015bwietlamy mapy za po\u015brednictwem Google Maps. Okres przechowywania: 1 rok. Wi\u0119cej informacji: <a href=\"https:\/\/policies.google.com\/privacy?hl=nl\">Prywatno\u015b\u0107 Google<\/a>.<\/p>\n<p>(C) <strong>YouTube<\/strong> YouTube umieszcza pliki cookie w celu okre\u015blenia najlepszego sposobu wy\u015bwietlania film\u00f3w. Okres przechowywania: maksymalnie 2 lata. Wi\u0119cej informacji: <a href=\"https:\/\/policies.google.com\/privacy?hl=nl\">Prywatno\u015b\u0107 Google<\/a>.<\/p>\n<p>(D) <strong>reCAPTCHA<\/strong> Us\u0142uga ta sprawdza, czy \u017c\u0105danie jest wykonywane przez cz\u0142owieka czy bota. Czas przechowywania: maksymalnie 6 miesi\u0119cy. Wi\u0119cej informacji: <a href=\"https:\/\/policies.google.com\/privacy?hl=nl\">Prywatno\u015b\u0107 Google<\/a>.<\/p>\n<p><strong>5. Pliki cookie, kt\u00f3rymi sami nie zarz\u0105dzamy<\/strong> Czasami pliki cookie s\u0105 umieszczane przez tre\u015bci zewn\u0119trzne (np. osadzone filmy), nad kt\u00f3rymi nie mamy kontroli. Czy widzisz plik cookie, kt\u00f3rego nie ma na li\u015bcie? Daj nam zna\u0107!<\/p>\n<p><strong>6. Usuwanie lub wy\u0142\u0105czanie plik\u00f3w cookie<\/strong> Mo\u017cesz ustawi\u0107 swoj\u0105 przegl\u0105dark\u0119 tak, aby odrzuca\u0142a pliki cookie lub powiadamia\u0142a Ci\u0119 o umieszczeniu nowego pliku cookie. Uwaga: niekt\u00f3re funkcje serwisu mog\u0105 nie dzia\u0142a\u0107 optymalnie.<\/p>\n<p>Wi\u0119cej informacji o plikach cookie:<\/p>\n<ul data-spread=\"false\">\n<li><a href=\"https:\/\/www.cookierecht.nl\">Cookierecht.nl<\/a><\/li>\n<li><a href=\"https:\/\/www.consumentenbond.nl\/internet-privacy\">Stowarzyszenie Konsument\u00f3w<\/a><\/li>\n<li><a href=\"https:\/\/www.youronlinechoices.com\/\">Twoje wybory online<\/a><\/li>\n<\/ul>\n<p><strong>7. Dostosowania<\/strong> Niniejsza polityka plik\u00f3w cookie mo\u017ce by\u0107 okresowo zmieniana. Zalecamy regularne odwiedzanie tej strony, aby by\u0107 na bie\u017c\u0105co z tym, jak post\u0119pujemy z plikami cookie.<\/p>\n<p>Wersja ta pochodzi ze stycznia 2025 r.<\/p>\n<p><strong>8. Pytania?<\/strong> Masz jakie\u015b pytania dotycz\u0105ce plik\u00f3w cookie? Prosimy o kontakt i przes\u0142anie wiadomo\u015bci e-mail na adres <a>info@mondialuitzend.nl<\/a>.<\/p>\n<p>&nbsp;<\/p>","protected":false},"excerpt":{"rendered":"<p>Cookieverklaring 1. Wat zijn cookies? Net als bijna alle websites gebruikt Mondial cookies om ervoor te zorgen dat alles soepel en prettig werkt. Cookies zijn kleine bestandjes die op uw computer worden opgeslagen wanneer u onze site bezoekt. Sommige verdwijnen zodra u uw browser sluit, andere blijven langer bewaard. Wij gebruiken functionele en analytische cookies [&hellip;]<\/p>\n","protected":false},"author":4,"featured_media":0,"parent":0,"menu_order":993,"comment_status":"closed","ping_status":"closed","template":"","meta":{"footnotes":""},"class_list":["post-488","page","type-page","status-publish","hentry"],"yoast_head":"<!-- This site is optimized with the Yoast SEO plugin v27.4 - https:\/\/yoast.com\/product\/yoast-seo-wordpress\/ -->\n<title>Cookiebeleid - Mondial Uitzend - Verbindend tussen werkgever en werknemer<\/title>\n<meta name=\"robots\" content=\"index, follow, max-snippet:-1, max-image-preview:large, max-video-preview:-1\" \/>\n<link rel=\"canonical\" href=\"https:\/\/mondialuitzend.nl\/pl\/polityka-plikow-cookie\/\" \/>\n<meta property=\"og:locale\" content=\"pl_PL\" \/>\n<meta property=\"og:type\" content=\"article\" \/>\n<meta property=\"og:title\" content=\"Cookiebeleid - Mondial Uitzend - Verbindend tussen werkgever en werknemer\" \/>\n<meta property=\"og:description\" content=\"Cookieverklaring 1. Wat zijn cookies? Net als bijna alle websites gebruikt Mondial cookies om ervoor te zorgen dat alles soepel en prettig werkt. Cookies zijn kleine bestandjes die op uw computer worden opgeslagen wanneer u onze site bezoekt. Sommige verdwijnen zodra u uw browser sluit, andere blijven langer bewaard. Wij gebruiken functionele en analytische cookies [&hellip;]\" \/>\n<meta property=\"og:url\" content=\"https:\/\/mondialuitzend.nl\/pl\/polityka-plikow-cookie\/\" \/>\n<meta property=\"og:site_name\" content=\"Mondial Uitzend\" \/>\n<meta property=\"article:publisher\" content=\"https:\/\/www.facebook.com\/mondialuitzendbv\/\" \/>\n<meta property=\"article:modified_time\" content=\"2025-01-29T09:35:40+00:00\" \/>\n<meta name=\"twitter:card\" content=\"summary_large_image\" \/>\n<meta name=\"twitter:label1\" content=\"Szacowany czas czytania\" \/>\n\t<meta name=\"twitter:data1\" content=\"3 minuty\" \/>\n<script type=\"application\/ld+json\" class=\"yoast-schema-graph\">{\"@context\":\"https:\\\/\\\/schema.org\",\"@graph\":[{\"@type\":\"WebPage\",\"@id\":\"https:\\\/\\\/mondialuitzend.nl\\\/cookiebeleid\\\/\",\"url\":\"https:\\\/\\\/mondialuitzend.nl\\\/cookiebeleid\\\/\",\"name\":\"Cookiebeleid - Mondial Uitzend - Verbindend tussen werkgever en werknemer\",\"isPartOf\":{\"@id\":\"https:\\\/\\\/mondialuitzend.nl\\\/#website\"},\"datePublished\":\"2023-06-21T09:39:24+00:00\",\"dateModified\":\"2025-01-29T09:35:40+00:00\",\"breadcrumb\":{\"@id\":\"https:\\\/\\\/mondialuitzend.nl\\\/cookiebeleid\\\/#breadcrumb\"},\"inLanguage\":\"pl-PL\",\"potentialAction\":[{\"@type\":\"ReadAction\",\"target\":[\"https:\\\/\\\/mondialuitzend.nl\\\/cookiebeleid\\\/\"]}]},{\"@type\":\"BreadcrumbList\",\"@id\":\"https:\\\/\\\/mondialuitzend.nl\\\/cookiebeleid\\\/#breadcrumb\",\"itemListElement\":[{\"@type\":\"ListItem\",\"position\":1,\"name\":\"Home\",\"item\":\"https:\\\/\\\/mondialuitzend.nl\\\/\"},{\"@type\":\"ListItem\",\"position\":2,\"name\":\"Cookiebeleid\"}]},{\"@type\":\"WebSite\",\"@id\":\"https:\\\/\\\/mondialuitzend.nl\\\/#website\",\"url\":\"https:\\\/\\\/mondialuitzend.nl\\\/\",\"name\":\"Mondial Uitzend\",\"description\":\"Verbindend tussen werkgever en werknemer\",\"publisher\":{\"@id\":\"https:\\\/\\\/mondialuitzend.nl\\\/#organization\"},\"potentialAction\":[{\"@type\":\"SearchAction\",\"target\":{\"@type\":\"EntryPoint\",\"urlTemplate\":\"https:\\\/\\\/mondialuitzend.nl\\\/?s={search_term_string}\"},\"query-input\":{\"@type\":\"PropertyValueSpecification\",\"valueRequired\":true,\"valueName\":\"search_term_string\"}}],\"inLanguage\":\"pl-PL\"},{\"@type\":\"Organization\",\"@id\":\"https:\\\/\\\/mondialuitzend.nl\\\/#organization\",\"name\":\"Mondial Uitzend\",\"url\":\"https:\\\/\\\/mondialuitzend.nl\\\/\",\"logo\":{\"@type\":\"ImageObject\",\"inLanguage\":\"pl-PL\",\"@id\":\"https:\\\/\\\/mondialuitzend.nl\\\/#\\\/schema\\\/logo\\\/image\\\/\",\"url\":\"https:\\\/\\\/mondialuitzend.nl\\\/wp-content\\\/uploads\\\/2023\\\/06\\\/Logo-MondialUitzend.svg\",\"contentUrl\":\"https:\\\/\\\/mondialuitzend.nl\\\/wp-content\\\/uploads\\\/2023\\\/06\\\/Logo-MondialUitzend.svg\",\"width\":149,\"height\":56,\"caption\":\"Mondial Uitzend\"},\"image\":{\"@id\":\"https:\\\/\\\/mondialuitzend.nl\\\/#\\\/schema\\\/logo\\\/image\\\/\"},\"sameAs\":[\"https:\\\/\\\/www.facebook.com\\\/mondialuitzendbv\\\/\",\"https:\\\/\\\/www.linkedin.com\\\/company\\\/mondial-uitzend-b-v-\",\"https:\\\/\\\/www.youtube.com\\\/channel\\\/UCPBmFRvmUDCPtpAaFVASV9Q\"]}]}<\/script>\n<!-- \/ Yoast SEO plugin. -->","yoast_head_json":{"title":"Polityka plik\u00f3w cookie - Mondial Uitzend - Wi\u0105\u017c\u0105ca mi\u0119dzy pracodawc\u0105 a pracownikiem","robots":{"index":"index","follow":"follow","max-snippet":"max-snippet:-1","max-image-preview":"max-image-preview:large","max-video-preview":"max-video-preview:-1"},"canonical":"https:\/\/mondialuitzend.nl\/pl\/polityka-plikow-cookie\/","og_locale":"pl_PL","og_type":"article","og_title":"Cookiebeleid - Mondial Uitzend - Verbindend tussen werkgever en werknemer","og_description":"Cookieverklaring 1. Wat zijn cookies? Net als bijna alle websites gebruikt Mondial cookies om ervoor te zorgen dat alles soepel en prettig werkt. Cookies zijn kleine bestandjes die op uw computer worden opgeslagen wanneer u onze site bezoekt. Sommige verdwijnen zodra u uw browser sluit, andere blijven langer bewaard. Wij gebruiken functionele en analytische cookies [&hellip;]","og_url":"https:\/\/mondialuitzend.nl\/pl\/polityka-plikow-cookie\/","og_site_name":"Mondial Uitzend","article_publisher":"https:\/\/www.facebook.com\/mondialuitzendbv\/","article_modified_time":"2025-01-29T09:35:40+00:00","twitter_card":"summary_large_image","twitter_misc":{"Szacowany czas czytania":"3 minuty"},"schema":{"@context":"https:\/\/schema.org","@graph":[{"@type":"WebPage","@id":"https:\/\/mondialuitzend.nl\/cookiebeleid\/","url":"https:\/\/mondialuitzend.nl\/cookiebeleid\/","name":"Polityka plik\u00f3w cookie - Mondial Uitzend - Wi\u0105\u017c\u0105ca mi\u0119dzy pracodawc\u0105 a pracownikiem","isPartOf":{"@id":"https:\/\/mondialuitzend.nl\/#website"},"datePublished":"2023-06-21T09:39:24+00:00","dateModified":"2025-01-29T09:35:40+00:00","breadcrumb":{"@id":"https:\/\/mondialuitzend.nl\/cookiebeleid\/#breadcrumb"},"inLanguage":"pl-PL","potentialAction":[{"@type":"ReadAction","target":["https:\/\/mondialuitzend.nl\/cookiebeleid\/"]}]},{"@type":"BreadcrumbList","@id":"https:\/\/mondialuitzend.nl\/cookiebeleid\/#breadcrumb","itemListElement":[{"@type":"ListItem","position":1,"name":"Home","item":"https:\/\/mondialuitzend.nl\/"},{"@type":"ListItem","position":2,"name":"Cookiebeleid"}]},{"@type":"WebSite","@id":"https:\/\/mondialuitzend.nl\/#website","url":"https:\/\/mondialuitzend.nl\/","name":"Transmisja globalna","description":"\u0141\u0105czenie mi\u0119dzy pracodawc\u0105 a pracownikiem","publisher":{"@id":"https:\/\/mondialuitzend.nl\/#organization"},"potentialAction":[{"@type":"SearchAction","target":{"@type":"EntryPoint","urlTemplate":"https:\/\/mondialuitzend.nl\/?s={search_term_string}"},"query-input":{"@type":"PropertyValueSpecification","valueRequired":true,"valueName":"search_term_string"}}],"inLanguage":"pl-PL"},{"@type":"Organization","@id":"https:\/\/mondialuitzend.nl\/#organization","name":"Transmisja globalna","url":"https:\/\/mondialuitzend.nl\/","logo":{"@type":"ImageObject","inLanguage":"pl-PL","@id":"https:\/\/mondialuitzend.nl\/#\/schema\/logo\/image\/","url":"https:\/\/mondialuitzend.nl\/wp-content\/uploads\/2023\/06\/Logo-MondialUitzend.svg","contentUrl":"https:\/\/mondialuitzend.nl\/wp-content\/uploads\/2023\/06\/Logo-MondialUitzend.svg","width":149,"height":56,"caption":"Mondial Uitzend"},"image":{"@id":"https:\/\/mondialuitzend.nl\/#\/schema\/logo\/image\/"},"sameAs":["https:\/\/www.facebook.com\/mondialuitzendbv\/","https:\/\/www.linkedin.com\/company\/mondial-uitzend-b-v-","https:\/\/www.youtube.com\/channel\/UCPBmFRvmUDCPtpAaFVASV9Q"]}]}},"_links":{"self":[{"href":"https:\/\/mondialuitzend.nl\/pl\/wp-json\/wp\/v2\/pages\/488","targetHints":{"allow":["GET"]}}],"collection":[{"href":"https:\/\/mondialuitzend.nl\/pl\/wp-json\/wp\/v2\/pages"}],"about":[{"href":"https:\/\/mondialuitzend.nl\/pl\/wp-json\/wp\/v2\/types\/page"}],"author":[{"embeddable":true,"href":"https:\/\/mondialuitzend.nl\/pl\/wp-json\/wp\/v2\/users\/4"}],"replies":[{"embeddable":true,"href":"https:\/\/mondialuitzend.nl\/pl\/wp-json\/wp\/v2\/comments?post=488"}],"version-history":[{"count":0,"href":"https:\/\/mondialuitzend.nl\/pl\/wp-json\/wp\/v2\/pages\/488\/revisions"}],"wp:attachment":[{"href":"https:\/\/mondialuitzend.nl\/pl\/wp-json\/wp\/v2\/media?parent=488"}],"curies":[{"name":"wp","href":"https:\/\/api.w.org\/{rel}","templated":true}]}}