{"id":645,"date":"2023-06-21T14:44:06","date_gmt":"2023-06-21T12:44:06","guid":{"rendered":"https:\/\/mondialuitzend.nl\/?page_id=645"},"modified":"2024-06-05T10:43:30","modified_gmt":"2024-06-05T08:43:30","slug":"nadawanie-i-place","status":"publish","type":"page","link":"https:\/\/mondialuitzend.nl\/pl\/nadawanie-i-place\/","title":{"rendered":"Zatrudnienie tymczasowe i p\u0142ace"},"content":{"rendered":"<div>\n<div>\n<p>Rynek pracy ci\u0105gle si\u0119 zmienia, a jako pracodawca b\u0119dziesz musia\u0142 stawi\u0107 czo\u0142a wyj\u0105tkowym wyzwaniom. Jeste\u015bmy tutaj, aby Ci\u0119 wspiera\u0107, niezale\u017cnie od Twoich potrzeb. Niezale\u017cnie od tego, czy chodzi o zatrudnienie tymczasowe, oddelegowanie, p\u0142ace, rekrutacj\u0119 i selekcj\u0119, czy zakwaterowanie i transport, znalezienie odpowiednich (tymczasowych) pracownik\u00f3w mo\u017ce by\u0107 nie lada wyzwaniem i ch\u0119tnie przejmiemy to zadanie za Ciebie.<\/p>\n<\/div>\n<div>\n<div>\n<p>Podczas obsadzania stanowisk oddajemy do Pa\u0144stwa dyspozycji pracownik\u00f3w. Formalnie my jeste\u015bmy pracodawc\u0105, natomiast Ty odpowiadasz za bie\u017c\u0105ce zarz\u0105dzanie i zarz\u0105dzanie pracownikiem. Przejmujemy na siebie wszelkie zadania administracyjne i ryzyko chor\u00f3b. Zajmujemy si\u0119 r\u00f3wnie\u017c rekrutacj\u0105 i selekcj\u0105.<\/p>\n<div>\n<div>\n<p>Czy wolisz sam wybiera\u0107 kandydat\u00f3w, nie b\u0119d\u0105c zwi\u0105zanym obowi\u0105zkami pracodawcy, umowami i administracj\u0105? W takim razie p\u0142ace mog\u0105 by\u0107 czym\u015b dla Ciebie.<\/p>\n<\/div>\n<\/div>\n<p>Jeste\u015b zainteresowany nasz\u0105 us\u0142ug\u0105 kadrowo-p\u0142acow\u0105? Wtedy znajdziesz <a href=\"https:\/\/mondialuitzend.nl\/pl\/nadawanie-i-place\/lista-plac\/\">Tutaj<\/a> wi\u0119cej informacji.<\/p>\n<p>&nbsp;<\/p>\n<\/div>\n<\/div>\n<\/div>\n<h3>Nasza metoda<\/h3>\n<p>Podczas rozmowy kwalifikacyjnej wsp\u00f3lnie z Tob\u0105 ustalimy Twoj\u0105 pro\u015bb\u0119 o pomoc. Otrzymasz w\u00f3wczas od nas ofert\u0119 dostosowan\u0105 do Twoich potrzeb, natychmiast i przejrzy\u015bcie przekazuj\u0105c Ci wszystkie informacje potrzebne do dokonania wyboru.<\/p>\n<p>Istnieje kilka element\u00f3w, kt\u00f3re wp\u0142ywaj\u0105 na twoj\u0105 inwestycj\u0119. We\u017a pod uwag\u0119 na przyk\u0142ad czas trwania zlecenia, liczb\u0119 os\u00f3b, wymagane kwalifikacje, charakter pracy, wag\u0119 stanowiska, ewentualne zapotrzebowanie na zakwaterowanie, wynagrodzenie najemcy itp.<\/p>\n<p>Masz pytanie dotycz\u0105ce pracownik\u00f3w tymczasowych i dost\u0119pnych od zaraz? Wi\u0119c we\u017a dzisiaj <a href=\"https:\/\/mondialuitzend.nl\/pl\/kontakt\/\">Kontakt<\/a> z nami!<\/p>\n<p>&nbsp;<\/p>","protected":false},"excerpt":{"rendered":"<p>Potrzebujesz pracownik\u00f3w elastycznych od zaraz? Szukasz (kr\u00f3tko lub d\u0142ugoterminowego) rozszerzenia swojego zespo\u0142u? Mondial Uitzend rozumie znaczenie zmotywowanych pracownik\u00f3w elastycznych. <\/p>","protected":false},"author":4,"featured_media":1393,"parent":0,"menu_order":71,"comment_status":"closed","ping_status":"closed","template":"","meta":{"footnotes":""},"class_list":["post-645","page","type-page","status-publish","has-post-thumbnail","hentry"],"yoast_head":"<!-- This site is optimized with the Yoast SEO plugin v27.4 - https:\/\/yoast.com\/product\/yoast-seo-wordpress\/ -->\n<title>Uitzenden &amp; Payrollen - Mondial Uitzend - Verbindend tussen werkgever en werknemer<\/title>\n<meta name=\"description\" content=\"Heeft u direct flexwerkers nodig? Bent u op zoek naar (kort- of langdurige) uitbreiding van uw team? Mondial Uitzend begrijpt het belang van gemotiveerde flexwerkers. Wij hebben jarenlange ervaring met het uitzenden van mensen. Met een uitgebreid netwerk dat reikt tot Polen, Roemeni\u00eb, Hongarije en andere EU-landen, hebben wij genoeg flexibiliteit om precies die mensen te leveren die u nodig heeft. Bovendien nemen we zorg uit handen op bijvoorbeeld administratief gebied door het inzetten van de juiste ondersteunende software.\" \/>\n<meta name=\"robots\" content=\"index, follow, max-snippet:-1, max-image-preview:large, max-video-preview:-1\" \/>\n<link rel=\"canonical\" href=\"https:\/\/mondialuitzend.nl\/pl\/nadawanie-i-place\/\" \/>\n<meta property=\"og:locale\" content=\"pl_PL\" \/>\n<meta property=\"og:type\" content=\"article\" \/>\n<meta property=\"og:title\" content=\"Uitzenden &amp; Payrollen - Mondial Uitzend - Verbindend tussen werkgever en werknemer\" \/>\n<meta property=\"og:description\" content=\"Heeft u direct flexwerkers nodig? Bent u op zoek naar (kort- of langdurige) uitbreiding van uw team? Mondial Uitzend begrijpt het belang van gemotiveerde flexwerkers. Wij hebben jarenlange ervaring met het uitzenden van mensen. Met een uitgebreid netwerk dat reikt tot Polen, Roemeni\u00eb, Hongarije en andere EU-landen, hebben wij genoeg flexibiliteit om precies die mensen te leveren die u nodig heeft. Bovendien nemen we zorg uit handen op bijvoorbeeld administratief gebied door het inzetten van de juiste ondersteunende software.\" \/>\n<meta property=\"og:url\" content=\"https:\/\/mondialuitzend.nl\/pl\/nadawanie-i-place\/\" \/>\n<meta property=\"og:site_name\" content=\"Mondial Uitzend\" \/>\n<meta property=\"article:publisher\" content=\"https:\/\/www.facebook.com\/mondialuitzendbv\/\" \/>\n<meta property=\"article:modified_time\" content=\"2024-06-05T08:43:30+00:00\" \/>\n<meta property=\"og:image\" content=\"https:\/\/mondialuitzend.nl\/wp-content\/uploads\/2023\/07\/flexwerkers.jpg\" \/>\n\t<meta property=\"og:image:width\" content=\"960\" \/>\n\t<meta property=\"og:image:height\" content=\"720\" \/>\n\t<meta property=\"og:image:type\" content=\"image\/jpeg\" \/>\n<meta name=\"twitter:card\" content=\"summary_large_image\" \/>\n<meta name=\"twitter:label1\" content=\"Szacowany czas czytania\" \/>\n\t<meta name=\"twitter:data1\" content=\"2 minuty\" \/>\n<script type=\"application\/ld+json\" class=\"yoast-schema-graph\">{\"@context\":\"https:\\\/\\\/schema.org\",\"@graph\":[{\"@type\":\"WebPage\",\"@id\":\"https:\\\/\\\/mondialuitzend.nl\\\/uitzenden-en-payrollen\\\/\",\"url\":\"https:\\\/\\\/mondialuitzend.nl\\\/uitzenden-en-payrollen\\\/\",\"name\":\"Uitzenden & Payrollen - Mondial Uitzend - Verbindend tussen werkgever en werknemer\",\"isPartOf\":{\"@id\":\"https:\\\/\\\/mondialuitzend.nl\\\/#website\"},\"primaryImageOfPage\":{\"@id\":\"https:\\\/\\\/mondialuitzend.nl\\\/uitzenden-en-payrollen\\\/#primaryimage\"},\"image\":{\"@id\":\"https:\\\/\\\/mondialuitzend.nl\\\/uitzenden-en-payrollen\\\/#primaryimage\"},\"thumbnailUrl\":\"https:\\\/\\\/mondialuitzend.nl\\\/wp-content\\\/uploads\\\/2023\\\/07\\\/flexwerkers.jpg\",\"datePublished\":\"2023-06-21T12:44:06+00:00\",\"dateModified\":\"2024-06-05T08:43:30+00:00\",\"description\":\"Heeft u direct flexwerkers nodig? Bent u op zoek naar (kort- of langdurige) uitbreiding van uw team? Mondial Uitzend begrijpt het belang van gemotiveerde flexwerkers. Wij hebben jarenlange ervaring met het uitzenden van mensen. Met een uitgebreid netwerk dat reikt tot Polen, Roemeni\u00eb, Hongarije en andere EU-landen, hebben wij genoeg flexibiliteit om precies die mensen te leveren die u nodig heeft. Bovendien nemen we zorg uit handen op bijvoorbeeld administratief gebied door het inzetten van de juiste ondersteunende software.\",\"breadcrumb\":{\"@id\":\"https:\\\/\\\/mondialuitzend.nl\\\/uitzenden-en-payrollen\\\/#breadcrumb\"},\"inLanguage\":\"pl-PL\",\"potentialAction\":[{\"@type\":\"ReadAction\",\"target\":[\"https:\\\/\\\/mondialuitzend.nl\\\/uitzenden-en-payrollen\\\/\"]}]},{\"@type\":\"ImageObject\",\"inLanguage\":\"pl-PL\",\"@id\":\"https:\\\/\\\/mondialuitzend.nl\\\/uitzenden-en-payrollen\\\/#primaryimage\",\"url\":\"https:\\\/\\\/mondialuitzend.nl\\\/wp-content\\\/uploads\\\/2023\\\/07\\\/flexwerkers.jpg\",\"contentUrl\":\"https:\\\/\\\/mondialuitzend.nl\\\/wp-content\\\/uploads\\\/2023\\\/07\\\/flexwerkers.jpg\",\"width\":960,\"height\":720},{\"@type\":\"BreadcrumbList\",\"@id\":\"https:\\\/\\\/mondialuitzend.nl\\\/uitzenden-en-payrollen\\\/#breadcrumb\",\"itemListElement\":[{\"@type\":\"ListItem\",\"position\":1,\"name\":\"Home\",\"item\":\"https:\\\/\\\/mondialuitzend.nl\\\/\"},{\"@type\":\"ListItem\",\"position\":2,\"name\":\"Uitzenden &#038; Payrollen\"}]},{\"@type\":\"WebSite\",\"@id\":\"https:\\\/\\\/mondialuitzend.nl\\\/#website\",\"url\":\"https:\\\/\\\/mondialuitzend.nl\\\/\",\"name\":\"Mondial Uitzend\",\"description\":\"Verbindend tussen werkgever en werknemer\",\"publisher\":{\"@id\":\"https:\\\/\\\/mondialuitzend.nl\\\/#organization\"},\"potentialAction\":[{\"@type\":\"SearchAction\",\"target\":{\"@type\":\"EntryPoint\",\"urlTemplate\":\"https:\\\/\\\/mondialuitzend.nl\\\/?s={search_term_string}\"},\"query-input\":{\"@type\":\"PropertyValueSpecification\",\"valueRequired\":true,\"valueName\":\"search_term_string\"}}],\"inLanguage\":\"pl-PL\"},{\"@type\":\"Organization\",\"@id\":\"https:\\\/\\\/mondialuitzend.nl\\\/#organization\",\"name\":\"Mondial Uitzend\",\"url\":\"https:\\\/\\\/mondialuitzend.nl\\\/\",\"logo\":{\"@type\":\"ImageObject\",\"inLanguage\":\"pl-PL\",\"@id\":\"https:\\\/\\\/mondialuitzend.nl\\\/#\\\/schema\\\/logo\\\/image\\\/\",\"url\":\"https:\\\/\\\/mondialuitzend.nl\\\/wp-content\\\/uploads\\\/2023\\\/06\\\/Logo-MondialUitzend.svg\",\"contentUrl\":\"https:\\\/\\\/mondialuitzend.nl\\\/wp-content\\\/uploads\\\/2023\\\/06\\\/Logo-MondialUitzend.svg\",\"width\":149,\"height\":56,\"caption\":\"Mondial Uitzend\"},\"image\":{\"@id\":\"https:\\\/\\\/mondialuitzend.nl\\\/#\\\/schema\\\/logo\\\/image\\\/\"},\"sameAs\":[\"https:\\\/\\\/www.facebook.com\\\/mondialuitzendbv\\\/\",\"https:\\\/\\\/www.linkedin.com\\\/company\\\/mondial-uitzend-b-v-\",\"https:\\\/\\\/www.youtube.com\\\/channel\\\/UCPBmFRvmUDCPtpAaFVASV9Q\"]}]}<\/script>\n<!-- \/ Yoast SEO plugin. -->","yoast_head_json":{"title":"Zatrudnienie tymczasowe i p\u0142ace - Mondial Uitzend - \u0141\u0105czenie pracodawcy z pracownikiem","description":"Potrzebujesz pracownik\u00f3w elastycznych od zaraz? Szukasz (kr\u00f3tko lub d\u0142ugoterminowego) rozszerzenia swojego zespo\u0142u? Mondial Uitzend rozumie znaczenie zmotywowanych pracownik\u00f3w tymczasowych. Mamy wieloletnie do\u015bwiadczenie w wysy\u0142aniu ludzi. Dzi\u0119ki rozleg\u0142ej sieci obejmuj\u0105cej Polsk\u0119, Rumuni\u0119, W\u0119gry i inne kraje UE mamy wystarczaj\u0105c\u0105 elastyczno\u015b\u0107, aby zapewni\u0107 dok\u0142adnie takich ludzi, jakich potrzebujesz. Dodatkowo zajmujemy si\u0119 sprawami administracyjnymi, np. poprzez zastosowanie odpowiedniego oprogramowania wspomagaj\u0105cego.","robots":{"index":"index","follow":"follow","max-snippet":"max-snippet:-1","max-image-preview":"max-image-preview:large","max-video-preview":"max-video-preview:-1"},"canonical":"https:\/\/mondialuitzend.nl\/pl\/nadawanie-i-place\/","og_locale":"pl_PL","og_type":"article","og_title":"Uitzenden & Payrollen - Mondial Uitzend - Verbindend tussen werkgever en werknemer","og_description":"Heeft u direct flexwerkers nodig? Bent u op zoek naar (kort- of langdurige) uitbreiding van uw team? Mondial Uitzend begrijpt het belang van gemotiveerde flexwerkers. Wij hebben jarenlange ervaring met het uitzenden van mensen. Met een uitgebreid netwerk dat reikt tot Polen, Roemeni\u00eb, Hongarije en andere EU-landen, hebben wij genoeg flexibiliteit om precies die mensen te leveren die u nodig heeft. Bovendien nemen we zorg uit handen op bijvoorbeeld administratief gebied door het inzetten van de juiste ondersteunende software.","og_url":"https:\/\/mondialuitzend.nl\/pl\/nadawanie-i-place\/","og_site_name":"Mondial Uitzend","article_publisher":"https:\/\/www.facebook.com\/mondialuitzendbv\/","article_modified_time":"2024-06-05T08:43:30+00:00","og_image":[{"width":960,"height":720,"url":"https:\/\/mondialuitzend.nl\/wp-content\/uploads\/2023\/07\/flexwerkers.jpg","type":"image\/jpeg"}],"twitter_card":"summary_large_image","twitter_misc":{"Szacowany czas czytania":"2 minuty"},"schema":{"@context":"https:\/\/schema.org","@graph":[{"@type":"WebPage","@id":"https:\/\/mondialuitzend.nl\/uitzenden-en-payrollen\/","url":"https:\/\/mondialuitzend.nl\/uitzenden-en-payrollen\/","name":"Zatrudnienie tymczasowe i p\u0142ace - Mondial Uitzend - \u0141\u0105czenie pracodawcy z pracownikiem","isPartOf":{"@id":"https:\/\/mondialuitzend.nl\/#website"},"primaryImageOfPage":{"@id":"https:\/\/mondialuitzend.nl\/uitzenden-en-payrollen\/#primaryimage"},"image":{"@id":"https:\/\/mondialuitzend.nl\/uitzenden-en-payrollen\/#primaryimage"},"thumbnailUrl":"https:\/\/mondialuitzend.nl\/wp-content\/uploads\/2023\/07\/flexwerkers.jpg","datePublished":"2023-06-21T12:44:06+00:00","dateModified":"2024-06-05T08:43:30+00:00","description":"Potrzebujesz pracownik\u00f3w elastycznych od zaraz? Szukasz (kr\u00f3tko lub d\u0142ugoterminowego) rozszerzenia swojego zespo\u0142u? Mondial Uitzend rozumie znaczenie zmotywowanych pracownik\u00f3w tymczasowych. Mamy wieloletnie do\u015bwiadczenie w wysy\u0142aniu ludzi. Dzi\u0119ki rozleg\u0142ej sieci obejmuj\u0105cej Polsk\u0119, Rumuni\u0119, W\u0119gry i inne kraje UE mamy wystarczaj\u0105c\u0105 elastyczno\u015b\u0107, aby zapewni\u0107 dok\u0142adnie takich ludzi, jakich potrzebujesz. Dodatkowo zajmujemy si\u0119 sprawami administracyjnymi, np. poprzez zastosowanie odpowiedniego oprogramowania wspomagaj\u0105cego.","breadcrumb":{"@id":"https:\/\/mondialuitzend.nl\/uitzenden-en-payrollen\/#breadcrumb"},"inLanguage":"pl-PL","potentialAction":[{"@type":"ReadAction","target":["https:\/\/mondialuitzend.nl\/uitzenden-en-payrollen\/"]}]},{"@type":"ImageObject","inLanguage":"pl-PL","@id":"https:\/\/mondialuitzend.nl\/uitzenden-en-payrollen\/#primaryimage","url":"https:\/\/mondialuitzend.nl\/wp-content\/uploads\/2023\/07\/flexwerkers.jpg","contentUrl":"https:\/\/mondialuitzend.nl\/wp-content\/uploads\/2023\/07\/flexwerkers.jpg","width":960,"height":720},{"@type":"BreadcrumbList","@id":"https:\/\/mondialuitzend.nl\/uitzenden-en-payrollen\/#breadcrumb","itemListElement":[{"@type":"ListItem","position":1,"name":"Home","item":"https:\/\/mondialuitzend.nl\/"},{"@type":"ListItem","position":2,"name":"Uitzenden &#038; Payrollen"}]},{"@type":"WebSite","@id":"https:\/\/mondialuitzend.nl\/#website","url":"https:\/\/mondialuitzend.nl\/","name":"Transmisja globalna","description":"\u0141\u0105czenie mi\u0119dzy pracodawc\u0105 a pracownikiem","publisher":{"@id":"https:\/\/mondialuitzend.nl\/#organization"},"potentialAction":[{"@type":"SearchAction","target":{"@type":"EntryPoint","urlTemplate":"https:\/\/mondialuitzend.nl\/?s={search_term_string}"},"query-input":{"@type":"PropertyValueSpecification","valueRequired":true,"valueName":"search_term_string"}}],"inLanguage":"pl-PL"},{"@type":"Organization","@id":"https:\/\/mondialuitzend.nl\/#organization","name":"Transmisja globalna","url":"https:\/\/mondialuitzend.nl\/","logo":{"@type":"ImageObject","inLanguage":"pl-PL","@id":"https:\/\/mondialuitzend.nl\/#\/schema\/logo\/image\/","url":"https:\/\/mondialuitzend.nl\/wp-content\/uploads\/2023\/06\/Logo-MondialUitzend.svg","contentUrl":"https:\/\/mondialuitzend.nl\/wp-content\/uploads\/2023\/06\/Logo-MondialUitzend.svg","width":149,"height":56,"caption":"Mondial Uitzend"},"image":{"@id":"https:\/\/mondialuitzend.nl\/#\/schema\/logo\/image\/"},"sameAs":["https:\/\/www.facebook.com\/mondialuitzendbv\/","https:\/\/www.linkedin.com\/company\/mondial-uitzend-b-v-","https:\/\/www.youtube.com\/channel\/UCPBmFRvmUDCPtpAaFVASV9Q"]}]}},"_links":{"self":[{"href":"https:\/\/mondialuitzend.nl\/pl\/wp-json\/wp\/v2\/pages\/645","targetHints":{"allow":["GET"]}}],"collection":[{"href":"https:\/\/mondialuitzend.nl\/pl\/wp-json\/wp\/v2\/pages"}],"about":[{"href":"https:\/\/mondialuitzend.nl\/pl\/wp-json\/wp\/v2\/types\/page"}],"author":[{"embeddable":true,"href":"https:\/\/mondialuitzend.nl\/pl\/wp-json\/wp\/v2\/users\/4"}],"replies":[{"embeddable":true,"href":"https:\/\/mondialuitzend.nl\/pl\/wp-json\/wp\/v2\/comments?post=645"}],"version-history":[{"count":0,"href":"https:\/\/mondialuitzend.nl\/pl\/wp-json\/wp\/v2\/pages\/645\/revisions"}],"wp:featuredmedia":[{"embeddable":true,"href":"https:\/\/mondialuitzend.nl\/pl\/wp-json\/wp\/v2\/media\/1393"}],"wp:attachment":[{"href":"https:\/\/mondialuitzend.nl\/pl\/wp-json\/wp\/v2\/media?parent=645"}],"curies":[{"name":"wp","href":"https:\/\/api.w.org\/{rel}","templated":true}]}}