{"id":654,"date":"2023-06-21T14:49:12","date_gmt":"2023-06-21T12:49:12","guid":{"rendered":"https:\/\/mondialuitzend.nl\/?page_id=654"},"modified":"2024-01-15T12:44:11","modified_gmt":"2024-01-15T11:44:11","slug":"rekrutacja-i-selekcja","status":"publish","type":"page","link":"https:\/\/mondialuitzend.nl\/pl\/rekrutacja-i-selekcja\/","title":{"rendered":"Rekrutacja i selekcja"},"content":{"rendered":"<p>Czy chcesz zleci\u0107 ca\u0142y proces od rekrutacji odpowiednich os\u00f3b po wyb\u00f3r i zatrudnienie najlepiej dopasowanej osoby? Mondial Uitzend ma wieloletnie do\u015bwiadczenie w rekrutacji i wyborze odpowiedniej osoby na dane stanowisko, dzi\u0119ki czemu wie jak odci\u0105\u017cy\u0107 Ci\u0119 jak nikt inny.<\/p>\n<p>Nasza rozleg\u0142a sie\u0107 umo\u017cliwia nam oferowanie Pa\u0144stwu nie tylko os\u00f3b z Holandii, ale tak\u017ce zmotywowanych os\u00f3b poszukuj\u0105cych pracy z Polski, Rumunii, W\u0119gier i innych kraj\u00f3w UE.<\/p>\n<h3>Nasza metoda<\/h3>\n<p>Po inwentaryzacji Pa\u0144stwa \u017cycze\u0144 otrzymaj\u0105 Pa\u0144stwo od nas ofert\u0119 szyt\u0105 na miar\u0119. Po zatwierdzeniu oferty nast\u0119puje potwierdzenie zam\u00f3wienia. Zanim ludzie zaczn\u0105 dla Ciebie pracowa\u0107, otrzymasz od nas informacj\u0119, jakich pracownik\u00f3w elastycznych mo\u017cesz si\u0119 spodziewa\u0107. Je\u015bli masz jakiekolwiek pytania na ten temat, nasi koledzy z Planowania s\u0105 do Twojej dyspozycji. Oczywi\u015bcie zawsze mo\u017cesz skontaktowa\u0107 si\u0119 ze swoim opiekunem konta.<\/p>\n<p>Po przybyciu do Holandii ka\u017cdemu zagranicznemu pracownikowi tymczasowemu zostaje przydzielony koordynator, kt\u00f3ry oferuje mu wskaz\u00f3wki i wsparcie. Wszystko to w j\u0119zyku ojczystym pracownika elastycznego.<\/p>\n<p>Istnieje kontakt mi\u0119dzy tob\u0105 a naszym Planowaniem kilka razy w ci\u0105gu tygodnia. A Ty co tydzie\u0144 wype\u0142niasz kart\u0119 czasu pracy, na podstawie kt\u00f3rej przygotowujemy faktur\u0119 i przesy\u0142amy j\u0105 do Ciebie. Wszystko to odbywa si\u0119 online za po\u015brednictwem naszej platformy cyfrowej. Na tej platformie znajdziesz r\u00f3wnie\u017c informacje o umowach, wycenach, fakturach, certyfikatach itp.<\/p>","protected":false},"excerpt":{"rendered":"<p>Wilt u het hele traject van het werven van de juiste mensen tot aan het selecteren en aannemen van de beste match uitbesteden? Mondial Uitzend heeft vele jaren ervaring in het werven en selecteren van de juiste persoon voor de functie en weet u zodoende als geen ander te ontzorgen. Ons uitgebreide netwerk stelt ons [&hellip;]<\/p>\n","protected":false},"author":4,"featured_media":2092,"parent":0,"menu_order":72,"comment_status":"closed","ping_status":"closed","template":"","meta":{"footnotes":""},"class_list":["post-654","page","type-page","status-publish","has-post-thumbnail","hentry"],"yoast_head":"<!-- This site is optimized with the Yoast SEO plugin v27.4 - https:\/\/yoast.com\/product\/yoast-seo-wordpress\/ -->\n<title>Werving en selectie - Mondial Uitzend - Verbindend tussen werkgever en werknemer<\/title>\n<meta name=\"description\" content=\"Wilt u het hele traject van het werven van de juiste mensen tot aan het selecteren en aannemen van de beste match uitbesteden? Mondial Uitzend heeft vele jaren ervaring in het werven en selecteren van de juiste persoon voor de functie en weet u zodoende als geen ander te ontzorgen.\" \/>\n<meta name=\"robots\" content=\"index, follow, max-snippet:-1, max-image-preview:large, max-video-preview:-1\" \/>\n<link rel=\"canonical\" href=\"https:\/\/mondialuitzend.nl\/pl\/rekrutacja-i-selekcja\/\" \/>\n<meta property=\"og:locale\" content=\"pl_PL\" \/>\n<meta property=\"og:type\" content=\"article\" \/>\n<meta property=\"og:title\" content=\"Werving en selectie - Mondial Uitzend - Verbindend tussen werkgever en werknemer\" \/>\n<meta property=\"og:description\" content=\"Wilt u het hele traject van het werven van de juiste mensen tot aan het selecteren en aannemen van de beste match uitbesteden? Mondial Uitzend heeft vele jaren ervaring in het werven en selecteren van de juiste persoon voor de functie en weet u zodoende als geen ander te ontzorgen.\" \/>\n<meta property=\"og:url\" content=\"https:\/\/mondialuitzend.nl\/pl\/rekrutacja-i-selekcja\/\" \/>\n<meta property=\"og:site_name\" content=\"Mondial Uitzend\" \/>\n<meta property=\"article:publisher\" content=\"https:\/\/www.facebook.com\/mondialuitzendbv\/\" \/>\n<meta property=\"article:modified_time\" content=\"2024-01-15T11:44:11+00:00\" \/>\n<meta property=\"og:image\" content=\"https:\/\/mondialuitzend.nl\/wp-content\/uploads\/2024\/01\/talent.jpg\" \/>\n\t<meta property=\"og:image:width\" content=\"2000\" \/>\n\t<meta property=\"og:image:height\" content=\"1500\" \/>\n\t<meta property=\"og:image:type\" content=\"image\/jpeg\" \/>\n<meta name=\"twitter:card\" content=\"summary_large_image\" \/>\n<meta name=\"twitter:label1\" content=\"Szacowany czas czytania\" \/>\n\t<meta name=\"twitter:data1\" content=\"2 minuty\" \/>\n<script type=\"application\/ld+json\" class=\"yoast-schema-graph\">{\"@context\":\"https:\\\/\\\/schema.org\",\"@graph\":[{\"@type\":\"WebPage\",\"@id\":\"https:\\\/\\\/mondialuitzend.nl\\\/werving-en-selectie\\\/\",\"url\":\"https:\\\/\\\/mondialuitzend.nl\\\/werving-en-selectie\\\/\",\"name\":\"Werving en selectie - Mondial Uitzend - Verbindend tussen werkgever en werknemer\",\"isPartOf\":{\"@id\":\"https:\\\/\\\/mondialuitzend.nl\\\/#website\"},\"primaryImageOfPage\":{\"@id\":\"https:\\\/\\\/mondialuitzend.nl\\\/werving-en-selectie\\\/#primaryimage\"},\"image\":{\"@id\":\"https:\\\/\\\/mondialuitzend.nl\\\/werving-en-selectie\\\/#primaryimage\"},\"thumbnailUrl\":\"https:\\\/\\\/mondialuitzend.nl\\\/wp-content\\\/uploads\\\/2024\\\/01\\\/talent.jpg\",\"datePublished\":\"2023-06-21T12:49:12+00:00\",\"dateModified\":\"2024-01-15T11:44:11+00:00\",\"description\":\"Wilt u het hele traject van het werven van de juiste mensen tot aan het selecteren en aannemen van de beste match uitbesteden? Mondial Uitzend heeft vele jaren ervaring in het werven en selecteren van de juiste persoon voor de functie en weet u zodoende als geen ander te ontzorgen.\",\"breadcrumb\":{\"@id\":\"https:\\\/\\\/mondialuitzend.nl\\\/werving-en-selectie\\\/#breadcrumb\"},\"inLanguage\":\"pl-PL\",\"potentialAction\":[{\"@type\":\"ReadAction\",\"target\":[\"https:\\\/\\\/mondialuitzend.nl\\\/werving-en-selectie\\\/\"]}]},{\"@type\":\"ImageObject\",\"inLanguage\":\"pl-PL\",\"@id\":\"https:\\\/\\\/mondialuitzend.nl\\\/werving-en-selectie\\\/#primaryimage\",\"url\":\"https:\\\/\\\/mondialuitzend.nl\\\/wp-content\\\/uploads\\\/2024\\\/01\\\/talent.jpg\",\"contentUrl\":\"https:\\\/\\\/mondialuitzend.nl\\\/wp-content\\\/uploads\\\/2024\\\/01\\\/talent.jpg\",\"width\":2000,\"height\":1500},{\"@type\":\"BreadcrumbList\",\"@id\":\"https:\\\/\\\/mondialuitzend.nl\\\/werving-en-selectie\\\/#breadcrumb\",\"itemListElement\":[{\"@type\":\"ListItem\",\"position\":1,\"name\":\"Home\",\"item\":\"https:\\\/\\\/mondialuitzend.nl\\\/\"},{\"@type\":\"ListItem\",\"position\":2,\"name\":\"Werving en selectie\"}]},{\"@type\":\"WebSite\",\"@id\":\"https:\\\/\\\/mondialuitzend.nl\\\/#website\",\"url\":\"https:\\\/\\\/mondialuitzend.nl\\\/\",\"name\":\"Mondial Uitzend\",\"description\":\"Verbindend tussen werkgever en werknemer\",\"publisher\":{\"@id\":\"https:\\\/\\\/mondialuitzend.nl\\\/#organization\"},\"potentialAction\":[{\"@type\":\"SearchAction\",\"target\":{\"@type\":\"EntryPoint\",\"urlTemplate\":\"https:\\\/\\\/mondialuitzend.nl\\\/?s={search_term_string}\"},\"query-input\":{\"@type\":\"PropertyValueSpecification\",\"valueRequired\":true,\"valueName\":\"search_term_string\"}}],\"inLanguage\":\"pl-PL\"},{\"@type\":\"Organization\",\"@id\":\"https:\\\/\\\/mondialuitzend.nl\\\/#organization\",\"name\":\"Mondial Uitzend\",\"url\":\"https:\\\/\\\/mondialuitzend.nl\\\/\",\"logo\":{\"@type\":\"ImageObject\",\"inLanguage\":\"pl-PL\",\"@id\":\"https:\\\/\\\/mondialuitzend.nl\\\/#\\\/schema\\\/logo\\\/image\\\/\",\"url\":\"https:\\\/\\\/mondialuitzend.nl\\\/wp-content\\\/uploads\\\/2023\\\/06\\\/Logo-MondialUitzend.svg\",\"contentUrl\":\"https:\\\/\\\/mondialuitzend.nl\\\/wp-content\\\/uploads\\\/2023\\\/06\\\/Logo-MondialUitzend.svg\",\"width\":149,\"height\":56,\"caption\":\"Mondial Uitzend\"},\"image\":{\"@id\":\"https:\\\/\\\/mondialuitzend.nl\\\/#\\\/schema\\\/logo\\\/image\\\/\"},\"sameAs\":[\"https:\\\/\\\/www.facebook.com\\\/mondialuitzendbv\\\/\",\"https:\\\/\\\/www.linkedin.com\\\/company\\\/mondial-uitzend-b-v-\",\"https:\\\/\\\/www.youtube.com\\\/channel\\\/UCPBmFRvmUDCPtpAaFVASV9Q\"]}]}<\/script>\n<!-- \/ Yoast SEO plugin. -->","yoast_head_json":{"title":"Rekrutacja i selekcja - Mondial Uitzend - \u0141\u0105czenie mi\u0119dzy pracodawc\u0105 a pracownikiem","description":"Czy chcesz zleci\u0107 ca\u0142y proces od rekrutacji odpowiednich os\u00f3b po wyb\u00f3r i zatrudnienie najlepiej dopasowanej osoby? Mondial Uitzend ma wieloletnie do\u015bwiadczenie w rekrutacji i wyborze odpowiedniej osoby na dane stanowisko, dzi\u0119ki czemu wie jak odci\u0105\u017cy\u0107 Ci\u0119 jak nikt inny.","robots":{"index":"index","follow":"follow","max-snippet":"max-snippet:-1","max-image-preview":"max-image-preview:large","max-video-preview":"max-video-preview:-1"},"canonical":"https:\/\/mondialuitzend.nl\/pl\/rekrutacja-i-selekcja\/","og_locale":"pl_PL","og_type":"article","og_title":"Werving en selectie - Mondial Uitzend - Verbindend tussen werkgever en werknemer","og_description":"Wilt u het hele traject van het werven van de juiste mensen tot aan het selecteren en aannemen van de beste match uitbesteden? Mondial Uitzend heeft vele jaren ervaring in het werven en selecteren van de juiste persoon voor de functie en weet u zodoende als geen ander te ontzorgen.","og_url":"https:\/\/mondialuitzend.nl\/pl\/rekrutacja-i-selekcja\/","og_site_name":"Mondial Uitzend","article_publisher":"https:\/\/www.facebook.com\/mondialuitzendbv\/","article_modified_time":"2024-01-15T11:44:11+00:00","og_image":[{"width":2000,"height":1500,"url":"https:\/\/mondialuitzend.nl\/wp-content\/uploads\/2024\/01\/talent.jpg","type":"image\/jpeg"}],"twitter_card":"summary_large_image","twitter_misc":{"Szacowany czas czytania":"2 minuty"},"schema":{"@context":"https:\/\/schema.org","@graph":[{"@type":"WebPage","@id":"https:\/\/mondialuitzend.nl\/werving-en-selectie\/","url":"https:\/\/mondialuitzend.nl\/werving-en-selectie\/","name":"Rekrutacja i selekcja - Mondial Uitzend - \u0141\u0105czenie mi\u0119dzy pracodawc\u0105 a pracownikiem","isPartOf":{"@id":"https:\/\/mondialuitzend.nl\/#website"},"primaryImageOfPage":{"@id":"https:\/\/mondialuitzend.nl\/werving-en-selectie\/#primaryimage"},"image":{"@id":"https:\/\/mondialuitzend.nl\/werving-en-selectie\/#primaryimage"},"thumbnailUrl":"https:\/\/mondialuitzend.nl\/wp-content\/uploads\/2024\/01\/talent.jpg","datePublished":"2023-06-21T12:49:12+00:00","dateModified":"2024-01-15T11:44:11+00:00","description":"Czy chcesz zleci\u0107 ca\u0142y proces od rekrutacji odpowiednich os\u00f3b po wyb\u00f3r i zatrudnienie najlepiej dopasowanej osoby? Mondial Uitzend ma wieloletnie do\u015bwiadczenie w rekrutacji i wyborze odpowiedniej osoby na dane stanowisko, dzi\u0119ki czemu wie jak odci\u0105\u017cy\u0107 Ci\u0119 jak nikt inny.","breadcrumb":{"@id":"https:\/\/mondialuitzend.nl\/werving-en-selectie\/#breadcrumb"},"inLanguage":"pl-PL","potentialAction":[{"@type":"ReadAction","target":["https:\/\/mondialuitzend.nl\/werving-en-selectie\/"]}]},{"@type":"ImageObject","inLanguage":"pl-PL","@id":"https:\/\/mondialuitzend.nl\/werving-en-selectie\/#primaryimage","url":"https:\/\/mondialuitzend.nl\/wp-content\/uploads\/2024\/01\/talent.jpg","contentUrl":"https:\/\/mondialuitzend.nl\/wp-content\/uploads\/2024\/01\/talent.jpg","width":2000,"height":1500},{"@type":"BreadcrumbList","@id":"https:\/\/mondialuitzend.nl\/werving-en-selectie\/#breadcrumb","itemListElement":[{"@type":"ListItem","position":1,"name":"Home","item":"https:\/\/mondialuitzend.nl\/"},{"@type":"ListItem","position":2,"name":"Werving en selectie"}]},{"@type":"WebSite","@id":"https:\/\/mondialuitzend.nl\/#website","url":"https:\/\/mondialuitzend.nl\/","name":"Transmisja globalna","description":"\u0141\u0105czenie mi\u0119dzy pracodawc\u0105 a pracownikiem","publisher":{"@id":"https:\/\/mondialuitzend.nl\/#organization"},"potentialAction":[{"@type":"SearchAction","target":{"@type":"EntryPoint","urlTemplate":"https:\/\/mondialuitzend.nl\/?s={search_term_string}"},"query-input":{"@type":"PropertyValueSpecification","valueRequired":true,"valueName":"search_term_string"}}],"inLanguage":"pl-PL"},{"@type":"Organization","@id":"https:\/\/mondialuitzend.nl\/#organization","name":"Transmisja globalna","url":"https:\/\/mondialuitzend.nl\/","logo":{"@type":"ImageObject","inLanguage":"pl-PL","@id":"https:\/\/mondialuitzend.nl\/#\/schema\/logo\/image\/","url":"https:\/\/mondialuitzend.nl\/wp-content\/uploads\/2023\/06\/Logo-MondialUitzend.svg","contentUrl":"https:\/\/mondialuitzend.nl\/wp-content\/uploads\/2023\/06\/Logo-MondialUitzend.svg","width":149,"height":56,"caption":"Mondial Uitzend"},"image":{"@id":"https:\/\/mondialuitzend.nl\/#\/schema\/logo\/image\/"},"sameAs":["https:\/\/www.facebook.com\/mondialuitzendbv\/","https:\/\/www.linkedin.com\/company\/mondial-uitzend-b-v-","https:\/\/www.youtube.com\/channel\/UCPBmFRvmUDCPtpAaFVASV9Q"]}]}},"_links":{"self":[{"href":"https:\/\/mondialuitzend.nl\/pl\/wp-json\/wp\/v2\/pages\/654","targetHints":{"allow":["GET"]}}],"collection":[{"href":"https:\/\/mondialuitzend.nl\/pl\/wp-json\/wp\/v2\/pages"}],"about":[{"href":"https:\/\/mondialuitzend.nl\/pl\/wp-json\/wp\/v2\/types\/page"}],"author":[{"embeddable":true,"href":"https:\/\/mondialuitzend.nl\/pl\/wp-json\/wp\/v2\/users\/4"}],"replies":[{"embeddable":true,"href":"https:\/\/mondialuitzend.nl\/pl\/wp-json\/wp\/v2\/comments?post=654"}],"version-history":[{"count":0,"href":"https:\/\/mondialuitzend.nl\/pl\/wp-json\/wp\/v2\/pages\/654\/revisions"}],"wp:featuredmedia":[{"embeddable":true,"href":"https:\/\/mondialuitzend.nl\/pl\/wp-json\/wp\/v2\/media\/2092"}],"wp:attachment":[{"href":"https:\/\/mondialuitzend.nl\/pl\/wp-json\/wp\/v2\/media?parent=654"}],"curies":[{"name":"wp","href":"https:\/\/api.w.org\/{rel}","templated":true}]}}