{"id":657,"date":"2023-06-21T14:50:35","date_gmt":"2023-06-21T12:50:35","guid":{"rendered":"https:\/\/mondialuitzend.nl\/?page_id=657"},"modified":"2025-02-11T11:03:01","modified_gmt":"2025-02-11T10:03:01","slug":"mieszkania","status":"publish","type":"page","link":"https:\/\/mondialuitzend.nl\/pl\/mieszkania\/","title":{"rendered":"Mieszkania"},"content":{"rendered":"<ul>\n<li>Posiadamy lokalizacje mieszkaniowe w Holandii P\u00f3\u0142nocnej, Friesland i Limburgii.<\/li>\n<li>Wszystkie nasze obiekty posiadaj\u0105 certyfikat SNF. W ten spos\u00f3b mo\u017cesz mie\u0107 pewno\u015b\u0107, \u017ce spe\u0142nia podstawowe wymagania (lub wi\u0119cej) dotycz\u0105ce higieny, bezpiecze\u0144stwa i jako\u015bci. Jest to \u015bci\u015ble monitorowane.<\/li>\n<li>Wszystkie obiekty wyposa\u017cone s\u0105 w atestowane systemy sygnalizacji po\u017caru.<\/li>\n<li>Wiele naszych lokalizacji jest wyposa\u017conych w panele s\u0142oneczne i inteligentne termostaty.<\/li>\n<\/ul>\n<p>&nbsp;<\/p>\n<p>&nbsp;<\/p>\n<h3>metoda<\/h3>\n<p>Uwa\u017camy, \u017ce wa\u017cne jest, aby nasi zagraniczni pracownicy poliwalentni mieli dobry pobyt.<\/p>\n<p>Nasz zesp\u00f3\u0142 konserwacyjny dba o to, aby \u015brodowisko mieszkalne wygl\u0105da\u0142o przyjemnie, ogr\u00f3d by\u0142 dobrze utrzymany, a urz\u0105dzenia w domu i wok\u00f3\u0142 niego dzia\u0142a\u0142y. Oczywi\u015bcie przeprowadzamy niezb\u0119dne kontrole m.in.; czysto\u015b\u0107, porz\u0105dek, legionella (tygodniowo) oraz bezpiecze\u0144stwo przeciwpo\u017carowe (miesi\u0119cznie i rocznie).<\/p>\n<p>Wieczorem nasi koordynatorzy odwiedzaj\u0105 miejsca zakwaterowania, aby ewentualne usterki mog\u0142y zosta\u0107 zg\u0142oszone iw miar\u0119 mo\u017cliwo\u015bci niezw\u0142ocznie usuni\u0119te.<\/p>\n<p>Nasze lokalizacje mieszkaniowe w Noord-Holland znajduj\u0105 si\u0119 w rejonie Schagen i Den Oever. W Friesland nasi pracownicy flex mieszkaj\u0105 w rejonie Harlingen, a w Limburgii w bezpo\u015brednim s\u0105siedztwie Venlo.<\/p>\n<p>W ka\u017cdej lokalizacji staramy si\u0119 stworzy\u0107 drugi dom dla naszych zagranicznych pracownik\u00f3w elastycznych. Robimy to mi\u0119dzy innymi poprzez zapewnienie kompletnego i elegancko umeblowanego domu z zapleczem roboczym, takim jak r\u00f3\u017cne sprz\u0119ty kuchenne. Pracownicy mobilni \u015bpi\u0105 w pokojach 2, 3 lub 4 osobowych. W ka\u017cdej lokalizacji mog\u0105 korzysta\u0107 ze wsp\u00f3lnego salonu. Oczywi\u015bcie we wszystkich lokalizacjach jest WIFI.<\/p>\n<p>Masz pytania lub uwagi dotycz\u0105ce mieszka\u0144? Nast\u0119pnie we\u017a <a href=\"https:\/\/mondialuitzend.nl\/pl\/kontakt\/\">Kontakt<\/a> z nami.<\/p>\n<p>&nbsp;<\/p>\n<h3>PKS<\/h3>\n<div>\n<p>Chcieliby\u015bmy poinformowa\u0107 Pa\u0144stwa o nowym systemie ceny i jako\u015bci (PKS), kt\u00f3ry zosta\u0142 opracowany w celu dalszej poprawy warunk\u00f3w pracy i \u017cycia mi\u0119dzynarodowych pracownik\u00f3w tymczasowych. System ten ma na celu zapewnienie przejrzysto\u015bci i stworzenie sprawiedliwej r\u00f3wnowagi pomi\u0119dzy kosztami i jako\u015bci\u0105. System wszed\u0142 w \u017cycie 1 stycznia 2025 r.<\/p>\n<p>&nbsp;<\/p>\n<p><strong>Jak dzia\u0142a h?<\/strong><strong>i PKS? <\/strong><\/p>\n<p>PKS opiera si\u0119 na systemie punktowym. Punkty przyznawane s\u0105 na podstawie nast\u0119puj\u0105cych kryteri\u00f3w:<\/p>\n<ul>\n<li>Powierzchnia mieszkalna na osob\u0119<\/li>\n<li>Liczba os\u00f3b w pokoju<\/li>\n<li>Wsp\u00f3lne pomieszczenia sanitarne<\/li>\n<li>Bezpiecze\u0144stwo, higiena i zr\u00f3wnowa\u017cony rozw\u00f3j<\/li>\n<li>Lokalizacja domu<\/li>\n<\/ul>\n<p>Uzyskany wynik okre\u015bla maksymaln\u0105 kwot\u0119 czynszu, kt\u00f3ra mo\u017ce zosta\u0107 potr\u0105cona z wynagrodzenia mi\u0119dzynarodowego pracownika tymczasowego.<\/p>\n<p><strong>Wa\u017cne zasady:<\/strong> Warto\u015b\u0107 PKS-u okre\u015bla maksymaln\u0105 kwot\u0119 potr\u0105cenia z wynagrodzenia. W przypadku pracownik\u00f3w zarabiaj\u0105cych mniej ni\u017c 140% ustawowego minimalnego wynagrodzenia (WML), mo\u017cna potr\u0105ci\u0107 maksymalnie 25% WML. Je\u017celi warto\u015b\u0107 PKS jest ni\u017csza ni\u017c 25%, w\u00f3wczas obowi\u0105zuje ni\u017csza warto\u015b\u0107 PKS. W przypadku pracownik\u00f3w zarabiaj\u0105cych wi\u0119cej ni\u017c 140% WML, maksymalne odliczenie jest r\u00f3wne wyliczonej warto\u015bci PKS.<\/p>\n<p><strong>Co PKS oznacza dla naszych klient\u00f3w? <\/strong><\/p>\n<ul>\n<li>PKS niesie ze sob\u0105 korzy\u015bci, ale i obowi\u0105zki dla pracodawc\u00f3w zatrudniaj\u0105cych pracownik\u00f3w zagranicznych:<\/li>\n<li>Przejrzysto\u015b\u0107: System zapewnia wgl\u0105d w koszty mieszkaniowe i zapobiega nadu\u017cyciom.<\/li>\n<li>Lepsze warunki mieszkaniowe: Dostawcy mieszka\u0144 s\u0105 motywowani do inwestowania w lepsze warunki mieszkaniowe. Wy\u017cszy wynik PKS uprawnia do wy\u017cszego czynszu.<\/li>\n<li>Wp\u0142yw na koszty: Maksymalne potr\u0105cenie z wynagrodzenia mi\u0119dzynarodowego pracownika tymczasowego jest ograniczone do warto\u015bci PKS. Mo\u017ce to oznacza\u0107, \u017ce nie b\u0119dzie mo\u017cna w ca\u0142o\u015bci odliczy\u0107 rzeczywistych koszt\u00f3w wynajmu, co mo\u017ce mie\u0107 wp\u0142yw na cen\u0119 zakupu. B\u0119dziemy Pa\u0144stwa informowa\u0107 o tym fakcie w stosownym czasie.<\/li>\n<\/ul>\n<div>\n<p>&nbsp;<\/p>\n<p><strong>Jakie korzy\u015bci odnosz\u0105 nasi pracownicy tymczasowi?<\/strong><\/p>\n<p>PKS oferuje szereg korzy\u015bci dla mi\u0119dzynarodowych pracownik\u00f3w tymczasowych. Przyczynia si\u0119 do poprawy warunk\u00f3w \u017cycia, co korzystnie wp\u0142ywa na samopoczucie i zdrowie. Ponadto maksymalny czynsz ustalany jest z g\u00f3ry, co zapobiega nadu\u017cyciom finansowym. Dodatkowe \u015brodki maj\u0105 na celu wzmocnienie sprawiedliwego traktowania mi\u0119dzynarodowych pracownik\u00f3w tymczasowych. Je\u017celi zagraniczny pracownik tymczasowy jest tymczasowo nieobecny w przydzielonym mu miejscu zakwaterowania, na przyk\u0142ad podczas wizyty w kraju ojczystym, ale zap\u0142aci\u0142 ju\u017c za ten okres, nie mo\u017ce on ju\u017c obci\u0105\u017ca\u0107 innego pracownika tymczasowego kosztami korzystania z tego samego miejsca zakwaterowania w tym samym okresie.<\/p>\n<\/div>\n<div>\n<p><strong>Dlaczego PKS jest wa\u017cny? <\/strong><\/p>\n<p>PKS przyczynia si\u0119 do zapewnienia uczciwych i wysokiej jako\u015bci mieszka\u0144 dla mi\u0119dzynarodowych pracownik\u00f3w tymczasowych, kt\u00f3rzy s\u0105 grup\u0105 niezwykle istotn\u0105 dla gospodarki holenderskiej. Promuje lepsze warunki \u017cycia i oferuje mi\u0119dzynarodowym pracownikom tymczasowym ochron\u0119 przed wyzyskiem.<\/p>\n<p><strong>Zapyta\u0107?<\/strong> Zapraszamy do kontaktu! Wsp\u00f3lnie budujemy przysz\u0142o\u015b\u0107, w kt\u00f3rej mi\u0119dzynarodowi pracownicy tymczasowi nie tylko b\u0119d\u0105 pracowa\u0107, ale tak\u017ce b\u0119d\u0105 \u017cy\u0107 w warunkach odpowiadaj\u0105cych ich warto\u015bciom i zaanga\u017cowaniu.<\/p>\n<\/div>\n<\/div>","protected":false},"excerpt":{"rendered":"<p>Wij beschikken over huisvestingslocaties in Noord Holland, Friesland en Limburg. Al onze huisvesting is SNF gecertificeerd. Zo weet u zeker dat deze voldoet aan de basiseisen,(of meer) voor hygi\u00ebne, veiligheid en kwaliteit. Hier wordt streng op gecontroleerd. Alle huisvesting is voorzien van goedgekeurde brandmeldinstallaties. Veel van onze locaties zijn uitgerust met zonnepanelen en slimme thermostaten. [&hellip;]<\/p>\n","protected":false},"author":4,"featured_media":1386,"parent":0,"menu_order":73,"comment_status":"closed","ping_status":"closed","template":"","meta":{"footnotes":""},"class_list":["post-657","page","type-page","status-publish","has-post-thumbnail","hentry"],"yoast_head":"<!-- This site is optimized with the Yoast SEO plugin v27.4 - https:\/\/yoast.com\/product\/yoast-seo-wordpress\/ -->\n<title>Huisvesting - Mondial Uitzend - Verbindend tussen werkgever en werknemer<\/title>\n<meta name=\"description\" content=\"Al onze huisvesting is SNF gecertificeerd. Zo weet u zeker dat deze voldoet aan de basiseisen,(of meer) voor hygi\u00ebne, veiligheid en kwaliteit. Hier wordt streng op gecontroleerd.\" \/>\n<meta name=\"robots\" content=\"index, follow, max-snippet:-1, max-image-preview:large, max-video-preview:-1\" \/>\n<link rel=\"canonical\" href=\"https:\/\/mondialuitzend.nl\/pl\/mieszkania\/\" \/>\n<meta property=\"og:locale\" content=\"pl_PL\" \/>\n<meta property=\"og:type\" content=\"article\" \/>\n<meta property=\"og:title\" content=\"Huisvesting - Mondial Uitzend - Verbindend tussen werkgever en werknemer\" \/>\n<meta property=\"og:description\" content=\"Al onze huisvesting is SNF gecertificeerd. Zo weet u zeker dat deze voldoet aan de basiseisen,(of meer) voor hygi\u00ebne, veiligheid en kwaliteit. Hier wordt streng op gecontroleerd.\" \/>\n<meta property=\"og:url\" content=\"https:\/\/mondialuitzend.nl\/pl\/mieszkania\/\" \/>\n<meta property=\"og:site_name\" content=\"Mondial Uitzend\" \/>\n<meta property=\"article:publisher\" content=\"https:\/\/www.facebook.com\/mondialuitzendbv\/\" \/>\n<meta property=\"article:modified_time\" content=\"2025-02-11T10:03:01+00:00\" \/>\n<meta property=\"og:image\" content=\"https:\/\/mondialuitzend.nl\/wp-content\/uploads\/2023\/07\/huisvesting-Volharding.jpg\" \/>\n\t<meta property=\"og:image:width\" content=\"640\" \/>\n\t<meta property=\"og:image:height\" content=\"480\" \/>\n\t<meta property=\"og:image:type\" content=\"image\/jpeg\" \/>\n<meta name=\"twitter:card\" content=\"summary_large_image\" \/>\n<meta name=\"twitter:label1\" content=\"Szacowany czas czytania\" \/>\n\t<meta name=\"twitter:data1\" content=\"4 minuty\" \/>\n<script type=\"application\/ld+json\" class=\"yoast-schema-graph\">{\"@context\":\"https:\\\/\\\/schema.org\",\"@graph\":[{\"@type\":\"WebPage\",\"@id\":\"https:\\\/\\\/mondialuitzend.nl\\\/huisvesting\\\/\",\"url\":\"https:\\\/\\\/mondialuitzend.nl\\\/huisvesting\\\/\",\"name\":\"Huisvesting - Mondial Uitzend - Verbindend tussen werkgever en werknemer\",\"isPartOf\":{\"@id\":\"https:\\\/\\\/mondialuitzend.nl\\\/#website\"},\"primaryImageOfPage\":{\"@id\":\"https:\\\/\\\/mondialuitzend.nl\\\/huisvesting\\\/#primaryimage\"},\"image\":{\"@id\":\"https:\\\/\\\/mondialuitzend.nl\\\/huisvesting\\\/#primaryimage\"},\"thumbnailUrl\":\"https:\\\/\\\/mondialuitzend.nl\\\/wp-content\\\/uploads\\\/2023\\\/07\\\/huisvesting-Volharding.jpg\",\"datePublished\":\"2023-06-21T12:50:35+00:00\",\"dateModified\":\"2025-02-11T10:03:01+00:00\",\"description\":\"Al onze huisvesting is SNF gecertificeerd. Zo weet u zeker dat deze voldoet aan de basiseisen,(of meer) voor hygi\u00ebne, veiligheid en kwaliteit. Hier wordt streng op gecontroleerd.\",\"breadcrumb\":{\"@id\":\"https:\\\/\\\/mondialuitzend.nl\\\/huisvesting\\\/#breadcrumb\"},\"inLanguage\":\"pl-PL\",\"potentialAction\":[{\"@type\":\"ReadAction\",\"target\":[\"https:\\\/\\\/mondialuitzend.nl\\\/huisvesting\\\/\"]}]},{\"@type\":\"ImageObject\",\"inLanguage\":\"pl-PL\",\"@id\":\"https:\\\/\\\/mondialuitzend.nl\\\/huisvesting\\\/#primaryimage\",\"url\":\"https:\\\/\\\/mondialuitzend.nl\\\/wp-content\\\/uploads\\\/2023\\\/07\\\/huisvesting-Volharding.jpg\",\"contentUrl\":\"https:\\\/\\\/mondialuitzend.nl\\\/wp-content\\\/uploads\\\/2023\\\/07\\\/huisvesting-Volharding.jpg\",\"width\":640,\"height\":480},{\"@type\":\"BreadcrumbList\",\"@id\":\"https:\\\/\\\/mondialuitzend.nl\\\/huisvesting\\\/#breadcrumb\",\"itemListElement\":[{\"@type\":\"ListItem\",\"position\":1,\"name\":\"Home\",\"item\":\"https:\\\/\\\/mondialuitzend.nl\\\/\"},{\"@type\":\"ListItem\",\"position\":2,\"name\":\"Huisvesting\"}]},{\"@type\":\"WebSite\",\"@id\":\"https:\\\/\\\/mondialuitzend.nl\\\/#website\",\"url\":\"https:\\\/\\\/mondialuitzend.nl\\\/\",\"name\":\"Mondial Uitzend\",\"description\":\"Verbindend tussen werkgever en werknemer\",\"publisher\":{\"@id\":\"https:\\\/\\\/mondialuitzend.nl\\\/#organization\"},\"potentialAction\":[{\"@type\":\"SearchAction\",\"target\":{\"@type\":\"EntryPoint\",\"urlTemplate\":\"https:\\\/\\\/mondialuitzend.nl\\\/?s={search_term_string}\"},\"query-input\":{\"@type\":\"PropertyValueSpecification\",\"valueRequired\":true,\"valueName\":\"search_term_string\"}}],\"inLanguage\":\"pl-PL\"},{\"@type\":\"Organization\",\"@id\":\"https:\\\/\\\/mondialuitzend.nl\\\/#organization\",\"name\":\"Mondial Uitzend\",\"url\":\"https:\\\/\\\/mondialuitzend.nl\\\/\",\"logo\":{\"@type\":\"ImageObject\",\"inLanguage\":\"pl-PL\",\"@id\":\"https:\\\/\\\/mondialuitzend.nl\\\/#\\\/schema\\\/logo\\\/image\\\/\",\"url\":\"https:\\\/\\\/mondialuitzend.nl\\\/wp-content\\\/uploads\\\/2023\\\/06\\\/Logo-MondialUitzend.svg\",\"contentUrl\":\"https:\\\/\\\/mondialuitzend.nl\\\/wp-content\\\/uploads\\\/2023\\\/06\\\/Logo-MondialUitzend.svg\",\"width\":149,\"height\":56,\"caption\":\"Mondial Uitzend\"},\"image\":{\"@id\":\"https:\\\/\\\/mondialuitzend.nl\\\/#\\\/schema\\\/logo\\\/image\\\/\"},\"sameAs\":[\"https:\\\/\\\/www.facebook.com\\\/mondialuitzendbv\\\/\",\"https:\\\/\\\/www.linkedin.com\\\/company\\\/mondial-uitzend-b-v-\",\"https:\\\/\\\/www.youtube.com\\\/channel\\\/UCPBmFRvmUDCPtpAaFVASV9Q\"]}]}<\/script>\n<!-- \/ Yoast SEO plugin. -->","yoast_head_json":{"title":"Obudowa - Mondial Uitzend - \u0141\u0105cznik mi\u0119dzy pracodawc\u0105 a pracownikiem","description":"Wszystkie nasze obiekty posiadaj\u0105 certyfikat SNF. W ten spos\u00f3b mo\u017cesz mie\u0107 pewno\u015b\u0107, \u017ce spe\u0142nia podstawowe wymagania (lub wi\u0119cej) dotycz\u0105ce higieny, bezpiecze\u0144stwa i jako\u015bci. Jest to \u015bci\u015ble monitorowane.","robots":{"index":"index","follow":"follow","max-snippet":"max-snippet:-1","max-image-preview":"max-image-preview:large","max-video-preview":"max-video-preview:-1"},"canonical":"https:\/\/mondialuitzend.nl\/pl\/mieszkania\/","og_locale":"pl_PL","og_type":"article","og_title":"Huisvesting - Mondial Uitzend - Verbindend tussen werkgever en werknemer","og_description":"Al onze huisvesting is SNF gecertificeerd. Zo weet u zeker dat deze voldoet aan de basiseisen,(of meer) voor hygi\u00ebne, veiligheid en kwaliteit. Hier wordt streng op gecontroleerd.","og_url":"https:\/\/mondialuitzend.nl\/pl\/mieszkania\/","og_site_name":"Mondial Uitzend","article_publisher":"https:\/\/www.facebook.com\/mondialuitzendbv\/","article_modified_time":"2025-02-11T10:03:01+00:00","og_image":[{"width":640,"height":480,"url":"https:\/\/mondialuitzend.nl\/wp-content\/uploads\/2023\/07\/huisvesting-Volharding.jpg","type":"image\/jpeg"}],"twitter_card":"summary_large_image","twitter_misc":{"Szacowany czas czytania":"4 minuty"},"schema":{"@context":"https:\/\/schema.org","@graph":[{"@type":"WebPage","@id":"https:\/\/mondialuitzend.nl\/huisvesting\/","url":"https:\/\/mondialuitzend.nl\/huisvesting\/","name":"Obudowa - Mondial Uitzend - \u0141\u0105cznik mi\u0119dzy pracodawc\u0105 a pracownikiem","isPartOf":{"@id":"https:\/\/mondialuitzend.nl\/#website"},"primaryImageOfPage":{"@id":"https:\/\/mondialuitzend.nl\/huisvesting\/#primaryimage"},"image":{"@id":"https:\/\/mondialuitzend.nl\/huisvesting\/#primaryimage"},"thumbnailUrl":"https:\/\/mondialuitzend.nl\/wp-content\/uploads\/2023\/07\/huisvesting-Volharding.jpg","datePublished":"2023-06-21T12:50:35+00:00","dateModified":"2025-02-11T10:03:01+00:00","description":"Wszystkie nasze obiekty posiadaj\u0105 certyfikat SNF. W ten spos\u00f3b mo\u017cesz mie\u0107 pewno\u015b\u0107, \u017ce spe\u0142nia podstawowe wymagania (lub wi\u0119cej) dotycz\u0105ce higieny, bezpiecze\u0144stwa i jako\u015bci. Jest to \u015bci\u015ble monitorowane.","breadcrumb":{"@id":"https:\/\/mondialuitzend.nl\/huisvesting\/#breadcrumb"},"inLanguage":"pl-PL","potentialAction":[{"@type":"ReadAction","target":["https:\/\/mondialuitzend.nl\/huisvesting\/"]}]},{"@type":"ImageObject","inLanguage":"pl-PL","@id":"https:\/\/mondialuitzend.nl\/huisvesting\/#primaryimage","url":"https:\/\/mondialuitzend.nl\/wp-content\/uploads\/2023\/07\/huisvesting-Volharding.jpg","contentUrl":"https:\/\/mondialuitzend.nl\/wp-content\/uploads\/2023\/07\/huisvesting-Volharding.jpg","width":640,"height":480},{"@type":"BreadcrumbList","@id":"https:\/\/mondialuitzend.nl\/huisvesting\/#breadcrumb","itemListElement":[{"@type":"ListItem","position":1,"name":"Home","item":"https:\/\/mondialuitzend.nl\/"},{"@type":"ListItem","position":2,"name":"Huisvesting"}]},{"@type":"WebSite","@id":"https:\/\/mondialuitzend.nl\/#website","url":"https:\/\/mondialuitzend.nl\/","name":"Transmisja globalna","description":"\u0141\u0105czenie mi\u0119dzy pracodawc\u0105 a pracownikiem","publisher":{"@id":"https:\/\/mondialuitzend.nl\/#organization"},"potentialAction":[{"@type":"SearchAction","target":{"@type":"EntryPoint","urlTemplate":"https:\/\/mondialuitzend.nl\/?s={search_term_string}"},"query-input":{"@type":"PropertyValueSpecification","valueRequired":true,"valueName":"search_term_string"}}],"inLanguage":"pl-PL"},{"@type":"Organization","@id":"https:\/\/mondialuitzend.nl\/#organization","name":"Transmisja globalna","url":"https:\/\/mondialuitzend.nl\/","logo":{"@type":"ImageObject","inLanguage":"pl-PL","@id":"https:\/\/mondialuitzend.nl\/#\/schema\/logo\/image\/","url":"https:\/\/mondialuitzend.nl\/wp-content\/uploads\/2023\/06\/Logo-MondialUitzend.svg","contentUrl":"https:\/\/mondialuitzend.nl\/wp-content\/uploads\/2023\/06\/Logo-MondialUitzend.svg","width":149,"height":56,"caption":"Mondial Uitzend"},"image":{"@id":"https:\/\/mondialuitzend.nl\/#\/schema\/logo\/image\/"},"sameAs":["https:\/\/www.facebook.com\/mondialuitzendbv\/","https:\/\/www.linkedin.com\/company\/mondial-uitzend-b-v-","https:\/\/www.youtube.com\/channel\/UCPBmFRvmUDCPtpAaFVASV9Q"]}]}},"_links":{"self":[{"href":"https:\/\/mondialuitzend.nl\/pl\/wp-json\/wp\/v2\/pages\/657","targetHints":{"allow":["GET"]}}],"collection":[{"href":"https:\/\/mondialuitzend.nl\/pl\/wp-json\/wp\/v2\/pages"}],"about":[{"href":"https:\/\/mondialuitzend.nl\/pl\/wp-json\/wp\/v2\/types\/page"}],"author":[{"embeddable":true,"href":"https:\/\/mondialuitzend.nl\/pl\/wp-json\/wp\/v2\/users\/4"}],"replies":[{"embeddable":true,"href":"https:\/\/mondialuitzend.nl\/pl\/wp-json\/wp\/v2\/comments?post=657"}],"version-history":[{"count":0,"href":"https:\/\/mondialuitzend.nl\/pl\/wp-json\/wp\/v2\/pages\/657\/revisions"}],"wp:featuredmedia":[{"embeddable":true,"href":"https:\/\/mondialuitzend.nl\/pl\/wp-json\/wp\/v2\/media\/1386"}],"wp:attachment":[{"href":"https:\/\/mondialuitzend.nl\/pl\/wp-json\/wp\/v2\/media?parent=657"}],"curies":[{"name":"wp","href":"https:\/\/api.w.org\/{rel}","templated":true}]}}