{"id":1043,"date":"2023-06-22T16:29:38","date_gmt":"2023-06-22T14:29:38","guid":{"rendered":"https:\/\/mondialuitzend.nl\/?page_id=1043"},"modified":"2024-01-16T09:10:45","modified_gmt":"2024-01-16T08:10:45","slug":"serviciu-conform-intentionarii","status":"publish","type":"page","link":"https:\/\/mondialuitzend.nl\/ro\/serviciu-conform-intentionarii\/","title":{"rendered":"Serviciu conform inten\u021biei"},"content":{"rendered":"<div id=\"contentPageRow1\" class=\"page-content text-left pb-4 pt-4\">\n<div class=\"container\">\n<div class=\"row\">\n<div class=\"col-lg-6 mb-4\">\n<div id=\"contentPageRow1Block1\" class=\"content-block\">\n<p>La Mondial Uitzend oferim service \u0219i suntem implica\u021bi. Cu colegii no\u0219tri la birou, fa\u021b\u0103 de lucr\u0103torii no\u0219tri flexibili \u0219i fa\u021b\u0103 de clien\u021bii no\u0219tri. \u00cempreun\u0103 cu echipa noastr\u0103, ne str\u0103duim s\u0103 g\u0103sim cel mai bun lucr\u0103tor(i) flexibil(i) pentru misiunea, s\u0103 ne ocup\u0103m de toate chestiunile administrative \u0219i astfel s\u0103 eliber\u0103m clien\u021bii no\u0219tri de grijile lor. Calitatea este primordial\u0103 aici.<\/p>\n<p>&nbsp;<\/p>\n<p><em>Lucr\u0103m pentru \u0219i cu oameni \u0219i facem acest lucru cu integritate.<\/em><\/p>\n<p>&nbsp;<\/p>\n<p>Ce ne deosebe\u0219te?<\/p>\n<ul>\n<li>Accesibilitatea noastr\u0103 larg\u0103. Putem fi contacta\u021bi de luni p\u00e2n\u0103 s\u00e2mb\u0103t\u0103 de la ora 6.30.<\/li>\n<li>Ne place claritatea. Acesta este \u0219i modul nostru de a comunica. Nu poti indeplini o dorinta? Apoi spunem \u0219i asta, f\u0103r\u0103 ocolire. Nu opt\u0103m pentru cea mai simpl\u0103 solu\u021bie, ci pentru cea mai bun\u0103. Pentru toate partidele.<\/li>\n<li>Nu numai c\u0103 ne instruim echipa la birou \u00een fiecare an, ci lucr\u0103torii no\u0219tri flexibili sunt, de asemenea, instrui\u021bi \u0219i educa\u021bi \u00een mod activ. G\u00e2ndi\u021bi-v\u0103 la ob\u021binerea certificatelor de stivuitor, VCA, BHV, cursuri de limb\u0103 etc.<\/li>\n<li>Lucr\u0103m \u00een conformitate cu cele mai recente legi \u0219i reglement\u0103ri. Pentru c\u0103 ne place s\u0103 avem grij\u0103 de clien\u021bii no\u0219tri \u0219i de lucr\u0103torii no\u0219tri flexibili.<\/li>\n<li>Ne adapt\u0103m nevoilor clientului nostru. Indiferent dac\u0103 ave\u021bi de lucru pentru 1 zi sau pentru o perioad\u0103 mai lung\u0103 de timp, suntem bucuro\u0219i s\u0103 v\u0103 ajut\u0103m.<\/li>\n<\/ul>\n<\/div>\n<\/div>\n<\/div>\n<\/div>\n<\/div>","protected":false},"excerpt":{"rendered":"<p>Bij Mondial Uitzend bieden wij service en zijn wij betrokken. Bij onze collega\u2019s op kantoor, richting onze flexwerkers en richting onze klanten. Met ons team streven wij ernaar de beste flexwerker(s) voor de opdracht te vinden, alle administratieve zaken op ons te nemen en zo onze klanten te ontzorgen. Kwaliteit staat hierbij voorop. &nbsp; Wij [&hellip;]<\/p>\n","protected":false},"author":4,"featured_media":2099,"parent":0,"menu_order":15,"comment_status":"closed","ping_status":"closed","template":"","meta":{"footnotes":""},"class_list":["post-1043","page","type-page","status-publish","has-post-thumbnail","hentry"],"yoast_head":"<!-- This site is optimized with the Yoast SEO plugin v27.4 - https:\/\/yoast.com\/product\/yoast-seo-wordpress\/ -->\n<title>Dienstverlening zoals die bedoeld is - Mondial Uitzend - Verbindend tussen werkgever en werknemer<\/title>\n<meta name=\"description\" content=\"Bij Mondial Uitzend bieden wij service en zijn wij betrokken. Bij onze collega\u2019s op kantoor, richting onze flexwerkers en richting onze klanten. Met ons team streven wij ernaar de beste flexwerker(s) voor de opdracht te vinden, alle administratieve zaken op ons te nemen en zo onze klanten te ontzorgen. Kwaliteit staat hierbij voorop.\" \/>\n<meta name=\"robots\" content=\"index, follow, max-snippet:-1, max-image-preview:large, max-video-preview:-1\" \/>\n<link rel=\"canonical\" href=\"https:\/\/mondialuitzend.nl\/ro\/serviciu-conform-intentionarii\/\" \/>\n<meta property=\"og:locale\" content=\"ro_RO\" \/>\n<meta property=\"og:type\" content=\"article\" \/>\n<meta property=\"og:title\" content=\"Dienstverlening zoals die bedoeld is - Mondial Uitzend - Verbindend tussen werkgever en werknemer\" \/>\n<meta property=\"og:description\" content=\"Bij Mondial Uitzend bieden wij service en zijn wij betrokken. Bij onze collega\u2019s op kantoor, richting onze flexwerkers en richting onze klanten. Met ons team streven wij ernaar de beste flexwerker(s) voor de opdracht te vinden, alle administratieve zaken op ons te nemen en zo onze klanten te ontzorgen. Kwaliteit staat hierbij voorop.\" \/>\n<meta property=\"og:url\" content=\"https:\/\/mondialuitzend.nl\/ro\/serviciu-conform-intentionarii\/\" \/>\n<meta property=\"og:site_name\" content=\"Mondial Uitzend\" \/>\n<meta property=\"article:publisher\" content=\"https:\/\/www.facebook.com\/mondialuitzendbv\/\" \/>\n<meta property=\"article:modified_time\" content=\"2024-01-16T08:10:45+00:00\" \/>\n<meta property=\"og:image\" content=\"https:\/\/mondialuitzend.nl\/wp-content\/uploads\/2024\/01\/dienstverlening-1.jpg\" \/>\n\t<meta property=\"og:image:width\" content=\"2000\" \/>\n\t<meta property=\"og:image:height\" content=\"1500\" \/>\n\t<meta property=\"og:image:type\" content=\"image\/jpeg\" \/>\n<meta name=\"twitter:card\" content=\"summary_large_image\" \/>\n<meta name=\"twitter:label1\" content=\"Timp estimat pentru citire\" \/>\n\t<meta name=\"twitter:data1\" content=\"2 minute\" \/>\n<script type=\"application\/ld+json\" class=\"yoast-schema-graph\">{\"@context\":\"https:\\\/\\\/schema.org\",\"@graph\":[{\"@type\":\"WebPage\",\"@id\":\"https:\\\/\\\/mondialuitzend.nl\\\/dienstverlening-zoals-die-bedoeld-is\\\/\",\"url\":\"https:\\\/\\\/mondialuitzend.nl\\\/dienstverlening-zoals-die-bedoeld-is\\\/\",\"name\":\"Dienstverlening zoals die bedoeld is - Mondial Uitzend - Verbindend tussen werkgever en werknemer\",\"isPartOf\":{\"@id\":\"https:\\\/\\\/mondialuitzend.nl\\\/#website\"},\"primaryImageOfPage\":{\"@id\":\"https:\\\/\\\/mondialuitzend.nl\\\/dienstverlening-zoals-die-bedoeld-is\\\/#primaryimage\"},\"image\":{\"@id\":\"https:\\\/\\\/mondialuitzend.nl\\\/dienstverlening-zoals-die-bedoeld-is\\\/#primaryimage\"},\"thumbnailUrl\":\"https:\\\/\\\/mondialuitzend.nl\\\/wp-content\\\/uploads\\\/2024\\\/01\\\/dienstverlening-1.jpg\",\"datePublished\":\"2023-06-22T14:29:38+00:00\",\"dateModified\":\"2024-01-16T08:10:45+00:00\",\"description\":\"Bij Mondial Uitzend bieden wij service en zijn wij betrokken. Bij onze collega\u2019s op kantoor, richting onze flexwerkers en richting onze klanten. Met ons team streven wij ernaar de beste flexwerker(s) voor de opdracht te vinden, alle administratieve zaken op ons te nemen en zo onze klanten te ontzorgen. Kwaliteit staat hierbij voorop.\",\"breadcrumb\":{\"@id\":\"https:\\\/\\\/mondialuitzend.nl\\\/dienstverlening-zoals-die-bedoeld-is\\\/#breadcrumb\"},\"inLanguage\":\"ro-RO\",\"potentialAction\":[{\"@type\":\"ReadAction\",\"target\":[\"https:\\\/\\\/mondialuitzend.nl\\\/dienstverlening-zoals-die-bedoeld-is\\\/\"]}]},{\"@type\":\"ImageObject\",\"inLanguage\":\"ro-RO\",\"@id\":\"https:\\\/\\\/mondialuitzend.nl\\\/dienstverlening-zoals-die-bedoeld-is\\\/#primaryimage\",\"url\":\"https:\\\/\\\/mondialuitzend.nl\\\/wp-content\\\/uploads\\\/2024\\\/01\\\/dienstverlening-1.jpg\",\"contentUrl\":\"https:\\\/\\\/mondialuitzend.nl\\\/wp-content\\\/uploads\\\/2024\\\/01\\\/dienstverlening-1.jpg\",\"width\":2000,\"height\":1500},{\"@type\":\"BreadcrumbList\",\"@id\":\"https:\\\/\\\/mondialuitzend.nl\\\/dienstverlening-zoals-die-bedoeld-is\\\/#breadcrumb\",\"itemListElement\":[{\"@type\":\"ListItem\",\"position\":1,\"name\":\"Home\",\"item\":\"https:\\\/\\\/mondialuitzend.nl\\\/\"},{\"@type\":\"ListItem\",\"position\":2,\"name\":\"Dienstverlening zoals die bedoeld is\"}]},{\"@type\":\"WebSite\",\"@id\":\"https:\\\/\\\/mondialuitzend.nl\\\/#website\",\"url\":\"https:\\\/\\\/mondialuitzend.nl\\\/\",\"name\":\"Mondial Uitzend\",\"description\":\"Verbindend tussen werkgever en werknemer\",\"publisher\":{\"@id\":\"https:\\\/\\\/mondialuitzend.nl\\\/#organization\"},\"potentialAction\":[{\"@type\":\"SearchAction\",\"target\":{\"@type\":\"EntryPoint\",\"urlTemplate\":\"https:\\\/\\\/mondialuitzend.nl\\\/?s={search_term_string}\"},\"query-input\":{\"@type\":\"PropertyValueSpecification\",\"valueRequired\":true,\"valueName\":\"search_term_string\"}}],\"inLanguage\":\"ro-RO\"},{\"@type\":\"Organization\",\"@id\":\"https:\\\/\\\/mondialuitzend.nl\\\/#organization\",\"name\":\"Mondial Uitzend\",\"url\":\"https:\\\/\\\/mondialuitzend.nl\\\/\",\"logo\":{\"@type\":\"ImageObject\",\"inLanguage\":\"ro-RO\",\"@id\":\"https:\\\/\\\/mondialuitzend.nl\\\/#\\\/schema\\\/logo\\\/image\\\/\",\"url\":\"https:\\\/\\\/mondialuitzend.nl\\\/wp-content\\\/uploads\\\/2023\\\/06\\\/Logo-MondialUitzend.svg\",\"contentUrl\":\"https:\\\/\\\/mondialuitzend.nl\\\/wp-content\\\/uploads\\\/2023\\\/06\\\/Logo-MondialUitzend.svg\",\"width\":149,\"height\":56,\"caption\":\"Mondial Uitzend\"},\"image\":{\"@id\":\"https:\\\/\\\/mondialuitzend.nl\\\/#\\\/schema\\\/logo\\\/image\\\/\"},\"sameAs\":[\"https:\\\/\\\/www.facebook.com\\\/mondialuitzendbv\\\/\",\"https:\\\/\\\/www.linkedin.com\\\/company\\\/mondial-uitzend-b-v-\",\"https:\\\/\\\/www.youtube.com\\\/channel\\\/UCPBmFRvmUDCPtpAaFVASV9Q\"]}]}<\/script>\n<!-- \/ Yoast SEO plugin. -->","yoast_head_json":{"title":"Furnizarea serviciului conform inten\u021biei - Mondial Uitzend - Conectarea dintre angajator \u0219i angajat","description":"La Mondial Uitzend oferim service \u0219i suntem implica\u021bi. Cu colegii no\u0219tri la birou, fa\u021b\u0103 de lucr\u0103torii no\u0219tri flexibili \u0219i fa\u021b\u0103 de clien\u021bii no\u0219tri. \u00cempreun\u0103 cu echipa noastr\u0103, ne str\u0103duim s\u0103 g\u0103sim cel mai bun lucr\u0103tor(i) flexibil(i) pentru misiunea, s\u0103 ne ocup\u0103m de toate chestiunile administrative \u0219i astfel s\u0103 eliber\u0103m clien\u021bii no\u0219tri de grijile lor. Calitatea este primordial\u0103 aici.","robots":{"index":"index","follow":"follow","max-snippet":"max-snippet:-1","max-image-preview":"max-image-preview:large","max-video-preview":"max-video-preview:-1"},"canonical":"https:\/\/mondialuitzend.nl\/ro\/serviciu-conform-intentionarii\/","og_locale":"ro_RO","og_type":"article","og_title":"Dienstverlening zoals die bedoeld is - Mondial Uitzend - Verbindend tussen werkgever en werknemer","og_description":"Bij Mondial Uitzend bieden wij service en zijn wij betrokken. Bij onze collega\u2019s op kantoor, richting onze flexwerkers en richting onze klanten. Met ons team streven wij ernaar de beste flexwerker(s) voor de opdracht te vinden, alle administratieve zaken op ons te nemen en zo onze klanten te ontzorgen. Kwaliteit staat hierbij voorop.","og_url":"https:\/\/mondialuitzend.nl\/ro\/serviciu-conform-intentionarii\/","og_site_name":"Mondial Uitzend","article_publisher":"https:\/\/www.facebook.com\/mondialuitzendbv\/","article_modified_time":"2024-01-16T08:10:45+00:00","og_image":[{"width":2000,"height":1500,"url":"https:\/\/mondialuitzend.nl\/wp-content\/uploads\/2024\/01\/dienstverlening-1.jpg","type":"image\/jpeg"}],"twitter_card":"summary_large_image","twitter_misc":{"Timp estimat pentru citire":"2 minute"},"schema":{"@context":"https:\/\/schema.org","@graph":[{"@type":"WebPage","@id":"https:\/\/mondialuitzend.nl\/dienstverlening-zoals-die-bedoeld-is\/","url":"https:\/\/mondialuitzend.nl\/dienstverlening-zoals-die-bedoeld-is\/","name":"Furnizarea serviciului conform inten\u021biei - Mondial Uitzend - Conectarea dintre angajator \u0219i angajat","isPartOf":{"@id":"https:\/\/mondialuitzend.nl\/#website"},"primaryImageOfPage":{"@id":"https:\/\/mondialuitzend.nl\/dienstverlening-zoals-die-bedoeld-is\/#primaryimage"},"image":{"@id":"https:\/\/mondialuitzend.nl\/dienstverlening-zoals-die-bedoeld-is\/#primaryimage"},"thumbnailUrl":"https:\/\/mondialuitzend.nl\/wp-content\/uploads\/2024\/01\/dienstverlening-1.jpg","datePublished":"2023-06-22T14:29:38+00:00","dateModified":"2024-01-16T08:10:45+00:00","description":"La Mondial Uitzend oferim service \u0219i suntem implica\u021bi. Cu colegii no\u0219tri la birou, fa\u021b\u0103 de lucr\u0103torii no\u0219tri flexibili \u0219i fa\u021b\u0103 de clien\u021bii no\u0219tri. \u00cempreun\u0103 cu echipa noastr\u0103, ne str\u0103duim s\u0103 g\u0103sim cel mai bun lucr\u0103tor(i) flexibil(i) pentru misiunea, s\u0103 ne ocup\u0103m de toate chestiunile administrative \u0219i astfel s\u0103 eliber\u0103m clien\u021bii no\u0219tri de grijile lor. Calitatea este primordial\u0103 aici.","breadcrumb":{"@id":"https:\/\/mondialuitzend.nl\/dienstverlening-zoals-die-bedoeld-is\/#breadcrumb"},"inLanguage":"ro-RO","potentialAction":[{"@type":"ReadAction","target":["https:\/\/mondialuitzend.nl\/dienstverlening-zoals-die-bedoeld-is\/"]}]},{"@type":"ImageObject","inLanguage":"ro-RO","@id":"https:\/\/mondialuitzend.nl\/dienstverlening-zoals-die-bedoeld-is\/#primaryimage","url":"https:\/\/mondialuitzend.nl\/wp-content\/uploads\/2024\/01\/dienstverlening-1.jpg","contentUrl":"https:\/\/mondialuitzend.nl\/wp-content\/uploads\/2024\/01\/dienstverlening-1.jpg","width":2000,"height":1500},{"@type":"BreadcrumbList","@id":"https:\/\/mondialuitzend.nl\/dienstverlening-zoals-die-bedoeld-is\/#breadcrumb","itemListElement":[{"@type":"ListItem","position":1,"name":"Home","item":"https:\/\/mondialuitzend.nl\/"},{"@type":"ListItem","position":2,"name":"Dienstverlening zoals die bedoeld is"}]},{"@type":"WebSite","@id":"https:\/\/mondialuitzend.nl\/#website","url":"https:\/\/mondialuitzend.nl\/","name":"Difuzare global\u0103","description":"Leg\u0103tura dintre angajator \u0219i angajat","publisher":{"@id":"https:\/\/mondialuitzend.nl\/#organization"},"potentialAction":[{"@type":"SearchAction","target":{"@type":"EntryPoint","urlTemplate":"https:\/\/mondialuitzend.nl\/?s={search_term_string}"},"query-input":{"@type":"PropertyValueSpecification","valueRequired":true,"valueName":"search_term_string"}}],"inLanguage":"ro-RO"},{"@type":"Organization","@id":"https:\/\/mondialuitzend.nl\/#organization","name":"Difuzare global\u0103","url":"https:\/\/mondialuitzend.nl\/","logo":{"@type":"ImageObject","inLanguage":"ro-RO","@id":"https:\/\/mondialuitzend.nl\/#\/schema\/logo\/image\/","url":"https:\/\/mondialuitzend.nl\/wp-content\/uploads\/2023\/06\/Logo-MondialUitzend.svg","contentUrl":"https:\/\/mondialuitzend.nl\/wp-content\/uploads\/2023\/06\/Logo-MondialUitzend.svg","width":149,"height":56,"caption":"Mondial Uitzend"},"image":{"@id":"https:\/\/mondialuitzend.nl\/#\/schema\/logo\/image\/"},"sameAs":["https:\/\/www.facebook.com\/mondialuitzendbv\/","https:\/\/www.linkedin.com\/company\/mondial-uitzend-b-v-","https:\/\/www.youtube.com\/channel\/UCPBmFRvmUDCPtpAaFVASV9Q"]}]}},"_links":{"self":[{"href":"https:\/\/mondialuitzend.nl\/ro\/wp-json\/wp\/v2\/pages\/1043","targetHints":{"allow":["GET"]}}],"collection":[{"href":"https:\/\/mondialuitzend.nl\/ro\/wp-json\/wp\/v2\/pages"}],"about":[{"href":"https:\/\/mondialuitzend.nl\/ro\/wp-json\/wp\/v2\/types\/page"}],"author":[{"embeddable":true,"href":"https:\/\/mondialuitzend.nl\/ro\/wp-json\/wp\/v2\/users\/4"}],"replies":[{"embeddable":true,"href":"https:\/\/mondialuitzend.nl\/ro\/wp-json\/wp\/v2\/comments?post=1043"}],"version-history":[{"count":0,"href":"https:\/\/mondialuitzend.nl\/ro\/wp-json\/wp\/v2\/pages\/1043\/revisions"}],"wp:featuredmedia":[{"embeddable":true,"href":"https:\/\/mondialuitzend.nl\/ro\/wp-json\/wp\/v2\/media\/2099"}],"wp:attachment":[{"href":"https:\/\/mondialuitzend.nl\/ro\/wp-json\/wp\/v2\/media?parent=1043"}],"curies":[{"name":"wp","href":"https:\/\/api.w.org\/{rel}","templated":true}]}}