{"id":484,"date":"2023-06-21T11:39:08","date_gmt":"2023-06-21T09:39:08","guid":{"rendered":"https:\/\/mondialuitzend.nl\/?page_id=484"},"modified":"2023-06-21T15:02:46","modified_gmt":"2023-06-21T13:02:46","slug":"politica-de-confidentialitate","status":"publish","type":"page","link":"https:\/\/mondialuitzend.nl\/ro\/politica-de-confidentialitate\/","title":{"rendered":"Politica de confiden\u021bialitate"},"content":{"rendered":"<p>Mondial Uitzend BV, cu sediul la Bosweg 17 \u00een &#039;t Zand, este responsabil\u0103 pentru prelucrarea datelor cu caracter personal, a\u0219a cum se arat\u0103 \u00een aceast\u0103 declara\u021bie de confiden\u021bialitate.<\/p>\n<p>Detalii de contact:<\/p>\n<p>Mondial Uitzend BV\/ Secondment BV<\/p>\n<p>Bosweg 15a<\/p>\n<p>1756CH &#039;t Zand<\/p>\n<p><a href=\"https:\/\/mondialuitzend.nl\/ro\/%20\/\">https:\/\/mondialuitzend.nl\/\u00a0<\/a><\/p>\n<p>0224- 591569<\/p>\n<p>&nbsp;<\/p>\n<h3>Datele personale pe care le proces\u0103m<\/h3>\n<p>Mondial Uitzend BV prelucreaz\u0103 datele dumneavoastr\u0103 cu caracter personal deoarece utiliza\u021bi serviciile noastre \u0219i\/sau pentru c\u0103 ne furniza\u021bi singuri aceste informa\u021bii. Mai jos ve\u021bi g\u0103si o prezentare general\u0103 a datelor cu caracter personal pe care le proces\u0103m:<\/p>\n<p>&nbsp;<\/p>\n<ul>\n<li>Numele \u0219i prenumele;<\/li>\n<li>Sex;<\/li>\n<li>num\u0103rul serviciului pentru cet\u0103\u021beni;<\/li>\n<li>date de identitate;<\/li>\n<li>Experien\u021b\u0103 \u0219i educa\u021bie;<\/li>\n<li>Data na\u0219terii;<\/li>\n<li>Locul na\u015fterii;<\/li>\n<li>Date de adres\u0103;<\/li>\n<li>Num\u0103r de telefon;<\/li>\n<li>Adresa de e-mail;<\/li>\n<li>Alte date personale pe care le furniza\u021bi \u00een mod activ, de exemplu prin crearea unui profil pe acest site web, prin coresponden\u021b\u0103 \u0219i prin telefon;<\/li>\n<li>Informa\u021bii despre activit\u0103\u021bile dumneavoastr\u0103 pe site-ul nostru web;<\/li>\n<li>Numarul contului bancar.<\/li>\n<\/ul>\n<h3>Date personale speciale \u0219i\/sau sensibile pe care le proces\u0103m<\/h3>\n<p>Site-ul nostru web \u0219i\/sau serviciul nostru nu inten\u021bioneaz\u0103 s\u0103 colecteze date despre vizitatorii site-ului web cu v\u00e2rsta sub 16 ani. Cu excep\u021bia cazului \u00een care au consim\u021b\u0103m\u00e2ntul p\u0103rintelui sau al tutorelui. Cu toate acestea, nu putem verifica dac\u0103 un vizitator are mai mult de 16 ani. Prin urmare, sf\u0103tuim p\u0103rin\u021bii s\u0103 se implice \u00een activit\u0103\u021bile online ale copiilor lor, pentru a preveni colectarea datelor despre copii f\u0103r\u0103 acordul p\u0103rin\u021bilor. Dac\u0103 sunte\u021bi convins c\u0103 am colectat informa\u021bii personale despre un minor f\u0103r\u0103 aceast\u0103 permisiune, v\u0103 rug\u0103m s\u0103 ne contacta\u021bi la\u00a0<a href=\"mailto:info@mondialuitzend.nl\">info@mondialuitzend.nl<\/a>, vom \u0219terge aceste informa\u021bii.<\/p>\n<p>&nbsp;<\/p>\n<p>\u00cen ce scop \u0219i pe ce baz\u0103 proces\u0103m datele cu caracter personal<\/p>\n<p>Mondial Uitzend BV prelucreaz\u0103 datele dumneavoastr\u0103 cu caracter personal \u00een urm\u0103toarele scopuri:<\/p>\n<p>&nbsp;<\/p>\n<ul>\n<li>gestionarea pl\u0103\u021bii dvs.;<\/li>\n<li>Trimiterea newsletter-ului nostru \u0219i\/sau a bro\u0219urii publicitare;<\/li>\n<li>Pentru a v\u0103 putea suna sau v\u0103 trimite un e-mail dac\u0103 acest lucru este necesar pentru prestarea serviciilor noastre;<\/li>\n<li>Pentru a v\u0103 informa cu privire la modific\u0103rile aduse serviciilor \u0219i produselor noastre;<\/li>\n<li>Pentru a v\u0103 livra bunuri \u0219i servicii.<\/li>\n<\/ul>\n<p>&nbsp;<\/p>\n<h3>Luare automat\u0103 a deciziilor<\/h3>\n<p>Mondial Uitzend BV nu ia decizii bazate pe prelucrare automat\u0103 cu privire la aspecte care pot avea consecin\u021be (semnificative) pentru oameni. Acestea sunt decizii luate de programe sau sisteme de calculator, f\u0103r\u0103 a implica o persoan\u0103 (de exemplu, un angajat al Mondial Uitzend BV).<\/p>\n<p>&nbsp;<\/p>\n<h3>C\u00e2t timp p\u0103str\u0103m datele personale<\/h3>\n<p>Mondial Uitzend BV nu stocheaz\u0103 datele dumneavoastr\u0103 cu caracter personal mai mult dec\u00e2t este strict necesar pentru atingerea scopurilor pentru care sunt colectate datele dumneavoastr\u0103. Folosim urm\u0103toarele perioade legale de p\u0103strare:<\/p>\n<p>Scrisori de cerere 4 s\u0103pt\u0103m\u00e2ni<\/p>\n<p>Corespondenta despre promovare, retrogradare si concediere max 2 ani<\/p>\n<p>Rapoarte ale interviurilor de performan\u021b\u0103 maxim 2 ani<\/p>\n<p>Copie certificat max 2 ani<\/p>\n<p>Raportarea Actului Gatekeeper max. 2 ani<\/p>\n<p>Declaratie de impozit pe salariu 5 ani<\/p>\n<p>Copie act de identitate 5 ani<\/p>\n<p>Contracte de munca 2 ani<\/p>\n<p>Administrare absenta 2 ani \/ 5 ani<\/p>\n<p>Detalii nume si adresa administrare salarizare 7 ani<\/p>\n<p>Administrare salarizare BSN 7 ani<\/p>\n<p>Data angaj\u0103rii administrare salarizare 7 ani<\/p>\n<p>Obligatii de pensie administrarea salariilor 7 ani<\/p>\n<p>Documente fiscale administrare salarizare min.7 ani<\/p>\n<p>Conturi anuale min 7 ani<\/p>\n<p>Contul de profit-pierdere minim 7 ani<\/p>\n<p>&nbsp;<\/p>\n<h3>Partajarea datelor cu caracter personal cu ter\u021bi<\/h3>\n<p>Mondial Uitzend BV nu vinde datele dumneavoastr\u0103 c\u0103tre ter\u021bi \u0219i le va furniza doar dac\u0103 acest lucru este necesar pentru executarea acordului nostru cu dumneavoastr\u0103 sau pentru a respecta o obliga\u021bie legal\u0103. \u00cencheiem un acord de prelucrare cu companii care prelucreaz\u0103 datele dumneavoastr\u0103 \u00een numele nostru pentru a asigura acela\u0219i nivel de securitate \u0219i confiden\u021bialitate al datelor dumneavoastr\u0103. Mondial Uitzend BV r\u0103m\u00e2ne responsabil\u0103 pentru aceste opera\u021biuni de prelucrare.<\/p>\n<p>&nbsp;<\/p>\n<h3>Cookie-uri sau tehnici similare pe care le folosim<\/h3>\n<p>Mondial Uitzend BV utilizeaz\u0103 cookie-uri sau tehnici similare.<\/p>\n<p>&nbsp;<\/p>\n<h3>Vizualiza\u021bi, modifica\u021bi sau \u0219terge\u021bi datele<\/h3>\n<p>Ave\u021bi dreptul de a vizualiza, corecta sau \u0219terge datele dumneavoastr\u0103 cu caracter personal. \u00cen plus, ave\u021bi dreptul de a v\u0103 retrage consim\u021b\u0103m\u00e2ntul pentru prelucrarea datelor sau de a v\u0103 opune prelucr\u0103rii datelor dumneavoastr\u0103 cu caracter personal de c\u0103tre Mondial Uitzend BV \u0219i ave\u021bi dreptul la portabilitatea datelor. Aceasta \u00eenseamn\u0103 c\u0103 ne pute\u021bi trimite o solicitare de a trimite datele personale pe care le de\u021binem despre dumneavoastr\u0103 \u00eentr-un fi\u0219ier informatic c\u0103tre dumneavoastr\u0103 sau c\u0103tre alt\u0103 organiza\u021bie men\u021bionat\u0103 de dumneavoastr\u0103. Pute\u021bi trimite o cerere de acces, corectare, \u0219tergere, transfer de date a datelor dumneavoastr\u0103 cu caracter personal sau cerere de retragere a consim\u021b\u0103m\u00e2ntului dumneavoastr\u0103 sau de obiec\u021bie la prelucrarea datelor dumneavoastr\u0103 cu caracter personal la info@mondialuitzend.nl. Pentru a ne asigura c\u0103 cererea de inspec\u021bie a fost f\u0103cut\u0103 de dvs., v\u0103 rug\u0103m s\u0103 ata\u0219a\u021bi la cerere o copie a dovezii de identitate. Face\u021bi \u00een aceast\u0103 copie fotografia pa\u0219aportului, MRZ (zona de citire automat\u0103, banda cu numere \u00een partea de jos a pa\u0219aportului), num\u0103rul de pa\u0219aport \u0219i num\u0103rul de serviciu pentru cet\u0103\u021beni (BSN). Acest lucru este pentru a v\u0103 proteja confiden\u021bialitatea. Vom r\u0103spunde solicit\u0103rii dumneavoastr\u0103 c\u00e2t mai repede posibil, dar \u00een termen de patru s\u0103pt\u0103m\u00e2ni. Mondial Uitzend BV dore\u0219te, de asemenea, s\u0103 sublinieze c\u0103 ave\u021bi op\u021biunea de a depune o pl\u00e2ngere la autoritatea na\u021bional\u0103 de supraveghere, Autoritatea Olandez\u0103 pentru Protec\u021bia Datelor. Acest lucru se poate face prin urm\u0103torul link:\u00a0<a href=\"https:\/\/autoriteitpersoonsgegevens.nl\/nl\/contact-met-de-autoriteit-persoonsgegevens\/tip-ons%20\" target=\"_blank\" rel=\"noopener\">https:\/\/autoriteitpersoonsgegevens.nl\/nl\/contact-met-de-autoriteit-persoonsgegevens\/tip-ons\u00a0<\/a><\/p>\n<p>&nbsp;<\/p>\n<h3>Cum securiz\u0103m datele personale<\/h3>\n<p>Mondial Uitzend BV ia \u00een serios protec\u021bia datelor dumneavoastr\u0103 \u0219i ia m\u0103surile adecvate pentru a preveni utilizarea gre\u0219it\u0103, pierderea, accesul neautorizat, dezv\u0103luirea nedorit\u0103 \u0219i modific\u0103rile neautorizate. Dac\u0103 sim\u021bi\u021bi c\u0103 datele dumneavoastr\u0103 nu sunt securizate corespunz\u0103tor sau exist\u0103 indicii de abuz, v\u0103 rug\u0103m s\u0103 contacta\u021bi serviciul nostru pentru clien\u021bi sau prin\u00a0<a href=\"mailto:info@mondialuitzend.nl\">info@mondialuitzend.nl<\/a><\/p>","protected":false},"excerpt":{"rendered":"<p>Mondial Uitzend B.V., gevestigd aan Bosweg 17 te \u2018t Zand, is verantwoordelijk voor de verwerking van persoonsgegevens zoals weergegeven in deze privacyverklaring. Contactgegevens: Mondial Uitzend B.V.\/ Detachering BV Bosweg 15a 1756CH \u2018t Zand https:\/\/mondialuitzend.nl\/\u00a0 0224- 591569 &nbsp; Persoonsgegevens die wij verwerken Mondial Uitzend B.V. verwerkt uw persoonsgegevens doordat u gebruik maakt van onze diensten en\/of [&hellip;]<\/p>\n","protected":false},"author":4,"featured_media":0,"parent":0,"menu_order":991,"comment_status":"closed","ping_status":"closed","template":"","meta":{"footnotes":""},"class_list":["post-484","page","type-page","status-publish","hentry"],"yoast_head":"<!-- This site is optimized with the Yoast SEO plugin v27.4 - https:\/\/yoast.com\/product\/yoast-seo-wordpress\/ -->\n<title>Privacybeleid - Mondial Uitzend - Verbindend tussen werkgever en werknemer<\/title>\n<meta name=\"robots\" content=\"index, follow, max-snippet:-1, max-image-preview:large, max-video-preview:-1\" \/>\n<link rel=\"canonical\" href=\"https:\/\/mondialuitzend.nl\/ro\/politica-de-confidentialitate\/\" \/>\n<meta property=\"og:locale\" content=\"ro_RO\" \/>\n<meta property=\"og:type\" content=\"article\" \/>\n<meta property=\"og:title\" content=\"Privacybeleid - Mondial Uitzend - Verbindend tussen werkgever en werknemer\" \/>\n<meta property=\"og:description\" content=\"Mondial Uitzend B.V., gevestigd aan Bosweg 17 te \u2018t Zand, is verantwoordelijk voor de verwerking van persoonsgegevens zoals weergegeven in deze privacyverklaring. Contactgegevens: Mondial Uitzend B.V.\/ Detachering BV Bosweg 15a 1756CH \u2018t Zand https:\/\/mondialuitzend.nl\/\u00a0 0224- 591569 &nbsp; Persoonsgegevens die wij verwerken Mondial Uitzend B.V. verwerkt uw persoonsgegevens doordat u gebruik maakt van onze diensten en\/of [&hellip;]\" \/>\n<meta property=\"og:url\" content=\"https:\/\/mondialuitzend.nl\/ro\/politica-de-confidentialitate\/\" \/>\n<meta property=\"og:site_name\" content=\"Mondial Uitzend\" \/>\n<meta property=\"article:publisher\" content=\"https:\/\/www.facebook.com\/mondialuitzendbv\/\" \/>\n<meta property=\"article:modified_time\" content=\"2023-06-21T13:02:46+00:00\" \/>\n<meta name=\"twitter:card\" content=\"summary_large_image\" \/>\n<meta name=\"twitter:label1\" content=\"Timp estimat pentru citire\" \/>\n\t<meta name=\"twitter:data1\" content=\"5 minute\" \/>\n<script type=\"application\/ld+json\" class=\"yoast-schema-graph\">{\"@context\":\"https:\\\/\\\/schema.org\",\"@graph\":[{\"@type\":\"WebPage\",\"@id\":\"https:\\\/\\\/mondialuitzend.nl\\\/privacybeleid\\\/\",\"url\":\"https:\\\/\\\/mondialuitzend.nl\\\/privacybeleid\\\/\",\"name\":\"Privacybeleid - Mondial Uitzend - Verbindend tussen werkgever en werknemer\",\"isPartOf\":{\"@id\":\"https:\\\/\\\/mondialuitzend.nl\\\/#website\"},\"datePublished\":\"2023-06-21T09:39:08+00:00\",\"dateModified\":\"2023-06-21T13:02:46+00:00\",\"breadcrumb\":{\"@id\":\"https:\\\/\\\/mondialuitzend.nl\\\/privacybeleid\\\/#breadcrumb\"},\"inLanguage\":\"ro-RO\",\"potentialAction\":[{\"@type\":\"ReadAction\",\"target\":[\"https:\\\/\\\/mondialuitzend.nl\\\/privacybeleid\\\/\"]}]},{\"@type\":\"BreadcrumbList\",\"@id\":\"https:\\\/\\\/mondialuitzend.nl\\\/privacybeleid\\\/#breadcrumb\",\"itemListElement\":[{\"@type\":\"ListItem\",\"position\":1,\"name\":\"Home\",\"item\":\"https:\\\/\\\/mondialuitzend.nl\\\/\"},{\"@type\":\"ListItem\",\"position\":2,\"name\":\"Privacybeleid\"}]},{\"@type\":\"WebSite\",\"@id\":\"https:\\\/\\\/mondialuitzend.nl\\\/#website\",\"url\":\"https:\\\/\\\/mondialuitzend.nl\\\/\",\"name\":\"Mondial Uitzend\",\"description\":\"Verbindend tussen werkgever en werknemer\",\"publisher\":{\"@id\":\"https:\\\/\\\/mondialuitzend.nl\\\/#organization\"},\"potentialAction\":[{\"@type\":\"SearchAction\",\"target\":{\"@type\":\"EntryPoint\",\"urlTemplate\":\"https:\\\/\\\/mondialuitzend.nl\\\/?s={search_term_string}\"},\"query-input\":{\"@type\":\"PropertyValueSpecification\",\"valueRequired\":true,\"valueName\":\"search_term_string\"}}],\"inLanguage\":\"ro-RO\"},{\"@type\":\"Organization\",\"@id\":\"https:\\\/\\\/mondialuitzend.nl\\\/#organization\",\"name\":\"Mondial Uitzend\",\"url\":\"https:\\\/\\\/mondialuitzend.nl\\\/\",\"logo\":{\"@type\":\"ImageObject\",\"inLanguage\":\"ro-RO\",\"@id\":\"https:\\\/\\\/mondialuitzend.nl\\\/#\\\/schema\\\/logo\\\/image\\\/\",\"url\":\"https:\\\/\\\/mondialuitzend.nl\\\/wp-content\\\/uploads\\\/2023\\\/06\\\/Logo-MondialUitzend.svg\",\"contentUrl\":\"https:\\\/\\\/mondialuitzend.nl\\\/wp-content\\\/uploads\\\/2023\\\/06\\\/Logo-MondialUitzend.svg\",\"width\":149,\"height\":56,\"caption\":\"Mondial Uitzend\"},\"image\":{\"@id\":\"https:\\\/\\\/mondialuitzend.nl\\\/#\\\/schema\\\/logo\\\/image\\\/\"},\"sameAs\":[\"https:\\\/\\\/www.facebook.com\\\/mondialuitzendbv\\\/\",\"https:\\\/\\\/www.linkedin.com\\\/company\\\/mondial-uitzend-b-v-\",\"https:\\\/\\\/www.youtube.com\\\/channel\\\/UCPBmFRvmUDCPtpAaFVASV9Q\"]}]}<\/script>\n<!-- \/ Yoast SEO plugin. -->","yoast_head_json":{"title":"Politica de confiden\u021bialitate - Mondial Uitzend - Obligatoriu \u00eentre angajator \u0219i angajat","robots":{"index":"index","follow":"follow","max-snippet":"max-snippet:-1","max-image-preview":"max-image-preview:large","max-video-preview":"max-video-preview:-1"},"canonical":"https:\/\/mondialuitzend.nl\/ro\/politica-de-confidentialitate\/","og_locale":"ro_RO","og_type":"article","og_title":"Privacybeleid - Mondial Uitzend - Verbindend tussen werkgever en werknemer","og_description":"Mondial Uitzend B.V., gevestigd aan Bosweg 17 te \u2018t Zand, is verantwoordelijk voor de verwerking van persoonsgegevens zoals weergegeven in deze privacyverklaring. Contactgegevens: Mondial Uitzend B.V.\/ Detachering BV Bosweg 15a 1756CH \u2018t Zand https:\/\/mondialuitzend.nl\/\u00a0 0224- 591569 &nbsp; Persoonsgegevens die wij verwerken Mondial Uitzend B.V. verwerkt uw persoonsgegevens doordat u gebruik maakt van onze diensten en\/of [&hellip;]","og_url":"https:\/\/mondialuitzend.nl\/ro\/politica-de-confidentialitate\/","og_site_name":"Mondial Uitzend","article_publisher":"https:\/\/www.facebook.com\/mondialuitzendbv\/","article_modified_time":"2023-06-21T13:02:46+00:00","twitter_card":"summary_large_image","twitter_misc":{"Timp estimat pentru citire":"5 minute"},"schema":{"@context":"https:\/\/schema.org","@graph":[{"@type":"WebPage","@id":"https:\/\/mondialuitzend.nl\/privacybeleid\/","url":"https:\/\/mondialuitzend.nl\/privacybeleid\/","name":"Politica de confiden\u021bialitate - Mondial Uitzend - Obligatoriu \u00eentre angajator \u0219i angajat","isPartOf":{"@id":"https:\/\/mondialuitzend.nl\/#website"},"datePublished":"2023-06-21T09:39:08+00:00","dateModified":"2023-06-21T13:02:46+00:00","breadcrumb":{"@id":"https:\/\/mondialuitzend.nl\/privacybeleid\/#breadcrumb"},"inLanguage":"ro-RO","potentialAction":[{"@type":"ReadAction","target":["https:\/\/mondialuitzend.nl\/privacybeleid\/"]}]},{"@type":"BreadcrumbList","@id":"https:\/\/mondialuitzend.nl\/privacybeleid\/#breadcrumb","itemListElement":[{"@type":"ListItem","position":1,"name":"Home","item":"https:\/\/mondialuitzend.nl\/"},{"@type":"ListItem","position":2,"name":"Privacybeleid"}]},{"@type":"WebSite","@id":"https:\/\/mondialuitzend.nl\/#website","url":"https:\/\/mondialuitzend.nl\/","name":"Difuzare global\u0103","description":"Leg\u0103tura dintre angajator \u0219i angajat","publisher":{"@id":"https:\/\/mondialuitzend.nl\/#organization"},"potentialAction":[{"@type":"SearchAction","target":{"@type":"EntryPoint","urlTemplate":"https:\/\/mondialuitzend.nl\/?s={search_term_string}"},"query-input":{"@type":"PropertyValueSpecification","valueRequired":true,"valueName":"search_term_string"}}],"inLanguage":"ro-RO"},{"@type":"Organization","@id":"https:\/\/mondialuitzend.nl\/#organization","name":"Difuzare global\u0103","url":"https:\/\/mondialuitzend.nl\/","logo":{"@type":"ImageObject","inLanguage":"ro-RO","@id":"https:\/\/mondialuitzend.nl\/#\/schema\/logo\/image\/","url":"https:\/\/mondialuitzend.nl\/wp-content\/uploads\/2023\/06\/Logo-MondialUitzend.svg","contentUrl":"https:\/\/mondialuitzend.nl\/wp-content\/uploads\/2023\/06\/Logo-MondialUitzend.svg","width":149,"height":56,"caption":"Mondial Uitzend"},"image":{"@id":"https:\/\/mondialuitzend.nl\/#\/schema\/logo\/image\/"},"sameAs":["https:\/\/www.facebook.com\/mondialuitzendbv\/","https:\/\/www.linkedin.com\/company\/mondial-uitzend-b-v-","https:\/\/www.youtube.com\/channel\/UCPBmFRvmUDCPtpAaFVASV9Q"]}]}},"_links":{"self":[{"href":"https:\/\/mondialuitzend.nl\/ro\/wp-json\/wp\/v2\/pages\/484","targetHints":{"allow":["GET"]}}],"collection":[{"href":"https:\/\/mondialuitzend.nl\/ro\/wp-json\/wp\/v2\/pages"}],"about":[{"href":"https:\/\/mondialuitzend.nl\/ro\/wp-json\/wp\/v2\/types\/page"}],"author":[{"embeddable":true,"href":"https:\/\/mondialuitzend.nl\/ro\/wp-json\/wp\/v2\/users\/4"}],"replies":[{"embeddable":true,"href":"https:\/\/mondialuitzend.nl\/ro\/wp-json\/wp\/v2\/comments?post=484"}],"version-history":[{"count":0,"href":"https:\/\/mondialuitzend.nl\/ro\/wp-json\/wp\/v2\/pages\/484\/revisions"}],"wp:attachment":[{"href":"https:\/\/mondialuitzend.nl\/ro\/wp-json\/wp\/v2\/media?parent=484"}],"curies":[{"name":"wp","href":"https:\/\/api.w.org\/{rel}","templated":true}]}}