{"id":488,"date":"2023-06-21T11:39:24","date_gmt":"2023-06-21T09:39:24","guid":{"rendered":"https:\/\/mondialuitzend.nl\/?page_id=488"},"modified":"2025-01-29T10:35:40","modified_gmt":"2025-01-29T09:35:40","slug":"politica-de-cookie-uri","status":"publish","type":"page","link":"https:\/\/mondialuitzend.nl\/ro\/politica-de-cookie-uri\/","title":{"rendered":"Politica cookie"},"content":{"rendered":"<p data-pm-slice=\"1 1 []\"><strong>Declara\u021bie privind cookie-urile<\/strong><\/p>\n<p><strong>1. Ce sunt cookie-urile?<\/strong> La fel ca aproape toate site-urile web, Mondial folose\u0219te cookie-uri pentru a se asigura c\u0103 totul func\u021bioneaz\u0103 f\u0103r\u0103 probleme \u0219i pl\u0103cut. Cookie-urile sunt fi\u0219iere mici care sunt stocate pe computerul dumneavoastr\u0103 atunci c\u00e2nd vizita\u021bi site-ul nostru. Unele dispar odat\u0103 ce \u00eenchide\u021bi browserul, altele r\u0103m\u00e2n mai mult timp.<\/p>\n<p>Folosim cookie-uri func\u021bionale \u0219i analitice pentru a ne asigura c\u0103 site-ul func\u021bioneaz\u0103 corect \u0219i pentru a analiza modul \u00een care \u00eel putem \u00eembun\u0103t\u0103\u021bi. Nu este necesar consim\u021b\u0103m\u00e2ntul pentru aceste cookie-uri.<\/p>\n<p>Cookie-urile nu con\u021bin date precum numele sau adresa dvs. de e-mail. Dac\u0103 colect\u0103m date personale, acest lucru se va face \u00een conformitate cu declara\u021bia noastr\u0103 de confiden\u021bialitate.<\/p>\n<p><strong>2. De ce folosim cookie-uri?<\/strong> Cookie-urile noastre asigur\u0103 c\u0103:<\/p>\n<ul data-spread=\"false\">\n<li>Site-ul web func\u021bioneaz\u0103 a\u0219a cum v\u0103 a\u0219tepta\u021bi;<\/li>\n<li>Set\u0103rile \u0219i preferin\u021bele dvs. sunt memorate;<\/li>\n<li>Putem continua s\u0103 \u00eembun\u0103t\u0103\u021bim site-ul;<\/li>\n<li>R\u0103m\u00e2ne\u021bi autentificat dac\u0103 dori\u021bi;<\/li>\n<li>Co\u0219ul de cump\u0103r\u0103turi nu se gole\u0219te \u00een timpul cump\u0103r\u0103turilor;<\/li>\n<li>Pute\u021bi stoca cu u\u0219urin\u021b\u0103 date, cum ar fi o list\u0103 de dorin\u021be;<\/li>\n<li>Ob\u021binem o perspectiv\u0103 asupra modului \u00een care vizitatorii folosesc site-ul.<\/li>\n<\/ul>\n<p>Colect\u0103m date precum:<\/p>\n<ul data-spread=\"false\">\n<li>adresa dvs. IP \u0219i loca\u021bia dvs.;<\/li>\n<li>ce browser \u0219i dispozitiv utiliza\u021bi;<\/li>\n<li>C\u00e2t timp e\u0219ti pe site-ul nostru \u0219i ce pagini vezi;<\/li>\n<li>Indiferent dac\u0103 a\u021bi mai vizitat site-ul nostru web.<\/li>\n<\/ul>\n<p>Dac\u0103 browserul dumneavoastr\u0103 accept\u0103 cookie-uri \u0219i continua\u021bi s\u0103 utiliza\u021bi site-ul nostru, vom presupune c\u0103 sunte\u021bi de acord cu acest lucru.<\/p>\n<p><strong>3. Cookie-urile noastre proprii<\/strong> Folosim cookie-uri de la:<\/p>\n<p>(o)<\/p>\n<ul data-spread=\"false\">\n<li><strong>PHPSESSID<\/strong>: \u021aine eviden\u021ba sesiunii, astfel \u00eenc\u00e2t site-ul s\u0103 func\u021bioneze f\u0103r\u0103 probleme. Va fi \u0219tears\u0103 odat\u0103 ce \u00eenchide\u021bi browserul.<\/li>\n<li><strong>Notificare cookie<\/strong>: \u00ce\u0219i aminte\u0219te dac\u0103 a\u021bi acceptat cookie-urile noastre. Perioada de p\u0103strare: 30 de zile de la acceptare, 7 zile de la clic.<\/li>\n<\/ul>\n<p>Mondial partajeaz\u0103 date cu ter\u021bi numai dac\u0103 acorda\u021bi permisiunea pentru acest lucru. Pentru mai multe informa\u021bii, v\u0103 rug\u0103m s\u0103 consulta\u021bi declara\u021bia noastr\u0103 de confiden\u021bialitate.<\/p>\n<p><strong>4. Cookie-uri de la ter\u021bi<\/strong> Site-ul nostru web con\u021bine, de asemenea, con\u021binut de la ter\u021bi, cum ar fi videoclipuri \u0219i butoane pentru re\u021belele sociale. Aceste p\u0103r\u021bi \u00ee\u0219i pot plasa propriile cookie-uri.<\/p>\n<p>(o) <strong>Google Analytics<\/strong> Folosim Google Analytics pentru a analiza modul \u00een care vizitatorii folosesc site-ul nostru. Datele sunt anonime \u0219i vor fi stocate maxim 2 ani. Mai multe informa\u021bii: <a href=\"https:\/\/support.google.com\/analytics\/answer\/6004245?hl=nl\">Confiden\u021bialitate Google Analytics<\/a>.<\/p>\n<p>(b) <strong>Google Maps<\/strong> Afi\u0219\u0103m h\u0103r\u021bi prin Google Maps, de exemplu pentru loca\u021biile noastre. Timp de depozitare: 1 an. Mai multe informa\u021bii: <a href=\"https:\/\/policies.google.com\/privacy?hl=nl\">Confiden\u021bialitate Google<\/a>.<\/p>\n<p>(c) <strong>YouTube<\/strong> YouTube plaseaz\u0103 cookie-uri pentru a determina cum sunt cel mai bine afi\u0219ate videoclipurile. Perioada de depozitare: maxim 2 ani. Mai multe informa\u021bii: <a href=\"https:\/\/policies.google.com\/privacy?hl=nl\">Confiden\u021bialitate Google<\/a>.<\/p>\n<p>(d) <strong>reCAPTCHA<\/strong> Acest serviciu verific\u0103 dac\u0103 o solicitare este executat\u0103 de un om sau de un bot. Timp de depozitare: maxim 6 luni. Mai multe informa\u021bii: <a href=\"https:\/\/policies.google.com\/privacy?hl=nl\">Confiden\u021bialitate Google<\/a>.<\/p>\n<p><strong>5. Cookie-uri pe care nu le gestion\u0103m singuri<\/strong> Uneori, cookie-urile sunt plasate de con\u021binut extern (cum ar fi videoclipurile \u00eencorporate) asupra c\u0103ruia nu avem niciun control. Vede\u021bi un cookie care nu este listat? Anun\u021ba\u021bi-ne!<\/p>\n<p><strong>6. \u0218tergerea sau dezactivarea cookie-urilor<\/strong> Pute\u021bi seta browserul s\u0103 refuze cookie-urile sau s\u0103 v\u0103 anun\u021be c\u00e2nd este plasat un nou cookie. V\u0103 rug\u0103m s\u0103 re\u021bine\u021bi: este posibil ca unele func\u021bii ale site-ului s\u0103 nu func\u021bioneze optim.<\/p>\n<p>Mai multe informa\u021bii despre cookie-uri:<\/p>\n<ul data-spread=\"false\">\n<li><a href=\"https:\/\/www.cookierecht.nl\">Cookierecht.nl<\/a><\/li>\n<li><a href=\"https:\/\/www.consumentenbond.nl\/internet-privacy\">Asocia\u021bia consumatorilor<\/a><\/li>\n<li><a href=\"https:\/\/www.youronlinechoices.com\/\">Alegerile dvs. online<\/a><\/li>\n<\/ul>\n<p><strong>7. Ajust\u0103ri<\/strong> Aceast\u0103 declara\u021bie privind cookie-urile poate fi modificat\u0103 din c\u00e2nd \u00een c\u00e2nd. V\u0103 recomand\u0103m s\u0103 consulta\u021bi aceast\u0103 pagin\u0103 \u00een mod regulat pentru a r\u0103m\u00e2ne informat despre modul \u00een care gestion\u0103m cookie-urile.<\/p>\n<p>Aceast\u0103 versiune este din ianuarie 2025.<\/p>\n<p><strong>8. \u00centreb\u0103ri?<\/strong> Ave\u021bi \u00eentreb\u0103ri despre cookie-uri? V\u0103 rug\u0103m s\u0103 ne contacta\u021bi \u0219i s\u0103 trimite\u021bi un e-mail la <a>info@mondialuitzend.nl<\/a>.<\/p>\n<p>&nbsp;<\/p>","protected":false},"excerpt":{"rendered":"<p>Cookieverklaring 1. Wat zijn cookies? Net als bijna alle websites gebruikt Mondial cookies om ervoor te zorgen dat alles soepel en prettig werkt. Cookies zijn kleine bestandjes die op uw computer worden opgeslagen wanneer u onze site bezoekt. Sommige verdwijnen zodra u uw browser sluit, andere blijven langer bewaard. Wij gebruiken functionele en analytische cookies [&hellip;]<\/p>\n","protected":false},"author":4,"featured_media":0,"parent":0,"menu_order":993,"comment_status":"closed","ping_status":"closed","template":"","meta":{"footnotes":""},"class_list":["post-488","page","type-page","status-publish","hentry"],"yoast_head":"<!-- This site is optimized with the Yoast SEO plugin v27.3 - https:\/\/yoast.com\/product\/yoast-seo-wordpress\/ -->\n<title>Cookiebeleid - Mondial Uitzend - Verbindend tussen werkgever en werknemer<\/title>\n<meta name=\"robots\" content=\"index, follow, max-snippet:-1, max-image-preview:large, max-video-preview:-1\" \/>\n<link rel=\"canonical\" href=\"https:\/\/mondialuitzend.nl\/ro\/politica-de-cookie-uri\/\" \/>\n<meta property=\"og:locale\" content=\"ro_RO\" \/>\n<meta property=\"og:type\" content=\"article\" \/>\n<meta property=\"og:title\" content=\"Cookiebeleid - Mondial Uitzend - Verbindend tussen werkgever en werknemer\" \/>\n<meta property=\"og:description\" content=\"Cookieverklaring 1. Wat zijn cookies? Net als bijna alle websites gebruikt Mondial cookies om ervoor te zorgen dat alles soepel en prettig werkt. Cookies zijn kleine bestandjes die op uw computer worden opgeslagen wanneer u onze site bezoekt. Sommige verdwijnen zodra u uw browser sluit, andere blijven langer bewaard. Wij gebruiken functionele en analytische cookies [&hellip;]\" \/>\n<meta property=\"og:url\" content=\"https:\/\/mondialuitzend.nl\/ro\/politica-de-cookie-uri\/\" \/>\n<meta property=\"og:site_name\" content=\"Mondial Uitzend\" \/>\n<meta property=\"article:publisher\" content=\"https:\/\/www.facebook.com\/mondialuitzendbv\/\" \/>\n<meta property=\"article:modified_time\" content=\"2025-01-29T09:35:40+00:00\" \/>\n<meta name=\"twitter:card\" content=\"summary_large_image\" \/>\n<meta name=\"twitter:label1\" content=\"Timp estimat pentru citire\" \/>\n\t<meta name=\"twitter:data1\" content=\"3 minute\" \/>\n<script type=\"application\/ld+json\" class=\"yoast-schema-graph\">{\"@context\":\"https:\\\/\\\/schema.org\",\"@graph\":[{\"@type\":\"WebPage\",\"@id\":\"https:\\\/\\\/mondialuitzend.nl\\\/cookiebeleid\\\/\",\"url\":\"https:\\\/\\\/mondialuitzend.nl\\\/cookiebeleid\\\/\",\"name\":\"Cookiebeleid - Mondial Uitzend - Verbindend tussen werkgever en werknemer\",\"isPartOf\":{\"@id\":\"https:\\\/\\\/mondialuitzend.nl\\\/#website\"},\"datePublished\":\"2023-06-21T09:39:24+00:00\",\"dateModified\":\"2025-01-29T09:35:40+00:00\",\"breadcrumb\":{\"@id\":\"https:\\\/\\\/mondialuitzend.nl\\\/cookiebeleid\\\/#breadcrumb\"},\"inLanguage\":\"ro-RO\",\"potentialAction\":[{\"@type\":\"ReadAction\",\"target\":[\"https:\\\/\\\/mondialuitzend.nl\\\/cookiebeleid\\\/\"]}]},{\"@type\":\"BreadcrumbList\",\"@id\":\"https:\\\/\\\/mondialuitzend.nl\\\/cookiebeleid\\\/#breadcrumb\",\"itemListElement\":[{\"@type\":\"ListItem\",\"position\":1,\"name\":\"Home\",\"item\":\"https:\\\/\\\/mondialuitzend.nl\\\/\"},{\"@type\":\"ListItem\",\"position\":2,\"name\":\"Cookiebeleid\"}]},{\"@type\":\"WebSite\",\"@id\":\"https:\\\/\\\/mondialuitzend.nl\\\/#website\",\"url\":\"https:\\\/\\\/mondialuitzend.nl\\\/\",\"name\":\"Mondial Uitzend\",\"description\":\"Verbindend tussen werkgever en werknemer\",\"publisher\":{\"@id\":\"https:\\\/\\\/mondialuitzend.nl\\\/#organization\"},\"potentialAction\":[{\"@type\":\"SearchAction\",\"target\":{\"@type\":\"EntryPoint\",\"urlTemplate\":\"https:\\\/\\\/mondialuitzend.nl\\\/?s={search_term_string}\"},\"query-input\":{\"@type\":\"PropertyValueSpecification\",\"valueRequired\":true,\"valueName\":\"search_term_string\"}}],\"inLanguage\":\"ro-RO\"},{\"@type\":\"Organization\",\"@id\":\"https:\\\/\\\/mondialuitzend.nl\\\/#organization\",\"name\":\"Mondial Uitzend\",\"url\":\"https:\\\/\\\/mondialuitzend.nl\\\/\",\"logo\":{\"@type\":\"ImageObject\",\"inLanguage\":\"ro-RO\",\"@id\":\"https:\\\/\\\/mondialuitzend.nl\\\/#\\\/schema\\\/logo\\\/image\\\/\",\"url\":\"https:\\\/\\\/mondialuitzend.nl\\\/wp-content\\\/uploads\\\/2023\\\/06\\\/Logo-MondialUitzend.svg\",\"contentUrl\":\"https:\\\/\\\/mondialuitzend.nl\\\/wp-content\\\/uploads\\\/2023\\\/06\\\/Logo-MondialUitzend.svg\",\"width\":149,\"height\":56,\"caption\":\"Mondial Uitzend\"},\"image\":{\"@id\":\"https:\\\/\\\/mondialuitzend.nl\\\/#\\\/schema\\\/logo\\\/image\\\/\"},\"sameAs\":[\"https:\\\/\\\/www.facebook.com\\\/mondialuitzendbv\\\/\",\"https:\\\/\\\/www.linkedin.com\\\/company\\\/mondial-uitzend-b-v-\",\"https:\\\/\\\/www.youtube.com\\\/channel\\\/UCPBmFRvmUDCPtpAaFVASV9Q\"]}]}<\/script>\n<!-- \/ Yoast SEO plugin. -->","yoast_head_json":{"title":"Politica de cookie - Mondial Uitzend - Legatura intre angajator si angajat","robots":{"index":"index","follow":"follow","max-snippet":"max-snippet:-1","max-image-preview":"max-image-preview:large","max-video-preview":"max-video-preview:-1"},"canonical":"https:\/\/mondialuitzend.nl\/ro\/politica-de-cookie-uri\/","og_locale":"ro_RO","og_type":"article","og_title":"Cookiebeleid - Mondial Uitzend - Verbindend tussen werkgever en werknemer","og_description":"Cookieverklaring 1. Wat zijn cookies? Net als bijna alle websites gebruikt Mondial cookies om ervoor te zorgen dat alles soepel en prettig werkt. Cookies zijn kleine bestandjes die op uw computer worden opgeslagen wanneer u onze site bezoekt. Sommige verdwijnen zodra u uw browser sluit, andere blijven langer bewaard. Wij gebruiken functionele en analytische cookies [&hellip;]","og_url":"https:\/\/mondialuitzend.nl\/ro\/politica-de-cookie-uri\/","og_site_name":"Mondial Uitzend","article_publisher":"https:\/\/www.facebook.com\/mondialuitzendbv\/","article_modified_time":"2025-01-29T09:35:40+00:00","twitter_card":"summary_large_image","twitter_misc":{"Timp estimat pentru citire":"3 minute"},"schema":{"@context":"https:\/\/schema.org","@graph":[{"@type":"WebPage","@id":"https:\/\/mondialuitzend.nl\/cookiebeleid\/","url":"https:\/\/mondialuitzend.nl\/cookiebeleid\/","name":"Politica de cookie - Mondial Uitzend - Legatura intre angajator si angajat","isPartOf":{"@id":"https:\/\/mondialuitzend.nl\/#website"},"datePublished":"2023-06-21T09:39:24+00:00","dateModified":"2025-01-29T09:35:40+00:00","breadcrumb":{"@id":"https:\/\/mondialuitzend.nl\/cookiebeleid\/#breadcrumb"},"inLanguage":"ro-RO","potentialAction":[{"@type":"ReadAction","target":["https:\/\/mondialuitzend.nl\/cookiebeleid\/"]}]},{"@type":"BreadcrumbList","@id":"https:\/\/mondialuitzend.nl\/cookiebeleid\/#breadcrumb","itemListElement":[{"@type":"ListItem","position":1,"name":"Home","item":"https:\/\/mondialuitzend.nl\/"},{"@type":"ListItem","position":2,"name":"Cookiebeleid"}]},{"@type":"WebSite","@id":"https:\/\/mondialuitzend.nl\/#website","url":"https:\/\/mondialuitzend.nl\/","name":"Difuzare global\u0103","description":"Leg\u0103tura dintre angajator \u0219i angajat","publisher":{"@id":"https:\/\/mondialuitzend.nl\/#organization"},"potentialAction":[{"@type":"SearchAction","target":{"@type":"EntryPoint","urlTemplate":"https:\/\/mondialuitzend.nl\/?s={search_term_string}"},"query-input":{"@type":"PropertyValueSpecification","valueRequired":true,"valueName":"search_term_string"}}],"inLanguage":"ro-RO"},{"@type":"Organization","@id":"https:\/\/mondialuitzend.nl\/#organization","name":"Difuzare global\u0103","url":"https:\/\/mondialuitzend.nl\/","logo":{"@type":"ImageObject","inLanguage":"ro-RO","@id":"https:\/\/mondialuitzend.nl\/#\/schema\/logo\/image\/","url":"https:\/\/mondialuitzend.nl\/wp-content\/uploads\/2023\/06\/Logo-MondialUitzend.svg","contentUrl":"https:\/\/mondialuitzend.nl\/wp-content\/uploads\/2023\/06\/Logo-MondialUitzend.svg","width":149,"height":56,"caption":"Mondial Uitzend"},"image":{"@id":"https:\/\/mondialuitzend.nl\/#\/schema\/logo\/image\/"},"sameAs":["https:\/\/www.facebook.com\/mondialuitzendbv\/","https:\/\/www.linkedin.com\/company\/mondial-uitzend-b-v-","https:\/\/www.youtube.com\/channel\/UCPBmFRvmUDCPtpAaFVASV9Q"]}]}},"_links":{"self":[{"href":"https:\/\/mondialuitzend.nl\/ro\/wp-json\/wp\/v2\/pages\/488","targetHints":{"allow":["GET"]}}],"collection":[{"href":"https:\/\/mondialuitzend.nl\/ro\/wp-json\/wp\/v2\/pages"}],"about":[{"href":"https:\/\/mondialuitzend.nl\/ro\/wp-json\/wp\/v2\/types\/page"}],"author":[{"embeddable":true,"href":"https:\/\/mondialuitzend.nl\/ro\/wp-json\/wp\/v2\/users\/4"}],"replies":[{"embeddable":true,"href":"https:\/\/mondialuitzend.nl\/ro\/wp-json\/wp\/v2\/comments?post=488"}],"version-history":[{"count":0,"href":"https:\/\/mondialuitzend.nl\/ro\/wp-json\/wp\/v2\/pages\/488\/revisions"}],"wp:attachment":[{"href":"https:\/\/mondialuitzend.nl\/ro\/wp-json\/wp\/v2\/media?parent=488"}],"curies":[{"name":"wp","href":"https:\/\/api.w.org\/{rel}","templated":true}]}}