{"id":645,"date":"2023-06-21T14:44:06","date_gmt":"2023-06-21T12:44:06","guid":{"rendered":"https:\/\/mondialuitzend.nl\/?page_id=645"},"modified":"2024-06-05T10:43:30","modified_gmt":"2024-06-05T08:43:30","slug":"difuzare-si-salarizare","status":"publish","type":"page","link":"https:\/\/mondialuitzend.nl\/ro\/difuzare-si-salarizare\/","title":{"rendered":"Angajare temporar\u0103 \u0219i salarizare"},"content":{"rendered":"<div>\n<div>\n<p>Pia\u021ba muncii este \u00een continu\u0103 schimbare \u0219i, \u00een calitate de angajator, te vei confrunta cu provoc\u0103ri unice. Suntem aici pentru a v\u0103 sprijini, indiferent de nevoile dvs. Fie c\u0103 este vorba de angajare temporar\u0103, deta\u0219are, salarizare, recrutare \u0219i selec\u021bie sau locuin\u021b\u0103 \u0219i transport, g\u0103sirea de angaja\u021bi (temporari) potrivi\u021bi poate fi o provocare \u0219i suntem bucuro\u0219i s\u0103 prelu\u0103m aceast\u0103 sarcin\u0103 pentru dvs.<\/p>\n<\/div>\n<div>\n<div>\n<p>C\u00e2nd angaj\u0103m personal, v\u0103 punem angaja\u021bi la dispozi\u021bie. \u00cen mod formal, noi suntem angajatorul, \u00een timp ce dumneavoastr\u0103 v\u0103 ocupa\u021bi de managementul de zi cu zi \u0219i gestiona\u021bi angajatul. Ne asum\u0103m toate sarcinile administrative \u0219i riscurile de \u00eemboln\u0103vire. De asemenea, ne ocup\u0103m de recrutare \u0219i selec\u021bie.<\/p>\n<div>\n<div>\n<p>A\u021bi prefera s\u0103 selecta\u021bi singur candida\u021bii f\u0103r\u0103 a fi obligat de obliga\u021biile angajatorului, contracte \u0219i administra\u021bie? Atunci salarizarea ar putea fi ceva pentru tine.<\/p>\n<\/div>\n<\/div>\n<p>E\u0219ti interesat de serviciul nostru de salarizare? Atunci vei g\u0103si <a href=\"https:\/\/mondialuitzend.nl\/ro\/difuzare-si-salarizare\/statul-de-plata\/\">Aici<\/a> mai multe informatii.<\/p>\n<p>&nbsp;<\/p>\n<\/div>\n<\/div>\n<\/div>\n<h3>Metoda noastr\u0103<\/h3>\n<p>\u00cen timpul unui interviu de primire, vom prezenta cererea dumneavoastr\u0103 de ajutor \u00eempreun\u0103 cu dumneavoastr\u0103. Ve\u021bi primi apoi o ofert\u0103 personalizat\u0103 de la noi, oferindu-v\u0103 imediat \u0219i transparent toate informa\u021biile de care ave\u021bi nevoie pentru a face o alegere.<\/p>\n<p>Exist\u0103 mai multe elemente care v\u0103 afecteaz\u0103 investi\u021bia. Lua\u021bi \u00een considerare, de exemplu, durata misiunii, num\u0103rul de persoane, calific\u0103rile necesare, natura muncii, ponderea postului, orice nevoie de cazare, remunera\u021bia angajatorului etc.<\/p>\n<p>Ave\u021bi o \u00eentrebare despre lucr\u0103torii flexibili temporari \u0219i disponibili imediat? Atunci ia azi <a href=\"https:\/\/mondialuitzend.nl\/ro\/a-lua-legatura\/\">a lua legatura<\/a> cu noi!<\/p>\n<p>&nbsp;<\/p>","protected":false},"excerpt":{"rendered":"<p>Ave\u021bi nevoie imediat de lucr\u0103tori flexibili? Cau\u021bi extinderea (pe termen scurt sau lung) a echipei tale? Mondial Uitzend \u00een\u021belege importan\u021ba lucr\u0103torilor flexibili motiva\u021bi. <\/p>","protected":false},"author":4,"featured_media":1393,"parent":0,"menu_order":71,"comment_status":"closed","ping_status":"closed","template":"","meta":{"footnotes":""},"class_list":["post-645","page","type-page","status-publish","has-post-thumbnail","hentry"],"yoast_head":"<!-- This site is optimized with the Yoast SEO plugin v27.4 - https:\/\/yoast.com\/product\/yoast-seo-wordpress\/ -->\n<title>Uitzenden &amp; Payrollen - Mondial Uitzend - Verbindend tussen werkgever en werknemer<\/title>\n<meta name=\"description\" content=\"Heeft u direct flexwerkers nodig? Bent u op zoek naar (kort- of langdurige) uitbreiding van uw team? Mondial Uitzend begrijpt het belang van gemotiveerde flexwerkers. Wij hebben jarenlange ervaring met het uitzenden van mensen. Met een uitgebreid netwerk dat reikt tot Polen, Roemeni\u00eb, Hongarije en andere EU-landen, hebben wij genoeg flexibiliteit om precies die mensen te leveren die u nodig heeft. Bovendien nemen we zorg uit handen op bijvoorbeeld administratief gebied door het inzetten van de juiste ondersteunende software.\" \/>\n<meta name=\"robots\" content=\"index, follow, max-snippet:-1, max-image-preview:large, max-video-preview:-1\" \/>\n<link rel=\"canonical\" href=\"https:\/\/mondialuitzend.nl\/ro\/difuzare-si-salarizare\/\" \/>\n<meta property=\"og:locale\" content=\"ro_RO\" \/>\n<meta property=\"og:type\" content=\"article\" \/>\n<meta property=\"og:title\" content=\"Uitzenden &amp; Payrollen - Mondial Uitzend - Verbindend tussen werkgever en werknemer\" \/>\n<meta property=\"og:description\" content=\"Heeft u direct flexwerkers nodig? Bent u op zoek naar (kort- of langdurige) uitbreiding van uw team? Mondial Uitzend begrijpt het belang van gemotiveerde flexwerkers. Wij hebben jarenlange ervaring met het uitzenden van mensen. Met een uitgebreid netwerk dat reikt tot Polen, Roemeni\u00eb, Hongarije en andere EU-landen, hebben wij genoeg flexibiliteit om precies die mensen te leveren die u nodig heeft. Bovendien nemen we zorg uit handen op bijvoorbeeld administratief gebied door het inzetten van de juiste ondersteunende software.\" \/>\n<meta property=\"og:url\" content=\"https:\/\/mondialuitzend.nl\/ro\/difuzare-si-salarizare\/\" \/>\n<meta property=\"og:site_name\" content=\"Mondial Uitzend\" \/>\n<meta property=\"article:publisher\" content=\"https:\/\/www.facebook.com\/mondialuitzendbv\/\" \/>\n<meta property=\"article:modified_time\" content=\"2024-06-05T08:43:30+00:00\" \/>\n<meta property=\"og:image\" content=\"https:\/\/mondialuitzend.nl\/wp-content\/uploads\/2023\/07\/flexwerkers.jpg\" \/>\n\t<meta property=\"og:image:width\" content=\"960\" \/>\n\t<meta property=\"og:image:height\" content=\"720\" \/>\n\t<meta property=\"og:image:type\" content=\"image\/jpeg\" \/>\n<meta name=\"twitter:card\" content=\"summary_large_image\" \/>\n<meta name=\"twitter:label1\" content=\"Timp estimat pentru citire\" \/>\n\t<meta name=\"twitter:data1\" content=\"2 minute\" \/>\n<script type=\"application\/ld+json\" class=\"yoast-schema-graph\">{\"@context\":\"https:\\\/\\\/schema.org\",\"@graph\":[{\"@type\":\"WebPage\",\"@id\":\"https:\\\/\\\/mondialuitzend.nl\\\/uitzenden-en-payrollen\\\/\",\"url\":\"https:\\\/\\\/mondialuitzend.nl\\\/uitzenden-en-payrollen\\\/\",\"name\":\"Uitzenden & Payrollen - Mondial Uitzend - Verbindend tussen werkgever en werknemer\",\"isPartOf\":{\"@id\":\"https:\\\/\\\/mondialuitzend.nl\\\/#website\"},\"primaryImageOfPage\":{\"@id\":\"https:\\\/\\\/mondialuitzend.nl\\\/uitzenden-en-payrollen\\\/#primaryimage\"},\"image\":{\"@id\":\"https:\\\/\\\/mondialuitzend.nl\\\/uitzenden-en-payrollen\\\/#primaryimage\"},\"thumbnailUrl\":\"https:\\\/\\\/mondialuitzend.nl\\\/wp-content\\\/uploads\\\/2023\\\/07\\\/flexwerkers.jpg\",\"datePublished\":\"2023-06-21T12:44:06+00:00\",\"dateModified\":\"2024-06-05T08:43:30+00:00\",\"description\":\"Heeft u direct flexwerkers nodig? Bent u op zoek naar (kort- of langdurige) uitbreiding van uw team? Mondial Uitzend begrijpt het belang van gemotiveerde flexwerkers. Wij hebben jarenlange ervaring met het uitzenden van mensen. Met een uitgebreid netwerk dat reikt tot Polen, Roemeni\u00eb, Hongarije en andere EU-landen, hebben wij genoeg flexibiliteit om precies die mensen te leveren die u nodig heeft. Bovendien nemen we zorg uit handen op bijvoorbeeld administratief gebied door het inzetten van de juiste ondersteunende software.\",\"breadcrumb\":{\"@id\":\"https:\\\/\\\/mondialuitzend.nl\\\/uitzenden-en-payrollen\\\/#breadcrumb\"},\"inLanguage\":\"ro-RO\",\"potentialAction\":[{\"@type\":\"ReadAction\",\"target\":[\"https:\\\/\\\/mondialuitzend.nl\\\/uitzenden-en-payrollen\\\/\"]}]},{\"@type\":\"ImageObject\",\"inLanguage\":\"ro-RO\",\"@id\":\"https:\\\/\\\/mondialuitzend.nl\\\/uitzenden-en-payrollen\\\/#primaryimage\",\"url\":\"https:\\\/\\\/mondialuitzend.nl\\\/wp-content\\\/uploads\\\/2023\\\/07\\\/flexwerkers.jpg\",\"contentUrl\":\"https:\\\/\\\/mondialuitzend.nl\\\/wp-content\\\/uploads\\\/2023\\\/07\\\/flexwerkers.jpg\",\"width\":960,\"height\":720},{\"@type\":\"BreadcrumbList\",\"@id\":\"https:\\\/\\\/mondialuitzend.nl\\\/uitzenden-en-payrollen\\\/#breadcrumb\",\"itemListElement\":[{\"@type\":\"ListItem\",\"position\":1,\"name\":\"Home\",\"item\":\"https:\\\/\\\/mondialuitzend.nl\\\/\"},{\"@type\":\"ListItem\",\"position\":2,\"name\":\"Uitzenden &#038; Payrollen\"}]},{\"@type\":\"WebSite\",\"@id\":\"https:\\\/\\\/mondialuitzend.nl\\\/#website\",\"url\":\"https:\\\/\\\/mondialuitzend.nl\\\/\",\"name\":\"Mondial Uitzend\",\"description\":\"Verbindend tussen werkgever en werknemer\",\"publisher\":{\"@id\":\"https:\\\/\\\/mondialuitzend.nl\\\/#organization\"},\"potentialAction\":[{\"@type\":\"SearchAction\",\"target\":{\"@type\":\"EntryPoint\",\"urlTemplate\":\"https:\\\/\\\/mondialuitzend.nl\\\/?s={search_term_string}\"},\"query-input\":{\"@type\":\"PropertyValueSpecification\",\"valueRequired\":true,\"valueName\":\"search_term_string\"}}],\"inLanguage\":\"ro-RO\"},{\"@type\":\"Organization\",\"@id\":\"https:\\\/\\\/mondialuitzend.nl\\\/#organization\",\"name\":\"Mondial Uitzend\",\"url\":\"https:\\\/\\\/mondialuitzend.nl\\\/\",\"logo\":{\"@type\":\"ImageObject\",\"inLanguage\":\"ro-RO\",\"@id\":\"https:\\\/\\\/mondialuitzend.nl\\\/#\\\/schema\\\/logo\\\/image\\\/\",\"url\":\"https:\\\/\\\/mondialuitzend.nl\\\/wp-content\\\/uploads\\\/2023\\\/06\\\/Logo-MondialUitzend.svg\",\"contentUrl\":\"https:\\\/\\\/mondialuitzend.nl\\\/wp-content\\\/uploads\\\/2023\\\/06\\\/Logo-MondialUitzend.svg\",\"width\":149,\"height\":56,\"caption\":\"Mondial Uitzend\"},\"image\":{\"@id\":\"https:\\\/\\\/mondialuitzend.nl\\\/#\\\/schema\\\/logo\\\/image\\\/\"},\"sameAs\":[\"https:\\\/\\\/www.facebook.com\\\/mondialuitzendbv\\\/\",\"https:\\\/\\\/www.linkedin.com\\\/company\\\/mondial-uitzend-b-v-\",\"https:\\\/\\\/www.youtube.com\\\/channel\\\/UCPBmFRvmUDCPtpAaFVASV9Q\"]}]}<\/script>\n<!-- \/ Yoast SEO plugin. -->","yoast_head_json":{"title":"Angajare temporar\u0103 \u0219i salarizare - Mondial Uitzend - Conectarea dintre angajator \u0219i angajat","description":"Ave\u021bi nevoie imediat de lucr\u0103tori flexibili? Cau\u021bi extinderea (pe termen scurt sau lung) a echipei tale? Mondial Uitzend \u00een\u021belege importan\u021ba lucr\u0103torilor flexibili motiva\u021bi. Avem ani de experien\u021b\u0103 \u00een trimiterea de oameni. Cu o re\u021bea extins\u0103 care se extinde \u00een Polonia, Rom\u00e2nia, Ungaria \u0219i alte \u021b\u0103ri UE, avem suficient\u0103 flexibilitate pentru a v\u0103 oferi exact oamenii de care ave\u021bi nevoie. \u00cen plus, ne ocup\u0103m de chestiunile administrative, de exemplu, utiliz\u00e2nd software-ul de asisten\u021b\u0103 potrivit.","robots":{"index":"index","follow":"follow","max-snippet":"max-snippet:-1","max-image-preview":"max-image-preview:large","max-video-preview":"max-video-preview:-1"},"canonical":"https:\/\/mondialuitzend.nl\/ro\/difuzare-si-salarizare\/","og_locale":"ro_RO","og_type":"article","og_title":"Uitzenden & Payrollen - Mondial Uitzend - Verbindend tussen werkgever en werknemer","og_description":"Heeft u direct flexwerkers nodig? Bent u op zoek naar (kort- of langdurige) uitbreiding van uw team? Mondial Uitzend begrijpt het belang van gemotiveerde flexwerkers. Wij hebben jarenlange ervaring met het uitzenden van mensen. Met een uitgebreid netwerk dat reikt tot Polen, Roemeni\u00eb, Hongarije en andere EU-landen, hebben wij genoeg flexibiliteit om precies die mensen te leveren die u nodig heeft. Bovendien nemen we zorg uit handen op bijvoorbeeld administratief gebied door het inzetten van de juiste ondersteunende software.","og_url":"https:\/\/mondialuitzend.nl\/ro\/difuzare-si-salarizare\/","og_site_name":"Mondial Uitzend","article_publisher":"https:\/\/www.facebook.com\/mondialuitzendbv\/","article_modified_time":"2024-06-05T08:43:30+00:00","og_image":[{"width":960,"height":720,"url":"https:\/\/mondialuitzend.nl\/wp-content\/uploads\/2023\/07\/flexwerkers.jpg","type":"image\/jpeg"}],"twitter_card":"summary_large_image","twitter_misc":{"Timp estimat pentru citire":"2 minute"},"schema":{"@context":"https:\/\/schema.org","@graph":[{"@type":"WebPage","@id":"https:\/\/mondialuitzend.nl\/uitzenden-en-payrollen\/","url":"https:\/\/mondialuitzend.nl\/uitzenden-en-payrollen\/","name":"Angajare temporar\u0103 \u0219i salarizare - Mondial Uitzend - Conectarea dintre angajator \u0219i angajat","isPartOf":{"@id":"https:\/\/mondialuitzend.nl\/#website"},"primaryImageOfPage":{"@id":"https:\/\/mondialuitzend.nl\/uitzenden-en-payrollen\/#primaryimage"},"image":{"@id":"https:\/\/mondialuitzend.nl\/uitzenden-en-payrollen\/#primaryimage"},"thumbnailUrl":"https:\/\/mondialuitzend.nl\/wp-content\/uploads\/2023\/07\/flexwerkers.jpg","datePublished":"2023-06-21T12:44:06+00:00","dateModified":"2024-06-05T08:43:30+00:00","description":"Ave\u021bi nevoie imediat de lucr\u0103tori flexibili? Cau\u021bi extinderea (pe termen scurt sau lung) a echipei tale? Mondial Uitzend \u00een\u021belege importan\u021ba lucr\u0103torilor flexibili motiva\u021bi. Avem ani de experien\u021b\u0103 \u00een trimiterea de oameni. Cu o re\u021bea extins\u0103 care se extinde \u00een Polonia, Rom\u00e2nia, Ungaria \u0219i alte \u021b\u0103ri UE, avem suficient\u0103 flexibilitate pentru a v\u0103 oferi exact oamenii de care ave\u021bi nevoie. \u00cen plus, ne ocup\u0103m de chestiunile administrative, de exemplu, utiliz\u00e2nd software-ul de asisten\u021b\u0103 potrivit.","breadcrumb":{"@id":"https:\/\/mondialuitzend.nl\/uitzenden-en-payrollen\/#breadcrumb"},"inLanguage":"ro-RO","potentialAction":[{"@type":"ReadAction","target":["https:\/\/mondialuitzend.nl\/uitzenden-en-payrollen\/"]}]},{"@type":"ImageObject","inLanguage":"ro-RO","@id":"https:\/\/mondialuitzend.nl\/uitzenden-en-payrollen\/#primaryimage","url":"https:\/\/mondialuitzend.nl\/wp-content\/uploads\/2023\/07\/flexwerkers.jpg","contentUrl":"https:\/\/mondialuitzend.nl\/wp-content\/uploads\/2023\/07\/flexwerkers.jpg","width":960,"height":720},{"@type":"BreadcrumbList","@id":"https:\/\/mondialuitzend.nl\/uitzenden-en-payrollen\/#breadcrumb","itemListElement":[{"@type":"ListItem","position":1,"name":"Home","item":"https:\/\/mondialuitzend.nl\/"},{"@type":"ListItem","position":2,"name":"Uitzenden &#038; Payrollen"}]},{"@type":"WebSite","@id":"https:\/\/mondialuitzend.nl\/#website","url":"https:\/\/mondialuitzend.nl\/","name":"Difuzare global\u0103","description":"Leg\u0103tura dintre angajator \u0219i angajat","publisher":{"@id":"https:\/\/mondialuitzend.nl\/#organization"},"potentialAction":[{"@type":"SearchAction","target":{"@type":"EntryPoint","urlTemplate":"https:\/\/mondialuitzend.nl\/?s={search_term_string}"},"query-input":{"@type":"PropertyValueSpecification","valueRequired":true,"valueName":"search_term_string"}}],"inLanguage":"ro-RO"},{"@type":"Organization","@id":"https:\/\/mondialuitzend.nl\/#organization","name":"Difuzare global\u0103","url":"https:\/\/mondialuitzend.nl\/","logo":{"@type":"ImageObject","inLanguage":"ro-RO","@id":"https:\/\/mondialuitzend.nl\/#\/schema\/logo\/image\/","url":"https:\/\/mondialuitzend.nl\/wp-content\/uploads\/2023\/06\/Logo-MondialUitzend.svg","contentUrl":"https:\/\/mondialuitzend.nl\/wp-content\/uploads\/2023\/06\/Logo-MondialUitzend.svg","width":149,"height":56,"caption":"Mondial Uitzend"},"image":{"@id":"https:\/\/mondialuitzend.nl\/#\/schema\/logo\/image\/"},"sameAs":["https:\/\/www.facebook.com\/mondialuitzendbv\/","https:\/\/www.linkedin.com\/company\/mondial-uitzend-b-v-","https:\/\/www.youtube.com\/channel\/UCPBmFRvmUDCPtpAaFVASV9Q"]}]}},"_links":{"self":[{"href":"https:\/\/mondialuitzend.nl\/ro\/wp-json\/wp\/v2\/pages\/645","targetHints":{"allow":["GET"]}}],"collection":[{"href":"https:\/\/mondialuitzend.nl\/ro\/wp-json\/wp\/v2\/pages"}],"about":[{"href":"https:\/\/mondialuitzend.nl\/ro\/wp-json\/wp\/v2\/types\/page"}],"author":[{"embeddable":true,"href":"https:\/\/mondialuitzend.nl\/ro\/wp-json\/wp\/v2\/users\/4"}],"replies":[{"embeddable":true,"href":"https:\/\/mondialuitzend.nl\/ro\/wp-json\/wp\/v2\/comments?post=645"}],"version-history":[{"count":0,"href":"https:\/\/mondialuitzend.nl\/ro\/wp-json\/wp\/v2\/pages\/645\/revisions"}],"wp:featuredmedia":[{"embeddable":true,"href":"https:\/\/mondialuitzend.nl\/ro\/wp-json\/wp\/v2\/media\/1393"}],"wp:attachment":[{"href":"https:\/\/mondialuitzend.nl\/ro\/wp-json\/wp\/v2\/media?parent=645"}],"curies":[{"name":"wp","href":"https:\/\/api.w.org\/{rel}","templated":true}]}}