{"id":654,"date":"2023-06-21T14:49:12","date_gmt":"2023-06-21T12:49:12","guid":{"rendered":"https:\/\/mondialuitzend.nl\/?page_id=654"},"modified":"2024-01-15T12:44:11","modified_gmt":"2024-01-15T11:44:11","slug":"recrutare-si-selectie","status":"publish","type":"page","link":"https:\/\/mondialuitzend.nl\/ro\/recrutare-si-selectie\/","title":{"rendered":"Recrutare si selectie"},"content":{"rendered":"<p>Dori\u021bi s\u0103 externaliza\u021bi \u00eentregul proces, de la recrutarea persoanelor potrivite p\u00e2n\u0103 la selectarea \u0219i angajarea celui mai bun potrivire? Mondial Uitzend are mul\u021bi ani de experien\u021b\u0103 \u00een recrutarea \u0219i selectarea persoanei potrivite pentru post \u0219i, astfel, \u0219tie s\u0103 v\u0103 elibereze ca nimeni altul.<\/p>\n<p>Re\u021beaua noastr\u0103 extins\u0103 ne permite s\u0103 v\u0103 oferim nu numai oameni din \u021a\u0103rile de Jos, ci \u0219i solicitan\u021bi de locuri de munc\u0103 motiva\u021bi din Polonia, Rom\u00e2nia, Ungaria \u0219i alte \u021b\u0103ri ale UE.<\/p>\n<h3>Metoda noastr\u0103<\/h3>\n<p>Dup\u0103 un inventar al dorin\u021belor tale, vei primi o ofert\u0103 personalizat\u0103 de la noi. Dup\u0103 aprobarea ofertei, urmeaz\u0103 confirmarea comenzii. \u00cenainte ca oamenii s\u0103 \u00eenceap\u0103 s\u0103 lucreze pentru dvs., ve\u021bi primi informa\u021bii de la noi despre ce lucr\u0103tori flexibili v\u0103 pute\u021bi a\u0219tepta. Dac\u0103 ave\u021bi \u00eentreb\u0103ri \u00een acest sens, colegii no\u0219tri de la Planning v\u0103 stau la dispozi\u021bie. Desigur, pute\u021bi oric\u00e2nd s\u0103 v\u0103 contacta\u021bi managerul de cont.<\/p>\n<p>La sosirea \u00een \u021a\u0103rile de Jos, fiec\u0103rui lucr\u0103tor str\u0103in flex i s-a desemnat un coordonator care \u00eei ofer\u0103 \u00eendrumare \u0219i sprijin. Toate acestea \u00een limba matern\u0103 a lucr\u0103torului flex.<\/p>\n<p>Exist\u0103 contact \u00eentre dvs. \u0219i Planificarea noastr\u0103 de mai multe ori \u00een timpul s\u0103pt\u0103m\u00e2nii. \u0218i \u00een fiecare s\u0103pt\u0103m\u00e2n\u0103 completezi o foaie de pontaj, pe baza c\u0103reia preg\u0103tim factura \u0219i \u021bi-o trimitem. Toate acestea se fac online prin intermediul platformei noastre digitale. \u00cen aceast\u0103 platform\u0103 ve\u021bi g\u0103si \u0219i informa\u021bii despre contract, cota\u021bii, facturi, certificate etc.<\/p>","protected":false},"excerpt":{"rendered":"<p>Wilt u het hele traject van het werven van de juiste mensen tot aan het selecteren en aannemen van de beste match uitbesteden? Mondial Uitzend heeft vele jaren ervaring in het werven en selecteren van de juiste persoon voor de functie en weet u zodoende als geen ander te ontzorgen. Ons uitgebreide netwerk stelt ons [&hellip;]<\/p>\n","protected":false},"author":4,"featured_media":2092,"parent":0,"menu_order":72,"comment_status":"closed","ping_status":"closed","template":"","meta":{"footnotes":""},"class_list":["post-654","page","type-page","status-publish","has-post-thumbnail","hentry"],"yoast_head":"<!-- This site is optimized with the Yoast SEO plugin v27.4 - https:\/\/yoast.com\/product\/yoast-seo-wordpress\/ -->\n<title>Werving en selectie - Mondial Uitzend - Verbindend tussen werkgever en werknemer<\/title>\n<meta name=\"description\" content=\"Wilt u het hele traject van het werven van de juiste mensen tot aan het selecteren en aannemen van de beste match uitbesteden? Mondial Uitzend heeft vele jaren ervaring in het werven en selecteren van de juiste persoon voor de functie en weet u zodoende als geen ander te ontzorgen.\" \/>\n<meta name=\"robots\" content=\"index, follow, max-snippet:-1, max-image-preview:large, max-video-preview:-1\" \/>\n<link rel=\"canonical\" href=\"https:\/\/mondialuitzend.nl\/ro\/recrutare-si-selectie\/\" \/>\n<meta property=\"og:locale\" content=\"ro_RO\" \/>\n<meta property=\"og:type\" content=\"article\" \/>\n<meta property=\"og:title\" content=\"Werving en selectie - Mondial Uitzend - Verbindend tussen werkgever en werknemer\" \/>\n<meta property=\"og:description\" content=\"Wilt u het hele traject van het werven van de juiste mensen tot aan het selecteren en aannemen van de beste match uitbesteden? Mondial Uitzend heeft vele jaren ervaring in het werven en selecteren van de juiste persoon voor de functie en weet u zodoende als geen ander te ontzorgen.\" \/>\n<meta property=\"og:url\" content=\"https:\/\/mondialuitzend.nl\/ro\/recrutare-si-selectie\/\" \/>\n<meta property=\"og:site_name\" content=\"Mondial Uitzend\" \/>\n<meta property=\"article:publisher\" content=\"https:\/\/www.facebook.com\/mondialuitzendbv\/\" \/>\n<meta property=\"article:modified_time\" content=\"2024-01-15T11:44:11+00:00\" \/>\n<meta property=\"og:image\" content=\"https:\/\/mondialuitzend.nl\/wp-content\/uploads\/2024\/01\/talent.jpg\" \/>\n\t<meta property=\"og:image:width\" content=\"2000\" \/>\n\t<meta property=\"og:image:height\" content=\"1500\" \/>\n\t<meta property=\"og:image:type\" content=\"image\/jpeg\" \/>\n<meta name=\"twitter:card\" content=\"summary_large_image\" \/>\n<meta name=\"twitter:label1\" content=\"Timp estimat pentru citire\" \/>\n\t<meta name=\"twitter:data1\" content=\"2 minute\" \/>\n<script type=\"application\/ld+json\" class=\"yoast-schema-graph\">{\"@context\":\"https:\\\/\\\/schema.org\",\"@graph\":[{\"@type\":\"WebPage\",\"@id\":\"https:\\\/\\\/mondialuitzend.nl\\\/werving-en-selectie\\\/\",\"url\":\"https:\\\/\\\/mondialuitzend.nl\\\/werving-en-selectie\\\/\",\"name\":\"Werving en selectie - Mondial Uitzend - Verbindend tussen werkgever en werknemer\",\"isPartOf\":{\"@id\":\"https:\\\/\\\/mondialuitzend.nl\\\/#website\"},\"primaryImageOfPage\":{\"@id\":\"https:\\\/\\\/mondialuitzend.nl\\\/werving-en-selectie\\\/#primaryimage\"},\"image\":{\"@id\":\"https:\\\/\\\/mondialuitzend.nl\\\/werving-en-selectie\\\/#primaryimage\"},\"thumbnailUrl\":\"https:\\\/\\\/mondialuitzend.nl\\\/wp-content\\\/uploads\\\/2024\\\/01\\\/talent.jpg\",\"datePublished\":\"2023-06-21T12:49:12+00:00\",\"dateModified\":\"2024-01-15T11:44:11+00:00\",\"description\":\"Wilt u het hele traject van het werven van de juiste mensen tot aan het selecteren en aannemen van de beste match uitbesteden? Mondial Uitzend heeft vele jaren ervaring in het werven en selecteren van de juiste persoon voor de functie en weet u zodoende als geen ander te ontzorgen.\",\"breadcrumb\":{\"@id\":\"https:\\\/\\\/mondialuitzend.nl\\\/werving-en-selectie\\\/#breadcrumb\"},\"inLanguage\":\"ro-RO\",\"potentialAction\":[{\"@type\":\"ReadAction\",\"target\":[\"https:\\\/\\\/mondialuitzend.nl\\\/werving-en-selectie\\\/\"]}]},{\"@type\":\"ImageObject\",\"inLanguage\":\"ro-RO\",\"@id\":\"https:\\\/\\\/mondialuitzend.nl\\\/werving-en-selectie\\\/#primaryimage\",\"url\":\"https:\\\/\\\/mondialuitzend.nl\\\/wp-content\\\/uploads\\\/2024\\\/01\\\/talent.jpg\",\"contentUrl\":\"https:\\\/\\\/mondialuitzend.nl\\\/wp-content\\\/uploads\\\/2024\\\/01\\\/talent.jpg\",\"width\":2000,\"height\":1500},{\"@type\":\"BreadcrumbList\",\"@id\":\"https:\\\/\\\/mondialuitzend.nl\\\/werving-en-selectie\\\/#breadcrumb\",\"itemListElement\":[{\"@type\":\"ListItem\",\"position\":1,\"name\":\"Home\",\"item\":\"https:\\\/\\\/mondialuitzend.nl\\\/\"},{\"@type\":\"ListItem\",\"position\":2,\"name\":\"Werving en selectie\"}]},{\"@type\":\"WebSite\",\"@id\":\"https:\\\/\\\/mondialuitzend.nl\\\/#website\",\"url\":\"https:\\\/\\\/mondialuitzend.nl\\\/\",\"name\":\"Mondial Uitzend\",\"description\":\"Verbindend tussen werkgever en werknemer\",\"publisher\":{\"@id\":\"https:\\\/\\\/mondialuitzend.nl\\\/#organization\"},\"potentialAction\":[{\"@type\":\"SearchAction\",\"target\":{\"@type\":\"EntryPoint\",\"urlTemplate\":\"https:\\\/\\\/mondialuitzend.nl\\\/?s={search_term_string}\"},\"query-input\":{\"@type\":\"PropertyValueSpecification\",\"valueRequired\":true,\"valueName\":\"search_term_string\"}}],\"inLanguage\":\"ro-RO\"},{\"@type\":\"Organization\",\"@id\":\"https:\\\/\\\/mondialuitzend.nl\\\/#organization\",\"name\":\"Mondial Uitzend\",\"url\":\"https:\\\/\\\/mondialuitzend.nl\\\/\",\"logo\":{\"@type\":\"ImageObject\",\"inLanguage\":\"ro-RO\",\"@id\":\"https:\\\/\\\/mondialuitzend.nl\\\/#\\\/schema\\\/logo\\\/image\\\/\",\"url\":\"https:\\\/\\\/mondialuitzend.nl\\\/wp-content\\\/uploads\\\/2023\\\/06\\\/Logo-MondialUitzend.svg\",\"contentUrl\":\"https:\\\/\\\/mondialuitzend.nl\\\/wp-content\\\/uploads\\\/2023\\\/06\\\/Logo-MondialUitzend.svg\",\"width\":149,\"height\":56,\"caption\":\"Mondial Uitzend\"},\"image\":{\"@id\":\"https:\\\/\\\/mondialuitzend.nl\\\/#\\\/schema\\\/logo\\\/image\\\/\"},\"sameAs\":[\"https:\\\/\\\/www.facebook.com\\\/mondialuitzendbv\\\/\",\"https:\\\/\\\/www.linkedin.com\\\/company\\\/mondial-uitzend-b-v-\",\"https:\\\/\\\/www.youtube.com\\\/channel\\\/UCPBmFRvmUDCPtpAaFVASV9Q\"]}]}<\/script>\n<!-- \/ Yoast SEO plugin. -->","yoast_head_json":{"title":"Recrutare \u0219i selec\u021bie - Mondial Uitzend - Conectarea dintre angajator \u0219i angajat","description":"Dori\u021bi s\u0103 externaliza\u021bi \u00eentregul proces, de la recrutarea persoanelor potrivite p\u00e2n\u0103 la selectarea \u0219i angajarea celui mai bun potrivire? Mondial Uitzend are mul\u021bi ani de experien\u021b\u0103 \u00een recrutarea \u0219i selectarea persoanei potrivite pentru post \u0219i, astfel, \u0219tie s\u0103 v\u0103 elibereze ca nimeni altul.","robots":{"index":"index","follow":"follow","max-snippet":"max-snippet:-1","max-image-preview":"max-image-preview:large","max-video-preview":"max-video-preview:-1"},"canonical":"https:\/\/mondialuitzend.nl\/ro\/recrutare-si-selectie\/","og_locale":"ro_RO","og_type":"article","og_title":"Werving en selectie - Mondial Uitzend - Verbindend tussen werkgever en werknemer","og_description":"Wilt u het hele traject van het werven van de juiste mensen tot aan het selecteren en aannemen van de beste match uitbesteden? Mondial Uitzend heeft vele jaren ervaring in het werven en selecteren van de juiste persoon voor de functie en weet u zodoende als geen ander te ontzorgen.","og_url":"https:\/\/mondialuitzend.nl\/ro\/recrutare-si-selectie\/","og_site_name":"Mondial Uitzend","article_publisher":"https:\/\/www.facebook.com\/mondialuitzendbv\/","article_modified_time":"2024-01-15T11:44:11+00:00","og_image":[{"width":2000,"height":1500,"url":"https:\/\/mondialuitzend.nl\/wp-content\/uploads\/2024\/01\/talent.jpg","type":"image\/jpeg"}],"twitter_card":"summary_large_image","twitter_misc":{"Timp estimat pentru citire":"2 minute"},"schema":{"@context":"https:\/\/schema.org","@graph":[{"@type":"WebPage","@id":"https:\/\/mondialuitzend.nl\/werving-en-selectie\/","url":"https:\/\/mondialuitzend.nl\/werving-en-selectie\/","name":"Recrutare \u0219i selec\u021bie - Mondial Uitzend - Conectarea dintre angajator \u0219i angajat","isPartOf":{"@id":"https:\/\/mondialuitzend.nl\/#website"},"primaryImageOfPage":{"@id":"https:\/\/mondialuitzend.nl\/werving-en-selectie\/#primaryimage"},"image":{"@id":"https:\/\/mondialuitzend.nl\/werving-en-selectie\/#primaryimage"},"thumbnailUrl":"https:\/\/mondialuitzend.nl\/wp-content\/uploads\/2024\/01\/talent.jpg","datePublished":"2023-06-21T12:49:12+00:00","dateModified":"2024-01-15T11:44:11+00:00","description":"Dori\u021bi s\u0103 externaliza\u021bi \u00eentregul proces, de la recrutarea persoanelor potrivite p\u00e2n\u0103 la selectarea \u0219i angajarea celui mai bun potrivire? Mondial Uitzend are mul\u021bi ani de experien\u021b\u0103 \u00een recrutarea \u0219i selectarea persoanei potrivite pentru post \u0219i, astfel, \u0219tie s\u0103 v\u0103 elibereze ca nimeni altul.","breadcrumb":{"@id":"https:\/\/mondialuitzend.nl\/werving-en-selectie\/#breadcrumb"},"inLanguage":"ro-RO","potentialAction":[{"@type":"ReadAction","target":["https:\/\/mondialuitzend.nl\/werving-en-selectie\/"]}]},{"@type":"ImageObject","inLanguage":"ro-RO","@id":"https:\/\/mondialuitzend.nl\/werving-en-selectie\/#primaryimage","url":"https:\/\/mondialuitzend.nl\/wp-content\/uploads\/2024\/01\/talent.jpg","contentUrl":"https:\/\/mondialuitzend.nl\/wp-content\/uploads\/2024\/01\/talent.jpg","width":2000,"height":1500},{"@type":"BreadcrumbList","@id":"https:\/\/mondialuitzend.nl\/werving-en-selectie\/#breadcrumb","itemListElement":[{"@type":"ListItem","position":1,"name":"Home","item":"https:\/\/mondialuitzend.nl\/"},{"@type":"ListItem","position":2,"name":"Werving en selectie"}]},{"@type":"WebSite","@id":"https:\/\/mondialuitzend.nl\/#website","url":"https:\/\/mondialuitzend.nl\/","name":"Difuzare global\u0103","description":"Leg\u0103tura dintre angajator \u0219i angajat","publisher":{"@id":"https:\/\/mondialuitzend.nl\/#organization"},"potentialAction":[{"@type":"SearchAction","target":{"@type":"EntryPoint","urlTemplate":"https:\/\/mondialuitzend.nl\/?s={search_term_string}"},"query-input":{"@type":"PropertyValueSpecification","valueRequired":true,"valueName":"search_term_string"}}],"inLanguage":"ro-RO"},{"@type":"Organization","@id":"https:\/\/mondialuitzend.nl\/#organization","name":"Difuzare global\u0103","url":"https:\/\/mondialuitzend.nl\/","logo":{"@type":"ImageObject","inLanguage":"ro-RO","@id":"https:\/\/mondialuitzend.nl\/#\/schema\/logo\/image\/","url":"https:\/\/mondialuitzend.nl\/wp-content\/uploads\/2023\/06\/Logo-MondialUitzend.svg","contentUrl":"https:\/\/mondialuitzend.nl\/wp-content\/uploads\/2023\/06\/Logo-MondialUitzend.svg","width":149,"height":56,"caption":"Mondial Uitzend"},"image":{"@id":"https:\/\/mondialuitzend.nl\/#\/schema\/logo\/image\/"},"sameAs":["https:\/\/www.facebook.com\/mondialuitzendbv\/","https:\/\/www.linkedin.com\/company\/mondial-uitzend-b-v-","https:\/\/www.youtube.com\/channel\/UCPBmFRvmUDCPtpAaFVASV9Q"]}]}},"_links":{"self":[{"href":"https:\/\/mondialuitzend.nl\/ro\/wp-json\/wp\/v2\/pages\/654","targetHints":{"allow":["GET"]}}],"collection":[{"href":"https:\/\/mondialuitzend.nl\/ro\/wp-json\/wp\/v2\/pages"}],"about":[{"href":"https:\/\/mondialuitzend.nl\/ro\/wp-json\/wp\/v2\/types\/page"}],"author":[{"embeddable":true,"href":"https:\/\/mondialuitzend.nl\/ro\/wp-json\/wp\/v2\/users\/4"}],"replies":[{"embeddable":true,"href":"https:\/\/mondialuitzend.nl\/ro\/wp-json\/wp\/v2\/comments?post=654"}],"version-history":[{"count":0,"href":"https:\/\/mondialuitzend.nl\/ro\/wp-json\/wp\/v2\/pages\/654\/revisions"}],"wp:featuredmedia":[{"embeddable":true,"href":"https:\/\/mondialuitzend.nl\/ro\/wp-json\/wp\/v2\/media\/2092"}],"wp:attachment":[{"href":"https:\/\/mondialuitzend.nl\/ro\/wp-json\/wp\/v2\/media?parent=654"}],"curies":[{"name":"wp","href":"https:\/\/api.w.org\/{rel}","templated":true}]}}