{"id":657,"date":"2023-06-21T14:50:35","date_gmt":"2023-06-21T12:50:35","guid":{"rendered":"https:\/\/mondialuitzend.nl\/?page_id=657"},"modified":"2025-02-11T11:03:01","modified_gmt":"2025-02-11T10:03:01","slug":"locuinte","status":"publish","type":"page","link":"https:\/\/mondialuitzend.nl\/ro\/locuinte\/","title":{"rendered":"Locuin\u021be"},"content":{"rendered":"<ul>\n<li>Avem loca\u021bii de locuin\u021be \u00een Olanda de Nord, Friesland \u0219i Limburg.<\/li>\n<li>Toate locurile de cazare noastre sunt certificate SNF. Astfel po\u021bi fi sigur c\u0103 \u00eendepline\u0219te cerin\u021bele de baz\u0103 (sau mai multe) de igien\u0103, siguran\u021b\u0103 \u0219i calitate. Acest lucru este strict monitorizat.<\/li>\n<li>Toate unit\u0103\u021bile de cazare sunt dotate cu sisteme de alarm\u0103 de incendiu omologate.<\/li>\n<li>Multe dintre loca\u021biile noastre sunt echipate cu panouri solare \u0219i termostate inteligente.<\/li>\n<\/ul>\n<p>&nbsp;<\/p>\n<p>&nbsp;<\/p>\n<h3>Metod\u0103<\/h3>\n<p>Credem c\u0103 este important ca lucr\u0103torii no\u0219tri flex str\u0103ini s\u0103 aib\u0103 o \u0219edere bun\u0103.<\/p>\n<p>Echipa noastr\u0103 de \u00eentre\u021binere se asigur\u0103 c\u0103 mediul de locuit arat\u0103 pl\u0103cut, gr\u0103dina este bine \u00eentre\u021binut\u0103 \u0219i facilit\u0103\u021bile din \u0219i \u00een jurul casei func\u021bioneaz\u0103. Bine\u00een\u021beles c\u0103 efectu\u0103m verific\u0103rile necesare, printre altele; cur\u0103\u021benie, ordine, legionella (s\u0103pt\u0103m\u00e2nal) \u0219i siguran\u021b\u0103 la incendiu (lunar \u0219i anual).<\/p>\n<p>Seara, coordonatorii no\u0219tri viziteaz\u0103 loca\u021biile de locuit pentru ca eventualele defec\u021biuni s\u0103 poat\u0103 fi semnalate \u0219i, acolo unde este posibil, rezolvate imediat.<\/p>\n<p>Loca\u021biile noastre de locuin\u021be din Noord-Holland sunt situate \u00een zona Schagen \u0219i Den Oever. \u00cen Friesland lucr\u0103torii no\u0219tri flex locuiesc \u00een zona Harlingen, iar \u00een Limburg locuiesc \u00een imediata apropiere a ora\u0219ului Venlo.<\/p>\n<p>\u00cen fiecare loca\u021bie \u00eencerc\u0103m s\u0103 cre\u0103m o a doua cas\u0103 pentru lucr\u0103torii no\u0219tri flex str\u0103ini. Facem acest lucru, printre altele, oferind o cas\u0103 complet\u0103 \u0219i fin mobilat\u0103, cu facilit\u0103\u021bi de lucru, cum ar fi diverse aparate de buc\u0103t\u0103rie. Lucr\u0103torii flex dorm \u00een camere de 2, 3 sau 4 persoane. Ei pot folosi o camer\u0103 de zi comun\u0103 \u00een fiecare loca\u021bie. Desigur, exist\u0103 WIFI \u00een toate loca\u021biile.<\/p>\n<p>Ave\u021bi \u00eentreb\u0103ri sau feedback despre locuin\u021be? Atunci ia <a href=\"https:\/\/mondialuitzend.nl\/ro\/a-lua-legatura\/\">a lua legatura<\/a> cu noi.<\/p>\n<p>&nbsp;<\/p>\n<h3>PKS<\/h3>\n<div>\n<p>Dorim s\u0103 v\u0103 inform\u0103m despre noul sistem pre\u021b-calitate (PKS) care a fost dezvoltat pentru a \u00eembun\u0103t\u0103\u021bi \u00een continuare condi\u021biile de munc\u0103 \u0219i de via\u021b\u0103 ale lucr\u0103torilor interna\u021bionali flexibili. Acest sistem este conceput pentru a asigura transparen\u021ba \u0219i pentru a crea un echilibru corect \u00eentre costuri \u0219i calitate. Sistemul a intrat \u00een vigoare la 1 ianuarie 2025.<\/p>\n<p>&nbsp;<\/p>\n<p><strong>Cum func\u021bioneaz\u0103 h?<\/strong><strong>\u0219i PKS? <\/strong><\/p>\n<p>PKS se bazeaz\u0103 pe un sistem de puncte. Scorurile sunt acordate pe baza unor criterii precum:<\/p>\n<ul>\n<li>Spa\u021biu de locuit per persoan\u0103<\/li>\n<li>Numar de persoane per camera<\/li>\n<li>Instalatii sanitare comune<\/li>\n<li>Siguran\u021b\u0103, igiena \u0219i durabilitate<\/li>\n<li>Amplasarea casei<\/li>\n<\/ul>\n<p>Punctajul realizat determin\u0103 chiria maxim\u0103 care poate fi re\u021binut\u0103 din salariul lucr\u0103torului interna\u021bional flexibil.<\/p>\n<p><strong>Reguli importante:<\/strong> Valoarea PKS determin\u0103 deducerea maxim\u0103 din salariu. Pentru angaja\u021bii care c\u00e2\u0219tig\u0103 mai pu\u021bin de 140% din salariul minim legal (WML), un maxim de 25% din WML poate fi re\u021binut. Dac\u0103 valoarea PKS este mai mic\u0103 dec\u00e2t acest 25%, se aplic\u0103 \u00een mod evident valoarea PKS mai mic\u0103. Pentru angaja\u021bii care c\u00e2\u0219tig\u0103 mai mult de 140% din WML, deducerea maxim\u0103 este egal\u0103 cu valoarea PKS calculat\u0103.<\/p>\n<p><strong>Ce \u00eenseamn\u0103 PKS pentru clien\u021bii no\u0219tri? <\/strong><\/p>\n<ul>\n<li>PKS aduce beneficii \u0219i responsabilit\u0103\u021bi pentru angaja\u021bii de angaja\u021bi str\u0103ini:<\/li>\n<li>Transparen\u021b\u0103: sistemul ofer\u0103 o perspectiv\u0103 asupra costurilor locuin\u021belor \u0219i previne abuzul.<\/li>\n<li>Locuin\u021be \u00eembun\u0103t\u0103\u021bite: Furnizorii de locuin\u021be sunt motiva\u021bi s\u0103 investeasc\u0103 \u00een locuin\u021be mai bune. Un scor PKS mai mare le d\u0103 dreptul la o chirie mai mare.<\/li>\n<li>Impactul asupra costurilor: Deducerea maxim\u0103 din salariul lucr\u0103torului interna\u021bional flexibil este limitat\u0103 la valoarea PKS. Acest lucru poate \u00eensemna c\u0103 costurile reale de \u00eenchiriere nu pot fi deduse \u00een totalitate, ceea ce poate avea consecin\u021be asupra pre\u021bului de cost. V\u0103 vom \u021bine la curent cu acest lucru \u00een timp util.<\/li>\n<\/ul>\n<div>\n<p>&nbsp;<\/p>\n<p><strong>Care sunt beneficiile pentru lucr\u0103torii no\u0219tri temporari?<\/strong><\/p>\n<p>PKS ofer\u0103 mai multe beneficii pentru lucr\u0103torii interna\u021bionali flexibili. Contribuie la condi\u021bii de via\u021b\u0103 mai bune, ceea ce are un efect pozitiv asupra bun\u0103st\u0103rii \u0219i s\u0103n\u0103t\u0103\u021bii lor. \u00cen plus, chiria maxim\u0103 este stabilit\u0103 \u00een prealabil, ceea ce \u00eempiedic\u0103 exploatarea financiar\u0103. O m\u0103sur\u0103 suplimentar\u0103 \u00eent\u0103re\u0219te tratamentul echitabil al lucr\u0103torilor interna\u021bionali flexibili. Dac\u0103 un lucr\u0103tor interna\u021bional flexibil absenteaz\u0103 temporar din cazarea alocat\u0103, de exemplu \u00een timpul unei vizite \u00een \u021bara de origine, dar a pl\u0103tit deja pentru acea perioad\u0103, nu mai este permis\u0103 perceperea costurilor unui alt lucr\u0103tor temporar pentru utilizarea aceleia\u0219i locuri de cazare \u00een aceea\u0219i perioad\u0103.<\/p>\n<\/div>\n<div>\n<p><strong>De ce este important PKS? <\/strong><\/p>\n<p>PKS contribuie la locuin\u021be echitabile \u0219i de \u00eenalt\u0103 calitate pentru lucr\u0103torii interna\u021bionali flexibili, un grup care este esen\u021bial pentru economia olandez\u0103. Promoveaz\u0103 condi\u021bii de via\u021b\u0103 mai bune \u0219i ofer\u0103 lucr\u0103torilor interna\u021bionali temporar protec\u021bie \u00eempotriva exploat\u0103rii.<\/p>\n<p><strong>S\u0103 \u00eentreb?<\/strong> V\u0103 rug\u0103m s\u0103 nu ezita\u021bi s\u0103 ne contacta\u021bi! \u00cempreun\u0103 construim un viitor \u00een care lucr\u0103torii interna\u021bionali flexibili nu numai c\u0103 lucreaz\u0103, ci \u0219i tr\u0103iesc \u00een condi\u021bii care s\u0103 fac\u0103 dreptate valorii \u0219i angajamentului lor.<\/p>\n<\/div>\n<\/div>","protected":false},"excerpt":{"rendered":"<p>Wij beschikken over huisvestingslocaties in Noord Holland, Friesland en Limburg. Al onze huisvesting is SNF gecertificeerd. Zo weet u zeker dat deze voldoet aan de basiseisen,(of meer) voor hygi\u00ebne, veiligheid en kwaliteit. Hier wordt streng op gecontroleerd. Alle huisvesting is voorzien van goedgekeurde brandmeldinstallaties. Veel van onze locaties zijn uitgerust met zonnepanelen en slimme thermostaten. [&hellip;]<\/p>\n","protected":false},"author":4,"featured_media":1386,"parent":0,"menu_order":73,"comment_status":"closed","ping_status":"closed","template":"","meta":{"footnotes":""},"class_list":["post-657","page","type-page","status-publish","has-post-thumbnail","hentry"],"yoast_head":"<!-- This site is optimized with the Yoast SEO plugin v27.4 - https:\/\/yoast.com\/product\/yoast-seo-wordpress\/ -->\n<title>Huisvesting - Mondial Uitzend - Verbindend tussen werkgever en werknemer<\/title>\n<meta name=\"description\" content=\"Al onze huisvesting is SNF gecertificeerd. Zo weet u zeker dat deze voldoet aan de basiseisen,(of meer) voor hygi\u00ebne, veiligheid en kwaliteit. Hier wordt streng op gecontroleerd.\" \/>\n<meta name=\"robots\" content=\"index, follow, max-snippet:-1, max-image-preview:large, max-video-preview:-1\" \/>\n<link rel=\"canonical\" href=\"https:\/\/mondialuitzend.nl\/ro\/locuinte\/\" \/>\n<meta property=\"og:locale\" content=\"ro_RO\" \/>\n<meta property=\"og:type\" content=\"article\" \/>\n<meta property=\"og:title\" content=\"Huisvesting - Mondial Uitzend - Verbindend tussen werkgever en werknemer\" \/>\n<meta property=\"og:description\" content=\"Al onze huisvesting is SNF gecertificeerd. Zo weet u zeker dat deze voldoet aan de basiseisen,(of meer) voor hygi\u00ebne, veiligheid en kwaliteit. Hier wordt streng op gecontroleerd.\" \/>\n<meta property=\"og:url\" content=\"https:\/\/mondialuitzend.nl\/ro\/locuinte\/\" \/>\n<meta property=\"og:site_name\" content=\"Mondial Uitzend\" \/>\n<meta property=\"article:publisher\" content=\"https:\/\/www.facebook.com\/mondialuitzendbv\/\" \/>\n<meta property=\"article:modified_time\" content=\"2025-02-11T10:03:01+00:00\" \/>\n<meta property=\"og:image\" content=\"https:\/\/mondialuitzend.nl\/wp-content\/uploads\/2023\/07\/huisvesting-Volharding.jpg\" \/>\n\t<meta property=\"og:image:width\" content=\"640\" \/>\n\t<meta property=\"og:image:height\" content=\"480\" \/>\n\t<meta property=\"og:image:type\" content=\"image\/jpeg\" \/>\n<meta name=\"twitter:card\" content=\"summary_large_image\" \/>\n<meta name=\"twitter:label1\" content=\"Timp estimat pentru citire\" \/>\n\t<meta name=\"twitter:data1\" content=\"4 minute\" \/>\n<script type=\"application\/ld+json\" class=\"yoast-schema-graph\">{\"@context\":\"https:\\\/\\\/schema.org\",\"@graph\":[{\"@type\":\"WebPage\",\"@id\":\"https:\\\/\\\/mondialuitzend.nl\\\/huisvesting\\\/\",\"url\":\"https:\\\/\\\/mondialuitzend.nl\\\/huisvesting\\\/\",\"name\":\"Huisvesting - Mondial Uitzend - Verbindend tussen werkgever en werknemer\",\"isPartOf\":{\"@id\":\"https:\\\/\\\/mondialuitzend.nl\\\/#website\"},\"primaryImageOfPage\":{\"@id\":\"https:\\\/\\\/mondialuitzend.nl\\\/huisvesting\\\/#primaryimage\"},\"image\":{\"@id\":\"https:\\\/\\\/mondialuitzend.nl\\\/huisvesting\\\/#primaryimage\"},\"thumbnailUrl\":\"https:\\\/\\\/mondialuitzend.nl\\\/wp-content\\\/uploads\\\/2023\\\/07\\\/huisvesting-Volharding.jpg\",\"datePublished\":\"2023-06-21T12:50:35+00:00\",\"dateModified\":\"2025-02-11T10:03:01+00:00\",\"description\":\"Al onze huisvesting is SNF gecertificeerd. Zo weet u zeker dat deze voldoet aan de basiseisen,(of meer) voor hygi\u00ebne, veiligheid en kwaliteit. Hier wordt streng op gecontroleerd.\",\"breadcrumb\":{\"@id\":\"https:\\\/\\\/mondialuitzend.nl\\\/huisvesting\\\/#breadcrumb\"},\"inLanguage\":\"ro-RO\",\"potentialAction\":[{\"@type\":\"ReadAction\",\"target\":[\"https:\\\/\\\/mondialuitzend.nl\\\/huisvesting\\\/\"]}]},{\"@type\":\"ImageObject\",\"inLanguage\":\"ro-RO\",\"@id\":\"https:\\\/\\\/mondialuitzend.nl\\\/huisvesting\\\/#primaryimage\",\"url\":\"https:\\\/\\\/mondialuitzend.nl\\\/wp-content\\\/uploads\\\/2023\\\/07\\\/huisvesting-Volharding.jpg\",\"contentUrl\":\"https:\\\/\\\/mondialuitzend.nl\\\/wp-content\\\/uploads\\\/2023\\\/07\\\/huisvesting-Volharding.jpg\",\"width\":640,\"height\":480},{\"@type\":\"BreadcrumbList\",\"@id\":\"https:\\\/\\\/mondialuitzend.nl\\\/huisvesting\\\/#breadcrumb\",\"itemListElement\":[{\"@type\":\"ListItem\",\"position\":1,\"name\":\"Home\",\"item\":\"https:\\\/\\\/mondialuitzend.nl\\\/\"},{\"@type\":\"ListItem\",\"position\":2,\"name\":\"Huisvesting\"}]},{\"@type\":\"WebSite\",\"@id\":\"https:\\\/\\\/mondialuitzend.nl\\\/#website\",\"url\":\"https:\\\/\\\/mondialuitzend.nl\\\/\",\"name\":\"Mondial Uitzend\",\"description\":\"Verbindend tussen werkgever en werknemer\",\"publisher\":{\"@id\":\"https:\\\/\\\/mondialuitzend.nl\\\/#organization\"},\"potentialAction\":[{\"@type\":\"SearchAction\",\"target\":{\"@type\":\"EntryPoint\",\"urlTemplate\":\"https:\\\/\\\/mondialuitzend.nl\\\/?s={search_term_string}\"},\"query-input\":{\"@type\":\"PropertyValueSpecification\",\"valueRequired\":true,\"valueName\":\"search_term_string\"}}],\"inLanguage\":\"ro-RO\"},{\"@type\":\"Organization\",\"@id\":\"https:\\\/\\\/mondialuitzend.nl\\\/#organization\",\"name\":\"Mondial Uitzend\",\"url\":\"https:\\\/\\\/mondialuitzend.nl\\\/\",\"logo\":{\"@type\":\"ImageObject\",\"inLanguage\":\"ro-RO\",\"@id\":\"https:\\\/\\\/mondialuitzend.nl\\\/#\\\/schema\\\/logo\\\/image\\\/\",\"url\":\"https:\\\/\\\/mondialuitzend.nl\\\/wp-content\\\/uploads\\\/2023\\\/06\\\/Logo-MondialUitzend.svg\",\"contentUrl\":\"https:\\\/\\\/mondialuitzend.nl\\\/wp-content\\\/uploads\\\/2023\\\/06\\\/Logo-MondialUitzend.svg\",\"width\":149,\"height\":56,\"caption\":\"Mondial Uitzend\"},\"image\":{\"@id\":\"https:\\\/\\\/mondialuitzend.nl\\\/#\\\/schema\\\/logo\\\/image\\\/\"},\"sameAs\":[\"https:\\\/\\\/www.facebook.com\\\/mondialuitzendbv\\\/\",\"https:\\\/\\\/www.linkedin.com\\\/company\\\/mondial-uitzend-b-v-\",\"https:\\\/\\\/www.youtube.com\\\/channel\\\/UCPBmFRvmUDCPtpAaFVASV9Q\"]}]}<\/script>\n<!-- \/ Yoast SEO plugin. -->","yoast_head_json":{"title":"Locuin\u021b\u0103 - Mondial Uitzend - Leg\u0103tura \u00eentre angajator \u0219i angajat","description":"Toate locurile de cazare noastre sunt certificate SNF. Astfel po\u021bi fi sigur c\u0103 \u00eendepline\u0219te cerin\u021bele de baz\u0103 (sau mai multe) de igien\u0103, siguran\u021b\u0103 \u0219i calitate. Acest lucru este strict monitorizat.","robots":{"index":"index","follow":"follow","max-snippet":"max-snippet:-1","max-image-preview":"max-image-preview:large","max-video-preview":"max-video-preview:-1"},"canonical":"https:\/\/mondialuitzend.nl\/ro\/locuinte\/","og_locale":"ro_RO","og_type":"article","og_title":"Huisvesting - Mondial Uitzend - Verbindend tussen werkgever en werknemer","og_description":"Al onze huisvesting is SNF gecertificeerd. Zo weet u zeker dat deze voldoet aan de basiseisen,(of meer) voor hygi\u00ebne, veiligheid en kwaliteit. Hier wordt streng op gecontroleerd.","og_url":"https:\/\/mondialuitzend.nl\/ro\/locuinte\/","og_site_name":"Mondial Uitzend","article_publisher":"https:\/\/www.facebook.com\/mondialuitzendbv\/","article_modified_time":"2025-02-11T10:03:01+00:00","og_image":[{"width":640,"height":480,"url":"https:\/\/mondialuitzend.nl\/wp-content\/uploads\/2023\/07\/huisvesting-Volharding.jpg","type":"image\/jpeg"}],"twitter_card":"summary_large_image","twitter_misc":{"Timp estimat pentru citire":"4 minute"},"schema":{"@context":"https:\/\/schema.org","@graph":[{"@type":"WebPage","@id":"https:\/\/mondialuitzend.nl\/huisvesting\/","url":"https:\/\/mondialuitzend.nl\/huisvesting\/","name":"Locuin\u021b\u0103 - Mondial Uitzend - Leg\u0103tura \u00eentre angajator \u0219i angajat","isPartOf":{"@id":"https:\/\/mondialuitzend.nl\/#website"},"primaryImageOfPage":{"@id":"https:\/\/mondialuitzend.nl\/huisvesting\/#primaryimage"},"image":{"@id":"https:\/\/mondialuitzend.nl\/huisvesting\/#primaryimage"},"thumbnailUrl":"https:\/\/mondialuitzend.nl\/wp-content\/uploads\/2023\/07\/huisvesting-Volharding.jpg","datePublished":"2023-06-21T12:50:35+00:00","dateModified":"2025-02-11T10:03:01+00:00","description":"Toate locurile de cazare noastre sunt certificate SNF. Astfel po\u021bi fi sigur c\u0103 \u00eendepline\u0219te cerin\u021bele de baz\u0103 (sau mai multe) de igien\u0103, siguran\u021b\u0103 \u0219i calitate. Acest lucru este strict monitorizat.","breadcrumb":{"@id":"https:\/\/mondialuitzend.nl\/huisvesting\/#breadcrumb"},"inLanguage":"ro-RO","potentialAction":[{"@type":"ReadAction","target":["https:\/\/mondialuitzend.nl\/huisvesting\/"]}]},{"@type":"ImageObject","inLanguage":"ro-RO","@id":"https:\/\/mondialuitzend.nl\/huisvesting\/#primaryimage","url":"https:\/\/mondialuitzend.nl\/wp-content\/uploads\/2023\/07\/huisvesting-Volharding.jpg","contentUrl":"https:\/\/mondialuitzend.nl\/wp-content\/uploads\/2023\/07\/huisvesting-Volharding.jpg","width":640,"height":480},{"@type":"BreadcrumbList","@id":"https:\/\/mondialuitzend.nl\/huisvesting\/#breadcrumb","itemListElement":[{"@type":"ListItem","position":1,"name":"Home","item":"https:\/\/mondialuitzend.nl\/"},{"@type":"ListItem","position":2,"name":"Huisvesting"}]},{"@type":"WebSite","@id":"https:\/\/mondialuitzend.nl\/#website","url":"https:\/\/mondialuitzend.nl\/","name":"Difuzare global\u0103","description":"Leg\u0103tura dintre angajator \u0219i angajat","publisher":{"@id":"https:\/\/mondialuitzend.nl\/#organization"},"potentialAction":[{"@type":"SearchAction","target":{"@type":"EntryPoint","urlTemplate":"https:\/\/mondialuitzend.nl\/?s={search_term_string}"},"query-input":{"@type":"PropertyValueSpecification","valueRequired":true,"valueName":"search_term_string"}}],"inLanguage":"ro-RO"},{"@type":"Organization","@id":"https:\/\/mondialuitzend.nl\/#organization","name":"Difuzare global\u0103","url":"https:\/\/mondialuitzend.nl\/","logo":{"@type":"ImageObject","inLanguage":"ro-RO","@id":"https:\/\/mondialuitzend.nl\/#\/schema\/logo\/image\/","url":"https:\/\/mondialuitzend.nl\/wp-content\/uploads\/2023\/06\/Logo-MondialUitzend.svg","contentUrl":"https:\/\/mondialuitzend.nl\/wp-content\/uploads\/2023\/06\/Logo-MondialUitzend.svg","width":149,"height":56,"caption":"Mondial Uitzend"},"image":{"@id":"https:\/\/mondialuitzend.nl\/#\/schema\/logo\/image\/"},"sameAs":["https:\/\/www.facebook.com\/mondialuitzendbv\/","https:\/\/www.linkedin.com\/company\/mondial-uitzend-b-v-","https:\/\/www.youtube.com\/channel\/UCPBmFRvmUDCPtpAaFVASV9Q"]}]}},"_links":{"self":[{"href":"https:\/\/mondialuitzend.nl\/ro\/wp-json\/wp\/v2\/pages\/657","targetHints":{"allow":["GET"]}}],"collection":[{"href":"https:\/\/mondialuitzend.nl\/ro\/wp-json\/wp\/v2\/pages"}],"about":[{"href":"https:\/\/mondialuitzend.nl\/ro\/wp-json\/wp\/v2\/types\/page"}],"author":[{"embeddable":true,"href":"https:\/\/mondialuitzend.nl\/ro\/wp-json\/wp\/v2\/users\/4"}],"replies":[{"embeddable":true,"href":"https:\/\/mondialuitzend.nl\/ro\/wp-json\/wp\/v2\/comments?post=657"}],"version-history":[{"count":0,"href":"https:\/\/mondialuitzend.nl\/ro\/wp-json\/wp\/v2\/pages\/657\/revisions"}],"wp:featuredmedia":[{"embeddable":true,"href":"https:\/\/mondialuitzend.nl\/ro\/wp-json\/wp\/v2\/media\/1386"}],"wp:attachment":[{"href":"https:\/\/mondialuitzend.nl\/ro\/wp-json\/wp\/v2\/media?parent=657"}],"curies":[{"name":"wp","href":"https:\/\/api.w.org\/{rel}","templated":true}]}}