{"id":660,"date":"2023-06-21T14:52:50","date_gmt":"2023-06-21T12:52:50","guid":{"rendered":"https:\/\/mondialuitzend.nl\/?page_id=660"},"modified":"2026-04-15T08:53:37","modified_gmt":"2026-04-15T06:53:37","slug":"certificate","status":"publish","type":"page","link":"https:\/\/mondialuitzend.nl\/ro\/certificate\/","title":{"rendered":"Certificate"},"content":{"rendered":"<p>Mai jos ve\u021bi g\u0103si documente pe care le pute\u021bi desc\u0103rca.<\/p>\n<p>Face\u021bi clic aici pentru documentele referitoare la detaliile companiei Mondial Uitzend BV \u0219i Mondial Detachering BV.<br \/>\nPentru \u00eentreb\u0103ri, v\u0103 rug\u0103m s\u0103 contacta\u021bi biroul nostru: 0224 591569.<\/p>\n<h3>Mondial Uitzend BV \/ Mondial Detachering BV<\/h3>\n<p>&nbsp;<\/p>\n<ul>\n<li><a href=\"https:\/\/mondialuitzend.nl\/wp-content\/uploads\/2024\/08\/KvK-Mondial-Uitzend-.pdf\" target=\"_blank\" rel=\"noopener\">Extras Camera de Comert Mondial Uitzend BV<\/a><\/li>\n<li><a href=\"https:\/\/mondialuitzend.nl\/wp-content\/uploads\/2024\/08\/KvK-Mondial-Detachering-.pdf\" target=\"_blank\" rel=\"noopener\">Extras Camera de Comert Mondial Detachering BV<\/a><\/li>\n<li><a href=\"https:\/\/mondialuitzend.nl\/wp-content\/uploads\/2024\/08\/2024-04-22-SNA_VerklaringVanRegistratie-Uitzend.pdf\" target=\"_blank\" rel=\"noopener\">Declaratia Standardelor Muncii Mondial Uitzend<\/a><\/li>\n<li><a href=\"https:\/\/mondialuitzend.nl\/wp-content\/uploads\/2024\/08\/2024-04-22-SNA_VerklaringVanRegistratie-Detachering.pdf\" target=\"_blank\" rel=\"noopener\">Declara\u021bie privind Standardele Muncii Mondial Deta\u0219are<\/a><\/li>\n<li><a href=\"https:\/\/mondialuitzend.nl\/wp-content\/uploads\/2024\/08\/SNF-VerklaringVanRegistratie-Mondial-Uitzend.pdf\" target=\"_blank\" rel=\"noopener\">Declara\u021bie de \u00eenregistrare SNF<\/a><\/li>\n<li><a href=\"https:\/\/mondialuitzend.nl\/wp-content\/uploads\/2026\/02\/2026-Algemene-Voorwaarden-Mondial-Uitzend-B.V_-003.pdf\">Termeni \u0219i condi\u021bii generale Mondial Uitzend<\/a><\/li>\n<li><a href=\"https:\/\/mondialuitzend.nl\/wp-content\/uploads\/2026\/02\/2026-Algemene-Voorwaarden-Mondial-Detachering-B.V_-003.pdf\">Termenii \u0219i condi\u021biile generale ale Mondial Secondment<\/a><\/li>\n<li><a href=\"https:\/\/mondialuitzend.nl\/wp-content\/uploads\/2026\/04\/Verklaring-betalingsgedrag-2026-02-MU.pdf\">Declara\u021bie privind comportamentul de plat\u0103 2026-02 MU<\/a><\/li>\n<\/ul>\n<p>Dac\u0103 actualizarea pentru NEN 4400-1 nu este \u00eenc\u0103 disponibil\u0103 pe site-ul nostru web <a href=\"https:\/\/www.normeringarbeid.nl\/snakeurmerk\/gecertificeerde-ondernemingen\" target=\"_blank\" rel=\"noopener\">click aici<\/a> pentru a c\u0103uta compania noastr\u0103 pe site-ul web al <a href=\"https:\/\/www.normeringarbeid.nl\/\" target=\"_blank\" rel=\"noopener\">normeringwerk.nl<\/a><\/p>\n<h3>Nout\u0103\u021bi Agen\u021bii de ocupare a for\u021bei de munc\u0103<\/h3>\n<p>Clic <a href=\"https:\/\/flexmarkt.nl\/\" target=\"_blank\" rel=\"noopener\">Aici<\/a> pentru \u0219tiri despre pia\u021ba muncii temporare.<\/p>\n<h3>G\u0103si\u021bi aici contractul colectiv de munc\u0103<\/h3>\n<p>Pe <a href=\"https:\/\/fnv.nl\/sector-en-cao\/alle-caos\/\" target=\"_blank\" rel=\"noopener\">acest site web<\/a> ve\u021bi g\u0103si actualul Contract Colectiv de Munc\u0103 care se aplic\u0103 companiei dumneavoastr\u0103.<\/p>\n<p>&nbsp;<\/p>\n<h3 data-start=\"86\" data-end=\"342\"><strong data-start=\"86\" data-end=\"145\">Suntem membri ai ABU \u2013 \u0219i aceasta este o veste bun\u0103 pentru tine!<\/strong><\/h3>\n<p data-start=\"86\" data-end=\"342\">Aceasta \u00eenseamn\u0103 c\u0103 lucr\u0103m conform standardelor stricte de calitate \u0219i aplic\u0103m condi\u021bii de lucru corecte. Dar ce \u00eenseamn\u0103 mai exact acest lucru pentru tine ca client? \u0218i ce beneficii v\u0103 ofer\u0103 Afla\u021bi pe site-ul <a href=\"https:\/\/www.abu.nl\/keurmerk\/\">ABU<\/a><\/p>\n<p><img decoding=\"async\" class=\"alignnone wp-image-2674\" src=\"https:\/\/mondialuitzend.nl\/wp-content\/uploads\/2025\/02\/ABU-logo-2400dpi-1-300x250.png\" alt=\"\" width=\"120\" height=\"100\" srcset=\"https:\/\/mondialuitzend.nl\/wp-content\/uploads\/2025\/02\/ABU-logo-2400dpi-1-300x250.png 300w, https:\/\/mondialuitzend.nl\/wp-content\/uploads\/2025\/02\/ABU-logo-2400dpi-1-1024x853.png 1024w, https:\/\/mondialuitzend.nl\/wp-content\/uploads\/2025\/02\/ABU-logo-2400dpi-1-768x640.png 768w, https:\/\/mondialuitzend.nl\/wp-content\/uploads\/2025\/02\/ABU-logo-2400dpi-1-1536x1280.png 1536w, https:\/\/mondialuitzend.nl\/wp-content\/uploads\/2025\/02\/ABU-logo-2400dpi-1-2048x1707.png 2048w, https:\/\/mondialuitzend.nl\/wp-content\/uploads\/2025\/02\/ABU-logo-2400dpi-1-14x12.png 14w, https:\/\/mondialuitzend.nl\/wp-content\/uploads\/2025\/02\/ABU-logo-2400dpi-1-600x500.png 600w\" sizes=\"(max-width: 120px) 100vw, 120px\" \/><\/p>\n<p>&nbsp;<\/p>\n<p>&nbsp;<\/p>","protected":false},"excerpt":{"rendered":"<p>Hieronder vindt u documenten die u kunt downloaden. Klik hier voor de documenten die betrekking hebben op de bedrijfsgegevens van Mondial Uitzend B.V. en Mondial Detachering B.V.. Voor vragen kunt u contact opnemen met ons kantoor: 0224 591569. Mondial Uitzend BV \/ Mondial Detachering BV &nbsp; KvK Uittreksel Mondial Uitzend BV KvK Uitreksel Mondial Detachering [&hellip;]<\/p>\n","protected":false},"author":4,"featured_media":0,"parent":0,"menu_order":74,"comment_status":"closed","ping_status":"closed","template":"","meta":{"footnotes":""},"class_list":["post-660","page","type-page","status-publish","hentry"],"yoast_head":"<!-- This site is optimized with the Yoast SEO plugin v27.4 - https:\/\/yoast.com\/product\/yoast-seo-wordpress\/ -->\n<title>Certificaten - Mondial Uitzend - Verbindend tussen werkgever en werknemer<\/title>\n<meta name=\"description\" content=\"Hieronder vindt u documenten die u kunt downloaden.\" \/>\n<meta name=\"robots\" content=\"index, follow, max-snippet:-1, max-image-preview:large, max-video-preview:-1\" \/>\n<link rel=\"canonical\" href=\"https:\/\/mondialuitzend.nl\/ro\/certificate\/\" \/>\n<meta property=\"og:locale\" content=\"ro_RO\" \/>\n<meta property=\"og:type\" content=\"article\" \/>\n<meta property=\"og:title\" content=\"Certificaten - Mondial Uitzend - Verbindend tussen werkgever en werknemer\" \/>\n<meta property=\"og:description\" content=\"Hieronder vindt u documenten die u kunt downloaden.\" \/>\n<meta property=\"og:url\" content=\"https:\/\/mondialuitzend.nl\/ro\/certificate\/\" \/>\n<meta property=\"og:site_name\" content=\"Mondial Uitzend\" \/>\n<meta property=\"article:publisher\" content=\"https:\/\/www.facebook.com\/mondialuitzendbv\/\" \/>\n<meta property=\"article:modified_time\" content=\"2026-04-15T06:53:37+00:00\" \/>\n<meta property=\"og:image\" content=\"https:\/\/mondialuitzend.nl\/wp-content\/uploads\/2025\/02\/ABU-logo-2400dpi-1.png\" \/>\n\t<meta property=\"og:image:width\" content=\"3720\" \/>\n\t<meta property=\"og:image:height\" content=\"3100\" \/>\n\t<meta property=\"og:image:type\" content=\"image\/png\" \/>\n<meta name=\"twitter:card\" content=\"summary_large_image\" \/>\n<meta name=\"twitter:label1\" content=\"Timp estimat pentru citire\" \/>\n\t<meta name=\"twitter:data1\" content=\"2 minute\" \/>\n<script type=\"application\/ld+json\" class=\"yoast-schema-graph\">{\"@context\":\"https:\\\/\\\/schema.org\",\"@graph\":[{\"@type\":\"WebPage\",\"@id\":\"https:\\\/\\\/mondialuitzend.nl\\\/certificaten\\\/\",\"url\":\"https:\\\/\\\/mondialuitzend.nl\\\/certificaten\\\/\",\"name\":\"Certificaten - Mondial Uitzend - Verbindend tussen werkgever en werknemer\",\"isPartOf\":{\"@id\":\"https:\\\/\\\/mondialuitzend.nl\\\/#website\"},\"primaryImageOfPage\":{\"@id\":\"https:\\\/\\\/mondialuitzend.nl\\\/certificaten\\\/#primaryimage\"},\"image\":{\"@id\":\"https:\\\/\\\/mondialuitzend.nl\\\/certificaten\\\/#primaryimage\"},\"thumbnailUrl\":\"https:\\\/\\\/mondialuitzend.nl\\\/wp-content\\\/uploads\\\/2025\\\/02\\\/ABU-logo-2400dpi-1-300x250.png\",\"datePublished\":\"2023-06-21T12:52:50+00:00\",\"dateModified\":\"2026-04-15T06:53:37+00:00\",\"description\":\"Hieronder vindt u documenten die u kunt downloaden.\",\"breadcrumb\":{\"@id\":\"https:\\\/\\\/mondialuitzend.nl\\\/certificaten\\\/#breadcrumb\"},\"inLanguage\":\"ro-RO\",\"potentialAction\":[{\"@type\":\"ReadAction\",\"target\":[\"https:\\\/\\\/mondialuitzend.nl\\\/certificaten\\\/\"]}]},{\"@type\":\"ImageObject\",\"inLanguage\":\"ro-RO\",\"@id\":\"https:\\\/\\\/mondialuitzend.nl\\\/certificaten\\\/#primaryimage\",\"url\":\"https:\\\/\\\/mondialuitzend.nl\\\/wp-content\\\/uploads\\\/2025\\\/02\\\/ABU-logo-2400dpi-1-300x250.png\",\"contentUrl\":\"https:\\\/\\\/mondialuitzend.nl\\\/wp-content\\\/uploads\\\/2025\\\/02\\\/ABU-logo-2400dpi-1-300x250.png\"},{\"@type\":\"BreadcrumbList\",\"@id\":\"https:\\\/\\\/mondialuitzend.nl\\\/certificaten\\\/#breadcrumb\",\"itemListElement\":[{\"@type\":\"ListItem\",\"position\":1,\"name\":\"Home\",\"item\":\"https:\\\/\\\/mondialuitzend.nl\\\/\"},{\"@type\":\"ListItem\",\"position\":2,\"name\":\"Certificaten\"}]},{\"@type\":\"WebSite\",\"@id\":\"https:\\\/\\\/mondialuitzend.nl\\\/#website\",\"url\":\"https:\\\/\\\/mondialuitzend.nl\\\/\",\"name\":\"Mondial Uitzend\",\"description\":\"Verbindend tussen werkgever en werknemer\",\"publisher\":{\"@id\":\"https:\\\/\\\/mondialuitzend.nl\\\/#organization\"},\"potentialAction\":[{\"@type\":\"SearchAction\",\"target\":{\"@type\":\"EntryPoint\",\"urlTemplate\":\"https:\\\/\\\/mondialuitzend.nl\\\/?s={search_term_string}\"},\"query-input\":{\"@type\":\"PropertyValueSpecification\",\"valueRequired\":true,\"valueName\":\"search_term_string\"}}],\"inLanguage\":\"ro-RO\"},{\"@type\":\"Organization\",\"@id\":\"https:\\\/\\\/mondialuitzend.nl\\\/#organization\",\"name\":\"Mondial Uitzend\",\"url\":\"https:\\\/\\\/mondialuitzend.nl\\\/\",\"logo\":{\"@type\":\"ImageObject\",\"inLanguage\":\"ro-RO\",\"@id\":\"https:\\\/\\\/mondialuitzend.nl\\\/#\\\/schema\\\/logo\\\/image\\\/\",\"url\":\"https:\\\/\\\/mondialuitzend.nl\\\/wp-content\\\/uploads\\\/2023\\\/06\\\/Logo-MondialUitzend.svg\",\"contentUrl\":\"https:\\\/\\\/mondialuitzend.nl\\\/wp-content\\\/uploads\\\/2023\\\/06\\\/Logo-MondialUitzend.svg\",\"width\":149,\"height\":56,\"caption\":\"Mondial Uitzend\"},\"image\":{\"@id\":\"https:\\\/\\\/mondialuitzend.nl\\\/#\\\/schema\\\/logo\\\/image\\\/\"},\"sameAs\":[\"https:\\\/\\\/www.facebook.com\\\/mondialuitzendbv\\\/\",\"https:\\\/\\\/www.linkedin.com\\\/company\\\/mondial-uitzend-b-v-\",\"https:\\\/\\\/www.youtube.com\\\/channel\\\/UCPBmFRvmUDCPtpAaFVASV9Q\"]}]}<\/script>\n<!-- \/ Yoast SEO plugin. -->","yoast_head_json":{"title":"Certificate - Mondial Uitzend - Leg\u0103tura \u00eentre angajator \u0219i angajat","description":"Mai jos ve\u021bi g\u0103si documente pe care le pute\u021bi desc\u0103rca.","robots":{"index":"index","follow":"follow","max-snippet":"max-snippet:-1","max-image-preview":"max-image-preview:large","max-video-preview":"max-video-preview:-1"},"canonical":"https:\/\/mondialuitzend.nl\/ro\/certificate\/","og_locale":"ro_RO","og_type":"article","og_title":"Certificaten - Mondial Uitzend - Verbindend tussen werkgever en werknemer","og_description":"Hieronder vindt u documenten die u kunt downloaden.","og_url":"https:\/\/mondialuitzend.nl\/ro\/certificate\/","og_site_name":"Mondial Uitzend","article_publisher":"https:\/\/www.facebook.com\/mondialuitzendbv\/","article_modified_time":"2026-04-15T06:53:37+00:00","og_image":[{"width":3720,"height":3100,"url":"https:\/\/mondialuitzend.nl\/wp-content\/uploads\/2025\/02\/ABU-logo-2400dpi-1.png","type":"image\/png"}],"twitter_card":"summary_large_image","twitter_misc":{"Timp estimat pentru citire":"2 minute"},"schema":{"@context":"https:\/\/schema.org","@graph":[{"@type":"WebPage","@id":"https:\/\/mondialuitzend.nl\/certificaten\/","url":"https:\/\/mondialuitzend.nl\/certificaten\/","name":"Certificate - Mondial Uitzend - Leg\u0103tura \u00eentre angajator \u0219i angajat","isPartOf":{"@id":"https:\/\/mondialuitzend.nl\/#website"},"primaryImageOfPage":{"@id":"https:\/\/mondialuitzend.nl\/certificaten\/#primaryimage"},"image":{"@id":"https:\/\/mondialuitzend.nl\/certificaten\/#primaryimage"},"thumbnailUrl":"https:\/\/mondialuitzend.nl\/wp-content\/uploads\/2025\/02\/ABU-logo-2400dpi-1-300x250.png","datePublished":"2023-06-21T12:52:50+00:00","dateModified":"2026-04-15T06:53:37+00:00","description":"Mai jos ve\u021bi g\u0103si documente pe care le pute\u021bi desc\u0103rca.","breadcrumb":{"@id":"https:\/\/mondialuitzend.nl\/certificaten\/#breadcrumb"},"inLanguage":"ro-RO","potentialAction":[{"@type":"ReadAction","target":["https:\/\/mondialuitzend.nl\/certificaten\/"]}]},{"@type":"ImageObject","inLanguage":"ro-RO","@id":"https:\/\/mondialuitzend.nl\/certificaten\/#primaryimage","url":"https:\/\/mondialuitzend.nl\/wp-content\/uploads\/2025\/02\/ABU-logo-2400dpi-1-300x250.png","contentUrl":"https:\/\/mondialuitzend.nl\/wp-content\/uploads\/2025\/02\/ABU-logo-2400dpi-1-300x250.png"},{"@type":"BreadcrumbList","@id":"https:\/\/mondialuitzend.nl\/certificaten\/#breadcrumb","itemListElement":[{"@type":"ListItem","position":1,"name":"Home","item":"https:\/\/mondialuitzend.nl\/"},{"@type":"ListItem","position":2,"name":"Certificaten"}]},{"@type":"WebSite","@id":"https:\/\/mondialuitzend.nl\/#website","url":"https:\/\/mondialuitzend.nl\/","name":"Difuzare global\u0103","description":"Leg\u0103tura dintre angajator \u0219i angajat","publisher":{"@id":"https:\/\/mondialuitzend.nl\/#organization"},"potentialAction":[{"@type":"SearchAction","target":{"@type":"EntryPoint","urlTemplate":"https:\/\/mondialuitzend.nl\/?s={search_term_string}"},"query-input":{"@type":"PropertyValueSpecification","valueRequired":true,"valueName":"search_term_string"}}],"inLanguage":"ro-RO"},{"@type":"Organization","@id":"https:\/\/mondialuitzend.nl\/#organization","name":"Difuzare global\u0103","url":"https:\/\/mondialuitzend.nl\/","logo":{"@type":"ImageObject","inLanguage":"ro-RO","@id":"https:\/\/mondialuitzend.nl\/#\/schema\/logo\/image\/","url":"https:\/\/mondialuitzend.nl\/wp-content\/uploads\/2023\/06\/Logo-MondialUitzend.svg","contentUrl":"https:\/\/mondialuitzend.nl\/wp-content\/uploads\/2023\/06\/Logo-MondialUitzend.svg","width":149,"height":56,"caption":"Mondial Uitzend"},"image":{"@id":"https:\/\/mondialuitzend.nl\/#\/schema\/logo\/image\/"},"sameAs":["https:\/\/www.facebook.com\/mondialuitzendbv\/","https:\/\/www.linkedin.com\/company\/mondial-uitzend-b-v-","https:\/\/www.youtube.com\/channel\/UCPBmFRvmUDCPtpAaFVASV9Q"]}]}},"_links":{"self":[{"href":"https:\/\/mondialuitzend.nl\/ro\/wp-json\/wp\/v2\/pages\/660","targetHints":{"allow":["GET"]}}],"collection":[{"href":"https:\/\/mondialuitzend.nl\/ro\/wp-json\/wp\/v2\/pages"}],"about":[{"href":"https:\/\/mondialuitzend.nl\/ro\/wp-json\/wp\/v2\/types\/page"}],"author":[{"embeddable":true,"href":"https:\/\/mondialuitzend.nl\/ro\/wp-json\/wp\/v2\/users\/4"}],"replies":[{"embeddable":true,"href":"https:\/\/mondialuitzend.nl\/ro\/wp-json\/wp\/v2\/comments?post=660"}],"version-history":[{"count":2,"href":"https:\/\/mondialuitzend.nl\/ro\/wp-json\/wp\/v2\/pages\/660\/revisions"}],"predecessor-version":[{"id":3171,"href":"https:\/\/mondialuitzend.nl\/ro\/wp-json\/wp\/v2\/pages\/660\/revisions\/3171"}],"wp:attachment":[{"href":"https:\/\/mondialuitzend.nl\/ro\/wp-json\/wp\/v2\/media?parent=660"}],"curies":[{"name":"wp","href":"https:\/\/api.w.org\/{rel}","templated":true}]}}